{"id":9147,"date":"2025-09-11T14:48:27","date_gmt":"2025-09-11T12:48:27","guid":{"rendered":"https:\/\/oasismilk.com\/product\/kamelmjolk-tval-liten\/"},"modified":"2025-09-11T14:48:27","modified_gmt":"2025-09-11T12:48:27","slug":"kamelmjolk-tval-liten","status":"publish","type":"product","link":"https:\/\/oasismilk.com\/sv\/produkt\/kamelmjolk-tval-liten\/","title":{"rendered":"Kamelmj\u00f6lk tv\u00e5l liten"},"content":{"rendered":"<p>Kamelmj\u00f6lkstv\u00e5len inneh\u00e5ller b\u00e5de kamelmj\u00f6lk och olivolja. Det \u00e4r en riktig lyx f\u00f6r din hud. Det \u00e4r en vacker kamelformad tv\u00e5l. Det \u00e4r ett fint f\u00f6rem\u00e5l att visa upp och dessutom en perfekt present!   <\/p>\n","protected":false},"excerpt":{"rendered":"<p>Kamelmj\u00f6lkstv\u00e5len inneh\u00e5ller b\u00e5de kamelmj\u00f6lk och olivolja. Det \u00e4r en riktig lyx f\u00f6r din hud. Det \u00e4r en vacker kamelformad tv\u00e5l. Det \u00e4r ett fint f\u00f6rem\u00e5l att visa upp och dessutom en perfekt present!   <\/p>\n","protected":false},"featured_media":9293,"comment_status":"open","ping_status":"closed","template":"","meta":{"_acf_changed":false},"product_brand":[],"product_cat":[209],"product_tag":[],"class_list":{"0":"post-9147","1":"product","2":"type-product","3":"status-publish","4":"has-post-thumbnail","6":"product_cat-andra-kamelprodukter","8":"first","9":"instock","10":"taxable","11":"shipping-taxable","12":"purchasable","13":"product-type-simple"},"acf":[],"_links":{"self":[{"href":"https:\/\/oasismilk.com\/sv\/wp-json\/wp\/v2\/product\/9147","targetHints":{"allow":["GET"]}}],"collection":[{"href":"https:\/\/oasismilk.com\/sv\/wp-json\/wp\/v2\/product"}],"about":[{"href":"https:\/\/oasismilk.com\/sv\/wp-json\/wp\/v2\/types\/product"}],"replies":[{"embeddable":true,"href":"https:\/\/oasismilk.com\/sv\/wp-json\/wp\/v2\/comments?post=9147"}],"wp:featuredmedia":[{"embeddable":true,"href":"https:\/\/oasismilk.com\/sv\/wp-json\/wp\/v2\/media\/9293"}],"wp:attachment":[{"href":"https:\/\/oasismilk.com\/sv\/wp-json\/wp\/v2\/media?parent=9147"}],"wp:term":[{"taxonomy":"product_brand","embeddable":true,"href":"https:\/\/oasismilk.com\/sv\/wp-json\/wp\/v2\/product_brand?post=9147"},{"taxonomy":"product_cat","embeddable":true,"href":"https:\/\/oasismilk.com\/sv\/wp-json\/wp\/v2\/product_cat?post=9147"},{"taxonomy":"product_tag","embeddable":true,"href":"https:\/\/oasismilk.com\/sv\/wp-json\/wp\/v2\/product_tag?post=9147"}],"curies":[{"name":"wp","href":"https:\/\/api.w.org\/{rel}","templated":true}]}}