{"id":6610,"date":"2024-10-17T13:44:48","date_gmt":"2024-10-17T11:44:48","guid":{"rendered":"https:\/\/oasismilk.com\/?post_type=product&#038;p=6610"},"modified":"2025-02-07T13:37:53","modified_gmt":"2025-02-07T13:37:53","slug":"presentkort-pa-kamelsafari","status":"publish","type":"product","link":"https:\/\/oasismilk.com\/sv\/produkt\/presentkort-pa-kamelsafari\/","title":{"rendered":"Presentkort p\u00e5 kamelsafari"},"content":{"rendered":"<p><strong>Vad inneb\u00e4r en kamelsafari?<\/strong><\/p>\n<p>Under kamelsafarin f\u00e5r du m\u00f6jlighet att l\u00e4ra dig allt om kamelens liv, kamelmj\u00f6lkens historia och de unika f\u00f6rdelarna med v\u00e5r kamelmj\u00f6lk. Medan du njuter av en ny kopp kaffe, te eller lemonad med en bit kaka, f\u00f6lj en intressant presentation.<\/p>\n<p>Efter f\u00f6rklaringen tar v\u00e5r guide dig till stallet. H\u00e4r kan du beundra, klappa och till och med gosa med kamelerna p\u00e5 n\u00e4ra h\u00e5ll. F\u00f6r de \u00e4ventyrslystna bes\u00f6karna finns det m\u00f6jlighet att sitta p\u00e5 en kamel. Under turen genom stallet f\u00e5r du \u00e4nnu mer information om kamelerna och v\u00e5r mj\u00f6lkningsprocess. Efter det f\u00e5r alla chansen att flaskmata v\u00e5ra s\u00f6ta kalvar. Denna m\u00f6jlighet finns alltid d\u00e5 vi har kalvar \u00e5ret runt!<\/p>\n<p>Avslutningsvis kan du komma och smaka p\u00e5 kamelmj\u00f6lk i v\u00e5r mysiga restaurang och baka kamelmj\u00f6lksv\u00e5fflor sj\u00e4lv.<\/p>\n<p><strong>Best\u00e4ll och l\u00f6s in<\/strong><\/p>\n<p>N\u00e4r du best\u00e4ller ett presentkort ser vi till att du f\u00e5r det via e-post.<\/p>\n<p>Observera att vi manuellt skapar ett nytt presentkort f\u00f6r varje best\u00e4llning. Vi g\u00f6r endast detta p\u00e5 m\u00e5ndagar och onsdagar f\u00f6r alla best\u00e4llningar som g\u00f6rs f\u00f6re kl. 10.00. Se till att du best\u00e4ller i tid.<\/p>\n<p>Om du har valt ett datum att bes\u00f6ka \u00e4r det b\u00e4st att kontakta oss. Vi ser till att bokningen behandlas korrekt och att du kan dyka upp p\u00e5 v\u00e5r kamelmj\u00f6lkg\u00e5rd utan kr\u00e5ngel. Visa upp ditt presentkort vid ankomst och f\u00e5 en fin souvenir fr\u00e5n oss.<\/p>\n<p><strong>Program Kamelsafari p\u00e5 s\u00f6ndag<br \/>\n<\/strong>13:30 \u2013 Mottagning (fram till 14:00)14:00 \u2013 Presentation med kaffe\/te\/lemonad och kaka14:30 \u2013 Visning och aktiviteter<br \/>\n15:30 \u2013 V\u00e5ffelbakning och kamelmj\u00f6lksprovning16:00 \u2013 Slut p\u00e5 programmet<\/p>\n<p>Fr\u00e5n 13:30 \u00e4r du v\u00e4lkommen till kamelmejeriet. Efter kl. 14.00 st\u00e4nger entr\u00e9n och vi sl\u00e4pper inte l\u00e4ngre in bes\u00f6kare.<\/p>\n<p><strong>Program Kamelsafari p\u00e5 m\u00e5ndagar och fredagar11:00 \u2013 Mottagning11:30 \u2013 Presentation med kaffe\/te\/saft och kaka <\/strong><br \/>\n12:00 \u2013 Visning och aktiviteter13:00 \u2013 V\u00e5ffelbakning och kamelmj\u00f6lksprovning13:30 \u2013 Slut p\u00e5 programmet<\/p>\n<p>Fr\u00e5n kl. 11.00 \u00e4r du v\u00e4lkommen till kamelmejeriet. Efter kl. 11.30 st\u00e4nger entr\u00e9n och vi till\u00e5ter inte l\u00e4ngre bes\u00f6kare att komma in.<\/p>\n<p>Har du fastnat i trafiken eller kan du inte komma? L\u00e5t oss veta i tid. P\u00e5 s\u00e5 s\u00e4tt kan vi hitta en l\u00e4mplig l\u00f6sning.<\/p>\n<p><strong>Pris:<br \/>\n<\/strong>\u00a0\u20ac15,- per person (barn under 3 \u00e5r gratis intr\u00e4de).<\/p>\n<p>Vid d\u00e5ligt v\u00e4der \u00e4r kamelerna inne och programmet kan forts\u00e4tta som vanligt. P\u00e5 vintern kommer kamelerna inte ut f\u00f6rr\u00e4n i april.<\/p>\n","protected":false},"excerpt":{"rendered":"<p><strong>Beskrivning<\/strong><\/p>\n<p><em>En speciell kamelutflykt med en souvenir<\/em><em>. <\/em><\/p>\n<p>Letar du efter en unik present? Ge bort en of\u00f6rgl\u00f6mlig upplevelse med v\u00e5rt presentkort f\u00f6r en kamelsafari p\u00e5 <a href=\"https:\/\/www.kamelenmelk.nl\/en\/\" target=\"_blank\" rel=\"noopener\">Camel Dairy Farm Smits<\/a>. L\u00e4mplig f\u00f6r unga och gamla. Oavsett om det \u00e4r med din familj, din partner, barnbarnen eller med dina v\u00e4nner, \u00e4r en rolig dag alltid garanterad.<\/p>\n<p>Kamelsafarin h\u00e5lls\u00a0 <strong>varannan s\u00f6ndag<\/strong> och p\u00e5 <strong>m\u00e5ndagar och fredagar under skolloven.<\/strong> Vem som helst kan anm\u00e4la sig till en kamelsafari. S\u00e5 du \u00e4r inte fast med en gruppstorlek. Klicka <a href=\"https:\/\/www.kamelenmelk.nl\/en\/\" target=\"_blank\" rel=\"noopener\">h\u00e4r<\/a> f\u00f6r datum f\u00f6r alla v\u00e5ra kommande kamelsafaris.<\/p>\n","protected":false},"featured_media":5884,"comment_status":"open","ping_status":"closed","template":"","meta":{"_acf_changed":false},"product_brand":[],"product_cat":[178],"product_tag":[],"class_list":{"0":"post-6610","1":"product","2":"type-product","3":"status-publish","4":"has-post-thumbnail","6":"product_cat-gavor","8":"first","9":"instock","10":"downloadable","11":"taxable","12":"shipping-taxable","13":"purchasable","14":"product-type-simple"},"acf":[],"_links":{"self":[{"href":"https:\/\/oasismilk.com\/sv\/wp-json\/wp\/v2\/product\/6610","targetHints":{"allow":["GET"]}}],"collection":[{"href":"https:\/\/oasismilk.com\/sv\/wp-json\/wp\/v2\/product"}],"about":[{"href":"https:\/\/oasismilk.com\/sv\/wp-json\/wp\/v2\/types\/product"}],"replies":[{"embeddable":true,"href":"https:\/\/oasismilk.com\/sv\/wp-json\/wp\/v2\/comments?post=6610"}],"wp:featuredmedia":[{"embeddable":true,"href":"https:\/\/oasismilk.com\/sv\/wp-json\/wp\/v2\/media\/5884"}],"wp:attachment":[{"href":"https:\/\/oasismilk.com\/sv\/wp-json\/wp\/v2\/media?parent=6610"}],"wp:term":[{"taxonomy":"product_brand","embeddable":true,"href":"https:\/\/oasismilk.com\/sv\/wp-json\/wp\/v2\/product_brand?post=6610"},{"taxonomy":"product_cat","embeddable":true,"href":"https:\/\/oasismilk.com\/sv\/wp-json\/wp\/v2\/product_cat?post=6610"},{"taxonomy":"product_tag","embeddable":true,"href":"https:\/\/oasismilk.com\/sv\/wp-json\/wp\/v2\/product_tag?post=6610"}],"curies":[{"name":"wp","href":"https:\/\/api.w.org\/{rel}","templated":true}]}}