{"id":6609,"date":"2024-10-17T13:31:59","date_gmt":"2024-10-17T13:31:59","guid":{"rendered":"https:\/\/oasismilk.com\/?post_type=product&#038;p=6609"},"modified":"2025-02-07T13:40:42","modified_gmt":"2025-02-07T13:40:42","slug":"urin-05-liter","status":"publish","type":"product","link":"https:\/\/oasismilk.com\/sv\/produkt\/urin-05-liter\/","title":{"rendered":"Urin 0,5 liter"},"content":{"rendered":"<p>Artikelnummer: Kamelurin 0,5 liter<\/p>\n<p>nr.: WS2<\/p>\n<p>M\u00e5tt: 30 x 30 x 20<\/p>\n<p>Vikt: 950<\/p>\n","protected":false},"excerpt":{"rendered":"<p>Urin fr\u00e5n kameler.<\/p>\n<p>P\u00e5 grund av begr\u00e4nsad tillg\u00e4nglighet kan det komma fr\u00e5n lagret i v\u00e5rt frysrum.<\/p>\n<p>Ej tillg\u00e4ngligt f\u00f6r l\u00e4nder utanf\u00f6r EU.<\/p>\n","protected":false},"featured_media":5889,"comment_status":"open","ping_status":"closed","template":"","meta":{"_acf_changed":false},"product_brand":[],"product_cat":[209],"product_tag":[],"class_list":{"0":"post-6609","1":"product","2":"type-product","3":"status-publish","4":"has-post-thumbnail","6":"product_cat-andra-kamelprodukter","8":"first","9":"instock","10":"taxable","11":"shipping-taxable","12":"purchasable","13":"product-type-simple"},"acf":[],"_links":{"self":[{"href":"https:\/\/oasismilk.com\/sv\/wp-json\/wp\/v2\/product\/6609","targetHints":{"allow":["GET"]}}],"collection":[{"href":"https:\/\/oasismilk.com\/sv\/wp-json\/wp\/v2\/product"}],"about":[{"href":"https:\/\/oasismilk.com\/sv\/wp-json\/wp\/v2\/types\/product"}],"replies":[{"embeddable":true,"href":"https:\/\/oasismilk.com\/sv\/wp-json\/wp\/v2\/comments?post=6609"}],"wp:featuredmedia":[{"embeddable":true,"href":"https:\/\/oasismilk.com\/sv\/wp-json\/wp\/v2\/media\/5889"}],"wp:attachment":[{"href":"https:\/\/oasismilk.com\/sv\/wp-json\/wp\/v2\/media?parent=6609"}],"wp:term":[{"taxonomy":"product_brand","embeddable":true,"href":"https:\/\/oasismilk.com\/sv\/wp-json\/wp\/v2\/product_brand?post=6609"},{"taxonomy":"product_cat","embeddable":true,"href":"https:\/\/oasismilk.com\/sv\/wp-json\/wp\/v2\/product_cat?post=6609"},{"taxonomy":"product_tag","embeddable":true,"href":"https:\/\/oasismilk.com\/sv\/wp-json\/wp\/v2\/product_tag?post=6609"}],"curies":[{"name":"wp","href":"https:\/\/api.w.org\/{rel}","templated":true}]}}