{"id":6608,"date":"2024-10-17T13:39:55","date_gmt":"2024-10-17T13:39:55","guid":{"rendered":"https:\/\/oasismilk.com\/?post_type=product&#038;p=6608"},"modified":"2025-02-07T13:38:19","modified_gmt":"2025-02-07T13:38:19","slug":"kamelmjolkschoklad","status":"publish","type":"product","link":"https:\/\/oasismilk.com\/sv\/produkt\/kamelmjolkschoklad\/","title":{"rendered":"Kamelmj\u00f6lkschoklad"},"content":{"rendered":"<p><strong>Varf\u00f6r kamelmj\u00f6lk?<\/strong><\/p>\n<p>Kamelmj\u00f6lk \u00e4r naturligt rik p\u00e5 n\u00e4rings\u00e4mnen och har en mildare, l\u00e4tt s\u00f6t smak \u00e4n komj\u00f6lk. Detta ger chokladen en annan uts\u00f6kt smakupplevelse \u00e4n choklad gjord p\u00e5 komj\u00f6lk.<\/p>\n<p><strong>Vad \u00e4r det som g\u00f6r v\u00e5ra Camel Milk Bonbons s\u00e5 speciella?<\/strong><\/p>\n<ul>\n<li><strong>Premiumkvalitet<\/strong>: Tillverkad med den b\u00e4sta kamelmj\u00f6lken, utvald f\u00f6r sin rika, lena smak.<\/li>\n<li><strong>Hantverk<\/strong>: Traditionellt tillagad av chokladmakare som kombinerar passion och omsorg om kvalitet.<\/li>\n<li><strong>Sk\u00e4m bort dig<\/strong>: Den perfekta balansen mellan den rika, kr\u00e4miga fyllningen och det krispiga, m\u00f6rka chokladlagret.<\/li>\n<\/ul>\n<p>Kamelmj\u00f6lk inspirerade bageriet Vermeulen &amp; Den Otter att utveckla choklad baserad p\u00e5 kamelmj\u00f6lk. Det var s\u00e5 Kamelka kom till.<\/p>\n<p><strong>Historien bakom kamelmj\u00f6lkspraliner<\/strong><\/p>\n<p>\u00c5r 2010 var &#8216;s-Hertogenbosch smakhuvudstad. Ett antal producenter fr\u00e5n livsmedelskedjan har utsetts till Recognized Tastemakers. I detta sammanhang introducerade bageriet Vermeulen &amp; Den Otter sin senaste hantverksprodukt i maj 2010: choklad som tillverkas helt av kamelmj\u00f6lk.<\/p>\n<p>Bageri Vermeulen &amp; Den Otter har ett mycket gott rykte n\u00e4r det g\u00e4ller f\u00f6rnyelse och innovation. F\u00f6retaget kommer st\u00e4ndigt med nya produkter och till\u00e4mpningar inom bageri- och konditorisektorn. Det \u00e4r inte f\u00f6r inte som Vermeulen &amp; Den Otter har vunnit priser f\u00f6r b\u00e4sta utbildningsf\u00f6retag och b\u00e4sta konditori i Nederl\u00e4nderna. \u00c5r 2009 v\u00e4cktes id\u00e9n att anv\u00e4nda kamelmj\u00f6lk i st\u00e4llet f\u00f6r komj\u00f6lk i vissa produkter. Bas Vermeulen: &#8220;Tanken \u00e4r att f\u00f6ra samman tv\u00e5 v\u00e4rldar. Dessutom \u00e4r det v\u00e4ldigt &#8220;hett&#8221; att ta fram regionala produkter&#8221;. Chokladen finns p\u00e5 marknaden under namnet Kamelka. en exklusiv bonbon, som finns i smakerna milk och dark, som inte har n\u00e5gon motsvarighet p\u00e5 den holl\u00e4ndska marknaden!<\/p>\n<p><strong>Den perfekta godbiten<\/strong><\/p>\n<p>V\u00e5ra Camel Milk Bonbons \u00e4r perfekta som en present till alla, men ocks\u00e5 l\u00e4ckra att sk\u00e4mma bort dig sj\u00e4lv med. Oavsett om det \u00e4r f\u00f6r ett speciellt tillf\u00e4lle eller bara som ett dagligt \u00f6gonblick av ren njutning \u2013 med dessa chokladpraliner g\u00f6r du varje situation speciell.<\/p>\n<p><strong>Ordning<\/strong><\/p>\n<p>Best\u00e4ll dina Camel Milk Bonbons nu och upplev lyxen av denna speciella produkt. L\u00e5t dig \u00f6verraskas av den unika smaken och njut av den ultimata chokladnjutningen!<\/p>\n","protected":false},"excerpt":{"rendered":"<p>Uppt\u00e4ck den speciella smaken av v\u00e5ra Camel Milk Bonbons, en unik delikatess som kombinerar den rika, kr\u00e4miga smaken av kamelmj\u00f6lk med uts\u00f6kt choklad. Dessa choklad \u00e4r en sann fr\u00f6jd f\u00f6r alla och erbjuder en oemotst\u00e5ndlig smakupplevelse som du sent kommer att gl\u00f6mma. Chokladen \u00e4r fylld och \u00e4r f\u00f6rpackad per 8 stycken.<\/p>\n","protected":false},"featured_media":5900,"comment_status":"open","ping_status":"closed","template":"","meta":{"_acf_changed":false},"product_brand":[],"product_cat":[209],"product_tag":[],"class_list":{"0":"post-6608","1":"product","2":"type-product","3":"status-publish","4":"has-post-thumbnail","6":"product_cat-andra-kamelprodukter","8":"first","9":"instock","10":"taxable","11":"shipping-taxable","12":"purchasable","13":"product-type-simple"},"acf":[],"_links":{"self":[{"href":"https:\/\/oasismilk.com\/sv\/wp-json\/wp\/v2\/product\/6608","targetHints":{"allow":["GET"]}}],"collection":[{"href":"https:\/\/oasismilk.com\/sv\/wp-json\/wp\/v2\/product"}],"about":[{"href":"https:\/\/oasismilk.com\/sv\/wp-json\/wp\/v2\/types\/product"}],"replies":[{"embeddable":true,"href":"https:\/\/oasismilk.com\/sv\/wp-json\/wp\/v2\/comments?post=6608"}],"wp:featuredmedia":[{"embeddable":true,"href":"https:\/\/oasismilk.com\/sv\/wp-json\/wp\/v2\/media\/5900"}],"wp:attachment":[{"href":"https:\/\/oasismilk.com\/sv\/wp-json\/wp\/v2\/media?parent=6608"}],"wp:term":[{"taxonomy":"product_brand","embeddable":true,"href":"https:\/\/oasismilk.com\/sv\/wp-json\/wp\/v2\/product_brand?post=6608"},{"taxonomy":"product_cat","embeddable":true,"href":"https:\/\/oasismilk.com\/sv\/wp-json\/wp\/v2\/product_cat?post=6608"},{"taxonomy":"product_tag","embeddable":true,"href":"https:\/\/oasismilk.com\/sv\/wp-json\/wp\/v2\/product_tag?post=6608"}],"curies":[{"name":"wp","href":"https:\/\/api.w.org\/{rel}","templated":true}]}}