{"id":6607,"date":"2024-10-17T13:39:25","date_gmt":"2024-10-17T13:39:25","guid":{"rendered":"https:\/\/oasismilk.com\/?post_type=product&#038;p=6607"},"modified":"2025-02-07T13:38:40","modified_gmt":"2025-02-07T13:38:40","slug":"cameleys-kamelmjolkslikoren-200ml","status":"publish","type":"product","link":"https:\/\/oasismilk.com\/sv\/produkt\/cameleys-kamelmjolkslikoren-200ml\/","title":{"rendered":"Cameleys kamelmj\u00f6lkslik\u00f6ren 200ml"},"content":{"rendered":"<p><strong>Vad g\u00f6r Cameleys speciellt?<\/strong><\/p>\n<ul>\n<li><strong>Kamelmj\u00f6lk<\/strong>: En n\u00e4ringsrik typ av mj\u00f6lk som \u00e4r k\u00e4nd f\u00f6r sin mildhet och l\u00e4tta s\u00f6tma. Kamelmj\u00f6lk inneh\u00e5ller mindre fett \u00e4n komj\u00f6lk och \u00e4r rik p\u00e5 vitaminer och mineraler, vilket bidrar till en subtil, raffinerad smak.<\/li>\n<li><strong>Mjuk och kr\u00e4mig<\/strong>: Cameleys har en balans mellan s\u00f6tma och kr\u00e4mighet, vilket g\u00f6r den till en uts\u00f6kt lik\u00f6r f\u00f6r alla tillf\u00e4llen. Perfekt att dricka snyggt, eller att kombinera med dina favoritcocktailrecept.<\/li>\n<\/ul>\n<p><strong>Vad \u00e4r Cameleys perfekt f\u00f6r?<\/strong><\/p>\n<ul>\n<li><strong>Njut snyggt<\/strong>: Servera dina Cameleys kalla eller on the rocks f\u00f6r en uppfriskande och elegant smakupplevelse.<\/li>\n<li><strong>I kaffet<\/strong>: Njut av en god kopp kaffe med en skv\u00e4tt l\u00e4ckra Cameleys.<\/li>\n<li><strong>Cocktailbas<\/strong>: L\u00e4gg till extra stil till dina cocktails med en skv\u00e4tt Cameleys \u2013 fr\u00e5n en kr\u00e4mig espresso martini till en lyxig vit rysk.<\/li>\n<li><strong>Presentid\u00e9<\/strong>: Cameleys \u00e4r ocks\u00e5 den perfekta presenten till \u00e4lskare. Lik\u00f6rens unika karakt\u00e4r g\u00f6r den till en fin present f\u00f6r alla tillf\u00e4llen.<\/li>\n<\/ul>\n<p><strong>Best\u00e4ll Cameleys nu!<\/strong><\/p>\n<p>L\u00e5t dig f\u00f6rf\u00f6ras av den unika smaken av kamelmj\u00f6lk med Cameleys. Best\u00e4ll enkelt online och njut av v\u00e5r lik\u00f6r, med snabb och s\u00e4ker leverans hem till dig.<\/p>\n","protected":false},"excerpt":{"rendered":"<p><strong>Cameleys, den unika kamelmj\u00f6lkslik\u00f6ren<\/strong><\/p>\n<p>Uppt\u00e4ck den speciella smaken av <em>Cameleys<\/em>, en lyxig kamelmj\u00f6lkslik\u00f6r gjord p\u00e5 v\u00e5r egen kamelmj\u00f6lk. V\u00e5r lik\u00f6r \u00e4r producerad med omsorg och passion, med kamelmj\u00f6lk av h\u00f6gsta kvalitet. Resultatet \u00e4r en kr\u00e4mig, rik dryck som du kan njuta av l\u00e4ckert.<\/p>\n","protected":false},"featured_media":5898,"comment_status":"open","ping_status":"closed","template":"","meta":{"_acf_changed":false},"product_brand":[],"product_cat":[209],"product_tag":[],"class_list":{"0":"post-6607","1":"product","2":"type-product","3":"status-publish","4":"has-post-thumbnail","6":"product_cat-andra-kamelprodukter","8":"first","9":"instock","10":"taxable","11":"shipping-taxable","12":"purchasable","13":"product-type-simple"},"acf":[],"_links":{"self":[{"href":"https:\/\/oasismilk.com\/sv\/wp-json\/wp\/v2\/product\/6607","targetHints":{"allow":["GET"]}}],"collection":[{"href":"https:\/\/oasismilk.com\/sv\/wp-json\/wp\/v2\/product"}],"about":[{"href":"https:\/\/oasismilk.com\/sv\/wp-json\/wp\/v2\/types\/product"}],"replies":[{"embeddable":true,"href":"https:\/\/oasismilk.com\/sv\/wp-json\/wp\/v2\/comments?post=6607"}],"wp:featuredmedia":[{"embeddable":true,"href":"https:\/\/oasismilk.com\/sv\/wp-json\/wp\/v2\/media\/5898"}],"wp:attachment":[{"href":"https:\/\/oasismilk.com\/sv\/wp-json\/wp\/v2\/media?parent=6607"}],"wp:term":[{"taxonomy":"product_brand","embeddable":true,"href":"https:\/\/oasismilk.com\/sv\/wp-json\/wp\/v2\/product_brand?post=6607"},{"taxonomy":"product_cat","embeddable":true,"href":"https:\/\/oasismilk.com\/sv\/wp-json\/wp\/v2\/product_cat?post=6607"},{"taxonomy":"product_tag","embeddable":true,"href":"https:\/\/oasismilk.com\/sv\/wp-json\/wp\/v2\/product_tag?post=6607"}],"curies":[{"name":"wp","href":"https:\/\/api.w.org\/{rel}","templated":true}]}}