{"id":6597,"date":"2024-10-11T13:40:55","date_gmt":"2024-10-11T11:40:55","guid":{"rendered":"https:\/\/oasismilk.com\/?post_type=product&#038;p=6597"},"modified":"2025-02-07T13:40:17","modified_gmt":"2025-02-07T13:40:17","slug":"kamelmjolkspulver-i-aterforslutningsbar-pase-400gr","status":"publish","type":"product","link":"https:\/\/oasismilk.com\/sv\/produkt\/kamelmjolkspulver-i-aterforslutningsbar-pase-400gr\/","title":{"rendered":"Kamelmj\u00f6lkspulver i \u00e5terf\u00f6rslutningsbar p\u00e5se 400gr"},"content":{"rendered":"<p><strong>L\u00e5ng h\u00e5llbarhet och l\u00e4tt att skicka<\/strong><\/p>\n<p>En av de st\u00f6rsta f\u00f6rdelarna med kamelmj\u00f6lkspulver \u00e4r dess l\u00e5nga h\u00e5llbarhet. V\u00e5r \u00e5terf\u00f6rslutningsbara f\u00f6rpackning s\u00e4kerst\u00e4ller att du alltid har kamelmj\u00f6lk hemma. N\u00e4r det f\u00f6rvaras p\u00e5 r\u00e4tt s\u00e4tt, p\u00e5 en torr och sval plats, h\u00e5ller pulvret fram till utg\u00e5ngsdatumet p\u00e5 f\u00f6rpackningen. Det kamelmj\u00f6lkspulver du f\u00e5r kan alltid f\u00f6rvaras i minst sex m\u00e5nader. N\u00e4r mj\u00f6lken har blandats med vatten kan den f\u00f6rvaras i kylsk\u00e5pet i 1-2 dagar. \u00c4nd\u00e5 rekommenderar vi att du dricker det direkt efter tillagning f\u00f6r b\u00e4sta smakupplevelse.<\/p>\n<p>Med ett paket p\u00e5 400 gram kan du enkelt g\u00f6ra 4 liter kamelmj\u00f6lk. V\u00e5rt kamelmj\u00f6lkspulver \u00e4r kompakt och l\u00e4tt, vilket g\u00f6r det idealiskt f\u00f6r (internationell) frakt.<\/p>\n<p><strong>Naturligt och n\u00e4ringsrikt<\/strong><\/p>\n<p>Produktionsprocessen f\u00f6r v\u00e5rt kamelmj\u00f6lkspulver har utvecklats p\u00e5 ett s\u00e5dant s\u00e4tt att det beh\u00e5ller de naturliga egenskaperna hos f\u00e4rsk kamelmj\u00f6lk. Detta g\u00f6r det till ett utm\u00e4rkt val f\u00f6r alla som v\u00e4rdes\u00e4tter kvalitet och n\u00e4ringsv\u00e4rde. Kamelmj\u00f6lk \u00e4r k\u00e4nd f\u00f6r sina l\u00e4ttsm\u00e4lta proteiner och sin unika sammans\u00e4ttning. Kamelmj\u00f6lk inneh\u00e5ller ocks\u00e5 laktoferrin och immunglobuliner, tv\u00e5 \u00e4mnen som bidrar till ett starkare immunf\u00f6rsvar. Enligt FAO (World Food Organization) \u00e4r kamelmj\u00f6lk en av de h\u00e4lsosammaste animaliska mj\u00f6lksorterna.<\/p>\n<p>Dessutom \u00e4r pulvret mycket anv\u00e4ndarv\u00e4nligt. Det \u00e4r l\u00e4tt att l\u00f6sa upp i vatten, vilket g\u00f6r att du kan f\u00f6rbereda ett uts\u00f6kt glas kamelmj\u00f6lk p\u00e5 n\u00e5gra minuter. Perfekt f\u00f6r hemmet, p\u00e5 spr\u00e5ng eller p\u00e5 spr\u00e5ng!<\/p>\n<p><strong>Hur anv\u00e4nder du kamelmj\u00f6lkspulver?<\/strong><\/p>\n<p>Det \u00e4r enkelt att f\u00f6rbereda kamelmj\u00f6lk med pulvret:<\/p>\n<ul>\n<li>Ta ett glas med 200 ml vatten.<\/li>\n<li>Tills\u00e4tt 20 g kamelmj\u00f6lkspulver (cirka tv\u00e5 matskedar).<\/li>\n<li>Blanda f\u00f6rst med lite ljummet vatten och r\u00f6r om tills pulvret \u00e4r helt uppl\u00f6st.<\/li>\n<li>Fyll glaset till 200 ml och njut av din nylagade kamelmj\u00f6lk.<\/li>\n<\/ul>\n<p>F\u00f6r att g\u00f6ra allt \u00e4nnu enklare att blanda kan du ocks\u00e5 anv\u00e4nda en shakerkopp.<\/p>\n<p><strong>En m\u00e5ngsidig smakupplevelse<\/strong><\/p>\n<p>Smaken av kamelmj\u00f6lk som framst\u00e4lls av pulver \u00e4r l\u00e4tt och unik, \u00e4ven om den skiljer sig n\u00e5got fr\u00e5n f\u00e4rsk kamelmj\u00f6lk. F\u00f6r dem som gillar att prova en lite annorlunda smak finns det flera alternativ:<\/p>\n<ul>\n<li><strong>S\u00f6t och mild<\/strong>: Tills\u00e4tt en nypa inulin eller vaniljpulver f\u00f6r en j\u00e4mn, s\u00f6t smak.<\/li>\n<li><strong>Choklad\u00e4lskare<\/strong>: G\u00f6r chokladkamelmj\u00f6lk (ChoCamel) genom att tills\u00e4tta 3 teskedar kakaopulver och 1 tesked socker till 20 gram kamelmj\u00f6lkspulver.<\/li>\n<li><strong>H\u00e4lsosamma smoothies<\/strong>: Anv\u00e4nd kamelmj\u00f6lkspulver som bas f\u00f6r smoothies. Kombinera den med frukt f\u00f6r en n\u00e4ringsrik dryck.<\/li>\n<\/ul>\n<p><strong>Produkter med kamelmj\u00f6lkspulver<\/strong><\/p>\n<p>Gillar du inte smaken av mj\u00f6lk, men vill \u00e4nd\u00e5 dra nytta av de unika f\u00f6rdelarna med kamelmj\u00f6lk? D\u00e5 \u00e4r v\u00e5ra kapslar med <a href=\"\/sv\/produkt\/kapslar-med-kamelmjoelkspulver-60-kapslar\/\">kamelmj\u00f6lkspulver<\/a> den perfekta l\u00f6sningen. Du kan enkelt ta detta med lite vatten.<\/p>\n<p>&nbsp;<\/p>\n<\/p>\n<div class=\"table-1\">\n<table width=\"100%\">\n<thead>\n<tr>\n<th align=\"left\">N\u00e4ringsv\u00e4rden<\/th>\n<th align=\"left\">per 100 gram<\/th>\n<\/tr>\n<\/thead>\n<tbody>\n<tr>\n<td align=\"left\">Energi<\/td>\n<td align=\"left\">500 kcal<\/td>\n<\/tr>\n<tr>\n<td align=\"left\">Fett<\/td>\n<td align=\"left\">27 gr<\/td>\n<\/tr>\n<tr>\n<td align=\"left\">Kolhydrater (varav sockerarter)<\/td>\n<td align=\"left\">39 gr<\/td>\n<\/tr>\n<tr>\n<td align=\"left\">\u00c4ggvita<\/td>\n<td align=\"left\">24 gr<\/td>\n<\/tr>\n<tr>\n<td align=\"left\">Salt<\/td>\n<td align=\"left\">48.5 gr<\/td>\n<\/tr>\n<\/tbody>\n<\/table>\n<\/div>\n<p>\n","protected":false},"excerpt":{"rendered":"<p>Kamelmj\u00f6lkspulver \u00e4r en idealisk l\u00f6sning f\u00f6r alla som vill njuta av de unika f\u00f6rdelarna med kamelmj\u00f6lk men letar efter ett bekv\u00e4mt och l\u00e5ngvarigt alternativ. V\u00e5rt kamelmj\u00f6lkspulver \u00e4r tillverkat av 100 % ren, obearbetad <a href=\"\/sv\/farsk-kamelmjolk\/\">kamelmj\u00f6lk<\/a>, utan tillsatser. Detta s\u00e4kerst\u00e4ller att alla viktiga n\u00e4rings\u00e4mnen, s\u00e5som vitaminer, mineraler och proteiner, bevaras optimalt.<\/p>\n<p>&nbsp;<\/p>\n","protected":false},"featured_media":5878,"comment_status":"open","ping_status":"closed","template":"","meta":{"_acf_changed":false},"product_brand":[],"product_cat":[177],"product_tag":[],"class_list":{"0":"post-6597","1":"product","2":"type-product","3":"status-publish","4":"has-post-thumbnail","6":"product_cat-mjolkpulver-kapslar","8":"first","9":"instock","10":"taxable","11":"shipping-taxable","12":"purchasable","13":"product-type-simple"},"acf":[],"_links":{"self":[{"href":"https:\/\/oasismilk.com\/sv\/wp-json\/wp\/v2\/product\/6597","targetHints":{"allow":["GET"]}}],"collection":[{"href":"https:\/\/oasismilk.com\/sv\/wp-json\/wp\/v2\/product"}],"about":[{"href":"https:\/\/oasismilk.com\/sv\/wp-json\/wp\/v2\/types\/product"}],"replies":[{"embeddable":true,"href":"https:\/\/oasismilk.com\/sv\/wp-json\/wp\/v2\/comments?post=6597"}],"wp:featuredmedia":[{"embeddable":true,"href":"https:\/\/oasismilk.com\/sv\/wp-json\/wp\/v2\/media\/5878"}],"wp:attachment":[{"href":"https:\/\/oasismilk.com\/sv\/wp-json\/wp\/v2\/media?parent=6597"}],"wp:term":[{"taxonomy":"product_brand","embeddable":true,"href":"https:\/\/oasismilk.com\/sv\/wp-json\/wp\/v2\/product_brand?post=6597"},{"taxonomy":"product_cat","embeddable":true,"href":"https:\/\/oasismilk.com\/sv\/wp-json\/wp\/v2\/product_cat?post=6597"},{"taxonomy":"product_tag","embeddable":true,"href":"https:\/\/oasismilk.com\/sv\/wp-json\/wp\/v2\/product_tag?post=6597"}],"curies":[{"name":"wp","href":"https:\/\/api.w.org\/{rel}","templated":true}]}}