{"id":6596,"date":"2024-10-17T13:33:08","date_gmt":"2024-10-17T13:33:08","guid":{"rendered":"https:\/\/oasismilk.com\/?post_type=product&#038;p=6596"},"modified":"2025-02-07T13:43:01","modified_gmt":"2025-02-07T13:43:01","slug":"fryst-ra-kamelmjolk-7-flaskor-pa-05-liter","status":"publish","type":"product","link":"https:\/\/oasismilk.com\/sv\/produkt\/fryst-ra-kamelmjolk-7-flaskor-pa-05-liter\/","title":{"rendered":"Fryst, r\u00e5 kamelmj\u00f6lk, 7 flaskor p\u00e5 0,5 liter"},"content":{"rendered":"<p><strong>Tillf\u00f6rlitlighet.<\/strong><\/p>\n<p>V\u00e5r frysta kamelmj\u00f6lk \u00e4r noggrant kontrollerad f\u00f6r kvalitet. Vi skickar regelbundet mj\u00f6lkprover till laboratoriet f\u00f6r att kontrollera om det finns olika komponenter i kamelmj\u00f6lken som visar kvaliteten. Detta s\u00e4kerst\u00e4ller att vi endast s\u00e4ljer fryst kamelmj\u00f6lk av h\u00f6gsta kvalitet.<\/p>\n<p>V\u00e5r kamelmj\u00f6lk kyls omedelbart efter mj\u00f6lkning av kamelerna i ett slutet system. Detta s\u00e4kerst\u00e4ller att ingen smuts och bakterier kan komma \u00e5t den. Efter att flaskorna har fyllts l\u00e4ggs flaskorna omedelbart i frysen. Detta s\u00e4kerst\u00e4ller att mj\u00f6lken har en h\u00e5llbarhet p\u00e5 ett \u00e5r och inte f\u00f6rlorar sina goda egenskaper.<\/p>\n<p><strong>L\u00e5ng h\u00e5llbarhet och l\u00e4tt att f\u00f6rvara.<\/strong><\/p>\n<p>Den frysta kamelmj\u00f6lken har en h\u00e5llbarhet p\u00e5 upp till ett \u00e5r efter produktionsdatumet. Om du tinar upp mj\u00f6lken kan den f\u00f6rvaras i ytterligare 3 dagar. Se bara till att l\u00e5ta mj\u00f6lken tina i kylen f\u00f6r att bevara dess kvalitet. N\u00e4r mj\u00f6lken har tinat kan du inte frysa in den igen. \u00c4r 0,5-litersflaskorna f\u00f6r mycket att dricka p\u00e5 en g\u00e5ng? F\u00f6r enkelhets skull s\u00e4ljer vi \u00e4ven\u00a0<a href=\"https:\/\/oasismilk.com\/sv\/fryst-kamelmjolk\/\">250 ml flaskor<\/a>, perfekt f\u00f6r sm\u00e5 anv\u00e4ndare.<\/p>\n<p>Den praktiska fyrkantiga formen p\u00e5 v\u00e5ra flaskor g\u00f6r dem l\u00e4tta att f\u00f6rvara i frysen och kylsk\u00e5pet.<\/p>\n<p><strong>Ett bra alternativ till komj\u00f6lk.<\/strong><\/p>\n<p>Kamelmj\u00f6lk \u00e4r ett bra alternativ f\u00f6r personer som inte dricker komj\u00f6lk. Den inneh\u00e5ller inte betalaktoglobulin, som spelar en viktig roll f\u00f6r att orsaka komj\u00f6lksallergi. Dessutom \u00e4r kamelmj\u00f6lk helt fri fr\u00e5n komj\u00f6lksproteiner och inneh\u00e5ller endast kamelmj\u00f6lksproteiner. Kamelmj\u00f6lk \u00e4r en k\u00e4lla till kalcium och l\u00e4ttsm\u00e4lta proteiner. Och \u00e4r rik p\u00e5 zink och protein. Dessutom inneh\u00e5ller kamelmj\u00f6lk \u00e4ven laktoferrin och immunglobuliner, tv\u00e5 \u00e4mnen som bidrar till ett starkare immunf\u00f6rsvar. Enligt FAO (World Food Organization) \u00e4r kamelmj\u00f6lk en av de h\u00e4lsosammaste animaliska mj\u00f6lksorterna.<\/p>\n<p><strong>Uppt\u00e4ck den unika smakupplevelsen av kamelmj\u00f6lk.<\/strong><\/p>\n<p>V\u00e5r kamelmj\u00f6lk har en smak som liknar r\u00e5 komj\u00f6lk. Vissa m\u00e4nniskor tycker att kamelmj\u00f6lk har en n\u00e5got saltare smak \u00e4n komj\u00f6lk. Detta beror p\u00e5 det h\u00f6ga mineralinneh\u00e5llet i kamelmj\u00f6lk. Kamelmj\u00f6lk smakar mindre fet \u00e4n komj\u00f6lk eftersom den har en mycket l\u00e5g fetthalt.<\/p>\n<p><strong>Hur anv\u00e4nder du fryst kamelmj\u00f6lk?<\/strong><\/p>\n<ul>\n<li>L\u00e5t mj\u00f6lken tina i kylen, efter upptining kan mj\u00f6lken f\u00f6rvaras i kylen i ytterligare tre dagar.<\/li>\n<li>Njut av ett glas uts\u00f6kt kamelmj\u00f6lk som ett n\u00e4ringsrikt mellanm\u00e5l.<\/li>\n<li>Tills\u00e4tt den i din smoothie f\u00f6r en boost av n\u00e4rings\u00e4mnen och en extra smakupplevelse.<\/li>\n<li>Anv\u00e4nd den i ditt favoritrecept som ers\u00e4ttning f\u00f6r komj\u00f6lk.<\/li>\n<li>G\u00f6r det chokladmj\u00f6lk med v\u00e5r ChoCamel chokladmj\u00f6lkklubba (gjord av kamelmj\u00f6lk)<\/li>\n<\/ul>\n<p><strong>En djurv\u00e4nlig produkt.<\/strong><\/p>\n<p>Kameler \u00e4r riktiga flockdjur. Det \u00e4r d\u00e4rf\u00f6r alla v\u00e5ra kameler h\u00e5lls i grupper. N\u00e4r det \u00e4r torrt och inte f\u00f6r kallt kommer alla v\u00e5ra kameler ut p\u00e5 v\u00e5ra stora betesmarker, d\u00e4r de kan beta obegr\u00e4nsat. I stallet ligger kamelerna p\u00e5 ett tjockt lager halm.<\/p>\n<p>Kalvarna som f\u00f6ds hos oss stannar p\u00e5 v\u00e5r g\u00e5rd. De stannar hos mamman under en l\u00e4ngre tid innan de \u00e4r helt avvanda. Efter varje mj\u00f6lkning (p\u00e5 morgonen och p\u00e5 kv\u00e4llen) stannar kalvarna kvar hos sina mammor i en och en halv timme. Detta s\u00e4kerst\u00e4ller att bandet mellan kalven och mamman f\u00f6rblir starkt.<\/p>\n<\/p>\n<div class=\"table-1\">\n<table width=\"100%\">\n<thead>\n<tr>\n<th align=\"left\">Mineraler<\/th>\n<th align=\"left\">Vitaminer<\/th>\n<\/tr>\n<\/thead>\n<tbody>\n<tr>\n<td align=\"left\">Na (mg%) 36<\/td>\n<td align=\"left\">Thiamine (mg%) 0,03<\/td>\n<\/tr>\n<tr>\n<td align=\"left\">K (mg%) 60<\/td>\n<td align=\"left\">Riboflavine (mg%) 0,04<\/td>\n<\/tr>\n<tr>\n<td align=\"left\">Ca (mg%) 97<\/td>\n<td align=\"left\">B6 (mg%) 0,05<\/td>\n<\/tr>\n<tr>\n<td align=\"left\">Mg (mg%) 16<\/td>\n<td align=\"left\">B12 (mg%) 0,0002<\/td>\n<\/tr>\n<tr>\n<td align=\"left\">Zn (mg%) 3,4<\/td>\n<td align=\"left\">B3 (mg%) 0,046<\/td>\n<\/tr>\n<tr>\n<td align=\"left\">Fe (mg%) 0,04<\/td>\n<td align=\"left\">B5 (mg%) 0,09<\/td>\n<\/tr>\n<tr>\n<td align=\"left\">Cu (mg%) 0,02<\/td>\n<td align=\"left\">Vitamin E (mg%) 0,027<\/td>\n<\/tr>\n<tr>\n<td align=\"left\">Mn (mg%) 0,02<\/td>\n<td align=\"left\">Vitamin C (mg%) 3,6<\/td>\n<\/tr>\n<tr>\n<td align=\"left\">P (mg%) 58<\/td>\n<td align=\"left\">Vitamin A (I.U.) 129,1<\/td>\n<\/tr>\n<tr>\n<td align=\"left\">Cl (mg%) 0,16<\/td>\n<td align=\"left\">Vitamin D (I.U.) 0,8<\/td>\n<\/tr>\n<tr>\n<td align=\"left\">Karotin (mg%) 0,029<\/td>\n<td align=\"left\"><\/td>\n<\/tr>\n<\/tbody>\n<\/table>\n<\/div>\n<p>\n<p><strong>(Kamelmj\u00f6lk inneh\u00e5ller inte beta-laktoglobin)<\/strong><\/p>\n<\/p>\n<div class=\"table-1\">\n<table width=\"100%\">\n<thead>\n<tr>\n<th align=\"left\">Sammans\u00e4ttning av kamelmj\u00f6lk<\/th>\n<th align=\"left\">(per 100ml)<\/th>\n<\/tr>\n<\/thead>\n<tbody>\n<tr>\n<td align=\"left\">\u00c4ggvita<\/td>\n<td align=\"left\">3.4%<\/td>\n<\/tr>\n<tr>\n<td align=\"left\">Fett<\/td>\n<td align=\"left\">4,2%<\/td>\n<\/tr>\n<tr>\n<td align=\"left\">Om\u00e4ttade fettsyror<\/td>\n<td align=\"left\">1,8%<\/td>\n<\/tr>\n<tr>\n<td align=\"left\">Laktos<\/td>\n<td align=\"left\">4,3%<\/td>\n<\/tr>\n<tr>\n<td align=\"left\">Mineraler<\/td>\n<td align=\"left\">0,9%<\/td>\n<\/tr>\n<tr>\n<td align=\"left\">Energi<\/td>\n<td align=\"left\">53 kcal\/100g (222kJ)<\/td>\n<\/tr>\n<\/tbody>\n<\/table>\n<\/div>\n<p>\n","protected":false},"excerpt":{"rendered":"<p>V\u00e5r frysta kamelmj\u00f6lk kommer fr\u00e5n v\u00e5ra egna kameler. Den frysta kamelmj\u00f6lken \u00e4r obearbetad och \u00e4r inte past\u00f6riserad. P\u00e5 s\u00e5 s\u00e4tt bevaras de goda egenskaperna hos den frysta kamelmj\u00f6lken. V\u00e5r frysta kamelmj\u00f6lk produceras med mycket passion och k\u00e4rlek. Eftersom vi \u00e4r den enda kamelmj\u00f6lkg\u00e5rden i Europa p\u00e5\u00a0<a href=\"https:\/\/www.kamelenmelk.nl\/en\/\" target=\"_blank\" rel=\"noopener\">Camel Dairy Farm Smits<\/a>\u00a0\u00e4r vi den enda som f\u00e5r producera och s\u00e4lja fryst och f\u00e4rsk kamelmj\u00f6lk.<\/p>\n","protected":false},"featured_media":5732,"comment_status":"open","ping_status":"closed","template":"","meta":{"_acf_changed":false},"product_brand":[],"product_cat":[176],"product_tag":[],"class_list":{"0":"post-6596","1":"product","2":"type-product","3":"status-publish","4":"has-post-thumbnail","6":"product_cat-fryst-kamelmjolk","8":"first","9":"instock","10":"taxable","11":"shipping-taxable","12":"purchasable","13":"product-type-simple"},"acf":[],"_links":{"self":[{"href":"https:\/\/oasismilk.com\/sv\/wp-json\/wp\/v2\/product\/6596","targetHints":{"allow":["GET"]}}],"collection":[{"href":"https:\/\/oasismilk.com\/sv\/wp-json\/wp\/v2\/product"}],"about":[{"href":"https:\/\/oasismilk.com\/sv\/wp-json\/wp\/v2\/types\/product"}],"replies":[{"embeddable":true,"href":"https:\/\/oasismilk.com\/sv\/wp-json\/wp\/v2\/comments?post=6596"}],"wp:featuredmedia":[{"embeddable":true,"href":"https:\/\/oasismilk.com\/sv\/wp-json\/wp\/v2\/media\/5732"}],"wp:attachment":[{"href":"https:\/\/oasismilk.com\/sv\/wp-json\/wp\/v2\/media?parent=6596"}],"wp:term":[{"taxonomy":"product_brand","embeddable":true,"href":"https:\/\/oasismilk.com\/sv\/wp-json\/wp\/v2\/product_brand?post=6596"},{"taxonomy":"product_cat","embeddable":true,"href":"https:\/\/oasismilk.com\/sv\/wp-json\/wp\/v2\/product_cat?post=6596"},{"taxonomy":"product_tag","embeddable":true,"href":"https:\/\/oasismilk.com\/sv\/wp-json\/wp\/v2\/product_tag?post=6596"}],"curies":[{"name":"wp","href":"https:\/\/api.w.org\/{rel}","templated":true}]}}