{"id":6591,"date":"2024-10-17T13:29:27","date_gmt":"2024-10-17T13:29:27","guid":{"rendered":"https:\/\/oasismilk.com\/?post_type=product&#038;p=6591"},"modified":"2025-02-07T13:43:47","modified_gmt":"2025-02-07T13:43:47","slug":"farsk-ra-kamelmjolk-10-flaskor-250-ml","status":"publish","type":"product","link":"https:\/\/oasismilk.com\/sv\/produkt\/farsk-ra-kamelmjolk-10-flaskor-250-ml\/","title":{"rendered":"F\u00e4rsk, r\u00e5 kamelmj\u00f6lk, 10 flaskor 250 ml"},"content":{"rendered":"<p><strong>Hur anv\u00e4nder du f\u00e4rsk kamelmj\u00f6lk?<\/strong><\/p>\n<ul>\n<li>Njut av ett glas f\u00e4rsk uts\u00f6kt kamelmj\u00f6lk som ett n\u00e4ringsrikt mellanm\u00e5l.<\/li>\n<li>Tills\u00e4tt den i din smoothie f\u00f6r en extra smakupplevelse och en boost av n\u00e4rings\u00e4mnen.<\/li>\n<li>Anv\u00e4nd den i dina favoritrecept som ers\u00e4ttning f\u00f6r komj\u00f6lk.<\/li>\n<\/ul>\n<ul>\n<li>G\u00f6r det chokladmj\u00f6lk med v\u00e5r ChoCamel chokladmj\u00f6lkklubba (gjord av kamelmj\u00f6lk)<\/li>\n<\/ul>\n<p><strong>Uppt\u00e4ck den unika smaken av f\u00e4rsk kamelmj\u00f6lk!<\/strong><\/p>\n<p>V\u00e5r f\u00e4rska kamelmj\u00f6lk har ungef\u00e4r samma smak som r\u00e5 komj\u00f6lk. Men eftersom den har en l\u00e4gre fetthalt \u00e4n komj\u00f6lk kan du uppt\u00e4cka att smaken \u00e4r n\u00e5got mindre fet. Vissa tycker att det smakar lite saltare. Detta beror p\u00e5 det h\u00f6ga mineralinneh\u00e5llet i kamelmj\u00f6lken.<\/p>\n<p><strong>Tillf\u00f6rlitlighet.<\/strong><\/p>\n<p>Den f\u00e4rska kamelmj\u00f6lken \u00e4r noggrant kontrollerad och \u00e4r d\u00e4rf\u00f6r helt s\u00e4ker att konsumera. V\u00e5r f\u00e4rska kamelmj\u00f6lk kyls omedelbart efter mj\u00f6lkning av kamelerna av ett slutet system. Efter best\u00e4llning l\u00e4ggs mj\u00f6lken i flaskorna p\u00e5 v\u00e5ra fasta leveransdagar. Dessa flaskor kommer att skickas till din adress omedelbart. S\u00e5 att du alltid f\u00e5r f\u00e4rsk kamelmj\u00f6lk hemma.<\/p>\n<p>V\u00e5r f\u00e4rska kamelmj\u00f6lk inneh\u00e5ller inga antibiotika, hormoner eller mediciner. N\u00e4r en av v\u00e5ra kameler f\u00e5r medicin ser vi till att mj\u00f6lken fr\u00e5n den kamelen inte anv\u00e4nds f\u00f6r f\u00f6rs\u00e4ljning. Prover av den f\u00e4rska kamelmj\u00f6lken tas regelbundet f\u00f6r att kontrollera om det finns olika viktiga komponenter som best\u00e4mmer mj\u00f6lkens kvalitet. Detta s\u00e4kerst\u00e4ller att vi endast s\u00e4ljer kamelmj\u00f6lk av h\u00f6gsta kvalitet.<\/p>\n<p><strong>H\u00e5llbarhet och l\u00e4tt att f\u00f6rvara.<\/strong><\/p>\n<p>V\u00e5r f\u00e4rska kamelmj\u00f6lk kan f\u00f6rvaras i kylsk\u00e5pet i 3 dagar. Detta beror p\u00e5 att den f\u00e4rska kamelmj\u00f6lken \u00e4r obearbetad och inte past\u00f6riserad. Om du vill frysa in mj\u00f6lken kan du f\u00f6rvara den i ytterligare ett \u00e5r. Om du vill tina upp mj\u00f6lken rekommenderar vi att du g\u00f6r detta i kylsk\u00e5pet. Frys inte in kamelmj\u00f6lken igen efter\u00e5t.\u00a0F\u00f6r enkelhetens skull erbjuder vi \u00e4ven <a href=\"\/sv\/fryst-kamelmjolk\/\">fryst kamelmj\u00f6lk<\/a> \u00a0. Detta \u00e4r s\u00e4rskilt anv\u00e4ndbart n\u00e4r du vet att du \u00e4nd\u00e5 kommer att frysa kamelmj\u00f6lken.<\/p>\n<p>P\u00e5 grund av den praktiska fyrkantiga formen p\u00e5 v\u00e5ra kamelmj\u00f6lksflaskor \u00e4r de l\u00e4tta att f\u00f6rvara i kylen eller frysen.<\/p>\n<p><strong>Alternativ till komj\u00f6lk.<\/strong><\/p>\n<p>F\u00e4rsk kamelmj\u00f6lk \u00e4r ett bra alternativ f\u00f6r personer som inte dricker komj\u00f6lk. F\u00e4rsk kamelmj\u00f6lk \u00e4r helt fri fr\u00e5n komj\u00f6lksproteiner och inneh\u00e5ller endast kamelmj\u00f6lksproteiner. Kamelmj\u00f6lk \u00e4r packad med kalcium och \u00e4r en k\u00e4lla till zink och protein. Den inneh\u00e5ller inte betalaktoglobulin, det protein som spelar en viktig roll i orsaken till komj\u00f6lksallergi. Kamelmj\u00f6lk inneh\u00e5ller ocks\u00e5 laktoferrin och immunglobuliner, tv\u00e5 \u00e4mnen som bidrar till ett starkare immunf\u00f6rsvar.\u00a0 Enligt FAO (World Food Organization) \u00e4r kamelmj\u00f6lk en av de h\u00e4lsosammaste animaliska mj\u00f6lksorterna.<\/p>\n<p><strong>En djurv\u00e4nlig produkt.<\/strong><\/p>\n<p>Kameler \u00e4r riktiga flockdjur. Det \u00e4r d\u00e4rf\u00f6r alla v\u00e5ra kameler h\u00e5lls i grupper. N\u00e4r det \u00e4r torrt och inte f\u00f6r kallt kommer alla v\u00e5ra kameler ut p\u00e5 v\u00e5ra stora betesmarker, d\u00e4r de kan beta obegr\u00e4nsat. I stallet ligger kamelerna p\u00e5 ett tjockt lager halm.<\/p>\n<p>Kalvarna som f\u00f6ds hos oss stannar p\u00e5 v\u00e5r g\u00e5rd. De stannar hos mamman under en l\u00e4ngre tid innan de \u00e4r helt avvanda. Efter varje mj\u00f6lkning (p\u00e5 morgonen och p\u00e5 kv\u00e4llen) stannar kalvarna kvar hos sina mammor i en och en halv timme. Detta s\u00e4kerst\u00e4ller att bandet mellan kalven och mamman f\u00f6rblir starkt.<\/p>\n<\/p>\n<div class=\"table-1\">\n<table width=\"100%\">\n<thead>\n<tr>\n<th align=\"left\">Mineraler<\/th>\n<th align=\"left\">Vitaminer<\/th>\n<\/tr>\n<\/thead>\n<tbody>\n<tr>\n<td align=\"left\">Na (mg%) 36<\/td>\n<td align=\"left\">Thiamine (mg%) 0,03<\/td>\n<\/tr>\n<tr>\n<td align=\"left\">K (mg%) 60<\/td>\n<td align=\"left\">Riboflavine (mg%) 0,04<\/td>\n<\/tr>\n<tr>\n<td align=\"left\">Ca (mg%) 97<\/td>\n<td align=\"left\">B6 (mg%) 0,05<\/td>\n<\/tr>\n<tr>\n<td align=\"left\">Mg (mg%) 16<\/td>\n<td align=\"left\">B12 (mg%) 0,0002<\/td>\n<\/tr>\n<tr>\n<td align=\"left\">Zn (mg%) 3,4<\/td>\n<td align=\"left\">B3 (mg%) 0,046<\/td>\n<\/tr>\n<tr>\n<td align=\"left\">Fe (mg%) 0,04<\/td>\n<td align=\"left\">B5 (mg%) 0,09<\/td>\n<\/tr>\n<tr>\n<td align=\"left\">Cu (mg%) 0,02<\/td>\n<td align=\"left\">Vitamin E (mg%) 0,027<\/td>\n<\/tr>\n<tr>\n<td align=\"left\">Mn (mg%) 0,02<\/td>\n<td align=\"left\">Vitamin C (mg%) 3,6<\/td>\n<\/tr>\n<tr>\n<td align=\"left\">P (mg%) 58<\/td>\n<td align=\"left\">Vitamin A (I.U.) 129,1<\/td>\n<\/tr>\n<tr>\n<td align=\"left\">Cl (mg%) 0,16<\/td>\n<td align=\"left\">Vitamin D (I.U.) 0,8<\/td>\n<\/tr>\n<tr>\n<td align=\"left\">Karotin (mg%) 0,029<\/td>\n<td align=\"left\"><\/td>\n<\/tr>\n<\/tbody>\n<\/table>\n<\/div>\n<p>\n<p><strong>(Kamelmj\u00f6lk inneh\u00e5ller inte beta-laktoglobin)<\/strong><\/p>\n<\/p>\n<div class=\"table-1\">\n<table width=\"100%\">\n<thead>\n<tr>\n<th align=\"left\">Sammans\u00e4ttning av kamelmj\u00f6lk<\/th>\n<th align=\"left\">(per 100ml)<\/th>\n<\/tr>\n<\/thead>\n<tbody>\n<tr>\n<td align=\"left\">\u00c4ggvita<\/td>\n<td align=\"left\">3.4%<\/td>\n<\/tr>\n<tr>\n<td align=\"left\">Fett<\/td>\n<td align=\"left\">4,2%<\/td>\n<\/tr>\n<tr>\n<td align=\"left\">Om\u00e4ttade fettsyror<\/td>\n<td align=\"left\">1,8%<\/td>\n<\/tr>\n<tr>\n<td align=\"left\">Laktos<\/td>\n<td align=\"left\">4,3%<\/td>\n<\/tr>\n<tr>\n<td align=\"left\">Mineraler<\/td>\n<td align=\"left\">0,9%<\/td>\n<\/tr>\n<tr>\n<td align=\"left\">Energi<\/td>\n<td align=\"left\">53 kcal\/100g (222kJ)<\/td>\n<\/tr>\n<\/tbody>\n<\/table>\n<\/div>\n<p>\n<p>&nbsp;<\/p>\n","protected":false},"excerpt":{"rendered":"<p>F\u00e4rsk kamelmj\u00f6lk produceras av oss med mycket k\u00e4rlek och passion. Vi p\u00e5 <a href=\"https:\/\/www.kamelenmelk.nl\/en\/\" target=\"_blank\" rel=\"noopener\">Camel Dairy Smits<\/a> \u00e4r den enda kamelmj\u00f6lkg\u00e5rden i Europa. Detta g\u00f6r oss extra stolta \u00f6ver v\u00e5r f\u00e4rska kamelmj\u00f6lk. V\u00e5r f\u00e4rska kamelmj\u00f6lk \u00e4r inte past\u00f6riserad och \u00e4r helt obearbetad. P\u00e5 s\u00e5 s\u00e4tt bevaras alla sina goda egenskaper f\u00f6r den f\u00e4rska kamelmj\u00f6lken. Den inneh\u00e5ller till exempel m\u00e5nga mineraler, vitaminer och essentiella proteiner. Detta g\u00f6r f\u00e4rsk kamelmj\u00f6lk till ett perfekt komplement f\u00f6r personer som vill l\u00e4gga till fler n\u00e4rings\u00e4mnen i sin kost.<\/p>\n","protected":false},"featured_media":5890,"comment_status":"open","ping_status":"closed","template":"","meta":{"_acf_changed":false},"product_brand":[],"product_cat":[218],"product_tag":[],"class_list":{"0":"post-6591","1":"product","2":"type-product","3":"status-publish","4":"has-post-thumbnail","6":"product_cat-farsk-kamelmjolk","8":"first","9":"instock","10":"taxable","11":"shipping-taxable","12":"purchasable","13":"product-type-simple"},"acf":[],"_links":{"self":[{"href":"https:\/\/oasismilk.com\/sv\/wp-json\/wp\/v2\/product\/6591","targetHints":{"allow":["GET"]}}],"collection":[{"href":"https:\/\/oasismilk.com\/sv\/wp-json\/wp\/v2\/product"}],"about":[{"href":"https:\/\/oasismilk.com\/sv\/wp-json\/wp\/v2\/types\/product"}],"replies":[{"embeddable":true,"href":"https:\/\/oasismilk.com\/sv\/wp-json\/wp\/v2\/comments?post=6591"}],"wp:featuredmedia":[{"embeddable":true,"href":"https:\/\/oasismilk.com\/sv\/wp-json\/wp\/v2\/media\/5890"}],"wp:attachment":[{"href":"https:\/\/oasismilk.com\/sv\/wp-json\/wp\/v2\/media?parent=6591"}],"wp:term":[{"taxonomy":"product_brand","embeddable":true,"href":"https:\/\/oasismilk.com\/sv\/wp-json\/wp\/v2\/product_brand?post=6591"},{"taxonomy":"product_cat","embeddable":true,"href":"https:\/\/oasismilk.com\/sv\/wp-json\/wp\/v2\/product_cat?post=6591"},{"taxonomy":"product_tag","embeddable":true,"href":"https:\/\/oasismilk.com\/sv\/wp-json\/wp\/v2\/product_tag?post=6591"}],"curies":[{"name":"wp","href":"https:\/\/api.w.org\/{rel}","templated":true}]}}