{"id":6590,"date":"2024-10-17T13:28:55","date_gmt":"2024-10-17T13:28:55","guid":{"rendered":"https:\/\/oasismilk.com\/?post_type=product&#038;p=6590"},"modified":"2025-02-07T13:44:12","modified_gmt":"2025-02-07T13:44:12","slug":"farsk-ra-kamelmjolk-28-flaskor-05l","status":"publish","type":"product","link":"https:\/\/oasismilk.com\/sv\/produkt\/farsk-ra-kamelmjolk-28-flaskor-05l\/","title":{"rendered":"F\u00e4rsk, r\u00e5 kamelmj\u00f6lk, 28 flaskor 0,5L"},"content":{"rendered":"<p><strong>H\u00e5llbarhet och F\u00f6rvaring av Kamelmj\u00f6lk<\/strong><\/p>\n<p><strong>F\u00e4rsk Kamelmj\u00f6lk:<\/strong><br \/>\nV\u00e5r f\u00e4rska kamelmj\u00f6lk \u00e4r en ren, obehandlad produkt med en h\u00e5llbarhet p\u00e5 3 dagar i kylsk\u00e5p. Detta beror p\u00e5 att mj\u00f6lken inte \u00e4r past\u00f6riserad, vilket bevarar alla dess positiva egenskaper. Vill du f\u00f6rvara mj\u00f6lken l\u00e4ngre? Inga problem! Kamelmj\u00f6lk kan frysas in och h\u00e5ller sig bra i upp till 1 \u00e5r i frysen.<\/p>\n<p><strong>Tips f\u00f6r Upptining:<\/strong><br \/>\nN\u00e4r du vill tina upp kamelmj\u00f6lk rekommenderar vi att g\u00f6ra det l\u00e5ngsamt i kylsk\u00e5pet. F\u00f6r b\u00e4sta kvalitet b\u00f6r mj\u00f6lken inte frysas in igen efter upptining.<\/p>\n<p><strong>Bekv\u00e4mligheten med Fryst Kamelmj\u00f6lk:<\/strong><br \/>\nF\u00f6r extra bekv\u00e4mlighet erbjuder vi \u00e4ven f\u00e4rdigfryst kamelmj\u00f6lk. Perfekt f\u00f6r dig som vill fylla p\u00e5 lagret direkt! Tack vare de praktiska, fyrkantiga flaskorna \u00e4r de l\u00e4tta att stapla i b\u00e5de kyl och frys.<\/p>\n<hr \/>\n<h3>Uppt\u00e4ck Smaken av F\u00e4rsk Kamelmj\u00f6lk<\/h3>\n<p>Kamelmj\u00f6lk har en smak som liknar r\u00e5 komj\u00f6lk men \u00e4r n\u00e5got mindre kr\u00e4mig p\u00e5 grund av sin l\u00e4gre fetthalt. Vissa upplever en mild saltsmak, vilket beror p\u00e5 mj\u00f6lkens h\u00f6ga mineralhalt. Denna unika smak g\u00f6r kamelmj\u00f6lk till ett popul\u00e4rt alternativ till komj\u00f6lk.<\/p>\n<hr \/>\n<h3>S\u00e4kerhet och Kvalitet Garanteras<\/h3>\n<p>Vi l\u00e4gger stor vikt vid kvalitet och s\u00e4kerhet. V\u00e5r kamelmj\u00f6lk kyls direkt efter mj\u00f6lkning och f\u00f6rpackas noggrant. Dessutom testas mj\u00f6lken regelbundet f\u00f6r kvalitet och s\u00e4kerhet, inklusive tester f\u00f6r antibiotika, bakterier och andra \u00e4mnen.<\/p>\n<p><strong>Vad du inte hittar i v\u00e5r mj\u00f6lk:<\/strong><\/p>\n<ul>\n<li>Inga antibiotika<\/li>\n<li>Inga hormoner eller mediciner<\/li>\n<li>Inga skadliga patogener som brucellos, tuberkulos, salmonella, listeria, campylobacter eller STEC<\/li>\n<\/ul>\n<p>Genom strikta kontroller fr\u00e5n det centrala mejeriorganet (COKZ) garanterar vi att v\u00e5r mj\u00f6lk alltid \u00e4r s\u00e4ker att dricka och av h\u00f6gsta kvalitet.<\/p>\n<hr \/>\n<h3>Ett H\u00e4lsosamt Alternativ till Komj\u00f6lk<\/h3>\n<p>Kamelmj\u00f6lk \u00e4r ett utm\u00e4rkt val f\u00f6r personer som inte t\u00e5l komj\u00f6lk. Den inneh\u00e5ller:<\/p>\n<ul>\n<li><strong>Inga komj\u00f6lksproteiner,<\/strong> vilket g\u00f6r den l\u00e4mplig f\u00f6r personer med komj\u00f6lksallergi.<\/li>\n<li><strong>Viktiga n\u00e4rings\u00e4mnen<\/strong> som kalcium, zink och proteiner.<\/li>\n<li>\u00c4mnen som <strong>laktroferrin<\/strong> och <strong>immunglobuliner<\/strong> som bidrar till ett starkare immunsystem.<\/li>\n<\/ul>\n<p>Dessutom inneh\u00e5ller den inte beta-laktoglobulin, ett protein som ofta orsakar allergier mot komj\u00f6lk. Enligt FAO anses kamelmj\u00f6lk vara en av de nyttigaste typerna av animalisk mj\u00f6lk.<\/p>\n<hr \/>\n<h3>Hur Man Anv\u00e4nder Kamelmj\u00f6lk<\/h3>\n<p>Det finns m\u00e5nga s\u00e4tt att njuta av kamelmj\u00f6lk:<\/p>\n<ul>\n<li>Drick ett glas som ett n\u00e4ringsrikt mellanm\u00e5l.<\/li>\n<li>Tills\u00e4tt den i din favoritsmoothie f\u00f6r en h\u00e4lsosam boost.<\/li>\n<li>Anv\u00e4nd den som ers\u00e4ttning f\u00f6r komj\u00f6lk i recept och bakverk.<\/li>\n<li>G\u00f6r en uts\u00f6kt varm choklad med v\u00e5r <strong>ChoCamel-chokladmj\u00f6lkklubba<\/strong>, speciellt gjord av kamelmj\u00f6lk.<\/li>\n<\/ul>\n<hr \/>\n<h3>Djurv\u00e4nlig Produktion<\/h3>\n<p>Vi tar v\u00e4l hand om v\u00e5ra kameler. De lever i flockar och har tillg\u00e5ng till stora betesmarker d\u00e4r de kan beta fritt. I stallarna vilar de p\u00e5 ett tjockt lager halm. Kamelkalvarna stannar l\u00e4nge med sina m\u00f6drar efter f\u00f6dseln, och efter varje mj\u00f6lkning \u00e5terf\u00f6renas kalven med mamman. P\u00e5 detta s\u00e4tt s\u00e4kerst\u00e4ller vi v\u00e4lbefinnandet f\u00f6r b\u00e5de moder och kalv.<\/p>\n<hr \/>\n<h3>N\u00e4ringsv\u00e4rde f\u00f6r Kamelmj\u00f6lk (per 100 ml):<\/h3>\n<ul>\n<li><strong>Protein:<\/strong> 3,4 %<\/li>\n<li><strong>Fett:<\/strong> 4,2 % (varav 1,8 % \u00e4r om\u00e4ttade fettsyror)<\/li>\n<li><strong>Laktos:<\/strong> 4,3 %<\/li>\n<li><strong>Mineraler:<\/strong> 0,9 %<\/li>\n<li><strong>Energi:<\/strong> 53 kcal (222 kJ)<\/li>\n<\/ul>\n<hr \/>\n<h3>Mineraler och Vitaminer i Kamelmj\u00f6lk<\/h3>\n<table>\n<thead>\n<tr>\n<th><strong>Mineraler<\/strong><\/th>\n<th><strong>Vitaminer<\/strong><\/th>\n<\/tr>\n<\/thead>\n<tbody>\n<tr>\n<td>Natrium (Na): 36 mg%<\/td>\n<td>Vitamin C: 3,6 mg<\/td>\n<\/tr>\n<tr>\n<td>Kalcium (Ca): 97 mg%<\/td>\n<td>Vitamin A: 129,1 IE<\/td>\n<\/tr>\n<tr>\n<td>Zink (Zn): 3,4 mg%<\/td>\n<td>Vitamin D: 0,8 IE<\/td>\n<\/tr>\n<tr>\n<td>Magnesium (Mg): 16 mg%<\/td>\n<td>Vitamin E: 0,027 mg<\/td>\n<\/tr>\n<\/tbody>\n<\/table>\n<p>Kamelmj\u00f6lk \u00e4r inte bara god utan ocks\u00e5 rik p\u00e5 viktiga n\u00e4rings\u00e4mnen som bidrar till en h\u00e4lsosam livsstil.<\/p>\n","protected":false},"excerpt":{"rendered":"<p>V\u00e5r f\u00e4rska kamelmj\u00f6lk produceras med mycket passion och k\u00e4rlek. Den f\u00e4rska kamelmj\u00f6lken \u00e4r opast\u00f6riserad och helt obearbetad. Vi \u00e4r den enda kamelmj\u00f6lkg\u00e5rden i Europa som erbjuder kamelmj\u00f6lk av b\u00e4sta kvalitet. Och det \u00e4r vi p\u00e5 <a href=\"https:\/\/www.kamelenmelk.nl\/en\/\" target=\"_blank\" rel=\"noopener\">Camel Dairy Smits<\/a> stolta \u00f6ver. Eftersom v\u00e5r f\u00e4rska kamelmj\u00f6lk inte \u00e4r bearbetad beh\u00e5ller den alla sina goda egenskaper. Den \u00e4r packad med viktiga proteiner, vitaminer och mineraler. Detta g\u00f6r den f\u00e4rska kamelmj\u00f6lken till ett perfekt mellanm\u00e5l f\u00f6r alla som vill komplettera sin kost.<\/p>\n","protected":false},"featured_media":5893,"comment_status":"open","ping_status":"closed","template":"","meta":{"_acf_changed":false},"product_brand":[],"product_cat":[218],"product_tag":[],"class_list":{"0":"post-6590","1":"product","2":"type-product","3":"status-publish","4":"has-post-thumbnail","6":"product_cat-farsk-kamelmjolk","8":"first","9":"instock","10":"taxable","11":"shipping-taxable","12":"purchasable","13":"product-type-simple"},"acf":[],"_links":{"self":[{"href":"https:\/\/oasismilk.com\/sv\/wp-json\/wp\/v2\/product\/6590","targetHints":{"allow":["GET"]}}],"collection":[{"href":"https:\/\/oasismilk.com\/sv\/wp-json\/wp\/v2\/product"}],"about":[{"href":"https:\/\/oasismilk.com\/sv\/wp-json\/wp\/v2\/types\/product"}],"replies":[{"embeddable":true,"href":"https:\/\/oasismilk.com\/sv\/wp-json\/wp\/v2\/comments?post=6590"}],"wp:featuredmedia":[{"embeddable":true,"href":"https:\/\/oasismilk.com\/sv\/wp-json\/wp\/v2\/media\/5893"}],"wp:attachment":[{"href":"https:\/\/oasismilk.com\/sv\/wp-json\/wp\/v2\/media?parent=6590"}],"wp:term":[{"taxonomy":"product_brand","embeddable":true,"href":"https:\/\/oasismilk.com\/sv\/wp-json\/wp\/v2\/product_brand?post=6590"},{"taxonomy":"product_cat","embeddable":true,"href":"https:\/\/oasismilk.com\/sv\/wp-json\/wp\/v2\/product_cat?post=6590"},{"taxonomy":"product_tag","embeddable":true,"href":"https:\/\/oasismilk.com\/sv\/wp-json\/wp\/v2\/product_tag?post=6590"}],"curies":[{"name":"wp","href":"https:\/\/api.w.org\/{rel}","templated":true}]}}