{"id":5728,"date":"2024-10-17T13:37:34","date_gmt":"2024-10-17T13:37:34","guid":{"rendered":"https:\/\/oasismilk.com\/?post_type=product&#038;p=5728"},"modified":"2025-02-07T13:39:24","modified_gmt":"2025-02-07T13:39:24","slug":"kapslar-med-kamelmjoelkspulver-60-kapslar","status":"publish","type":"product","link":"https:\/\/oasismilk.com\/sv\/produkt\/kapslar-med-kamelmjoelkspulver-60-kapslar\/","title":{"rendered":"Kamelmj\u00f6lkspulverkapslar, 60 stycken"},"content":{"rendered":"<p><strong>Anv\u00e4nda.<\/strong><\/p>\n<p>Kapslarna har inte samma egenskaper som den f\u00e4rska kamelmj\u00f6lken, eftersom det \u00e4r en mindre m\u00e4ngd. F\u00f6r en m\u00e4rkbar effekt rekommenderar vi att du tar 2 till 3 kapslar om dagen med ett glas vatten. Kapslarna ska tas i tre m\u00e5nader f\u00f6r att m\u00e4rka resultat. Kapslarna \u00e4r inte stora och d\u00e4rf\u00f6r l\u00e4tta att ta. Den praktiska formen p\u00e5 burkarna och kapslarna g\u00f6r dem l\u00e4tta att ta med sig n\u00e4r du reser. P\u00e5 s\u00e5 s\u00e4tt har du alltid f\u00f6rdelarna med kamelmj\u00f6lk till hands.<\/p>\n<p><strong>L\u00e5ng h\u00e5llbarhet och l\u00e4tt att skicka.<\/strong><\/p>\n<p>Kapslarna kommer i en praktisk burk d\u00e4r de kan f\u00f6rvaras torrt och m\u00f6rkt. Detta s\u00e4kerst\u00e4ller att de kan lagras i ett \u00e5r.<\/p>\n<p>P\u00e5 grund av den bekv\u00e4ma formen och den l\u00e5ga vikten hos v\u00e5ra kapslar \u00e4r de idealiska f\u00f6r (internationell) frakt.<\/p>\n<p><strong>Naturligt och n\u00e4ringsrikt.<\/strong><\/p>\n<p>V\u00e5ra kapslar \u00e4r tillverkade p\u00e5 ett s\u00e5dant s\u00e4tt att de beh\u00e5ller de naturliga egenskaperna hos kamelmj\u00f6lk. D\u00e4rf\u00f6r \u00e4r det ett utm\u00e4rkt val f\u00f6r alla som bryr sig om kvalitet och n\u00e4ringsv\u00e4rde. V\u00e5r kamelmj\u00f6lk \u00e4r k\u00e4nd f\u00f6r sina l\u00e4ttsm\u00e4lta proteiner och sin unika sammans\u00e4ttning. Kamelmj\u00f6lk inneh\u00e5ller ocks\u00e5 laktoferrin och immunglobuliner, tv\u00e5 \u00e4mnen som bidrar till ett starkare immunf\u00f6rsvar.\u00a0 Kamelmj\u00f6lk \u00e4r en av de h\u00e4lsosammaste animaliska mj\u00f6lksorterna enligt FAO (World Food Organization).<\/p>\n<p><strong>Produkter av kamelmj\u00f6lk.<\/strong><\/p>\n<p>Vill du hellre prova n\u00e5got d\u00e4r du kan prova den unika smakupplevelsen av kamelmj\u00f6lk? Prova d\u00e5 en av v\u00e5ra andra kamelmj\u00f6lksprodukter.<\/p>\n","protected":false},"excerpt":{"rendered":"<p><strong>60 kapslar med kamelmj\u00f6lkspulver.<\/strong><\/p>\n<p>V\u00e5ra kapslar med kamelmj\u00f6lkspulver \u00e4r idealiska f\u00f6r personer som inte gillar kamelmj\u00f6lk eller \u00e4r p\u00e5 spr\u00e5ng mycket. Kamelmj\u00f6lkskapslarna har l\u00e5ng h\u00e5llbarhet och \u00e4r l\u00e4tta att b\u00e4ra. Kapslarna \u00e4r fyllda med 100 % naturlig, obearbetad och torkad kamelmj\u00f6lk fr\u00e5n v\u00e5ra egna kameler. Utan n\u00e5gra tillsatser. Sj\u00e4lva kapslarna \u00e4r tillverkade av HPMC, vilket inneb\u00e4r att de \u00e4r tillverkade av v\u00e4xtmaterial.<\/p>\n","protected":false},"featured_media":5729,"comment_status":"open","ping_status":"closed","template":"","meta":{"_acf_changed":false},"product_brand":[],"product_cat":[177],"product_tag":[],"class_list":{"0":"post-5728","1":"product","2":"type-product","3":"status-publish","4":"has-post-thumbnail","6":"product_cat-mjolkpulver-kapslar","8":"first","9":"instock","10":"featured","11":"taxable","12":"shipping-taxable","13":"purchasable","14":"product-type-simple"},"acf":[],"_links":{"self":[{"href":"https:\/\/oasismilk.com\/sv\/wp-json\/wp\/v2\/product\/5728","targetHints":{"allow":["GET"]}}],"collection":[{"href":"https:\/\/oasismilk.com\/sv\/wp-json\/wp\/v2\/product"}],"about":[{"href":"https:\/\/oasismilk.com\/sv\/wp-json\/wp\/v2\/types\/product"}],"replies":[{"embeddable":true,"href":"https:\/\/oasismilk.com\/sv\/wp-json\/wp\/v2\/comments?post=5728"}],"wp:featuredmedia":[{"embeddable":true,"href":"https:\/\/oasismilk.com\/sv\/wp-json\/wp\/v2\/media\/5729"}],"wp:attachment":[{"href":"https:\/\/oasismilk.com\/sv\/wp-json\/wp\/v2\/media?parent=5728"}],"wp:term":[{"taxonomy":"product_brand","embeddable":true,"href":"https:\/\/oasismilk.com\/sv\/wp-json\/wp\/v2\/product_brand?post=5728"},{"taxonomy":"product_cat","embeddable":true,"href":"https:\/\/oasismilk.com\/sv\/wp-json\/wp\/v2\/product_cat?post=5728"},{"taxonomy":"product_tag","embeddable":true,"href":"https:\/\/oasismilk.com\/sv\/wp-json\/wp\/v2\/product_tag?post=5728"}],"curies":[{"name":"wp","href":"https:\/\/api.w.org\/{rel}","templated":true}]}}