{"id":5725,"date":"2024-10-17T13:38:28","date_gmt":"2024-10-17T11:38:28","guid":{"rendered":"https:\/\/oasismilk.com\/?post_type=product&#038;p=5725"},"modified":"2025-02-07T13:39:01","modified_gmt":"2025-02-07T13:39:01","slug":"kamelmjoelkstvaal","status":"publish","type":"product","link":"https:\/\/oasismilk.com\/sv\/produkt\/kamelmjoelkstvaal\/","title":{"rendered":"Kamelmj\u00f6lk tv\u00e5l 200gr"},"content":{"rendered":"<p>Kamelmj\u00f6lkss\u00e5pan inneh\u00e5ller \u00e4ven olivolja, f\u00f6rutom kamelmj\u00f6lk. Det \u00e4r en riktig lyx f\u00f6r din hud.<br \/>\nDet \u00e4r ett h\u00e4rligt tv\u00e5lblock \u00b1 80gr i en kartong! Fin som present ocks\u00e5!<\/p>\n","protected":false},"excerpt":{"rendered":"<p>Kamelmj\u00f6lkss\u00e5pan inneh\u00e5ller \u00e4ven olivolja, f\u00f6rutom kamelmj\u00f6lk. Det \u00e4r en riktig lyx f\u00f6r din hud.<br \/>\nDet \u00e4r ett h\u00e4rligt tv\u00e5lblock \u00b1 80gr i en kartong! Fin som present ocks\u00e5!<\/p>\n","protected":false},"featured_media":5726,"comment_status":"open","ping_status":"closed","template":"","meta":{"_acf_changed":false},"product_brand":[],"product_cat":[209],"product_tag":[],"class_list":{"0":"post-5725","1":"product","2":"type-product","3":"status-publish","4":"has-post-thumbnail","6":"product_cat-andra-kamelprodukter","8":"first","9":"instock","10":"taxable","11":"shipping-taxable","12":"purchasable","13":"product-type-simple"},"acf":[],"_links":{"self":[{"href":"https:\/\/oasismilk.com\/sv\/wp-json\/wp\/v2\/product\/5725","targetHints":{"allow":["GET"]}}],"collection":[{"href":"https:\/\/oasismilk.com\/sv\/wp-json\/wp\/v2\/product"}],"about":[{"href":"https:\/\/oasismilk.com\/sv\/wp-json\/wp\/v2\/types\/product"}],"replies":[{"embeddable":true,"href":"https:\/\/oasismilk.com\/sv\/wp-json\/wp\/v2\/comments?post=5725"}],"wp:featuredmedia":[{"embeddable":true,"href":"https:\/\/oasismilk.com\/sv\/wp-json\/wp\/v2\/media\/5726"}],"wp:attachment":[{"href":"https:\/\/oasismilk.com\/sv\/wp-json\/wp\/v2\/media?parent=5725"}],"wp:term":[{"taxonomy":"product_brand","embeddable":true,"href":"https:\/\/oasismilk.com\/sv\/wp-json\/wp\/v2\/product_brand?post=5725"},{"taxonomy":"product_cat","embeddable":true,"href":"https:\/\/oasismilk.com\/sv\/wp-json\/wp\/v2\/product_cat?post=5725"},{"taxonomy":"product_tag","embeddable":true,"href":"https:\/\/oasismilk.com\/sv\/wp-json\/wp\/v2\/product_tag?post=5725"}],"curies":[{"name":"wp","href":"https:\/\/api.w.org\/{rel}","templated":true}]}}