{"id":8530,"date":"2025-06-19T16:53:31","date_gmt":"2025-06-19T14:53:31","guid":{"rendered":"https:\/\/oasismilk.com\/?page_id=8530"},"modified":"2025-06-19T17:07:15","modified_gmt":"2025-06-19T15:07:15","slug":"kamelmjolk-alternativ","status":"publish","type":"page","link":"https:\/\/oasismilk.com\/sv\/kamelmjolk-alternativ\/","title":{"rendered":"Kamelmj\u00f6lk Ett Naturligt Alternativ"},"content":{"rendered":"<div class=\"fusion-fullwidth fullwidth-box fusion-builder-row-1 fusion-flex-container has-pattern-background has-mask-background nonhundred-percent-fullwidth non-hundred-percent-height-scrolling\" style=\"--awb-border-radius-top-left:0px;--awb-border-radius-top-right:0px;--awb-border-radius-bottom-right:0px;--awb-border-radius-bottom-left:0px;--awb-padding-top:0px;--awb-padding-right:15px;--awb-padding-bottom:60px;--awb-padding-left:15px;--awb-flex-wrap:wrap;\" ><div class=\"fusion-builder-row fusion-row fusion-flex-align-items-flex-start fusion-flex-content-wrap\" style=\"max-width:1248px;margin-left: calc(-4% \/ 2 );margin-right: calc(-4% \/ 2 );\"><div class=\"fusion-layout-column fusion_builder_column fusion-builder-column-0 fusion_builder_column_3_5 3_5 fusion-flex-column\" style=\"--awb-bg-size:cover;--awb-width-large:60%;--awb-margin-top-large:0px;--awb-spacing-right-large:3.2%;--awb-margin-bottom-large:0px;--awb-spacing-left-large:3.2%;--awb-width-medium:60%;--awb-order-medium:0;--awb-spacing-right-medium:3.2%;--awb-spacing-left-medium:3.2%;--awb-width-small:100%;--awb-order-small:0;--awb-spacing-right-small:1.92%;--awb-spacing-left-small:1.92%;\"><div class=\"fusion-column-wrapper fusion-column-has-shadow fusion-flex-justify-content-flex-start fusion-content-layout-column\"><div class=\"fusion-title title fusion-title-1 fusion-sep-none fusion-title-text fusion-title-size-one\" style=\"--awb-margin-top:0px;--awb-margin-top-small:10px;--awb-margin-right-small:0px;--awb-margin-bottom-small:10px;--awb-margin-left-small:0px;\"><h1 class=\"fusion-title-heading title-heading-left\" style=\"margin:0;text-transform:none;\">Kamelmj\u00f6lk: Ett Naturligt Alternativ med Unika Egenskaper<\/h1><\/div><div class=\"fusion-text fusion-text-1\" style=\"--awb-content-alignment:left;\"><p>Kamelmj\u00f6lk \u00e4r p\u00e5 frammarsch som ett alternativ till traditionella mj\u00f6lksorter. Denna unika mj\u00f6lk, som kommer fr\u00e5n dromedarer, har konsumerats i \u00e5rhundraden i delar av Afrika, Mellan\u00f6stern och Asien. Kamelmj\u00f6lkens unika sammans\u00e4ttning och naturliga egenskaper g\u00f6r att allt fler uppt\u00e4cker den som en del av en varierad kost.<\/p>\n<\/div><div class=\"fusion-separator fusion-full-width-sep\" style=\"align-self: center;margin-left: auto;margin-right: auto;margin-bottom:35px;width:100%;\"><\/div><div style=\"text-align:left;\"><a class=\"fusion-button button-flat fusion-button-default-size button-custom fusion-button-default button-1 fusion-button-default-span fusion-button-default-type\" style=\"--button_accent_color:var(--awb-color1);--button_accent_hover_color:var(--awb-color1);--button_border_hover_color:var(--awb-color1);--button_gradient_top_color:var(--awb-color4);--button_gradient_bottom_color:var(--awb-color4);--button_gradient_top_color_hover:hsla(var(--awb-color3-h),var(--awb-color3-s),calc(var(--awb-color3-l) - 2%),var(--awb-color3-a));--button_gradient_bottom_color_hover:hsla(var(--awb-color3-h),var(--awb-color3-s),calc(var(--awb-color3-l) - 2%),var(--awb-color3-a));--button_font_size:14px;--button_typography-font-family:&quot;Kanit&quot;;--button_typography-font-style:normal;--button_typography-font-weight:600;\" target=\"_self\" href=\"\/sv\/farsk-kamelmjolk\/\"><span class=\"fusion-button-text awb-button__text awb-button__text--default\">K\u00f6p kamelmj\u00f6lk online<\/span><\/a><\/div><div class=\"fusion-separator fusion-full-width-sep\" style=\"align-self: center;margin-left: auto;margin-right: auto;margin-bottom:35px;width:100%;\"><\/div><\/div><\/div><div class=\"fusion-layout-column fusion_builder_column fusion-builder-column-1 fusion_builder_column_1_3 1_3 fusion-flex-column\" style=\"--awb-bg-size:cover;--awb-width-large:33.333333333333%;--awb-margin-top-large:0px;--awb-spacing-right-large:5.76%;--awb-margin-bottom-large:0px;--awb-spacing-left-large:5.76%;--awb-width-medium:33.333333333333%;--awb-order-medium:0;--awb-spacing-right-medium:5.76%;--awb-spacing-left-medium:5.76%;--awb-width-small:100%;--awb-order-small:0;--awb-spacing-right-small:1.92%;--awb-spacing-left-small:1.92%;\"><div class=\"fusion-column-wrapper fusion-column-has-shadow fusion-flex-justify-content-flex-start fusion-content-layout-column\"><div class=\"fusion-image-element \" style=\"--awb-caption-title-font-family:var(--h2_typography-font-family);--awb-caption-title-font-weight:var(--h2_typography-font-weight);--awb-caption-title-font-style:var(--h2_typography-font-style);--awb-caption-title-size:var(--h2_typography-font-size);--awb-caption-title-transform:var(--h2_typography-text-transform);--awb-caption-title-line-height:var(--h2_typography-line-height);--awb-caption-title-letter-spacing:var(--h2_typography-letter-spacing);\"><span class=\" fusion-imageframe imageframe-none imageframe-1 hover-type-none\" style=\"border-radius:15px;\"><img decoding=\"async\" width=\"768\" height=\"768\" alt=\"Kamelmj\u00f6lk: Ett Naturligt Alternativ med Unika Egenskaper\" title=\"Kamelmj\u00f6lk: Ett Naturligt Alternativ med Unika Egenskaper\" src=\"https:\/\/oasismilk.com\/wp-content\/uploads\/2025\/06\/kamelmjolk-alternativ-oasismilk.jpg\" data-orig-src=\"https:\/\/oasismilk.com\/wp-content\/uploads\/2025\/06\/kamelmjolk-alternativ-oasismilk.jpg\" class=\"lazyload img-responsive wp-image-8531\" srcset=\"data:image\/svg+xml,%3Csvg%20xmlns%3D%27http%3A%2F%2Fwww.w3.org%2F2000%2Fsvg%27%20width%3D%27768%27%20height%3D%27768%27%20viewBox%3D%270%200%20768%20768%27%3E%3Crect%20width%3D%27768%27%20height%3D%27768%27%20fill-opacity%3D%220%22%2F%3E%3C%2Fsvg%3E\" data-srcset=\"https:\/\/oasismilk.com\/wp-content\/uploads\/2025\/06\/kamelmjolk-alternativ-oasismilk-200x200.jpg 200w, https:\/\/oasismilk.com\/wp-content\/uploads\/2025\/06\/kamelmjolk-alternativ-oasismilk-400x400.jpg 400w, https:\/\/oasismilk.com\/wp-content\/uploads\/2025\/06\/kamelmjolk-alternativ-oasismilk-600x600.jpg 600w, https:\/\/oasismilk.com\/wp-content\/uploads\/2025\/06\/kamelmjolk-alternativ-oasismilk.jpg 768w\" data-sizes=\"auto\" data-orig-sizes=\"(max-width: 800px) 100vw, 400px\" \/><\/span><\/div><\/div><\/div><div class=\"fusion-layout-column fusion_builder_column fusion-builder-column-2 fusion_builder_column_1_1 1_1 fusion-flex-column\" style=\"--awb-bg-size:cover;--awb-width-large:100%;--awb-margin-top-large:0px;--awb-spacing-right-large:1.92%;--awb-margin-bottom-large:0px;--awb-spacing-left-large:1.92%;--awb-width-medium:100%;--awb-order-medium:0;--awb-spacing-right-medium:1.92%;--awb-spacing-left-medium:1.92%;--awb-width-small:100%;--awb-order-small:0;--awb-spacing-right-small:1.92%;--awb-spacing-left-small:1.92%;\"><div class=\"fusion-column-wrapper fusion-column-has-shadow fusion-flex-justify-content-flex-start fusion-content-layout-column\"><div class=\"fusion-separator fusion-full-width-sep\" style=\"align-self: center;margin-left: auto;margin-right: auto;margin-bottom:35px;width:100%;\"><\/div><div class=\"fusion-text fusion-text-2\"><h2><strong>Vad g\u00f6r kamelmj\u00f6lk s\u00e5 speciell?<\/strong><\/h2>\n<p>Kamelmj\u00f6lk skiljer sig fr\u00e5n komj\u00f6lk p\u00e5 m\u00e5nga s\u00e4tt. Den inneh\u00e5ller naturligt flera n\u00e4rings\u00e4mnen, bland annat:<\/p>\n<ul>\n<li>Proteiner<\/li>\n<li>Vitaminer som B1, B2 och C<\/li>\n<li>Mineraler som j\u00e4rn, kalcium och zink<\/li>\n<li>Naturliga fetter med en finare struktur \u00e4n i m\u00e5nga andra mj\u00f6lksorter<\/li>\n<\/ul>\n<p>Tack vare denna sammans\u00e4ttning \u00e4r kamelmj\u00f6lk ett intressant alternativ f\u00f6r personer som vill variera sin kost med mj\u00f6lk fr\u00e5n andra k\u00e4llor \u00e4n ko, f\u00e5r eller get.<\/p>\n<h2><strong>Kamelmj\u00f6lk och laktos<\/strong><\/h2>\n<p>En ofta n\u00e4mnd egenskap hos kamelmj\u00f6lk \u00e4r dess relativt l\u00e5ga laktoshalt j\u00e4mf\u00f6rt med komj\u00f6lk. D\u00e4rf\u00f6r v\u00e4ljer vissa personer med laktosk\u00e4nslighet att prova kamelmj\u00f6lk. Observera dock att kamelmj\u00f6lk inte \u00e4r helt laktosfri. Vid os\u00e4kerhet eller specifika intoleranser b\u00f6r man alltid r\u00e5dfr\u00e5ga l\u00e4kare eller dietist.<\/p>\n<h2><strong>Traditionell anv\u00e4ndning och v\u00e4xande intresse<\/strong><\/h2>\n<p>I m\u00e5nga kulturer har kamelmj\u00f6lk uppskattats i generationer. Den anv\u00e4nds traditionellt som dryck i varma omr\u00e5den d\u00e4r kameler \u00e4r en viktig del av det dagliga livet. Intresset \u00f6kar nu \u00e4ven i Europa och andra delar av v\u00e4rlden, inte minst eftersom konsumenter blir allt mer medvetna om kost, h\u00e5llbarhet och animaliska produkter.<\/p>\n<h2><strong>Ett h\u00e5llbart val<\/strong><\/h2>\n<p>Kameler \u00e4r naturligt anpassade till torra klimat och kr\u00e4ver relativt lite vatten och foder j\u00e4mf\u00f6rt med andra mj\u00f6lkdjur. Det g\u00f6r kamelmj\u00f6lk till ett h\u00e5llbart val med l\u00e5g ekologisk p\u00e5verkan.<\/p>\n<h2><strong>Tillg\u00e4nglighet och konsumtion<\/strong><\/h2>\n<p>Idag finns kamelmj\u00f6lk tillg\u00e4nglig i olika former: f\u00e4rsk (fryst), past\u00f6riserad, frystorkad som pulver eller i kapselform. Allt fler webbutiker och specialbutiker erbjuder kamelmj\u00f6lk, ofta med halalcertifiering f\u00f6r konsumenter som efterfr\u00e5gar det.<\/p>\n<h2><strong>Slutsats<\/strong><\/h2>\n<p>Kamelmj\u00f6lk erbjuder en unik profil n\u00e4r det g\u00e4ller sammans\u00e4ttning och ursprung. \u00c4ven om inga medicinska p\u00e5st\u00e5enden f\u00e5r g\u00f6ras, \u00e4r det ett intressant alternativ f\u00f6r den som s\u00f6ker variation inom en medveten livsstil. \u00d6verv\u00e4g att l\u00e4gga till kamelmj\u00f6lk i din dagliga kost och uppt\u00e4ck sj\u00e4lv varf\u00f6r denna mj\u00f6lk har uppskattats i olika kulturer i \u00e5rhundraden.<\/p>\n<\/div><div class=\"fusion-separator fusion-full-width-sep\" style=\"align-self: center;margin-left: auto;margin-right: auto;margin-bottom:35px;width:100%;\"><\/div><div style=\"text-align:left;\"><a class=\"fusion-button button-flat fusion-button-default-size button-custom fusion-button-default button-2 fusion-button-default-span fusion-button-default-type\" style=\"--button_accent_color:var(--awb-color1);--button_accent_hover_color:var(--awb-color1);--button_border_hover_color:var(--awb-color1);--button_gradient_top_color:var(--awb-color4);--button_gradient_bottom_color:var(--awb-color4);--button_gradient_top_color_hover:hsla(var(--awb-color3-h),var(--awb-color3-s),calc(var(--awb-color3-l) - 2%),var(--awb-color3-a));--button_gradient_bottom_color_hover:hsla(var(--awb-color3-h),var(--awb-color3-s),calc(var(--awb-color3-l) - 2%),var(--awb-color3-a));--button_font_size:14px;--button_typography-font-family:&quot;Kanit&quot;;--button_typography-font-style:normal;--button_typography-font-weight:600;\" target=\"_self\" href=\"\/sv\/farsk-kamelmjolk\/\"><span class=\"fusion-button-text awb-button__text awb-button__text--default\">K\u00f6p kamelmj\u00f6lk online<\/span><\/a><\/div><\/div><\/div><\/div><\/div>\n","protected":false},"excerpt":{"rendered":"","protected":false},"author":1,"featured_media":0,"parent":0,"menu_order":0,"comment_status":"closed","ping_status":"closed","template":"100-width.php","meta":{"_acf_changed":false,"footnotes":""},"class_list":["post-8530","page","type-page","status-publish","hentry"],"acf":[],"_links":{"self":[{"href":"https:\/\/oasismilk.com\/sv\/wp-json\/wp\/v2\/pages\/8530","targetHints":{"allow":["GET"]}}],"collection":[{"href":"https:\/\/oasismilk.com\/sv\/wp-json\/wp\/v2\/pages"}],"about":[{"href":"https:\/\/oasismilk.com\/sv\/wp-json\/wp\/v2\/types\/page"}],"author":[{"embeddable":true,"href":"https:\/\/oasismilk.com\/sv\/wp-json\/wp\/v2\/users\/1"}],"replies":[{"embeddable":true,"href":"https:\/\/oasismilk.com\/sv\/wp-json\/wp\/v2\/comments?post=8530"}],"version-history":[{"count":2,"href":"https:\/\/oasismilk.com\/sv\/wp-json\/wp\/v2\/pages\/8530\/revisions"}],"predecessor-version":[{"id":8537,"href":"https:\/\/oasismilk.com\/sv\/wp-json\/wp\/v2\/pages\/8530\/revisions\/8537"}],"wp:attachment":[{"href":"https:\/\/oasismilk.com\/sv\/wp-json\/wp\/v2\/media?parent=8530"}],"curies":[{"name":"wp","href":"https:\/\/api.w.org\/{rel}","templated":true}]}}