{"id":8486,"date":"2025-06-19T15:31:25","date_gmt":"2025-06-19T13:31:25","guid":{"rendered":"https:\/\/oasismilk.com\/?page_id=8486"},"modified":"2025-06-19T16:47:32","modified_gmt":"2025-06-19T14:47:32","slug":"halal-kamelmjolk-halsosam","status":"publish","type":"page","link":"https:\/\/oasismilk.com\/sv\/halal-kamelmjolk-halsosam\/","title":{"rendered":"Halal Kamelmj\u00f6lk"},"content":{"rendered":"<div class=\"fusion-fullwidth fullwidth-box fusion-builder-row-1 fusion-flex-container has-pattern-background has-mask-background nonhundred-percent-fullwidth non-hundred-percent-height-scrolling\" style=\"--awb-border-radius-top-left:0px;--awb-border-radius-top-right:0px;--awb-border-radius-bottom-right:0px;--awb-border-radius-bottom-left:0px;--awb-padding-top:0px;--awb-padding-right:15px;--awb-padding-bottom:60px;--awb-padding-left:15px;--awb-flex-wrap:wrap;\" ><div class=\"fusion-builder-row fusion-row fusion-flex-align-items-flex-start fusion-flex-content-wrap\" style=\"max-width:1248px;margin-left: calc(-4% \/ 2 );margin-right: calc(-4% \/ 2 );\"><div class=\"fusion-layout-column fusion_builder_column fusion-builder-column-0 fusion_builder_column_3_5 3_5 fusion-flex-column\" style=\"--awb-bg-size:cover;--awb-width-large:60%;--awb-margin-top-large:0px;--awb-spacing-right-large:3.2%;--awb-margin-bottom-large:0px;--awb-spacing-left-large:3.2%;--awb-width-medium:60%;--awb-order-medium:0;--awb-spacing-right-medium:3.2%;--awb-spacing-left-medium:3.2%;--awb-width-small:100%;--awb-order-small:0;--awb-spacing-right-small:1.92%;--awb-spacing-left-small:1.92%;\"><div class=\"fusion-column-wrapper fusion-column-has-shadow fusion-flex-justify-content-flex-start fusion-content-layout-column\"><div class=\"fusion-title title fusion-title-1 fusion-sep-none fusion-title-text fusion-title-size-one\" style=\"--awb-margin-top:0px;--awb-margin-top-small:10px;--awb-margin-right-small:0px;--awb-margin-bottom-small:10px;--awb-margin-left-small:0px;\"><h1 class=\"fusion-title-heading title-heading-left\" style=\"margin:0;text-transform:none;\">Halalmj\u00f6lk och Kamelmj\u00f6lk: H\u00e4lsosam, Naturlig och Islamiskt Ansvarsfull<\/h1><\/div><div class=\"fusion-text fusion-text-1\" style=\"--awb-content-alignment:left;\"><p>Halalmj\u00f6lk, inklusive kamelmj\u00f6lk, blir allt mer popul\u00e4r som ett h\u00e4lsosamt och islamiskt ansvarsfullt livsmedel. Inom denna kategori f\u00e5r kamelmj\u00f6lk allt st\u00f6rre uppm\u00e4rksamhet \u2013 b\u00e5de bland muslimer och h\u00e4lsomedvetna konsumenter v\u00e4rlden \u00f6ver. Men vad g\u00f6r halalmj\u00f6lk, och s\u00e4rskilt kamelmj\u00f6lk, s\u00e5 speciell? Och varf\u00f6r v\u00e4ljer fler och fler m\u00e4nniskor detta alternativ?<\/p>\n<\/div><div class=\"fusion-separator fusion-full-width-sep\" style=\"align-self: center;margin-left: auto;margin-right: auto;margin-bottom:35px;width:100%;\"><\/div><div style=\"text-align:left;\"><a class=\"fusion-button button-flat fusion-button-default-size button-custom fusion-button-default button-1 fusion-button-default-span fusion-button-default-type\" style=\"--button_accent_color:var(--awb-color1);--button_accent_hover_color:var(--awb-color1);--button_border_hover_color:var(--awb-color1);--button_gradient_top_color:var(--awb-color4);--button_gradient_bottom_color:var(--awb-color4);--button_gradient_top_color_hover:hsla(var(--awb-color3-h),var(--awb-color3-s),calc(var(--awb-color3-l) - 2%),var(--awb-color3-a));--button_gradient_bottom_color_hover:hsla(var(--awb-color3-h),var(--awb-color3-s),calc(var(--awb-color3-l) - 2%),var(--awb-color3-a));--button_font_size:14px;--button_typography-font-family:&quot;Kanit&quot;;--button_typography-font-style:normal;--button_typography-font-weight:600;\" target=\"_self\" href=\"\/sv\/farsk-kamelmjolk\/\"><span class=\"fusion-button-text awb-button__text awb-button__text--default\">K\u00f6p kamelmj\u00f6lk online<\/span><\/a><\/div><div class=\"fusion-separator fusion-full-width-sep\" style=\"align-self: center;margin-left: auto;margin-right: auto;margin-bottom:35px;width:100%;\"><\/div><\/div><\/div><div class=\"fusion-layout-column fusion_builder_column fusion-builder-column-1 fusion_builder_column_1_3 1_3 fusion-flex-column\" style=\"--awb-bg-size:cover;--awb-width-large:33.333333333333%;--awb-margin-top-large:0px;--awb-spacing-right-large:5.76%;--awb-margin-bottom-large:0px;--awb-spacing-left-large:5.76%;--awb-width-medium:33.333333333333%;--awb-order-medium:0;--awb-spacing-right-medium:5.76%;--awb-spacing-left-medium:5.76%;--awb-width-small:100%;--awb-order-small:0;--awb-spacing-right-small:1.92%;--awb-spacing-left-small:1.92%;\"><div class=\"fusion-column-wrapper fusion-column-has-shadow fusion-flex-justify-content-flex-start fusion-content-layout-column\"><div class=\"fusion-image-element \" style=\"--awb-caption-title-font-family:var(--h2_typography-font-family);--awb-caption-title-font-weight:var(--h2_typography-font-weight);--awb-caption-title-font-style:var(--h2_typography-font-style);--awb-caption-title-size:var(--h2_typography-font-size);--awb-caption-title-transform:var(--h2_typography-text-transform);--awb-caption-title-line-height:var(--h2_typography-line-height);--awb-caption-title-letter-spacing:var(--h2_typography-letter-spacing);\"><span class=\" fusion-imageframe imageframe-none imageframe-1 hover-type-none\" style=\"border-radius:15px;\"><img decoding=\"async\" width=\"768\" height=\"768\" alt=\"Halal Kamelmj\u00f6lk \u2013 H\u00e4lsosam, Naturlig och Islamiskt Ansvarsfull\" title=\"Halal Kamelmj\u00f6lk \u2013 H\u00e4lsosam, Naturlig och Islamiskt Ansvarsfull\" src=\"https:\/\/oasismilk.com\/wp-content\/uploads\/2025\/06\/halalmjolk-och-kamelmjolk-oasismilk.jpg\" data-orig-src=\"https:\/\/oasismilk.com\/wp-content\/uploads\/2025\/06\/halalmjolk-och-kamelmjolk-oasismilk.jpg\" class=\"lazyload img-responsive wp-image-8487\" srcset=\"data:image\/svg+xml,%3Csvg%20xmlns%3D%27http%3A%2F%2Fwww.w3.org%2F2000%2Fsvg%27%20width%3D%27768%27%20height%3D%27768%27%20viewBox%3D%270%200%20768%20768%27%3E%3Crect%20width%3D%27768%27%20height%3D%27768%27%20fill-opacity%3D%220%22%2F%3E%3C%2Fsvg%3E\" data-srcset=\"https:\/\/oasismilk.com\/wp-content\/uploads\/2025\/06\/halalmjolk-och-kamelmjolk-oasismilk-200x200.jpg 200w, https:\/\/oasismilk.com\/wp-content\/uploads\/2025\/06\/halalmjolk-och-kamelmjolk-oasismilk-400x400.jpg 400w, https:\/\/oasismilk.com\/wp-content\/uploads\/2025\/06\/halalmjolk-och-kamelmjolk-oasismilk-600x600.jpg 600w, https:\/\/oasismilk.com\/wp-content\/uploads\/2025\/06\/halalmjolk-och-kamelmjolk-oasismilk.jpg 768w\" data-sizes=\"auto\" data-orig-sizes=\"(max-width: 800px) 100vw, 400px\" \/><\/span><\/div><\/div><\/div><div class=\"fusion-layout-column fusion_builder_column fusion-builder-column-2 fusion_builder_column_1_1 1_1 fusion-flex-column\" style=\"--awb-bg-size:cover;--awb-width-large:100%;--awb-margin-top-large:0px;--awb-spacing-right-large:1.92%;--awb-margin-bottom-large:0px;--awb-spacing-left-large:1.92%;--awb-width-medium:100%;--awb-order-medium:0;--awb-spacing-right-medium:1.92%;--awb-spacing-left-medium:1.92%;--awb-width-small:100%;--awb-order-small:0;--awb-spacing-right-small:1.92%;--awb-spacing-left-small:1.92%;\"><div class=\"fusion-column-wrapper fusion-column-has-shadow fusion-flex-justify-content-flex-start fusion-content-layout-column\"><div class=\"fusion-separator fusion-full-width-sep\" style=\"align-self: center;margin-left: auto;margin-right: auto;margin-bottom:35px;width:100%;\"><\/div><div class=\"fusion-text fusion-text-2\"><h2><strong>Vad \u00e4r Halalmj\u00f6lk?<\/strong><\/h2>\n<p>Halalmj\u00f6lk kommer fr\u00e5n djur som h\u00e5lls och behandlas enligt islamiska riktlinjer. Det inneb\u00e4r bland annat att:<\/p>\n<ul>\n<li>Djuren \u00e4r friska och behandlas v\u00e4l<\/li>\n<li>Inga f\u00f6rbjudna \u00e4mnen (som alkohol eller biprodukter fr\u00e5n gris) anv\u00e4nds i produktionen<\/li>\n<li>Hela produktionskedjan f\u00f6ljer islamiska regler<\/li>\n<\/ul>\n<p>Mj\u00f6lk fr\u00e5n kor, f\u00e5r, getter och kameler kan vara halal, s\u00e5 l\u00e4nge riktlinjerna strikt f\u00f6ljs. F\u00f6r muslimer \u00e4r det avg\u00f6rande att maten \u00e4r halal, men \u00e4ven m\u00e5nga icke-muslimer v\u00e4ljer halalm\u00e4rkta produkter p\u00e5 grund av transparens och kvalitet.<\/p>\n<h2><strong>\u00c4r Kamelmj\u00f6lk H\u00e4lsosamt?<br \/>\n<\/strong><\/h2>\n<p>Kamelmj\u00f6lk \u00e4r en av de mest n\u00e4ringsrika mj\u00f6lksorterna som finns. Den inneh\u00e5ller:<\/p>\n<ul>\n<li>Upp till tre g\u00e5nger mer C-vitamin \u00e4n komj\u00f6lk<\/li>\n<li>H\u00f6ga halter av j\u00e4rn, zink och magnesium<\/li>\n<li>Mindre laktos, vilket g\u00f6r den l\u00e4ttare att sm\u00e4lta f\u00f6r personer med laktosintolerans<\/li>\n<li>Naturliga insulinliknande proteiner, vilket kan vara f\u00f6rdelaktigt f\u00f6r diabetiker<\/li>\n<\/ul>\n<p>Kamelmj\u00f6lk \u00e4r naturligt fettsn\u00e5l och inneh\u00e5ller \u00e4mnen som st\u00e4rker immunf\u00f6rsvaret och kan bidra till b\u00e4ttre h\u00e4lsa. I m\u00e5nga arabiska och afrikanska l\u00e4nder har kamelmj\u00f6lk anv\u00e4nts i \u00e5rhundraden i medicinskt syfte.<\/p>\n<h2><strong>Varf\u00f6r V\u00e4lja Halal Kamelmj\u00f6lk?<br \/>\n<\/strong><\/h2>\n<p>Halal kamelmj\u00f6lk kombinerar det b\u00e4sta av tv\u00e5 v\u00e4rldar: den uppfyller islamiska kostregler och har unika h\u00e4lsof\u00f6rdelar. Det g\u00f6r den till ett utm\u00e4rkt alternativ till traditionella mejeriprodukter.<\/p>\n<p>Allt fler butiker och webbutiker erbjuder halalcertifierad kamelmj\u00f6lk \u2013 b\u00e5de f\u00e4rsk och i pulver- eller kapselform. Det \u00e4r viktigt att v\u00e4lja produkter med ett erk\u00e4nt halalcertifikat f\u00f6r att garantera \u00e4ktheten.<\/p>\n<h2><strong>Halalmj\u00f6lk och H\u00e5llbarhet<br \/>\n<\/strong><\/h2>\n<p>En annan viktig aspekt av halalmj\u00f6lk \u00e4r h\u00e5llbarheten. G\u00e5rdar som producerar halal arbetar ofta djurv\u00e4nligt och milj\u00f6medvetet. S\u00e4rskilt kameler \u00e4r h\u00e5llbara att h\u00e5lla i torra klimat d\u00e4r annan boskap har sv\u00e5rt att \u00f6verleva.<\/p>\n<h2><strong>Slutsats<br \/>\n<\/strong><\/h2>\n<p>Halalmj\u00f6lk, s\u00e4rskilt kamelmj\u00f6lk, erbjuder en utm\u00e4rkt kombination av h\u00e4lsa, etik och h\u00e5llbarhet. Oavsett om du \u00e4r muslim och f\u00f6ljer halal av religi\u00f6sa sk\u00e4l, eller bara letar efter en naturlig och n\u00e4ringsrik produkt, \u00e4r kamelmj\u00f6lk ett v\u00e4rdefullt tillskott i din kost.<\/p>\n<h2><strong>Var Kan Man K\u00f6pa Halal Kamelmj\u00f6lk?<br \/>\n<\/strong><\/h2>\n<p>Letar du efter halal kamelmj\u00f6lk?<br \/>\nOasismilk s\u00e4ljer mj\u00f6lk fr\u00e5n Europas enda kamelfarm som har tillst\u00e5nd att producera och s\u00e4lja denna mj\u00f6lk. Tack vare lagar och regler i Nederl\u00e4nderna kan du vara s\u00e4ker p\u00e5 moderna och hygieniska produktionsprocesser, samt att kamelerna p\u00e5 denna g\u00e5rd h\u00e5lls och v\u00e5rdas p\u00e5 ett djur- och milj\u00f6v\u00e4nligt s\u00e4tt. V\u00e5ra sociala medier ger insyn \u2013 eller kom och bes\u00f6k v\u00e5r g\u00e5rd sj\u00e4lv.<\/p>\n<\/div><div class=\"fusion-separator fusion-full-width-sep\" style=\"align-self: center;margin-left: auto;margin-right: auto;margin-bottom:35px;width:100%;\"><\/div><div style=\"text-align:left;\"><a class=\"fusion-button button-flat fusion-button-default-size button-custom fusion-button-default button-2 fusion-button-default-span fusion-button-default-type\" style=\"--button_accent_color:var(--awb-color1);--button_accent_hover_color:var(--awb-color1);--button_border_hover_color:var(--awb-color1);--button_gradient_top_color:var(--awb-color4);--button_gradient_bottom_color:var(--awb-color4);--button_gradient_top_color_hover:hsla(var(--awb-color3-h),var(--awb-color3-s),calc(var(--awb-color3-l) - 2%),var(--awb-color3-a));--button_gradient_bottom_color_hover:hsla(var(--awb-color3-h),var(--awb-color3-s),calc(var(--awb-color3-l) - 2%),var(--awb-color3-a));--button_font_size:14px;--button_typography-font-family:&quot;Kanit&quot;;--button_typography-font-style:normal;--button_typography-font-weight:600;\" target=\"_self\" href=\"\/sv\/farsk-kamelmjolk\/\"><span class=\"fusion-button-text awb-button__text awb-button__text--default\">K\u00f6p kamelmj\u00f6lk online<\/span><\/a><\/div><\/div><\/div><\/div><\/div>\n","protected":false},"excerpt":{"rendered":"","protected":false},"author":1,"featured_media":0,"parent":0,"menu_order":0,"comment_status":"closed","ping_status":"closed","template":"100-width.php","meta":{"_acf_changed":false,"footnotes":""},"class_list":["post-8486","page","type-page","status-publish","hentry"],"acf":[],"_links":{"self":[{"href":"https:\/\/oasismilk.com\/sv\/wp-json\/wp\/v2\/pages\/8486","targetHints":{"allow":["GET"]}}],"collection":[{"href":"https:\/\/oasismilk.com\/sv\/wp-json\/wp\/v2\/pages"}],"about":[{"href":"https:\/\/oasismilk.com\/sv\/wp-json\/wp\/v2\/types\/page"}],"author":[{"embeddable":true,"href":"https:\/\/oasismilk.com\/sv\/wp-json\/wp\/v2\/users\/1"}],"replies":[{"embeddable":true,"href":"https:\/\/oasismilk.com\/sv\/wp-json\/wp\/v2\/comments?post=8486"}],"version-history":[{"count":3,"href":"https:\/\/oasismilk.com\/sv\/wp-json\/wp\/v2\/pages\/8486\/revisions"}],"predecessor-version":[{"id":8494,"href":"https:\/\/oasismilk.com\/sv\/wp-json\/wp\/v2\/pages\/8486\/revisions\/8494"}],"wp:attachment":[{"href":"https:\/\/oasismilk.com\/sv\/wp-json\/wp\/v2\/media?parent=8486"}],"curies":[{"name":"wp","href":"https:\/\/api.w.org\/{rel}","templated":true}]}}