{"id":8343,"date":"2025-06-10T17:30:36","date_gmt":"2025-06-10T15:30:36","guid":{"rendered":"https:\/\/oasismilk.com\/?page_id=8343"},"modified":"2025-06-11T07:06:06","modified_gmt":"2025-06-11T05:06:06","slug":"integritetspolicy","status":"publish","type":"page","link":"https:\/\/oasismilk.com\/sv\/integritetspolicy\/","title":{"rendered":"Integritetspolicy"},"content":{"rendered":"<div class=\"fusion-fullwidth fullwidth-box fusion-builder-row-1 fusion-flex-container has-pattern-background has-mask-background nonhundred-percent-fullwidth non-hundred-percent-height-scrolling\" style=\"--awb-border-radius-top-left:0px;--awb-border-radius-top-right:0px;--awb-border-radius-bottom-right:0px;--awb-border-radius-bottom-left:0px;--awb-padding-top:0px;--awb-padding-right:15px;--awb-padding-bottom:60px;--awb-padding-left:15px;--awb-flex-wrap:wrap;\" ><div class=\"fusion-builder-row fusion-row fusion-flex-align-items-flex-start fusion-flex-content-wrap\" style=\"max-width:1248px;margin-left: calc(-4% \/ 2 );margin-right: calc(-4% \/ 2 );\"><div class=\"fusion-layout-column fusion_builder_column fusion-builder-column-0 fusion_builder_column_1_1 1_1 fusion-flex-column\" style=\"--awb-bg-size:cover;--awb-width-large:100%;--awb-margin-top-large:0px;--awb-spacing-right-large:1.92%;--awb-margin-bottom-large:0px;--awb-spacing-left-large:1.92%;--awb-width-medium:100%;--awb-order-medium:0;--awb-spacing-right-medium:1.92%;--awb-spacing-left-medium:1.92%;--awb-width-small:100%;--awb-order-small:0;--awb-spacing-right-small:1.92%;--awb-spacing-left-small:1.92%;\" data-scroll-devices=\"small-visibility,medium-visibility,large-visibility\"><div class=\"fusion-column-wrapper fusion-column-has-shadow fusion-flex-justify-content-flex-start fusion-content-layout-column\"><div class=\"fusion-title title fusion-title-1 fusion-sep-none fusion-title-text fusion-title-size-one\" style=\"--awb-margin-top:0px;--awb-margin-top-small:10px;--awb-margin-right-small:0px;--awb-margin-bottom-small:10px;--awb-margin-left-small:0px;\"><h1 class=\"fusion-title-heading title-heading-left\" style=\"margin:0;text-transform:none;\">Integritetspolicy<\/h1><\/div><div class=\"fusion-text fusion-text-1\"><p data-start=\"72\" data-end=\"143\"><strong data-start=\"72\" data-end=\"93\">Integritetspolicy<\/strong><br data-start=\"93\" data-end=\"96\" \/><strong data-start=\"96\" data-end=\"143\">Ikrafttr\u00e4dandedatum: 10 juni 2025, 12:29:11<\/strong><\/p>\n<p data-start=\"145\" data-end=\"497\"><strong data-start=\"145\" data-end=\"191\">Introduktion och organisationsinformation:<\/strong><br data-start=\"191\" data-end=\"194\" \/>P\u00e5 Oasismilk str\u00e4var vi efter att ge v\u00e5ra kunder och samarbetspartners b\u00e4sta m\u00f6jliga service. En del av detta engagemang \u00e4r att ansvarsfullt hantera personuppgifter som samlas in via v\u00e5r webbplats oasemilk.com och alla relaterade interaktioner. V\u00e5ra fr\u00e4msta syften med att behandla denna information \u00e4r:<\/p>\n<ul data-start=\"499\" data-end=\"864\">\n<li data-start=\"499\" data-end=\"603\">\n<p data-start=\"501\" data-end=\"603\">Att f\u00f6rb\u00e4ttra anv\u00e4ndarupplevelsen p\u00e5 v\u00e5r plattform genom att f\u00f6rst\u00e5 kundernas behov och preferenser.<\/p>\n<\/li>\n<li data-start=\"604\" data-end=\"688\">\n<p data-start=\"606\" data-end=\"688\">Att tillhandah\u00e5lla snabb support och svara p\u00e5 fr\u00e5gor eller servicef\u00f6rfr\u00e5gningar.<\/p>\n<\/li>\n<li data-start=\"689\" data-end=\"779\">\n<p data-start=\"691\" data-end=\"779\">Att f\u00f6rb\u00e4ttra v\u00e5ra produkter och tj\u00e4nster f\u00f6r att m\u00f6ta anv\u00e4ndarnas f\u00f6r\u00e4nderliga behov.<\/p>\n<\/li>\n<li data-start=\"780\" data-end=\"864\">\n<p data-start=\"782\" data-end=\"864\">Att genomf\u00f6ra n\u00f6dv\u00e4ndiga aff\u00e4rsaktiviteter s\u00e5som fakturering och kontohantering.<\/p>\n<\/li>\n<\/ul>\n<p data-start=\"866\" data-end=\"1285\">Det \u00e4r v\u00e5r policy att behandla personuppgifter med st\u00f6rsta respekt f\u00f6r integritet och s\u00e4kerhet. Vi f\u00f6ljer alla relevanta regler och riktlinjer f\u00f6r att s\u00e4kerst\u00e4lla att de uppgifter vi behandlar skyddas mot obeh\u00f6rig \u00e5tkomst, avsl\u00f6jande, \u00e4ndring och f\u00f6rst\u00f6relse. V\u00e5r praxis \u00e4r inriktad p\u00e5 att s\u00e4kerst\u00e4lla sekretessen och integriteten f\u00f6r dina personuppgifter samtidigt som vi tillhandah\u00e5ller de tj\u00e4nster du anf\u00f6rtrott oss.<\/p>\n<p data-start=\"1287\" data-end=\"1576\">Om du har valt NEJ: Vi har [ingen] utsedd dataskyddsombud (DPO), men vi \u00e4r fortfarande fullt engagerade i att skydda dina integritetsintressen. Om du har fr\u00e5gor eller beh\u00f6ver mer information om hur vi hanterar personuppgifter kan du kontakta oss p\u00e5 <a class=\"cursor-pointer\" rel=\"noopener\" data-start=\"1536\" data-end=\"1554\">info@oasismilk.com<\/a> eller +31 0737078087.<\/p>\n<p data-start=\"1578\" data-end=\"1964\">Din integritet \u00e4r v\u00e5r prioritet. Vi str\u00e4var efter att behandla dina personuppgifter p\u00e5 ett transparent s\u00e4tt och med din s\u00e4kerhet i \u00e5tanke. Detta engagemang g\u00e4ller \u00e4ven v\u00e5rt samarbete med externa tj\u00e4nster som kan behandla personuppgifter f\u00f6r v\u00e5r r\u00e4kning, till exempel f\u00f6r fakturering. Du kan lita p\u00e5 att all verksamhet sker i strikt \u00f6verensst\u00e4mmelse med g\u00e4llande integritetslagstiftning.<\/p>\n<p data-start=\"1966\" data-end=\"2501\"><strong data-start=\"1966\" data-end=\"1997\">Omfattning och till\u00e4mpning:<\/strong><br data-start=\"1997\" data-end=\"2000\" \/>V\u00e5r integritetspolicy \u00e4r utformad f\u00f6r att skydda personuppgifter f\u00f6r alla v\u00e5ra intressenter, inklusive webbplatsbes\u00f6kare, registrerade anv\u00e4ndare och kunder. Oavsett om du bara bes\u00f6ker v\u00e5r webbplats oasemilk.com, anv\u00e4nder v\u00e5ra tj\u00e4nster som registrerad anv\u00e4ndare eller kontaktar oss som v\u00e4rderad kund, s\u00e4kerst\u00e4ller vi att dina personuppgifter behandlas i enlighet med h\u00f6gsta standard f\u00f6r integritet och s\u00e4kerhet. Denna policy beskriver v\u00e5r praxis och dina r\u00e4ttigheter i f\u00f6rh\u00e5llande till personuppgifter.<\/p>\n<p data-start=\"2503\" data-end=\"2798\"><strong data-start=\"2503\" data-end=\"2535\">Databehandling och s\u00e4kerhet:<\/strong><br data-start=\"2535\" data-end=\"2538\" \/><strong data-start=\"2538\" data-end=\"2558\">Lagring av data:<\/strong><br data-start=\"2558\" data-end=\"2561\" \/>Personuppgifter lagras p\u00e5 s\u00e4kra servrar i <em data-start=\"2603\" data-end=\"2614\">undefined<\/em>. F\u00f6r tj\u00e4nster som kr\u00e4ver internationell data\u00f6verf\u00f6ring s\u00e4kerst\u00e4ller vi att dessa \u00f6verf\u00f6ringar f\u00f6ljer alla till\u00e4mpliga lagar och att dataskyddsniv\u00e5n \u00e4r likv\u00e4rdig med v\u00e5r prim\u00e4ra plats.<\/p>\n<p data-start=\"2800\" data-end=\"3002\"><strong data-start=\"2800\" data-end=\"2821\">V\u00e4rdleverant\u00f6rer:<\/strong><br data-start=\"2821\" data-end=\"2824\" \/>Vi samarbetar med v\u00e4lrenommerade v\u00e4rdleverant\u00f6rer som till\u00e4mpar avancerade s\u00e4kerhets\u00e5tg\u00e4rder. Dessa partner v\u00e4ljs ut baserat p\u00e5 deras efterlevnad av strikta dataskyddsstandarder.<\/p>\n<p data-start=\"3004\" data-end=\"3025\"><strong data-start=\"3004\" data-end=\"3023\">Skydds\u00e5tg\u00e4rder:<\/strong><\/p>\n<ul data-start=\"3026\" data-end=\"3336\">\n<li data-start=\"3026\" data-end=\"3231\">\n<p data-start=\"3028\" data-end=\"3231\"><strong data-start=\"3028\" data-end=\"3048\">\u00c5tkomstkontroll:<\/strong> Tillg\u00e5ng till personuppgifter \u00e4r strikt begr\u00e4nsad till auktoriserad personal med legitima aff\u00e4rsbehov. Vi till\u00e4mpar strikta \u00e5tkomstkontroller och granskar regelbundet beh\u00f6righeter.<\/p>\n<\/li>\n<li data-start=\"3232\" data-end=\"3336\">\n<p data-start=\"3234\" data-end=\"3336\"><strong data-start=\"3234\" data-end=\"3249\">Kryptering:<\/strong> F\u00f6r att skydda data under \u00f6verf\u00f6ring och lagring anv\u00e4nder vi robust krypteringsteknik.<\/p>\n<\/li>\n<\/ul>\n<p data-start=\"3338\" data-end=\"3737\"><strong data-start=\"3338\" data-end=\"3376\">Personuppgiftsbitr\u00e4desavtal (DPA):<\/strong><br data-start=\"3376\" data-end=\"3379\" \/>N\u00e4r vi delar dina uppgifter med externa tj\u00e4nsteleverant\u00f6rer g\u00f6r vi det under skydd av personuppgiftsbitr\u00e4desavtal (DPA). Dessa avtal s\u00e4kerst\u00e4ller att dina uppgifter behandlas i enlighet med GDPR och annan till\u00e4mplig dataskyddslagstiftning. Tredje parter \u00e4r skyldiga att vidta l\u00e4mpliga tekniska och organisatoriska \u00e5tg\u00e4rder f\u00f6r att s\u00e4kerst\u00e4lla datas\u00e4kerheten.<\/p>\n<p data-start=\"3739\" data-end=\"4009\"><strong data-start=\"3739\" data-end=\"3768\">Transparens och kontroll:<\/strong><br data-start=\"3768\" data-end=\"3771\" \/>Vi tror p\u00e5 transparens och ger dig kontroll \u00f6ver dina personuppgifter. Du kommer alltid att informeras om viktiga f\u00f6r\u00e4ndringar i v\u00e5ra rutiner f\u00f6r informationsdelning och, i f\u00f6rekommande fall, kan du ge samtycke till s\u00e5dana f\u00f6r\u00e4ndringar.<\/p>\n<p data-start=\"4011\" data-end=\"4330\">Ditt f\u00f6rtroende \u00e4r viktigt f\u00f6r oss, och vi str\u00e4var efter att s\u00e4kerst\u00e4lla att dina personuppgifter endast l\u00e4mnas ut i enlighet med denna policy och endast n\u00e4r det finns ett legitimt sk\u00e4l. Vid fr\u00e5gor eller kommentarer om hur vi delar och avsl\u00f6jar personuppgifter, kontakta oss via <a class=\"cursor-pointer\" rel=\"noopener\" data-start=\"4290\" data-end=\"4308\">info@oasismilk.com<\/a> eller +31 0737078087.<\/p>\n<p data-start=\"4332\" data-end=\"4621\"><strong data-start=\"4332\" data-end=\"4364\">Anv\u00e4ndarr\u00e4ttigheter och val:<\/strong><br data-start=\"4364\" data-end=\"4367\" \/>P\u00e5 Oasismilk erk\u00e4nner och respekterar vi dina r\u00e4ttigheter enligt den allm\u00e4nna dataskyddsf\u00f6rordningen (GDPR) och annan till\u00e4mplig dataskyddslagstiftning. Vi g\u00f6r v\u00e5rt yttersta f\u00f6r att du ska kunna ut\u00f6va dina r\u00e4ttigheter effektivt. Nedan f\u00f6ljer en \u00f6versikt:<\/p>\n<p data-start=\"4623\" data-end=\"4644\"><strong data-start=\"4623\" data-end=\"4644\">Dina r\u00e4ttigheter:<\/strong><\/p>\n<ul data-start=\"4646\" data-end=\"5814\">\n<li data-start=\"4646\" data-end=\"4798\">\n<p data-start=\"4648\" data-end=\"4798\"><strong data-start=\"4648\" data-end=\"4689\">R\u00e4tt till tillg\u00e5ng (artikel 15 GDPR):<\/strong> Du har r\u00e4tt att f\u00e5 tillg\u00e5ng till de personuppgifter vi har om dig och information om hur vi behandlar dem.<\/p>\n<\/li>\n<li data-start=\"4799\" data-end=\"4923\">\n<p data-start=\"4801\" data-end=\"4923\"><strong data-start=\"4801\" data-end=\"4842\">R\u00e4tt till r\u00e4ttelse (artikel 16 GDPR):<\/strong> Du har r\u00e4tt att beg\u00e4ra korrigering av felaktiga eller ofullst\u00e4ndiga uppgifter.<\/p>\n<\/li>\n<li data-start=\"4924\" data-end=\"5044\">\n<p data-start=\"4926\" data-end=\"5044\"><strong data-start=\"4926\" data-end=\"4967\">R\u00e4tt till radering (artikel 17 GDPR):<\/strong> Du kan beg\u00e4ra att dina uppgifter raderas n\u00e4r de inte l\u00e4ngre \u00e4r n\u00f6dv\u00e4ndiga.<\/p>\n<\/li>\n<li data-start=\"5045\" data-end=\"5171\">\n<p data-start=\"5047\" data-end=\"5171\"><strong data-start=\"5047\" data-end=\"5091\">R\u00e4tt till begr\u00e4nsning (artikel 18 GDPR):<\/strong> Du har r\u00e4tt att beg\u00e4ra att behandlingen begr\u00e4nsas under vissa omst\u00e4ndigheter.<\/p>\n<\/li>\n<li data-start=\"5172\" data-end=\"5374\">\n<p data-start=\"5174\" data-end=\"5374\"><strong data-start=\"5174\" data-end=\"5223\">R\u00e4tt till dataportabilitet (artikel 20 GDPR):<\/strong> Du har r\u00e4tt att f\u00e5 dina uppgifter i ett strukturerat, allm\u00e4nt anv\u00e4nt och maskinl\u00e4sbart format och \u00f6verf\u00f6ra dem till en annan personuppgiftsansvarig.<\/p>\n<\/li>\n<li data-start=\"5375\" data-end=\"5498\">\n<p data-start=\"5377\" data-end=\"5498\"><strong data-start=\"5377\" data-end=\"5416\">R\u00e4tt att inv\u00e4nda (artikel 21 GDPR):<\/strong> Du har r\u00e4tt att inv\u00e4nda mot behandlingen, bland annat vid direktmarknadsf\u00f6ring.<\/p>\n<\/li>\n<li data-start=\"5499\" data-end=\"5643\">\n<p data-start=\"5501\" data-end=\"5643\"><strong data-start=\"5501\" data-end=\"5553\">R\u00e4tt att \u00e5terkalla samtycke (artikel 7(3) GDPR):<\/strong> Om behandlingen baseras p\u00e5 ditt samtycke har du r\u00e4tt att n\u00e4r som helst \u00e5terkalla detta.<\/p>\n<\/li>\n<li data-start=\"5644\" data-end=\"5814\">\n<p data-start=\"5646\" data-end=\"5814\"><strong data-start=\"5646\" data-end=\"5695\">R\u00e4tt att l\u00e4mna in klagom\u00e5l (artikel 77 GDPR):<\/strong> Du har r\u00e4tt att l\u00e4mna in klagom\u00e5l till en tillsynsmyndighet om du anser att v\u00e5r behandling bryter mot dataskyddslagen.<\/p>\n<\/li>\n<\/ul>\n<p data-start=\"5816\" data-end=\"6138\"><strong data-start=\"5816\" data-end=\"5851\">Hur du ut\u00f6var dina r\u00e4ttigheter:<\/strong><br data-start=\"5851\" data-end=\"5854\" \/>F\u00f6r att ut\u00f6va dina r\u00e4ttigheter, kontakta oss via <a class=\"cursor-pointer\" rel=\"noopener\" data-start=\"5903\" data-end=\"5921\">info@oasismilk.com<\/a> eller +31 0737078087. Vi svarar i enlighet med till\u00e4mplig lagstiftning och inom f\u00f6reskrivna tidsramar. Vi kan beh\u00f6va verifiera din identitet f\u00f6r att skydda dina uppgifter. Tveka inte att h\u00f6ra av dig om du har fr\u00e5gor.<\/p>\n<p data-start=\"6140\" data-end=\"6457\"><strong data-start=\"6140\" data-end=\"6173\">Cookies och sp\u00e5rningstekniker<\/strong><br data-start=\"6173\" data-end=\"6176\" \/>P\u00e5 Oasismilk v\u00e4rnar vi om din integritet och \u00e4r transparenta med v\u00e5r anv\u00e4ndning av cookies och andra sp\u00e5rningstekniker p\u00e5 oasemilk.com. Dessa teknologier \u00e4r avg\u00f6rande f\u00f6r att v\u00e5r webbplats ska fungera smidigt, f\u00f6rb\u00e4ttra din anv\u00e4ndarupplevelse och ge oss insikter f\u00f6r f\u00f6rb\u00e4ttringar.<\/p>\n<p data-start=\"6459\" data-end=\"6755\"><strong data-start=\"6459\" data-end=\"6508\">Information om cookies och sp\u00e5rningstekniker:<\/strong><br data-start=\"6508\" data-end=\"6511\" \/>Cookies \u00e4r sm\u00e5 datafiler som sparas p\u00e5 din enhet f\u00f6r att komma ih\u00e5g dina inst\u00e4llningar och samla information om ditt webbplatsbeteende. Sp\u00e5rningstekniker som webbfyrar och pixeltaggar hj\u00e4lper oss att f\u00f6rst\u00e5 hur du interagerar med v\u00e5r webbplats.<\/p>\n<p data-start=\"6757\" data-end=\"6795\"><strong data-start=\"6757\" data-end=\"6795\">Hur vi anv\u00e4nder dessa teknologier:<\/strong><\/p>\n<ul data-start=\"6797\" data-end=\"7238\">\n<li data-start=\"6797\" data-end=\"6920\">\n<p data-start=\"6799\" data-end=\"6920\"><strong data-start=\"6799\" data-end=\"6822\">N\u00f6dv\u00e4ndiga cookies:<\/strong> Kr\u00e4vs f\u00f6r att webbplatsen ska fungera, t.ex. autentisering och s\u00e4kerhet. Kr\u00e4ver inget samtycke.<\/p>\n<\/li>\n<li data-start=\"6921\" data-end=\"7047\">\n<p data-start=\"6923\" data-end=\"7047\"><strong data-start=\"6923\" data-end=\"6956\">Prestanda- och analyscookies:<\/strong> Samlar information om hur bes\u00f6kare anv\u00e4nder webbplatsen. Hj\u00e4lper oss f\u00f6rb\u00e4ttra tj\u00e4nsten.<\/p>\n<\/li>\n<li data-start=\"7048\" data-end=\"7134\">\n<p data-start=\"7050\" data-end=\"7134\"><strong data-start=\"7050\" data-end=\"7075\">Funktionella cookies:<\/strong> M\u00f6jligg\u00f6r f\u00f6rb\u00e4ttrad funktionalitet och personalisering.<\/p>\n<\/li>\n<li data-start=\"7135\" data-end=\"7238\">\n<p data-start=\"7137\" data-end=\"7238\"><strong data-start=\"7137\" data-end=\"7164\">Annons- och m\u00e5lcookies:<\/strong> Anv\u00e4nds f\u00f6r att visa relevanta annonser och m\u00e4ta kampanjers effektivitet.<\/p>\n<\/li>\n<\/ul>\n<p data-start=\"7240\" data-end=\"7331\"><strong data-start=\"7240\" data-end=\"7266\">Dina val och samtycke:<\/strong><br data-start=\"7266\" data-end=\"7269\" \/>Vid f\u00f6rsta bes\u00f6ket visas ett cookie-samtyckesbanner. Du kan:<\/p>\n<ul data-start=\"7333\" data-end=\"7422\">\n<li data-start=\"7333\" data-end=\"7359\">\n<p data-start=\"7335\" data-end=\"7359\">Acceptera alla cookies<\/p>\n<\/li>\n<li data-start=\"7360\" data-end=\"7393\">\n<p data-start=\"7362\" data-end=\"7393\">V\u00e4gra icke-n\u00f6dv\u00e4ndiga cookies<\/p>\n<\/li>\n<li data-start=\"7394\" data-end=\"7422\">\n<p data-start=\"7396\" data-end=\"7422\">Anpassa dina preferenser<\/p>\n<\/li>\n<\/ul>\n<p data-start=\"7424\" data-end=\"7624\"><strong data-start=\"7424\" data-end=\"7461\">\u00c4ndringar i v\u00e5r cookieanv\u00e4ndning:<\/strong><br data-start=\"7461\" data-end=\"7464\" \/>Vi kan \u00e4ndra v\u00e5r anv\u00e4ndning av cookies f\u00f6r att f\u00f6rb\u00e4ttra v\u00e5ra tj\u00e4nster eller f\u00f6lja lag. Vi informerar dig om st\u00f6rre \u00e4ndringar och beg\u00e4r nytt samtycke vid behov.<\/p>\n<p data-start=\"7626\" data-end=\"7784\">F\u00f6r mer information, se v\u00e5r detaljerade cookiepolicy p\u00e5: <a class=\"\" href=\"https:\/\/oasismilk.com\/cookie-policy\" target=\"_new\" rel=\"noopener\" data-start=\"7683\" data-end=\"7718\">https:\/\/oasismilk.com\/cookie-policy<\/a>. Fr\u00e5gor? Kontakta oss p\u00e5 <a class=\"cursor-pointer\" rel=\"noopener\" data-start=\"7744\" data-end=\"7762\">info@oasismilk.com<\/a> eller +31 0737078087.<\/p>\n<p data-start=\"7786\" data-end=\"8030\"><strong data-start=\"7786\" data-end=\"7820\">Internationell data\u00f6verf\u00f6ring:<\/strong><br data-start=\"7820\" data-end=\"7823\" \/>P\u00e5 Oasismilk kan vi \u00f6verf\u00f6ra dina uppgifter till l\u00e4nder utanf\u00f6r din jurisdiktion. Vi s\u00e4kerst\u00e4ller att s\u00e5dana \u00f6verf\u00f6ringar sker med st\u00f6rsta omsorg och i enlighet med g\u00e4llande dataskyddsregler, inklusive GDPR.<\/p>\n<p data-start=\"8032\" data-end=\"8214\"><strong data-start=\"8032\" data-end=\"8075\">Direktmarknadsf\u00f6ring och kommunikation:<\/strong><br data-start=\"8075\" data-end=\"8078\" \/>Vi kan anv\u00e4nda dina personuppgifter f\u00f6r att skicka direktmarknadsf\u00f6ring om v\u00e5ra produkter, tj\u00e4nster, kampanjer och relevant information.<\/p>\n<p data-start=\"8216\" data-end=\"8254\"><strong data-start=\"8216\" data-end=\"8254\">Samtycke f\u00f6r direktmarknadsf\u00f6ring:<\/strong><\/p>\n<ul data-start=\"8256\" data-end=\"8532\">\n<li data-start=\"8256\" data-end=\"8375\">\n<p data-start=\"8258\" data-end=\"8375\"><strong data-start=\"8258\" data-end=\"8269\">Opt-in:<\/strong> Vi inh\u00e4mtar ditt uttryckliga samtycke innan vi skickar marknadsf\u00f6ringsmeddelanden, om lagen kr\u00e4ver det.<\/p>\n<\/li>\n<li data-start=\"8376\" data-end=\"8532\">\n<p data-start=\"8378\" data-end=\"8532\"><strong data-start=\"8378\" data-end=\"8390\">Opt-out:<\/strong> Varje meddelande inneh\u00e5ller instruktioner om hur du avregistrerar dig. Du kan n\u00e4r som helst mots\u00e4tta dig och vi respekterar detta omedelbart.<\/p>\n<\/li>\n<\/ul>\n<p data-start=\"8534\" data-end=\"8560\"><strong data-start=\"8534\" data-end=\"8560\">Kommunikationskanaler:<\/strong><\/p>\n<ul data-start=\"8562\" data-end=\"8597\">\n<li data-start=\"8562\" data-end=\"8572\">\n<p data-start=\"8564\" data-end=\"8572\">E-post<\/p>\n<\/li>\n<li data-start=\"8573\" data-end=\"8597\">\n<p data-start=\"8575\" data-end=\"8597\">M\u00e5lstyrd annonsering<\/p>\n<\/li>\n<\/ul>\n<p data-start=\"8599\" data-end=\"8767\"><strong data-start=\"8599\" data-end=\"8628\">Hantera dina preferenser:<\/strong><br data-start=\"8628\" data-end=\"8631\" \/>Du styr sj\u00e4lv vilken marknadsf\u00f6ring du vill ta emot. Det g\u00e5r att \u00e4ndra dina inst\u00e4llningar via l\u00e4nkar i v\u00e5ra e-postmeddelanden eller SMS.<\/p>\n<\/div><div class=\"fusion-separator fusion-full-width-sep\" style=\"align-self: center;margin-left: auto;margin-right: auto;margin-bottom:35px;width:100%;\"><\/div><\/div><\/div><\/div><\/div>\n","protected":false},"excerpt":{"rendered":"","protected":false},"author":1,"featured_media":0,"parent":0,"menu_order":0,"comment_status":"closed","ping_status":"closed","template":"100-width.php","meta":{"_acf_changed":false,"footnotes":""},"class_list":["post-8343","page","type-page","status-publish","hentry"],"acf":[],"_links":{"self":[{"href":"https:\/\/oasismilk.com\/sv\/wp-json\/wp\/v2\/pages\/8343","targetHints":{"allow":["GET"]}}],"collection":[{"href":"https:\/\/oasismilk.com\/sv\/wp-json\/wp\/v2\/pages"}],"about":[{"href":"https:\/\/oasismilk.com\/sv\/wp-json\/wp\/v2\/types\/page"}],"author":[{"embeddable":true,"href":"https:\/\/oasismilk.com\/sv\/wp-json\/wp\/v2\/users\/1"}],"replies":[{"embeddable":true,"href":"https:\/\/oasismilk.com\/sv\/wp-json\/wp\/v2\/comments?post=8343"}],"version-history":[{"count":2,"href":"https:\/\/oasismilk.com\/sv\/wp-json\/wp\/v2\/pages\/8343\/revisions"}],"predecessor-version":[{"id":8345,"href":"https:\/\/oasismilk.com\/sv\/wp-json\/wp\/v2\/pages\/8343\/revisions\/8345"}],"wp:attachment":[{"href":"https:\/\/oasismilk.com\/sv\/wp-json\/wp\/v2\/media?parent=8343"}],"curies":[{"name":"wp","href":"https:\/\/api.w.org\/{rel}","templated":true}]}}