{"id":6620,"date":"2024-12-19T08:53:01","date_gmt":"2024-12-19T08:53:01","guid":{"rendered":"https:\/\/oasismilk.com\/?page_id=6620"},"modified":"2025-01-15T08:57:35","modified_gmt":"2025-01-15T08:57:35","slug":"certifikat-och-tillforlitlighet","status":"publish","type":"page","link":"https:\/\/oasismilk.com\/sv\/certifikat-och-tillforlitlighet\/","title":{"rendered":"Certifikat och tillf\u00f6rlitlighet"},"content":{"rendered":"<div class=\"fusion-fullwidth fullwidth-box fusion-builder-row-1 fusion-flex-container has-pattern-background has-mask-background nonhundred-percent-fullwidth non-hundred-percent-height-scrolling\" style=\"--awb-border-radius-top-left:0px;--awb-border-radius-top-right:0px;--awb-border-radius-bottom-right:0px;--awb-border-radius-bottom-left:0px;--awb-padding-top:0px;--awb-padding-right:15px;--awb-padding-bottom:60px;--awb-padding-left:15px;--awb-flex-wrap:wrap;\" ><div class=\"fusion-builder-row fusion-row fusion-flex-align-items-flex-start fusion-flex-content-wrap\" style=\"max-width:1248px;margin-left: calc(-4% \/ 2 );margin-right: calc(-4% \/ 2 );\"><div class=\"fusion-layout-column fusion_builder_column fusion-builder-column-0 fusion_builder_column_1_1 1_1 fusion-flex-column\" style=\"--awb-bg-size:cover;--awb-width-large:100%;--awb-margin-top-large:0px;--awb-spacing-right-large:1.92%;--awb-margin-bottom-large:0px;--awb-spacing-left-large:1.92%;--awb-width-medium:100%;--awb-order-medium:0;--awb-spacing-right-medium:1.92%;--awb-spacing-left-medium:1.92%;--awb-width-small:100%;--awb-order-small:0;--awb-spacing-right-small:1.92%;--awb-spacing-left-small:1.92%;\" data-scroll-devices=\"small-visibility,medium-visibility,large-visibility\"><div class=\"fusion-column-wrapper fusion-column-has-shadow fusion-flex-justify-content-flex-start fusion-content-layout-column\"><div class=\"fusion-title title fusion-title-1 fusion-sep-none fusion-title-text fusion-title-size-one\" style=\"--awb-margin-top:0px;--awb-margin-top-small:10px;--awb-margin-right-small:0px;--awb-margin-bottom-small:10px;--awb-margin-left-small:0px;\"><h1 class=\"fusion-title-heading title-heading-left\" style=\"margin:0;\">Certifikat och tillf\u00f6rlitlighet<\/h1><\/div><div class=\"fusion-text fusion-text-1\"><p>Vi p\u00e5 Camel Dairy Smits uppfyller de h\u00f6gsta kvalitetsstandarderna. Vi \u00e4r stolta \u00f6ver att f\u00e5 v\u00e5r certifiering under \u00f6verinseende av Central Organization for Quality Assurance (COKZ).<\/p>\n<p>Genom att hamna under COKZ:s kontroll garanterar vi att v\u00e5r kamelmj\u00f6lk och v\u00e5ra kamelmj\u00f6lksprodukter uppfyller de r\u00e4ttsliga kraven p\u00e5 livsmedelss\u00e4kerhet, djurv\u00e4nlighet och kvalitetss\u00e4kring. Det inneb\u00e4r att vi genomg\u00e5r regelbundna inspektioner och kontroller, som inkluderar en noggrann utv\u00e4rdering av v\u00e5ra mejeriprodukter, hygienrutiner och kvaliteten p\u00e5 v\u00e5ra produkter.<\/p>\n<p>V\u00e5r certifiering \u00e4r ett bevis p\u00e5 v\u00e5rt engagemang f\u00f6r transparens, kvalitet och omsorg f\u00f6r b\u00e5de djuren och v\u00e5ra kunder. Vi \u00e4r stolta \u00f6ver att uppfylla de h\u00f6gsta standarderna och forts\u00e4tter att investera i att f\u00f6rb\u00e4ttra v\u00e5ra processer f\u00f6r att s\u00e4kerst\u00e4lla kvaliteten p\u00e5 v\u00e5ra produkter.<\/p>\n<p>Med denna certifiering kan v\u00e5ra kunder vara s\u00e4kra p\u00e5 att de k\u00f6per h\u00f6gkvalitativ och s\u00e4ker kamelmj\u00f6lk, producerad under de str\u00e4ngaste f\u00f6rh\u00e5llandena.<\/p>\n<p><strong>Kontroll av mj\u00f6lk.<\/strong><\/p>\n<p>Vi tar regelbundet prover p\u00e5 v\u00e5r f\u00e4rska mj\u00f6lk. Vi skickar dessa prover till ett oberoende laboratorium som m\u00e4ter kvaliteten p\u00e5 v\u00e5r mj\u00f6lk igen. P\u00e5 s\u00e5 s\u00e4tt s\u00e4kerst\u00e4ller vi en f\u00f6rs\u00e4kran om kvalitet, livsmedelss\u00e4kerhet och kunskap om n\u00e4ringsv\u00e4rdet i v\u00e5r kamelmj\u00f6lk.<\/p>\n<p>De kontrollerar till exempel sammans\u00e4ttningen av kamelmj\u00f6lken. Detta inkluderar fett, protein och laktos. De testar ocks\u00e5 kvaliteten p\u00e5 kamelmj\u00f6lken, t.ex. bakterieantal, renlighet och fryspunkt.<\/p>\n<p>V\u00e5r kamelmj\u00f6lk \u00e4r 100 % antibiotikafri och hormonfri. V\u00e5ra kameler f\u00e5r inte hormoner fr\u00e5n oss, och antibiotika n\u00e4r det beh\u00f6vs. N\u00e4r en av v\u00e5ra kameler f\u00e5r antibiotika ser vi till att mj\u00f6lken inte anv\u00e4nds i produktionen.<\/p>\n<p>P\u00e5 s\u00e5 s\u00e4tt finns det alltid en garanti f\u00f6r kamelmj\u00f6lk av h\u00f6gsta kvalitet.<\/p>\n<\/div><\/div><\/div><\/div><\/div>\n","protected":false},"excerpt":{"rendered":"","protected":false},"author":1,"featured_media":0,"parent":0,"menu_order":0,"comment_status":"closed","ping_status":"closed","template":"100-width.php","meta":{"_acf_changed":false,"footnotes":""},"class_list":["post-6620","page","type-page","status-publish","hentry"],"acf":[],"_links":{"self":[{"href":"https:\/\/oasismilk.com\/sv\/wp-json\/wp\/v2\/pages\/6620","targetHints":{"allow":["GET"]}}],"collection":[{"href":"https:\/\/oasismilk.com\/sv\/wp-json\/wp\/v2\/pages"}],"about":[{"href":"https:\/\/oasismilk.com\/sv\/wp-json\/wp\/v2\/types\/page"}],"author":[{"embeddable":true,"href":"https:\/\/oasismilk.com\/sv\/wp-json\/wp\/v2\/users\/1"}],"replies":[{"embeddable":true,"href":"https:\/\/oasismilk.com\/sv\/wp-json\/wp\/v2\/comments?post=6620"}],"version-history":[{"count":0,"href":"https:\/\/oasismilk.com\/sv\/wp-json\/wp\/v2\/pages\/6620\/revisions"}],"wp:attachment":[{"href":"https:\/\/oasismilk.com\/sv\/wp-json\/wp\/v2\/media?parent=6620"}],"curies":[{"name":"wp","href":"https:\/\/api.w.org\/{rel}","templated":true}]}}