{"id":6599,"date":"2024-12-16T07:04:23","date_gmt":"2024-12-16T06:04:23","guid":{"rendered":"https:\/\/oasismilk.com\/?page_id=6599"},"modified":"2026-01-02T10:27:49","modified_gmt":"2026-01-02T09:27:49","slug":"plocka-upp-mjolk-pa-kamelmejeriet","status":"publish","type":"page","link":"https:\/\/oasismilk.com\/sv\/plocka-upp-mjolk-pa-kamelmejeriet\/","title":{"rendered":"Plocka upp mj\u00f6lk p\u00e5 kamelmejeriet"},"content":{"rendered":"<div class=\"fusion-fullwidth fullwidth-box fusion-builder-row-1 fusion-flex-container has-pattern-background has-mask-background nonhundred-percent-fullwidth non-hundred-percent-height-scrolling\" style=\"--awb-border-radius-top-left:0px;--awb-border-radius-top-right:0px;--awb-border-radius-bottom-right:0px;--awb-border-radius-bottom-left:0px;--awb-padding-top:0px;--awb-padding-right:15px;--awb-padding-bottom:60px;--awb-padding-left:15px;--awb-flex-wrap:wrap;\" ><div class=\"fusion-builder-row fusion-row fusion-flex-align-items-flex-start fusion-flex-content-wrap\" style=\"max-width:1248px;margin-left: calc(-4% \/ 2 );margin-right: calc(-4% \/ 2 );\"><div class=\"fusion-layout-column fusion_builder_column fusion-builder-column-0 fusion_builder_column_1_1 1_1 fusion-flex-column\" style=\"--awb-bg-size:cover;--awb-width-large:100%;--awb-margin-top-large:0px;--awb-spacing-right-large:1.92%;--awb-margin-bottom-large:0px;--awb-spacing-left-large:1.92%;--awb-width-medium:100%;--awb-order-medium:0;--awb-spacing-right-medium:1.92%;--awb-spacing-left-medium:1.92%;--awb-width-small:100%;--awb-order-small:0;--awb-spacing-right-small:1.92%;--awb-spacing-left-small:1.92%;\" data-scroll-devices=\"small-visibility,medium-visibility,large-visibility\"><div class=\"fusion-column-wrapper fusion-column-has-shadow fusion-flex-justify-content-flex-start fusion-content-layout-column\"><div class=\"fusion-title title fusion-title-1 fusion-sep-none fusion-title-text fusion-title-size-one\" style=\"--awb-margin-top:0px;--awb-margin-top-small:10px;--awb-margin-right-small:0px;--awb-margin-bottom-small:10px;--awb-margin-left-small:0px;\"><h1 class=\"fusion-title-heading title-heading-left\" style=\"margin:0;\">Plocka upp mj\u00f6lk p\u00e5 kamelmejeriet<\/h1><\/div><div class=\"fusion-text fusion-text-1\"><p>Det \u00e4r ocks\u00e5 m\u00f6jligt att h\u00e4mta kamelmj\u00f6lk p\u00e5 Camel Dairy Farm. Vi har inte alltid den f\u00e4rska kamelmj\u00f6lken hela dagen. Det finns ocks\u00e5 i hinkar vissa dagar. Nedan f\u00f6ljer en lista \u00f6ver n\u00e4r du kan k\u00f6pa vilken kamelmj\u00f6lk.<\/p>\n<\/p>\n<\/p>\n<div class=\"table-1\">\n<table width=\"100%\">\n<thead>\n<tr>\n<th align=\"left\"><\/th>\n<th align=\"left\">F\u00e4rsk kamelmj\u00f6lk<br \/>\nMinsta best\u00e4llning 5 liter<\/th>\n<th align=\"left\">Fryst kamelmj\u00f6lk<br \/>\nFlaskor p\u00e5 0,5 liter<\/th>\n<\/tr>\n<\/thead>\n<tbody>\n<tr>\n<td align=\"left\"><strong>M\u00e5ndag<\/strong><\/td>\n<td align=\"left\">Flaskor 0,5 liter<br \/>\n09:00 &#8211; 11:00 timmar<\/td>\n<td align=\"left\">09:00 &#8211; 17:00 timmar<\/td>\n<\/tr>\n<tr>\n<td align=\"left\"><strong>Tisdag<\/strong><\/td>\n<td align=\"left\">Hinkar<br \/>\n09:00 &#8211; 17:00 timmar<\/td>\n<td align=\"left\">09:00 &#8211; 17:00 timmar<\/td>\n<\/tr>\n<tr>\n<td align=\"left\"><strong>Onsdag<\/strong><\/td>\n<td align=\"left\">Flaskor 0,5 liter<br \/>\n09:00 &#8211; 11:00 timmar<\/td>\n<td align=\"left\">09:00 &#8211; 17:00 timmar<\/td>\n<\/tr>\n<tr>\n<td align=\"left\"><strong>Torsdag<\/strong><\/td>\n<td align=\"left\">09:00 timmar *<\/td>\n<td align=\"left\">09:00 timmar *<\/td>\n<\/tr>\n<tr>\n<td align=\"left\"><strong>Fredag<\/strong><\/td>\n<td align=\"left\">Flaskor 0,5 liter<br \/>\n09:00 &#8211; 11:00 timmar<\/td>\n<td align=\"left\">09:00 &#8211; 17:00 timmar<\/td>\n<\/tr>\n<tr>\n<td align=\"left\"><strong>L\u00f6rdag *<\/strong><\/td>\n<td align=\"left\">09:00 timmar *<\/td>\n<td align=\"left\">9:00 timmar *<\/td>\n<\/tr>\n<tr>\n<td align=\"left\">S\u00f6ndag<\/td>\n<td align=\"left\">st\u00e4ngd<\/td>\n<td align=\"left\">st\u00e4ngd<\/td>\n<\/tr>\n<\/tbody>\n<\/table>\n<\/div>\n<p>\n<p><strong>*L\u00f6rdag morgon (&amp; och torsdag 31 juli, 7 och 14 augusti):<\/strong><\/p>\n<p>Vi har bara \u00f6ppet kl. 09.00. Du kan v\u00e4nta vid grinden p\u00e5 parkeringen. Efter kl. 09.00 \u00e4r det inte l\u00e4ngre m\u00f6jligt att k\u00f6pa mj\u00f6lk.<br \/>\n<em>Obs: G\u00e5 inte in i stallet sj\u00e4lv, vi kommer till parkeringen!<\/em><\/p>\n<p><strong>Priser p\u00e5 kamelmj\u00f6lk<\/strong><\/p>\n<ul>\n<li>Flaska 0,5 liter 6,50 \u20ac (f\u00f6r f\u00e4rska produkter g\u00e4ller ett minsta k\u00f6p p\u00e5 5 liter)<\/li>\n<\/ul>\n<ul>\n<li>Hink 5 liter 65,00 \u20ac (inklusive hink fr\u00e5n 2,50 \u20ac)<\/li>\n<li>Hink 10 liter 130,00 \u20ac (inklusive hink \u00e1 2,50 \u20ac)<\/li>\n<\/ul>\n<p><strong>F\u00f6rs\u00e4ljningsst\u00e4llen<\/strong><\/p>\n<p>Olika butiker best\u00e4ller (fryst) kamelmj\u00f6lk fr\u00e5n oss. Titta <a href=\"https:\/\/oasismilk.com\/sv\/forsaljningsstallen\/\">h\u00e4r<\/a> f\u00f6r v\u00e5ra f\u00f6rs\u00e4ljningsst\u00e4llen.<\/p>\n<\/div><\/div><\/div><\/div><\/div>\n","protected":false},"excerpt":{"rendered":"","protected":false},"author":1,"featured_media":0,"parent":0,"menu_order":0,"comment_status":"closed","ping_status":"closed","template":"100-width.php","meta":{"_acf_changed":false,"footnotes":""},"class_list":["post-6599","page","type-page","status-publish","hentry"],"acf":[],"_links":{"self":[{"href":"https:\/\/oasismilk.com\/sv\/wp-json\/wp\/v2\/pages\/6599","targetHints":{"allow":["GET"]}}],"collection":[{"href":"https:\/\/oasismilk.com\/sv\/wp-json\/wp\/v2\/pages"}],"about":[{"href":"https:\/\/oasismilk.com\/sv\/wp-json\/wp\/v2\/types\/page"}],"author":[{"embeddable":true,"href":"https:\/\/oasismilk.com\/sv\/wp-json\/wp\/v2\/users\/1"}],"replies":[{"embeddable":true,"href":"https:\/\/oasismilk.com\/sv\/wp-json\/wp\/v2\/comments?post=6599"}],"version-history":[{"count":2,"href":"https:\/\/oasismilk.com\/sv\/wp-json\/wp\/v2\/pages\/6599\/revisions"}],"predecessor-version":[{"id":9962,"href":"https:\/\/oasismilk.com\/sv\/wp-json\/wp\/v2\/pages\/6599\/revisions\/9962"}],"wp:attachment":[{"href":"https:\/\/oasismilk.com\/sv\/wp-json\/wp\/v2\/media?parent=6599"}],"curies":[{"name":"wp","href":"https:\/\/api.w.org\/{rel}","templated":true}]}}