{"id":5873,"date":"2024-10-15T14:04:55","date_gmt":"2024-10-15T14:04:55","guid":{"rendered":"https:\/\/oasismilk.com\/?page_id=5873"},"modified":"2024-12-09T08:07:46","modified_gmt":"2024-12-09T08:07:46","slug":"french-toast","status":"publish","type":"page","link":"https:\/\/oasismilk.com\/sv\/recept\/french-toast\/","title":{"rendered":"French toast"},"content":{"rendered":"<div class=\"fusion-fullwidth fullwidth-box fusion-builder-row-1 fusion-flex-container has-pattern-background has-mask-background nonhundred-percent-fullwidth non-hundred-percent-height-scrolling\" style=\"--awb-border-radius-top-left:0px;--awb-border-radius-top-right:0px;--awb-border-radius-bottom-right:0px;--awb-border-radius-bottom-left:0px;--awb-padding-top:40px;--awb-padding-right:15px;--awb-padding-bottom:60px;--awb-padding-left:15px;--awb-flex-wrap:wrap;\" ><div class=\"fusion-builder-row fusion-row fusion-flex-align-items-flex-start fusion-flex-content-wrap\" style=\"max-width:1248px;margin-left: calc(-4% \/ 2 );margin-right: calc(-4% \/ 2 );\"><div class=\"fusion-layout-column fusion_builder_column fusion-builder-column-0 fusion_builder_column_1_1 1_1 fusion-flex-column\" style=\"--awb-bg-size:cover;--awb-width-large:100%;--awb-margin-top-large:0px;--awb-spacing-right-large:1.92%;--awb-margin-bottom-large:0px;--awb-spacing-left-large:1.92%;--awb-width-medium:100%;--awb-order-medium:0;--awb-spacing-right-medium:1.92%;--awb-spacing-left-medium:1.92%;--awb-width-small:100%;--awb-order-small:0;--awb-spacing-right-small:1.92%;--awb-spacing-left-small:1.92%;\"><div class=\"fusion-column-wrapper fusion-column-has-shadow fusion-flex-justify-content-flex-start fusion-content-layout-column\"><div class=\"fusion-title title fusion-title-1 fusion-sep-none fusion-title-text fusion-title-size-one\" style=\"--awb-margin-bottom:40px;--awb-margin-top-small:10px;--awb-margin-right-small:0px;--awb-margin-bottom-small:10px;--awb-margin-left-small:0px;\"><h1 class=\"fusion-title-heading title-heading-left\" style=\"margin:0;\">Kamelmj\u00f6lk French toast<\/h1><\/div><div class=\"fusion-text fusion-text-1\"><p><strong><em> Ingredienser <\/em><\/strong><\/p>\n<ul>\n<li>250 ml kamelmj\u00f6lk<\/li>\n<li>8 skivor vitt br\u00f6d<\/li>\n<li>1 \u00e4gg<\/li>\n<li>2 p\u00e5sar vaniljsocker<\/li>\n<li>1 tsk kanel<\/li>\n<li>40 gram sm\u00f6r<\/li>\n<\/ul>\n<p><strong><em> F\u00f6rberedelse<br \/>\n<\/em><\/strong>Vispa \u00e4gg, vaniljsocker, kanel och kamelmj\u00f6lk i en djup tallrik. Doppa br\u00f6dskivorna 1 och 1 i \u00e4ggblandningen och stapla dem p\u00e5 en tallrik. H\u00e4ll resten av \u00e4ggblandningen \u00f6ver br\u00f6dbunten. L\u00e5t det absorberas en stund. Hetta upp h\u00e4lften av sm\u00f6ret i en stekpanna och stek h\u00e4lften av den franska toasten i 5 minuter tills den \u00e4r gyllenbrun. V\u00e4nd dem halvv\u00e4gs. Ta bort dem fr\u00e5n pannan, v\u00e4rm resten av sm\u00f6ret och stek resten av French toast tills de \u00e4r gyllenbruna.<\/p>\n<p>Har du ocks\u00e5 gjort ett l\u00e4ckert recept med kamelmj\u00f6lk eller kamelmj\u00f6lkspulver? Skicka sedan ditt recept och en bild p\u00e5 slutresultatet till\u00a0<a href=\"mailto:info@oasismilk.com\">info@oasismilk.com<\/a>.<\/p>\n<\/div><\/div><\/div><\/div><\/div>\n","protected":false},"excerpt":{"rendered":"","protected":false},"author":1,"featured_media":0,"parent":5853,"menu_order":0,"comment_status":"closed","ping_status":"closed","template":"100-width.php","meta":{"_acf_changed":false,"footnotes":""},"class_list":["post-5873","page","type-page","status-publish","hentry"],"acf":[],"_links":{"self":[{"href":"https:\/\/oasismilk.com\/sv\/wp-json\/wp\/v2\/pages\/5873","targetHints":{"allow":["GET"]}}],"collection":[{"href":"https:\/\/oasismilk.com\/sv\/wp-json\/wp\/v2\/pages"}],"about":[{"href":"https:\/\/oasismilk.com\/sv\/wp-json\/wp\/v2\/types\/page"}],"author":[{"embeddable":true,"href":"https:\/\/oasismilk.com\/sv\/wp-json\/wp\/v2\/users\/1"}],"replies":[{"embeddable":true,"href":"https:\/\/oasismilk.com\/sv\/wp-json\/wp\/v2\/comments?post=5873"}],"version-history":[{"count":0,"href":"https:\/\/oasismilk.com\/sv\/wp-json\/wp\/v2\/pages\/5873\/revisions"}],"up":[{"embeddable":true,"href":"https:\/\/oasismilk.com\/sv\/wp-json\/wp\/v2\/pages\/5853"}],"wp:attachment":[{"href":"https:\/\/oasismilk.com\/sv\/wp-json\/wp\/v2\/media?parent=5873"}],"curies":[{"name":"wp","href":"https:\/\/api.w.org\/{rel}","templated":true}]}}