{"id":5871,"date":"2024-10-15T14:01:58","date_gmt":"2024-10-15T14:01:58","guid":{"rendered":"https:\/\/oasismilk.com\/?page_id=5871"},"modified":"2024-12-09T08:05:35","modified_gmt":"2024-12-09T08:05:35","slug":"pannkaka","status":"publish","type":"page","link":"https:\/\/oasismilk.com\/sv\/recept\/pannkaka\/","title":{"rendered":"Pannkakor"},"content":{"rendered":"<div class=\"fusion-fullwidth fullwidth-box fusion-builder-row-1 fusion-flex-container has-pattern-background has-mask-background nonhundred-percent-fullwidth non-hundred-percent-height-scrolling\" style=\"--awb-border-radius-top-left:0px;--awb-border-radius-top-right:0px;--awb-border-radius-bottom-right:0px;--awb-border-radius-bottom-left:0px;--awb-padding-top:40px;--awb-padding-right:15px;--awb-padding-bottom:60px;--awb-padding-left:15px;--awb-flex-wrap:wrap;\" ><div class=\"fusion-builder-row fusion-row fusion-flex-align-items-flex-start fusion-flex-content-wrap\" style=\"max-width:1248px;margin-left: calc(-4% \/ 2 );margin-right: calc(-4% \/ 2 );\"><div class=\"fusion-layout-column fusion_builder_column fusion-builder-column-0 fusion_builder_column_1_1 1_1 fusion-flex-column\" style=\"--awb-bg-size:cover;--awb-width-large:100%;--awb-margin-top-large:0px;--awb-spacing-right-large:1.92%;--awb-margin-bottom-large:0px;--awb-spacing-left-large:1.92%;--awb-width-medium:100%;--awb-order-medium:0;--awb-spacing-right-medium:1.92%;--awb-spacing-left-medium:1.92%;--awb-width-small:100%;--awb-order-small:0;--awb-spacing-right-small:1.92%;--awb-spacing-left-small:1.92%;\"><div class=\"fusion-column-wrapper fusion-column-has-shadow fusion-flex-justify-content-flex-start fusion-content-layout-column\"><div class=\"fusion-title title fusion-title-1 fusion-sep-none fusion-title-text fusion-title-size-one\" style=\"--awb-margin-bottom:40px;--awb-margin-top-small:10px;--awb-margin-right-small:0px;--awb-margin-bottom-small:10px;--awb-margin-left-small:0px;\"><h1 class=\"fusion-title-heading title-heading-left\" style=\"margin:0;\">Pannkakor gjorda med kamelmj\u00f6lk<\/h1><\/div><div class=\"fusion-text fusion-text-1\"><p><strong><em> Ingredienser\u00a0<\/em><\/strong>(f\u00f6r 7-10 pannkakor)<\/p>\n<ul>\n<li>200 gram mj\u00f6l<\/li>\n<li>1\/2 liter kamelmj\u00f6lk<\/li>\n<li>30 gram fint socker<\/li>\n<li>1 f\u00f6rpackning vaniljsocker<\/li>\n<li>4 \u00e4gg<\/li>\n<li>skv\u00e4tt solrosolja<\/li>\n<li>sm\u00f6r<\/li>\n<\/ul>\n<p><strong><em> Beredningsmetod<br \/>\n<\/em><\/strong>L\u00e4gg mj\u00f6l, socker och vaniljsocker, \u00e4gg, kamelmj\u00f6lk och en liten skv\u00e4tt solrosolja i en sk\u00e5l och mixa med en stavmixer eller en visp tills en sl\u00e4t smet erh\u00e5lls.<\/p>\n<p>Se till att din panna \u00e4r fin och varm innan du b\u00f6rjar steka, f\u00f6r det \u00e4r redan lite olja i smeten, du beh\u00f6ver mindre fett f\u00f6r att steka. N\u00e4r pannan \u00e4r varm kan du l\u00e4gga till lite sm\u00f6r i pannan och b\u00f6rja gr\u00e4dda. Om du ska baka en hel bunt pannkakor \u00e4r det b\u00e4st att t\u00e4cka bunten med ett lock eller en omv\u00e4nd pl\u00e5t f\u00f6r att h\u00e5lla dem varma.<\/p>\n<p>Har du ocks\u00e5 gjort ett l\u00e4ckert recept med kamelmj\u00f6lk eller kamelmj\u00f6lkspulver? Skicka sedan ditt recept och en bild p\u00e5 slutresultatet till\u00a0<a title=\"info@oasismilk.com\" href=\"mailto:info@oasismilk.com\">info@oasismilk.com<\/a>.<\/p>\n<\/div><\/div><\/div><\/div><\/div>\n","protected":false},"excerpt":{"rendered":"","protected":false},"author":1,"featured_media":0,"parent":5853,"menu_order":0,"comment_status":"closed","ping_status":"closed","template":"100-width.php","meta":{"_acf_changed":false,"footnotes":""},"class_list":["post-5871","page","type-page","status-publish","hentry"],"acf":[],"_links":{"self":[{"href":"https:\/\/oasismilk.com\/sv\/wp-json\/wp\/v2\/pages\/5871","targetHints":{"allow":["GET"]}}],"collection":[{"href":"https:\/\/oasismilk.com\/sv\/wp-json\/wp\/v2\/pages"}],"about":[{"href":"https:\/\/oasismilk.com\/sv\/wp-json\/wp\/v2\/types\/page"}],"author":[{"embeddable":true,"href":"https:\/\/oasismilk.com\/sv\/wp-json\/wp\/v2\/users\/1"}],"replies":[{"embeddable":true,"href":"https:\/\/oasismilk.com\/sv\/wp-json\/wp\/v2\/comments?post=5871"}],"version-history":[{"count":0,"href":"https:\/\/oasismilk.com\/sv\/wp-json\/wp\/v2\/pages\/5871\/revisions"}],"up":[{"embeddable":true,"href":"https:\/\/oasismilk.com\/sv\/wp-json\/wp\/v2\/pages\/5853"}],"wp:attachment":[{"href":"https:\/\/oasismilk.com\/sv\/wp-json\/wp\/v2\/media?parent=5871"}],"curies":[{"name":"wp","href":"https:\/\/api.w.org\/{rel}","templated":true}]}}