{"id":5869,"date":"2024-10-15T14:03:32","date_gmt":"2024-10-15T14:03:32","guid":{"rendered":"https:\/\/oasismilk.com\/?page_id=5869"},"modified":"2024-12-09T08:00:44","modified_gmt":"2024-12-09T08:00:44","slug":"muffins","status":"publish","type":"page","link":"https:\/\/oasismilk.com\/sv\/recept\/muffins\/","title":{"rendered":"Muffins"},"content":{"rendered":"<div class=\"fusion-fullwidth fullwidth-box fusion-builder-row-1 fusion-flex-container has-pattern-background has-mask-background nonhundred-percent-fullwidth non-hundred-percent-height-scrolling\" style=\"--awb-border-radius-top-left:0px;--awb-border-radius-top-right:0px;--awb-border-radius-bottom-right:0px;--awb-border-radius-bottom-left:0px;--awb-padding-top:40px;--awb-padding-right:15px;--awb-padding-bottom:60px;--awb-padding-left:15px;--awb-flex-wrap:wrap;\" ><div class=\"fusion-builder-row fusion-row fusion-flex-align-items-flex-start fusion-flex-content-wrap\" style=\"max-width:1248px;margin-left: calc(-4% \/ 2 );margin-right: calc(-4% \/ 2 );\"><div class=\"fusion-layout-column fusion_builder_column fusion-builder-column-0 fusion_builder_column_1_1 1_1 fusion-flex-column\" style=\"--awb-bg-size:cover;--awb-width-large:100%;--awb-margin-top-large:0px;--awb-spacing-right-large:1.92%;--awb-margin-bottom-large:0px;--awb-spacing-left-large:1.92%;--awb-width-medium:100%;--awb-order-medium:0;--awb-spacing-right-medium:1.92%;--awb-spacing-left-medium:1.92%;--awb-width-small:100%;--awb-order-small:0;--awb-spacing-right-small:1.92%;--awb-spacing-left-small:1.92%;\"><div class=\"fusion-column-wrapper fusion-column-has-shadow fusion-flex-justify-content-flex-start fusion-content-layout-column\"><div class=\"fusion-title title fusion-title-1 fusion-sep-none fusion-title-text fusion-title-size-one\" style=\"--awb-margin-bottom:40px;--awb-margin-top-small:10px;--awb-margin-right-small:0px;--awb-margin-bottom-small:10px;--awb-margin-left-small:0px;\"><h1 class=\"fusion-title-heading title-heading-left\" style=\"margin:0;\">Muffins gjorda p\u00e5 kamelmj\u00f6lk<\/h1><\/div><div class=\"fusion-text fusion-text-1\"><p><strong><em> Ingredienser\u00a0<\/em><\/strong><em>(f\u00f6r ca 12 muffins)<\/em><\/p>\n<ul>\n<li>150 gram sm\u00f6r<\/li>\n<li>70 gram bitter kakaopulver<\/li>\n<li>100 gram m\u00f6rk choklad, skuren i bitar<\/li>\n<li>300 gram mj\u00f6l<\/li>\n<li>180 milliliter kamelmj\u00f6lk (gjord av mj\u00f6lkpulver)<\/li>\n<li>6 gram bakpulver<\/li>\n<li>1 gram salt<\/li>\n<li>4 \u00e4gg<\/li>\n<li>300 gram socker<\/li>\n<li>100 gram dadlar<\/li>\n<\/ul>\n<p><strong><em>Beredningsmetod<br \/>\n<\/em><\/strong>Sm\u00e4lt sm\u00f6ret och blanda det med sockret tills det blir fluffigt. Tills\u00e4tt \u00e4ggen ett och ett och blanda i n\u00e5gra minuter. I en annan sk\u00e5l, blanda mj\u00f6l, kakaopulver, bakpulver och salt. Kombinera b\u00e5da blandningarna och tills\u00e4tt kamelmj\u00f6lken och blanda tills det blandas. R\u00f6r till sist ner chokladbitarna och dadlarna. L\u00e4gg blandningen i sm\u00e5 kakformar och gr\u00e4dda i 30 minuter i en f\u00f6rv\u00e4rmd ugn p\u00e5 180 grader.<\/p>\n<p>Har du ocks\u00e5 gjort ett l\u00e4ckert recept med kamelmj\u00f6lk eller kamelmj\u00f6lkspulver? Skicka sedan ditt recept och en bild p\u00e5 slutresultatet till\u00a0<a href=\"mailto:info@oasismilk.com\">info@oasismilk.com<\/a>.<\/p>\n<\/div><\/div><\/div><\/div><\/div>\n","protected":false},"excerpt":{"rendered":"","protected":false},"author":1,"featured_media":0,"parent":5853,"menu_order":0,"comment_status":"closed","ping_status":"closed","template":"100-width.php","meta":{"_acf_changed":false,"footnotes":""},"class_list":["post-5869","page","type-page","status-publish","hentry"],"acf":[],"_links":{"self":[{"href":"https:\/\/oasismilk.com\/sv\/wp-json\/wp\/v2\/pages\/5869","targetHints":{"allow":["GET"]}}],"collection":[{"href":"https:\/\/oasismilk.com\/sv\/wp-json\/wp\/v2\/pages"}],"about":[{"href":"https:\/\/oasismilk.com\/sv\/wp-json\/wp\/v2\/types\/page"}],"author":[{"embeddable":true,"href":"https:\/\/oasismilk.com\/sv\/wp-json\/wp\/v2\/users\/1"}],"replies":[{"embeddable":true,"href":"https:\/\/oasismilk.com\/sv\/wp-json\/wp\/v2\/comments?post=5869"}],"version-history":[{"count":0,"href":"https:\/\/oasismilk.com\/sv\/wp-json\/wp\/v2\/pages\/5869\/revisions"}],"up":[{"embeddable":true,"href":"https:\/\/oasismilk.com\/sv\/wp-json\/wp\/v2\/pages\/5853"}],"wp:attachment":[{"href":"https:\/\/oasismilk.com\/sv\/wp-json\/wp\/v2\/media?parent=5869"}],"curies":[{"name":"wp","href":"https:\/\/api.w.org\/{rel}","templated":true}]}}