{"id":5866,"date":"2024-10-15T14:02:55","date_gmt":"2024-10-15T14:02:55","guid":{"rendered":"https:\/\/oasismilk.com\/?page_id=5866"},"modified":"2024-12-09T07:58:17","modified_gmt":"2024-12-09T07:58:17","slug":"chipolatopudding","status":"publish","type":"page","link":"https:\/\/oasismilk.com\/sv\/recept\/chipolatopudding\/","title":{"rendered":"Chipolatopudding"},"content":{"rendered":"<div class=\"fusion-fullwidth fullwidth-box fusion-builder-row-1 fusion-flex-container has-pattern-background has-mask-background nonhundred-percent-fullwidth non-hundred-percent-height-scrolling\" style=\"--awb-border-radius-top-left:0px;--awb-border-radius-top-right:0px;--awb-border-radius-bottom-right:0px;--awb-border-radius-bottom-left:0px;--awb-padding-top:40px;--awb-padding-right:15px;--awb-padding-bottom:60px;--awb-padding-left:15px;--awb-flex-wrap:wrap;\" ><div class=\"fusion-builder-row fusion-row fusion-flex-align-items-flex-start fusion-flex-content-wrap\" style=\"max-width:1248px;margin-left: calc(-4% \/ 2 );margin-right: calc(-4% \/ 2 );\"><div class=\"fusion-layout-column fusion_builder_column fusion-builder-column-0 fusion_builder_column_1_1 1_1 fusion-flex-column\" style=\"--awb-bg-size:cover;--awb-width-large:100%;--awb-margin-top-large:0px;--awb-spacing-right-large:1.92%;--awb-margin-bottom-large:0px;--awb-spacing-left-large:1.92%;--awb-width-medium:100%;--awb-order-medium:0;--awb-spacing-right-medium:1.92%;--awb-spacing-left-medium:1.92%;--awb-width-small:100%;--awb-order-small:0;--awb-spacing-right-small:1.92%;--awb-spacing-left-small:1.92%;\"><div class=\"fusion-column-wrapper fusion-column-has-shadow fusion-flex-justify-content-flex-start fusion-content-layout-column\"><div class=\"fusion-title title fusion-title-1 fusion-sep-none fusion-title-text fusion-title-size-one\" style=\"--awb-margin-bottom:40px;--awb-margin-top-small:10px;--awb-margin-right-small:0px;--awb-margin-bottom-small:10px;--awb-margin-left-small:0px;\"><h1 class=\"fusion-title-heading title-heading-left\" style=\"margin:0;\">Chipolatopudding gjord p\u00e5 kamelmj\u00f6lk och kamelmj\u00f6lkslik\u00f6r<\/h1><\/div><div class=\"fusion-text fusion-text-1\"><p><strong><em> Ingredienser\u00a0<\/em><\/strong><em>(f\u00f6r 1 liter pudding, ca 4 portioner)<\/em><\/p>\n<ul>\n<li>750 ml kamelmj\u00f6lk eller kamelmj\u00f6lk fr\u00e5n kamelmj\u00f6lkspulver<\/li>\n<li>100 g socker<\/li>\n<li>7 blad vitt gelatin<\/li>\n<li>3 \u00e4ggulor<\/li>\n<li>1 p\u00e5se vaniljpulver<\/li>\n<li>50 g russin, r\u00e5a<\/li>\n<li>100 g choklad i bitar<\/li>\n<li>100 g makroner, hackade i sm\u00e5 bitar<\/li>\n<li>10 matskedar kamelmj\u00f6lkslik\u00f6r<\/li>\n<li>1 paket ladyfingers<\/li>\n<\/ul>\n<p><strong><em> F\u00f6rberedelse<br \/>\n<\/em><\/strong>V\u00e4rm kamelmj\u00f6lken och vaniljpulvret i en kastrull i 10 minuter och l\u00e5t dra f\u00f6rsiktigt. Bl\u00f6tl\u00e4gg gelatinet i en sk\u00e5l med kallt vatten i 10 minuter. Str\u00f6 \u00f6ver makroner, russin och choklad i en sk\u00e5l med kamelmj\u00f6lkslik\u00f6ren. Vispa \u00e4ggulorna med sockret tills det skummar. Vispa ner lite varm mj\u00f6lk i guleblandningen och tills\u00e4tt sedan guleblandningen till den varma mj\u00f6lken under omr\u00f6rning. V\u00e4rm upp helt under omr\u00f6rning, l\u00e5t det inte koka, tills det bildas en tjock vaniljs\u00e5s. Ta kastrullen fr\u00e5n v\u00e4rmen och r\u00f6r ner det utpressade gelatinet i vaniljs\u00e5sen. L\u00e5t vaniljs\u00e5sen svalna tills den blir gel\u00e9lik. R\u00f6r f\u00f6rsiktigt ner blandningen av macaroons, russin, choklad och kamelmj\u00f6lkslik\u00f6r. H\u00e4ll blandningen i en puddingform och t\u00e4ck formen med svampfingrar.<\/p>\n<p>Har du ocks\u00e5 gjort ett l\u00e4ckert recept med kamelmj\u00f6lk eller kamelmj\u00f6lkspulver? Skicka sedan ditt recept och en bild p\u00e5 slutresultatet till\u00a0<a href=\"mailto:info@oasismilk.com\">info@oasismilk.com<\/a>.<\/p>\n<\/div><\/div><\/div><\/div><\/div>\n","protected":false},"excerpt":{"rendered":"","protected":false},"author":1,"featured_media":0,"parent":5853,"menu_order":0,"comment_status":"closed","ping_status":"closed","template":"100-width.php","meta":{"_acf_changed":false,"footnotes":""},"class_list":["post-5866","page","type-page","status-publish","hentry"],"acf":[],"_links":{"self":[{"href":"https:\/\/oasismilk.com\/sv\/wp-json\/wp\/v2\/pages\/5866","targetHints":{"allow":["GET"]}}],"collection":[{"href":"https:\/\/oasismilk.com\/sv\/wp-json\/wp\/v2\/pages"}],"about":[{"href":"https:\/\/oasismilk.com\/sv\/wp-json\/wp\/v2\/types\/page"}],"author":[{"embeddable":true,"href":"https:\/\/oasismilk.com\/sv\/wp-json\/wp\/v2\/users\/1"}],"replies":[{"embeddable":true,"href":"https:\/\/oasismilk.com\/sv\/wp-json\/wp\/v2\/comments?post=5866"}],"version-history":[{"count":0,"href":"https:\/\/oasismilk.com\/sv\/wp-json\/wp\/v2\/pages\/5866\/revisions"}],"up":[{"embeddable":true,"href":"https:\/\/oasismilk.com\/sv\/wp-json\/wp\/v2\/pages\/5853"}],"wp:attachment":[{"href":"https:\/\/oasismilk.com\/sv\/wp-json\/wp\/v2\/media?parent=5866"}],"curies":[{"name":"wp","href":"https:\/\/api.w.org\/{rel}","templated":true}]}}