{"id":5599,"date":"2024-10-11T13:39:45","date_gmt":"2024-10-11T13:39:45","guid":{"rendered":"https:\/\/oasismilk.com\/?page_id=5599"},"modified":"2024-12-09T07:50:59","modified_gmt":"2024-12-09T07:50:59","slug":"varukorg","status":"publish","type":"page","link":"https:\/\/oasismilk.com\/sv\/varukorg\/","title":{"rendered":"Varukorg"},"content":{"rendered":"\r\n<div data-block-name=\"woocommerce\/cart\" class=\"wp-block-woocommerce-cart alignwide is-loading\">\r\n<div data-block-name=\"woocommerce\/filled-cart-block\" class=\"wp-block-woocommerce-filled-cart-block\">\r\n<div data-block-name=\"woocommerce\/cart-items-block\" class=\"wp-block-woocommerce-cart-items-block\">\r\n<div data-block-name=\"woocommerce\/cart-line-items-block\" class=\"wp-block-woocommerce-cart-line-items-block\">\u00a0<\/div>\r\n\r\n\r\n\r\n<div data-block-name=\"woocommerce\/cart-cross-sells-block\" class=\"wp-block-woocommerce-cart-cross-sells-block\">\r\n<h2 class=\"wp-block-heading has-large-font-size\">Kanske \u00e4r du intresserad av&#8230;<\/h2>\r\n\r\n\r\n\r\n<div data-block-name=\"woocommerce\/cart-cross-sells-products-block\" class=\"wp-block-woocommerce-cart-cross-sells-products-block\">\u00a0<\/div>\r\n<\/div>\r\n<\/div>\r\n\r\n\r\n\r\n<div data-block-name=\"woocommerce\/cart-totals-block\" class=\"wp-block-woocommerce-cart-totals-block\">\r\n<div data-block-name=\"woocommerce\/cart-order-summary-block\" class=\"wp-block-woocommerce-cart-order-summary-block\">\r\n<div data-block-name=\"woocommerce\/cart-order-summary-heading-block\" class=\"wp-block-woocommerce-cart-order-summary-heading-block\">\u00a0<\/div>\r\n\r\n\r\n\r\n<div data-block-name=\"woocommerce\/cart-order-summary-coupon-form-block\" class=\"wp-block-woocommerce-cart-order-summary-coupon-form-block\">\u00a0<\/div>\r\n\r\n\r\n\r\n\r\n\r\n\r\n\r\n\r\n\r\n\r\n\r\n\r\n\r\n\r\n\r\n\r\n\r\n\r\n\r\n<div data-block-name=\"woocommerce\/cart-order-summary-totals-block\" class=\"wp-block-woocommerce-cart-order-summary-totals-block\">\n<div data-block-name=\"woocommerce\/cart-order-summary-subtotal-block\" class=\"wp-block-woocommerce-cart-order-summary-subtotal-block\">\u00a0<\/div>\n<div data-block-name=\"woocommerce\/cart-order-summary-discount-block\" class=\"wp-block-woocommerce-cart-order-summary-discount-block\">\u00a0<\/div>\n<div data-block-name=\"woocommerce\/cart-order-summary-fee-block\" class=\"wp-block-woocommerce-cart-order-summary-fee-block\">\u00a0<\/div>\n<div data-block-name=\"woocommerce\/cart-order-summary-shipping-block\" class=\"wp-block-woocommerce-cart-order-summary-shipping-block\">\u00a0<\/div>\n<div data-block-name=\"woocommerce\/cart-order-summary-taxes-block\" class=\"wp-block-woocommerce-cart-order-summary-taxes-block\">\u00a0<\/div><\/div>\r\n<\/div>\r\n\r\n\r\n\r\n<div data-block-name=\"woocommerce\/cart-express-payment-block\" class=\"wp-block-woocommerce-cart-express-payment-block\">\u00a0<\/div>\r\n\r\n\r\n\r\n<div data-block-name=\"woocommerce\/proceed-to-checkout-block\" class=\"wp-block-woocommerce-proceed-to-checkout-block\">\u00a0<\/div>\r\n\r\n\r\n\r\n<div data-block-name=\"woocommerce\/cart-accepted-payment-methods-block\" class=\"wp-block-woocommerce-cart-accepted-payment-methods-block\">\u00a0<\/div>\r\n<\/div>\r\n<\/div>\r\n\r\n\r\n\r\n<div data-block-name=\"woocommerce\/empty-cart-block\" class=\"wp-block-woocommerce-empty-cart-block\">\r\n<h2 class=\"wp-block-heading has-text-align-center with-empty-cart-icon wc-block-cart__empty-cart__title\">Din varukorg \u00e4r f\u00f6r n\u00e4rvarande tom!<\/h2>\r\n\r\n\r\n<hr class=\"wp-block-separator has-alpha-channel-opacity is-style-dots\" \/>\r\n\r\n\r\n<h2 class=\"wp-block-heading has-text-align-center\">Nytt i butiken<\/h2>\r\n\r\n\r\n<div data-block-name=\"woocommerce\/product-new\" data-columns=\"4\" data-rows=\"1\" class=\"wc-block-grid wp-block-product-new wp-block-woocommerce-product-new wc-block-product-new has-4-columns\"><ul class=\"wc-block-grid__products\"><li class=\"wc-block-grid__product\"><span class=\"gtm4wp_productdata\" style=\"display:none; visibility:hidden;\" data-gtm4wp_product_data=\"{&quot;internal_id&quot;:9147,&quot;item_id&quot;:9147,&quot;item_name&quot;:&quot;Kamelmj\\u00f6lk tv\\u00e5l liten&quot;,&quot;sku&quot;:&quot;435135410494&quot;,&quot;price&quot;:28.78,&quot;stocklevel&quot;:null,&quot;stockstatus&quot;:&quot;instock&quot;,&quot;google_business_vertical&quot;:&quot;retail&quot;,&quot;item_category&quot;:&quot;Andra kamelprodukter&quot;,&quot;id&quot;:9147,&quot;productlink&quot;:&quot;https:\\\/\\\/oasismilk.com\\\/sv\\\/produkt\\\/kamelmjolk-tval-liten\\\/&quot;,&quot;item_list_name&quot;:&quot;General Product List&quot;,&quot;index&quot;:0,&quot;product_type&quot;:&quot;simple&quot;,&quot;item_brand&quot;:&quot;&quot;}\"><\/span> \n\t\t\t\t<a href=\"https:\/\/oasismilk.com\/sv\/produkt\/kamelmjolk-tval-liten\/\" class=\"wc-block-grid__product-link\">\n                    \n\t\t\t\t\t<div class=\"wc-block-grid__product-image\"><img decoding=\"async\" width=\"500\" height=\"333\" src=\"https:\/\/oasismilk.com\/wp-content\/uploads\/2025\/09\/zeepje-3-500x333.jpg\" class=\"attachment-woocommerce_thumbnail size-woocommerce_thumbnail lazyload\" alt=\"Kamelmj\u00f6lk tv\u00e5l liten\" srcset=\"data:image\/svg+xml,%3Csvg%20xmlns%3D%27http%3A%2F%2Fwww.w3.org%2F2000%2Fsvg%27%20width%3D%272560%27%20height%3D%271707%27%20viewBox%3D%270%200%202560%201707%27%3E%3Crect%20width%3D%272560%27%20height%3D%271707%27%20fill-opacity%3D%220%22%2F%3E%3C%2Fsvg%3E\" data-orig-src=\"https:\/\/oasismilk.com\/wp-content\/uploads\/2025\/09\/zeepje-3-500x333.jpg\" data-srcset=\"https:\/\/oasismilk.com\/wp-content\/uploads\/2025\/09\/zeepje-3-60x40.jpg 60w, https:\/\/oasismilk.com\/wp-content\/uploads\/2025\/09\/zeepje-3-200x133.jpg 200w, https:\/\/oasismilk.com\/wp-content\/uploads\/2025\/09\/zeepje-3-300x200.jpg 300w, https:\/\/oasismilk.com\/wp-content\/uploads\/2025\/09\/zeepje-3-400x267.jpg 400w, https:\/\/oasismilk.com\/wp-content\/uploads\/2025\/09\/zeepje-3-500x333.jpg 500w, https:\/\/oasismilk.com\/wp-content\/uploads\/2025\/09\/zeepje-3-600x400.jpg 600w, https:\/\/oasismilk.com\/wp-content\/uploads\/2025\/09\/zeepje-3-700x467.jpg 700w, https:\/\/oasismilk.com\/wp-content\/uploads\/2025\/09\/zeepje-3-768x512.jpg 768w, https:\/\/oasismilk.com\/wp-content\/uploads\/2025\/09\/zeepje-3-800x533.jpg 800w, https:\/\/oasismilk.com\/wp-content\/uploads\/2025\/09\/zeepje-3-1024x683.jpg 1024w, https:\/\/oasismilk.com\/wp-content\/uploads\/2025\/09\/zeepje-3-1200x800.jpg 1200w, https:\/\/oasismilk.com\/wp-content\/uploads\/2025\/09\/zeepje-3-1536x1024.jpg 1536w\" data-sizes=\"auto\" \/><\/div>\n\t\t\t\t\t<div class=\"wc-block-grid__product-title\">Kamelmj\u00f6lk tv\u00e5l liten<\/div>\n\t\t\t\t<\/a>\n\t\t\t\t\n\t\t\t\t<div class=\"wc-block-grid__product-price price\"><span class=\"woocommerce-Price-amount amount\"><span class=\"woocommerce-Price-currencySymbol\">&#107;&#114;<\/span>&nbsp;28,78<\/span><p class=\"stock in-stock in_stock_color woo-custom-stock-status\">I lager<\/p><\/div>\n\t\t\t\t\n\t\t\t\t<div class=\"wp-block-button wc-block-grid__product-add-to-cart\"><a href=\"\/sv\/wp-json\/wp\/v2\/pages\/5599?add-to-cart=9147\" aria-label=\"L\u00e4gg till i varukorgen: &quot;Kamelmj\u00f6lk tv\u00e5l liten&quot;\" data-quantity=\"1\" data-product_id=\"9147\" data-product_sku=\"435135410494\" data-price=\"28.78\" rel=\"nofollow\" class=\"wp-block-button__link  add_to_cart_button ajax_add_to_cart\">L\u00e4gg till i varukorgen<\/a><\/div>\n\t\t\t<\/li><li class=\"wc-block-grid__product\"><span class=\"gtm4wp_productdata\" style=\"display:none; visibility:hidden;\" data-gtm4wp_product_data=\"{&quot;internal_id&quot;:6610,&quot;item_id&quot;:6610,&quot;item_name&quot;:&quot;Presentkort p\\u00e5 kamelsafari&quot;,&quot;sku&quot;:&quot;7435135412443&quot;,&quot;price&quot;:201.43,&quot;stocklevel&quot;:null,&quot;stockstatus&quot;:&quot;instock&quot;,&quot;google_business_vertical&quot;:&quot;retail&quot;,&quot;item_category&quot;:&quot;G\\u00e5vor&quot;,&quot;id&quot;:6610,&quot;productlink&quot;:&quot;https:\\\/\\\/oasismilk.com\\\/sv\\\/produkt\\\/presentkort-pa-kamelsafari\\\/&quot;,&quot;item_list_name&quot;:&quot;General Product List&quot;,&quot;index&quot;:0,&quot;product_type&quot;:&quot;simple&quot;,&quot;item_brand&quot;:&quot;&quot;}\"><\/span> \n\t\t\t\t<a href=\"https:\/\/oasismilk.com\/sv\/produkt\/presentkort-pa-kamelsafari\/\" class=\"wc-block-grid__product-link\">\n                    \n\t\t\t\t\t<div class=\"wc-block-grid__product-image\"><img decoding=\"async\" width=\"500\" height=\"500\" src=\"https:\/\/oasismilk.com\/wp-content\/uploads\/2024\/12\/presentkort-kamelsafari-oasis-milk-500x500.jpg\" class=\"attachment-woocommerce_thumbnail size-woocommerce_thumbnail lazyload\" alt=\"Presentkort p\u00e5 kamelsafariOasis Milk\" srcset=\"data:image\/svg+xml,%3Csvg%20xmlns%3D%27http%3A%2F%2Fwww.w3.org%2F2000%2Fsvg%27%20width%3D%271500%27%20height%3D%271500%27%20viewBox%3D%270%200%201500%201500%27%3E%3Crect%20width%3D%271500%27%20height%3D%271500%27%20fill-opacity%3D%220%22%2F%3E%3C%2Fsvg%3E\" data-orig-src=\"https:\/\/oasismilk.com\/wp-content\/uploads\/2024\/12\/presentkort-kamelsafari-oasis-milk-500x500.jpg\" data-srcset=\"https:\/\/oasismilk.com\/wp-content\/uploads\/2024\/12\/presentkort-kamelsafari-oasis-milk-66x66.jpg 66w, https:\/\/oasismilk.com\/wp-content\/uploads\/2024\/12\/presentkort-kamelsafari-oasis-milk-150x150.jpg 150w, https:\/\/oasismilk.com\/wp-content\/uploads\/2024\/12\/presentkort-kamelsafari-oasis-milk-200x200.jpg 200w, https:\/\/oasismilk.com\/wp-content\/uploads\/2024\/12\/presentkort-kamelsafari-oasis-milk-300x300.jpg 300w, https:\/\/oasismilk.com\/wp-content\/uploads\/2024\/12\/presentkort-kamelsafari-oasis-milk-400x400.jpg 400w, https:\/\/oasismilk.com\/wp-content\/uploads\/2024\/12\/presentkort-kamelsafari-oasis-milk-500x500.jpg 500w, https:\/\/oasismilk.com\/wp-content\/uploads\/2024\/12\/presentkort-kamelsafari-oasis-milk-600x600.jpg 600w, https:\/\/oasismilk.com\/wp-content\/uploads\/2024\/12\/presentkort-kamelsafari-oasis-milk-700x700.jpg 700w, https:\/\/oasismilk.com\/wp-content\/uploads\/2024\/12\/presentkort-kamelsafari-oasis-milk-768x768.jpg 768w, https:\/\/oasismilk.com\/wp-content\/uploads\/2024\/12\/presentkort-kamelsafari-oasis-milk-800x800.jpg 800w, https:\/\/oasismilk.com\/wp-content\/uploads\/2024\/12\/presentkort-kamelsafari-oasis-milk-1024x1024.jpg 1024w, https:\/\/oasismilk.com\/wp-content\/uploads\/2024\/12\/presentkort-kamelsafari-oasis-milk-1200x1200.jpg 1200w, https:\/\/oasismilk.com\/wp-content\/uploads\/2024\/12\/presentkort-kamelsafari-oasis-milk.jpg 1500w\" data-sizes=\"auto\" \/><\/div>\n\t\t\t\t\t<div class=\"wc-block-grid__product-title\">Presentkort p\u00e5 kamelsafari<\/div>\n\t\t\t\t<\/a>\n\t\t\t\t\n\t\t\t\t<div class=\"wc-block-grid__product-price price\"><span class=\"woocommerce-Price-amount amount\"><span class=\"woocommerce-Price-currencySymbol\">&#107;&#114;<\/span>&nbsp;201,43<\/span><p class=\"stock in-stock in_stock_color woo-custom-stock-status\">I lager<\/p><\/div>\n\t\t\t\t\n\t\t\t\t<div class=\"wp-block-button wc-block-grid__product-add-to-cart\"><a href=\"\/sv\/wp-json\/wp\/v2\/pages\/5599?add-to-cart=6610\" aria-label=\"L\u00e4gg till i varukorgen: &quot;Presentkort p\u00e5 kamelsafari&quot;\" data-quantity=\"1\" data-product_id=\"6610\" data-product_sku=\"7435135412443\" data-price=\"201.43\" rel=\"nofollow\" class=\"wp-block-button__link  add_to_cart_button ajax_add_to_cart\">L\u00e4gg till i varukorgen<\/a><\/div>\n\t\t\t<\/li><li class=\"wc-block-grid__product\"><span class=\"gtm4wp_productdata\" style=\"display:none; visibility:hidden;\" data-gtm4wp_product_data=\"{&quot;internal_id&quot;:6608,&quot;item_id&quot;:6608,&quot;item_name&quot;:&quot;Kamelmj\\u00f6lkschoklad&quot;,&quot;sku&quot;:&quot;7435135411415&quot;,&quot;price&quot;:143.88,&quot;stocklevel&quot;:null,&quot;stockstatus&quot;:&quot;instock&quot;,&quot;google_business_vertical&quot;:&quot;retail&quot;,&quot;item_category&quot;:&quot;Andra kamelprodukter&quot;,&quot;id&quot;:6608,&quot;productlink&quot;:&quot;https:\\\/\\\/oasismilk.com\\\/sv\\\/produkt\\\/kamelmjolkschoklad\\\/&quot;,&quot;item_list_name&quot;:&quot;General Product List&quot;,&quot;index&quot;:0,&quot;product_type&quot;:&quot;simple&quot;,&quot;item_brand&quot;:&quot;&quot;}\"><\/span> \n\t\t\t\t<a href=\"https:\/\/oasismilk.com\/sv\/produkt\/kamelmjolkschoklad\/\" class=\"wc-block-grid__product-link\">\n                    \n\t\t\t\t\t<div class=\"wc-block-grid__product-image\"><img decoding=\"async\" width=\"500\" height=\"500\" src=\"https:\/\/oasismilk.com\/wp-content\/uploads\/2024\/12\/kamel-mjolk-choklad-kamelka-oasis-milk-500x500.jpg\" class=\"attachment-woocommerce_thumbnail size-woocommerce_thumbnail lazyload\" alt=\"Camel mj\u00f6lkchoklad kamalka Oasis Milk\" srcset=\"data:image\/svg+xml,%3Csvg%20xmlns%3D%27http%3A%2F%2Fwww.w3.org%2F2000%2Fsvg%27%20width%3D%271500%27%20height%3D%271500%27%20viewBox%3D%270%200%201500%201500%27%3E%3Crect%20width%3D%271500%27%20height%3D%271500%27%20fill-opacity%3D%220%22%2F%3E%3C%2Fsvg%3E\" data-orig-src=\"https:\/\/oasismilk.com\/wp-content\/uploads\/2024\/12\/kamel-mjolk-choklad-kamelka-oasis-milk-500x500.jpg\" data-srcset=\"https:\/\/oasismilk.com\/wp-content\/uploads\/2024\/12\/kamel-mjolk-choklad-kamelka-oasis-milk-60x60.jpg 60w, https:\/\/oasismilk.com\/wp-content\/uploads\/2024\/12\/kamel-mjolk-choklad-kamelka-oasis-milk-66x66.jpg 66w, https:\/\/oasismilk.com\/wp-content\/uploads\/2024\/12\/kamel-mjolk-choklad-kamelka-oasis-milk-110x110.jpg 110w, https:\/\/oasismilk.com\/wp-content\/uploads\/2024\/12\/kamel-mjolk-choklad-kamelka-oasis-milk-150x150.jpg 150w, https:\/\/oasismilk.com\/wp-content\/uploads\/2024\/12\/kamel-mjolk-choklad-kamelka-oasis-milk-200x200.jpg 200w, https:\/\/oasismilk.com\/wp-content\/uploads\/2024\/12\/kamel-mjolk-choklad-kamelka-oasis-milk-300x300.jpg 300w, https:\/\/oasismilk.com\/wp-content\/uploads\/2024\/12\/kamel-mjolk-choklad-kamelka-oasis-milk-400x400.jpg 400w, https:\/\/oasismilk.com\/wp-content\/uploads\/2024\/12\/kamel-mjolk-choklad-kamelka-oasis-milk-500x500.jpg 500w, https:\/\/oasismilk.com\/wp-content\/uploads\/2024\/12\/kamel-mjolk-choklad-kamelka-oasis-milk-600x600.jpg 600w, https:\/\/oasismilk.com\/wp-content\/uploads\/2024\/12\/kamel-mjolk-choklad-kamelka-oasis-milk-700x700.jpg 700w, https:\/\/oasismilk.com\/wp-content\/uploads\/2024\/12\/kamel-mjolk-choklad-kamelka-oasis-milk-768x768.jpg 768w, https:\/\/oasismilk.com\/wp-content\/uploads\/2024\/12\/kamel-mjolk-choklad-kamelka-oasis-milk-800x800.jpg 800w, https:\/\/oasismilk.com\/wp-content\/uploads\/2024\/12\/kamel-mjolk-choklad-kamelka-oasis-milk-1024x1024.jpg 1024w, https:\/\/oasismilk.com\/wp-content\/uploads\/2024\/12\/kamel-mjolk-choklad-kamelka-oasis-milk-1200x1200.jpg 1200w, https:\/\/oasismilk.com\/wp-content\/uploads\/2024\/12\/kamel-mjolk-choklad-kamelka-oasis-milk.jpg 1500w\" data-sizes=\"auto\" \/><\/div>\n\t\t\t\t\t<div class=\"wc-block-grid__product-title\">Kamelmj\u00f6lkschoklad<\/div>\n\t\t\t\t<\/a>\n\t\t\t\t\n\t\t\t\t<div class=\"wc-block-grid__product-price price\"><span class=\"woocommerce-Price-amount amount\"><span class=\"woocommerce-Price-currencySymbol\">&#107;&#114;<\/span>&nbsp;143,88<\/span><p class=\"stock in-stock in_stock_color woo-custom-stock-status\">I lager<\/p><\/div>\n\t\t\t\t\n\t\t\t\t<div class=\"wp-block-button wc-block-grid__product-add-to-cart\"><a href=\"\/sv\/wp-json\/wp\/v2\/pages\/5599?add-to-cart=6608\" aria-label=\"L\u00e4gg till i varukorgen: &quot;Kamelmj\u00f6lkschoklad&quot;\" data-quantity=\"1\" data-product_id=\"6608\" data-product_sku=\"7435135411415\" data-price=\"143.88\" rel=\"nofollow\" class=\"wp-block-button__link  add_to_cart_button ajax_add_to_cart\">L\u00e4gg till i varukorgen<\/a><\/div>\n\t\t\t<\/li><li class=\"wc-block-grid__product\"><span class=\"gtm4wp_productdata\" style=\"display:none; visibility:hidden;\" data-gtm4wp_product_data=\"{&quot;internal_id&quot;:6607,&quot;item_id&quot;:6607,&quot;item_name&quot;:&quot;Cameleys kamelmj\\u00f6lkslik\\u00f6ren 200ml&quot;,&quot;sku&quot;:&quot;7435135411422&quot;,&quot;price&quot;:155.39,&quot;stocklevel&quot;:null,&quot;stockstatus&quot;:&quot;instock&quot;,&quot;google_business_vertical&quot;:&quot;retail&quot;,&quot;item_category&quot;:&quot;Andra kamelprodukter&quot;,&quot;id&quot;:6607,&quot;productlink&quot;:&quot;https:\\\/\\\/oasismilk.com\\\/sv\\\/produkt\\\/cameleys-kamelmjolkslikoren-200ml\\\/&quot;,&quot;item_list_name&quot;:&quot;General Product List&quot;,&quot;index&quot;:0,&quot;product_type&quot;:&quot;simple&quot;,&quot;item_brand&quot;:&quot;&quot;}\"><\/span> \n\t\t\t\t<a href=\"https:\/\/oasismilk.com\/sv\/produkt\/cameleys-kamelmjolkslikoren-200ml\/\" class=\"wc-block-grid__product-link\">\n                    \n\t\t\t\t\t<div class=\"wc-block-grid__product-image\"><img decoding=\"async\" width=\"500\" height=\"500\" src=\"https:\/\/oasismilk.com\/wp-content\/uploads\/2024\/12\/cameleys-kamel-mjolk-likor-oasis-milk-500x500.jpg\" class=\"attachment-woocommerce_thumbnail size-woocommerce_thumbnail lazyload\" alt=\"Cameleys Camel Milk Lik\u00f6r Oasis Milk\" srcset=\"data:image\/svg+xml,%3Csvg%20xmlns%3D%27http%3A%2F%2Fwww.w3.org%2F2000%2Fsvg%27%20width%3D%271500%27%20height%3D%271500%27%20viewBox%3D%270%200%201500%201500%27%3E%3Crect%20width%3D%271500%27%20height%3D%271500%27%20fill-opacity%3D%220%22%2F%3E%3C%2Fsvg%3E\" data-orig-src=\"https:\/\/oasismilk.com\/wp-content\/uploads\/2024\/12\/cameleys-kamel-mjolk-likor-oasis-milk-500x500.jpg\" data-srcset=\"https:\/\/oasismilk.com\/wp-content\/uploads\/2024\/12\/cameleys-kamel-mjolk-likor-oasis-milk-66x66.jpg 66w, https:\/\/oasismilk.com\/wp-content\/uploads\/2024\/12\/cameleys-kamel-mjolk-likor-oasis-milk-150x150.jpg 150w, https:\/\/oasismilk.com\/wp-content\/uploads\/2024\/12\/cameleys-kamel-mjolk-likor-oasis-milk-200x200.jpg 200w, https:\/\/oasismilk.com\/wp-content\/uploads\/2024\/12\/cameleys-kamel-mjolk-likor-oasis-milk-300x300.jpg 300w, https:\/\/oasismilk.com\/wp-content\/uploads\/2024\/12\/cameleys-kamel-mjolk-likor-oasis-milk-400x400.jpg 400w, https:\/\/oasismilk.com\/wp-content\/uploads\/2024\/12\/cameleys-kamel-mjolk-likor-oasis-milk-500x500.jpg 500w, https:\/\/oasismilk.com\/wp-content\/uploads\/2024\/12\/cameleys-kamel-mjolk-likor-oasis-milk-600x600.jpg 600w, https:\/\/oasismilk.com\/wp-content\/uploads\/2024\/12\/cameleys-kamel-mjolk-likor-oasis-milk-700x700.jpg 700w, https:\/\/oasismilk.com\/wp-content\/uploads\/2024\/12\/cameleys-kamel-mjolk-likor-oasis-milk-768x768.jpg 768w, https:\/\/oasismilk.com\/wp-content\/uploads\/2024\/12\/cameleys-kamel-mjolk-likor-oasis-milk-800x800.jpg 800w, https:\/\/oasismilk.com\/wp-content\/uploads\/2024\/12\/cameleys-kamel-mjolk-likor-oasis-milk-1024x1024.jpg 1024w, https:\/\/oasismilk.com\/wp-content\/uploads\/2024\/12\/cameleys-kamel-mjolk-likor-oasis-milk-1200x1200.jpg 1200w, https:\/\/oasismilk.com\/wp-content\/uploads\/2024\/12\/cameleys-kamel-mjolk-likor-oasis-milk.jpg 1500w\" data-sizes=\"auto\" \/><\/div>\n\t\t\t\t\t<div class=\"wc-block-grid__product-title\">Cameleys kamelmj\u00f6lkslik\u00f6ren 200ml<\/div>\n\t\t\t\t<\/a>\n\t\t\t\t\n\t\t\t\t<div class=\"wc-block-grid__product-price price\"><span class=\"woocommerce-Price-amount amount\"><span class=\"woocommerce-Price-currencySymbol\">&#107;&#114;<\/span>&nbsp;155,39<\/span><p class=\"stock in-stock in_stock_color woo-custom-stock-status\">I lager<\/p><\/div>\n\t\t\t\t\n\t\t\t\t<div class=\"wp-block-button wc-block-grid__product-add-to-cart\"><a href=\"\/sv\/wp-json\/wp\/v2\/pages\/5599?add-to-cart=6607\" aria-label=\"L\u00e4gg till i varukorgen: &quot;Cameleys kamelmj\u00f6lkslik\u00f6ren 200ml&quot;\" data-quantity=\"1\" data-product_id=\"6607\" data-product_sku=\"7435135411422\" data-price=\"155.39\" rel=\"nofollow\" class=\"wp-block-button__link  add_to_cart_button ajax_add_to_cart\">L\u00e4gg till i varukorgen<\/a><\/div>\n\t\t\t<\/li><\/ul><\/div><\/div>\r\n<\/div>\r\n","protected":false},"excerpt":{"rendered":"","protected":false},"author":1,"featured_media":0,"parent":0,"menu_order":0,"comment_status":"closed","ping_status":"closed","template":"","meta":{"_acf_changed":false,"footnotes":""},"class_list":["post-5599","page","type-page","status-publish","hentry"],"acf":[],"_links":{"self":[{"href":"https:\/\/oasismilk.com\/sv\/wp-json\/wp\/v2\/pages\/5599","targetHints":{"allow":["GET"]}}],"collection":[{"href":"https:\/\/oasismilk.com\/sv\/wp-json\/wp\/v2\/pages"}],"about":[{"href":"https:\/\/oasismilk.com\/sv\/wp-json\/wp\/v2\/types\/page"}],"author":[{"embeddable":true,"href":"https:\/\/oasismilk.com\/sv\/wp-json\/wp\/v2\/users\/1"}],"replies":[{"embeddable":true,"href":"https:\/\/oasismilk.com\/sv\/wp-json\/wp\/v2\/comments?post=5599"}],"version-history":[{"count":0,"href":"https:\/\/oasismilk.com\/sv\/wp-json\/wp\/v2\/pages\/5599\/revisions"}],"wp:attachment":[{"href":"https:\/\/oasismilk.com\/sv\/wp-json\/wp\/v2\/media?parent=5599"}],"curies":[{"name":"wp","href":"https:\/\/api.w.org\/{rel}","templated":true}]}}