{"id":5596,"date":"2024-10-11T16:11:21","date_gmt":"2024-10-11T14:11:21","guid":{"rendered":"https:\/\/oasismilk.com\/?page_id=5596"},"modified":"2025-01-15T08:46:41","modified_gmt":"2025-01-15T08:46:41","slug":"leveranssupport","status":"publish","type":"page","link":"https:\/\/oasismilk.com\/sv\/leveranssupport\/","title":{"rendered":"Frakt och leverans"},"content":{"rendered":"<div class=\"fusion-fullwidth fullwidth-box fusion-builder-row-1 fusion-flex-container has-pattern-background has-mask-background nonhundred-percent-fullwidth non-hundred-percent-height-scrolling\" style=\"--awb-border-radius-top-left:0px;--awb-border-radius-top-right:0px;--awb-border-radius-bottom-right:0px;--awb-border-radius-bottom-left:0px;--awb-padding-top:0px;--awb-padding-right:15px;--awb-padding-bottom:60px;--awb-padding-left:15px;--awb-flex-wrap:wrap;\" ><div class=\"fusion-builder-row fusion-row fusion-flex-align-items-flex-start fusion-flex-content-wrap\" style=\"max-width:1248px;margin-left: calc(-4% \/ 2 );margin-right: calc(-4% \/ 2 );\"><div class=\"fusion-layout-column fusion_builder_column fusion-builder-column-0 fusion_builder_column_1_1 1_1 fusion-flex-column\" style=\"--awb-bg-size:cover;--awb-width-large:100%;--awb-margin-top-large:0px;--awb-spacing-right-large:1.92%;--awb-margin-bottom-large:0px;--awb-spacing-left-large:1.92%;--awb-width-medium:100%;--awb-order-medium:0;--awb-spacing-right-medium:1.92%;--awb-spacing-left-medium:1.92%;--awb-width-small:100%;--awb-order-small:0;--awb-spacing-right-small:1.92%;--awb-spacing-left-small:1.92%;\"><div class=\"fusion-column-wrapper fusion-column-has-shadow fusion-flex-justify-content-flex-start fusion-content-layout-column\"><div class=\"fusion-title title fusion-title-1 fusion-sep-none fusion-title-text fusion-title-size-one\" style=\"--awb-margin-bottom:40px;--awb-margin-top-small:10px;--awb-margin-right-small:0px;--awb-margin-bottom-small:10px;--awb-margin-left-small:0px;\"><h1 class=\"fusion-title-heading title-heading-left\" style=\"margin:0;\">Frakt och leverans<\/h1><\/div><div class=\"fusion-text fusion-text-1\"><p>Vi behandlar best\u00e4llningar p\u00e5 m\u00e5ndagar och onsdagar. Best\u00e4llningar som g\u00f6rs och betalas p\u00e5 de dagar f\u00f6re 10:00 kommer sedan att skickas. F\u00e4rsk och fryst kamelmj\u00f6lk utanf\u00f6r Nederl\u00e4nderna, Belgien och Tyskland skickas endast p\u00e5 m\u00e5ndagar.<\/p>\n<p>Om du vill best\u00e4lla fr\u00e5n Sverige kan du g\u00f6ra det via v\u00e5r svenska hemsida <a href=\"http:\/\/www.oasismilk.se\" target=\"_blank\" rel=\"noopener\">http:\/\/www.oasismilk.se<\/a>.<\/p>\n<\/p>\n<div class=\"table-1\">\n<table width=\"100%\">\n<thead>\n<tr>\n<th align=\"left\">Best\u00e4llning gjord<\/th>\n<th align=\"left\">Frakt Nederl\u00e4nderna, Belgien och Tyskland<\/th>\n<th align=\"left\">Frakt till andra l\u00e4nder<\/th>\n<\/tr>\n<\/thead>\n<tbody>\n<tr>\n<td align=\"left\">M\u00e5ndag f\u00f6re 10:00<\/td>\n<td align=\"left\">M\u00e5ndag<\/td>\n<td align=\"left\">M\u00e5ndag<\/td>\n<\/tr>\n<tr>\n<td align=\"left\">M\u00e5ndag efter 10:00;<br \/>\nf\u00f6re onsdag kl. 10.00<\/td>\n<td align=\"left\">Onsdag<\/td>\n<td align=\"left\">M\u00e5ndag<\/td>\n<\/tr>\n<tr>\n<td align=\"left\">Onsdag efter 10:00<\/td>\n<td align=\"left\">M\u00e5ndag<\/td>\n<td align=\"left\">M\u00e5ndag<\/td>\n<\/tr>\n<\/tbody>\n<\/table>\n<\/div>\n<p>\n<p><strong>Frakt inom Nederl\u00e4nderna<\/strong><\/p>\n<p>I Nederl\u00e4nderna st\u00e5r I&amp;L Logistics f\u00f6r kyl- och frystransporter, v\u00e5r standard f\u00f6r f\u00e4rsk och fryst kamelmj\u00f6lk. De ser till att din mj\u00f6lk kyls eller fryses under hela f\u00f6rs\u00e4ndelsen och levererar best\u00e4llningen till dig dagen efter leverans. N\u00e4r mj\u00f6lken \u00e4r f\u00f6rpackad f\u00e5r du ett e-postmeddelande med information om f\u00f6rs\u00e4ndelsen (kontrollera \u00e4ven din skr\u00e4ppost).<\/p>\n<p>Det \u00e4r viktigt att n\u00e5gon \u00e4r n\u00e4rvarande vid leveranstillf\u00e4llet f\u00f6r att ta emot paketet. Om ingen \u00e4r n\u00e4rvarande kommer det att finnas kostnader f\u00f6rknippade med att boka en ny leveranstid. Best\u00e4llningen kommer sedan att tas tillbaka till I&amp;L Logistics-varuhuset d\u00e4r den kommer att l\u00e4ggas i frysen. Vi f\u00f6rst\u00e5r att det ibland kan vara sv\u00e5rt att vara hemma hela tiden. Om du vill veta vilken tid de kommer att komma kan du kontakta I&amp;L Logistics p\u00e5 leveransdagen p\u00e5 morgonen. Du hittar detaljerna f\u00f6r detta i e-postmeddelandet som kommer att skickas vid f\u00f6rpackningstillf\u00e4llet.<\/p>\n<p>N\u00e4r du har f\u00e5tt mj\u00f6lken, l\u00e4gg den direkt i kylen eller frysen. L\u00e5t alltid den frysta mj\u00f6lken tina i kylen f\u00f6r att bevara kvaliteten.<\/p>\n<p><strong>Frakt utanf\u00f6r Nederl\u00e4nderna<\/strong><\/p>\n<p>Till andra l\u00e4nder skickas den f\u00e4rska och frysta kamelmj\u00f6lken i en frigolitisoleringsl\u00e5da med kylklampar. Standardfraktmetoden f\u00f6r detta \u00e4r DHL express. Om du anv\u00e4nder DPD, som avviker fr\u00e5n v\u00e5r standardfraktmetod, \u00e4r det p\u00e5 egen risk om kamelmj\u00f6lken inte l\u00e4ngre kommer helt kyld.<\/p>\n<p>I samma \u00f6gonblick som mj\u00f6lken \u00e4r f\u00f6rpackad f\u00e5r du ett e-postmeddelande med Track &amp; Trace-koden (kontrollera \u00e4ven din skr\u00e4ppost). Kamelmj\u00f6lken levereras inom 48 timmar.<\/p>\n<p>* Sp\u00e5ra paketet via Track &amp; Trace-koden* Se till att n\u00e5gon \u00e4r hemma vid leveranstillf\u00e4llet* L\u00e4gg mj\u00f6lken omedelbart i kylen eller frysen vid mottagandet* L\u00e5t alltid fryst kamelmj\u00f6lk tina i kylen<\/p>\n<p>Vill du hellre h\u00e4mta mj\u00f6lken sj\u00e4lv? Klicka h\u00e4r f\u00f6r att komma till v\u00e5ra f\u00f6rs\u00e4ljningsst\u00e4llen.<\/p>\n<\/div><\/div><\/div><\/div><\/div>\n","protected":false},"excerpt":{"rendered":"","protected":false},"author":1,"featured_media":0,"parent":0,"menu_order":0,"comment_status":"closed","ping_status":"closed","template":"100-width.php","meta":{"_acf_changed":false,"footnotes":""},"class_list":["post-5596","page","type-page","status-publish","hentry"],"acf":[],"_links":{"self":[{"href":"https:\/\/oasismilk.com\/sv\/wp-json\/wp\/v2\/pages\/5596","targetHints":{"allow":["GET"]}}],"collection":[{"href":"https:\/\/oasismilk.com\/sv\/wp-json\/wp\/v2\/pages"}],"about":[{"href":"https:\/\/oasismilk.com\/sv\/wp-json\/wp\/v2\/types\/page"}],"author":[{"embeddable":true,"href":"https:\/\/oasismilk.com\/sv\/wp-json\/wp\/v2\/users\/1"}],"replies":[{"embeddable":true,"href":"https:\/\/oasismilk.com\/sv\/wp-json\/wp\/v2\/comments?post=5596"}],"version-history":[{"count":0,"href":"https:\/\/oasismilk.com\/sv\/wp-json\/wp\/v2\/pages\/5596\/revisions"}],"wp:attachment":[{"href":"https:\/\/oasismilk.com\/sv\/wp-json\/wp\/v2\/media?parent=5596"}],"curies":[{"name":"wp","href":"https:\/\/api.w.org\/{rel}","templated":true}]}}