{"id":9143,"date":"2025-09-11T14:48:27","date_gmt":"2025-09-11T12:48:27","guid":{"rendered":"https:\/\/oasismilk.com\/product\/kamelenmelk-zeep-klein\/"},"modified":"2025-09-11T14:56:20","modified_gmt":"2025-09-11T12:56:20","slug":"kamelenmelk-zeep-klein","status":"publish","type":"product","link":"https:\/\/oasismilk.com\/fr\/produit\/kamelenmelk-zeep-klein\/","title":{"rendered":"Petit savon au lait de chamelle"},"content":{"rendered":"<p>Le savon au lait de chamelle contient \u00e0 la fois du lait de chamelle et de l&#8217;huile d&#8217;olive. Un v\u00e9ritable luxe pour votre peau. Ce magnifique pain de savon en forme de chameau est un joli objet \u00e0 exposer et constitue \u00e9galement un excellent cadeau !   <\/p>\n","protected":false},"excerpt":{"rendered":"<p>Le savon au lait de chamelle contient \u00e0 la fois du lait de chamelle et de l&#8217;huile d&#8217;olive. Un v\u00e9ritable luxe pour votre peau. Ce magnifique pain de savon en forme de chameau est un joli objet \u00e0 exposer et constitue \u00e9galement un excellent cadeau !   <\/p>\n","protected":false},"featured_media":9291,"comment_status":"open","ping_status":"closed","template":"","meta":{"_acf_changed":false},"product_brand":[],"product_cat":[207],"product_tag":[],"class_list":{"0":"post-9143","1":"product","2":"type-product","3":"status-publish","4":"has-post-thumbnail","6":"product_cat-autres-produits-de-chameau","8":"first","9":"instock","10":"taxable","11":"shipping-taxable","12":"purchasable","13":"product-type-simple"},"acf":[],"_links":{"self":[{"href":"https:\/\/oasismilk.com\/fr\/wp-json\/wp\/v2\/product\/9143","targetHints":{"allow":["GET"]}}],"collection":[{"href":"https:\/\/oasismilk.com\/fr\/wp-json\/wp\/v2\/product"}],"about":[{"href":"https:\/\/oasismilk.com\/fr\/wp-json\/wp\/v2\/types\/product"}],"replies":[{"embeddable":true,"href":"https:\/\/oasismilk.com\/fr\/wp-json\/wp\/v2\/comments?post=9143"}],"wp:featuredmedia":[{"embeddable":true,"href":"https:\/\/oasismilk.com\/fr\/wp-json\/wp\/v2\/media\/9291"}],"wp:attachment":[{"href":"https:\/\/oasismilk.com\/fr\/wp-json\/wp\/v2\/media?parent=9143"}],"wp:term":[{"taxonomy":"product_brand","embeddable":true,"href":"https:\/\/oasismilk.com\/fr\/wp-json\/wp\/v2\/product_brand?post=9143"},{"taxonomy":"product_cat","embeddable":true,"href":"https:\/\/oasismilk.com\/fr\/wp-json\/wp\/v2\/product_cat?post=9143"},{"taxonomy":"product_tag","embeddable":true,"href":"https:\/\/oasismilk.com\/fr\/wp-json\/wp\/v2\/product_tag?post=9143"}],"curies":[{"name":"wp","href":"https:\/\/api.w.org\/{rel}","templated":true}]}}