{"id":5490,"date":"2024-10-17T13:28:17","date_gmt":"2024-10-17T13:28:17","guid":{"rendered":"https:\/\/oasismilk.com\/?post_type=product&#038;p=5490"},"modified":"2025-02-07T13:12:52","modified_gmt":"2025-02-07T13:12:52","slug":"14-bottles-fresh-raw-camel-milk","status":"publish","type":"product","link":"https:\/\/oasismilk.com\/fr\/produit\/14-bottles-fresh-raw-camel-milk\/","title":{"rendered":"Lait de chamelle frais non transform\u00e9, 14 bouteilles 0,5L"},"content":{"rendered":"<p><strong>Fiabilit\u00e9.<\/strong><\/p>\n<p>Le lait de chamelle frais est soigneusement contr\u00f4l\u00e9 et peut donc \u00eatre consomm\u00e9 sans danger. Notre lait de chamelle frais est refroidi imm\u00e9diatement apr\u00e8s la traite des chameaux par un syst\u00e8me ferm\u00e9. Apr\u00e8s la commande, le lait est mis dans les bouteilles \u00e0 nos jours d&#8217;exp\u00e9dition fixes. Ces bouteilles seront exp\u00e9di\u00e9es \u00e0 votre adresse imm\u00e9diatement. Pour que vous obteniez toujours du lait de chamelle frais \u00e0 la maison.<\/p>\n<p>Notre lait de chamelle frais ne contient pas d&#8217;antibiotiques, d&#8217;hormones et de m\u00e9dicaments. Lorsqu&#8217;un de nos chameaux re\u00e7oit des m\u00e9dicaments, nous nous assurons que le lait de ce chameau n&#8217;est pas utilis\u00e9 pour la vente. Des \u00e9chantillons de lait de chamelle frais sont r\u00e9guli\u00e8rement pr\u00e9lev\u00e9s pour v\u00e9rifier la pr\u00e9sence de divers composants importants qui d\u00e9terminent la qualit\u00e9 du lait. Cela garantit que nous ne vendons que du lait de chamelle de qualit\u00e9 sup\u00e9rieure.<\/p>\n<p><strong>Dur\u00e9e de conservation et facile \u00e0 stocker.<\/strong><\/p>\n<p>Notre lait de chamelle frais se conserve 3 jours au r\u00e9frig\u00e9rateur. En effet, le lait de chamelle frais n&#8217;est ni transform\u00e9 ni pasteuris\u00e9. Si vous souhaitez congeler le lait, il peut \u00eatre conserv\u00e9 une autre ann\u00e9e. Si vous souhaitez d\u00e9congeler le lait, nous vous recommandons de le faire au r\u00e9frig\u00e9rateur. Ne recongelez pas le lait de chamelle par la suite.\u00a0Pour plus de commodit\u00e9, nous proposons \u00e9galement du lait de chamelle congel\u00e9 \u00a0. Ceci est particuli\u00e8rement utile lorsque vous savez que vous allez de toute fa\u00e7on <a href=\"\/fr\/lait-de-chamelle-congele\/\">congeler le lait de chamelle<\/a>. Les bouteilles de 0,5 litre sont-elles trop pour \u00eatre bues en une seule fois ? Pour plus de commodit\u00e9, nous vendons \u00e9galement des <a href=\"\/fr\/produit\/lait-de-chamelle-frais\/\">flacons de 250 ml<\/a>, id\u00e9aux pour les petits utilisateurs.<\/p>\n<p>Gr\u00e2ce \u00e0 la forme carr\u00e9e pratique de nos bouteilles de lait de chamelle, elles sont faciles \u00e0 conserver au r\u00e9frig\u00e9rateur ou au cong\u00e9lateur.<\/p>\n<p><strong>Alternative au lait de vache.<\/strong><\/p>\n<p>Le lait de chamelle frais est une bonne alternative pour les personnes qui ne boivent pas de lait de vache. Le lait de chamelle frais est totalement exempt de prot\u00e9ines de lait de vache et ne contient que des prot\u00e9ines de lait de chamelle. Le lait de chamelle regorge de calcium et est une source de zinc et de prot\u00e9ines. Il ne contient pas de b\u00eata-lactoglobuline, la prot\u00e9ine qui joue un r\u00f4le majeur dans la cause de l&#8217;allergie au lait de vache. Le lait de chamelle contient \u00e9galement de la lactoferrine et des immunoglobulines, deux substances qui contribuent \u00e0 renforcer le syst\u00e8me immunitaire.\u00a0 Selon la FAO (Organisation mondiale de l&#8217;alimentation), le lait de chamelle est l&#8217;un des laits animaux les plus sains.<\/p>\n<p><strong>D\u00e9couvrez le go\u00fbt unique du lait de chamelle frais !<\/strong><\/p>\n<p>Notre lait de chamelle frais a \u00e0 peu pr\u00e8s le m\u00eame go\u00fbt que le lait cru de vache. Mais parce qu&#8217;il a une teneur en mati\u00e8res grasses plus faible que le lait de vache, vous constaterez peut-\u00eatre que la saveur est l\u00e9g\u00e8rement moins grasse. Certaines personnes trouvent qu&#8217;il a un go\u00fbt l\u00e9g\u00e8rement plus sal\u00e9. Cela est d\u00fb \u00e0 la teneur \u00e9lev\u00e9e en min\u00e9raux du lait de chamelle.<\/p>\n<p><strong>Comment utilisez-vous le lait de chamelle frais ?<\/strong><\/p>\n<ul>\n<li>D\u00e9gustez un verre de lait de chamelle frais et d\u00e9licieux comme collation nutritive.<\/li>\n<li>Ajoutez-le \u00e0 votre smoothie pour une exp\u00e9rience gustative suppl\u00e9mentaire et un regain de nutriments.<\/li>\n<li>Utilisez-le dans vos recettes pr\u00e9f\u00e9r\u00e9es comme substitut du lait de vache.<\/li>\n<\/ul>\n<ul>\n<li>Faites-en du lait au chocolat avec notre <a href=\"\/fr\/produit\/chocolate-lollipop-with-camel-milk\/\">sucette au lait au chocolat ChoCamel<\/a> (\u00e0 base de lait de chamelle)<\/li>\n<\/ul>\n<p><strong>Un produit respectueux des animaux.<\/strong><\/p>\n<p>Les chameaux sont de v\u00e9ritables animaux de troupeau. C&#8217;est pourquoi tous nos chameaux sont gard\u00e9s en groupes. Lorsqu&#8217;il fait sec et pas trop froid, tous nos chameaux sortent dans nos grands p\u00e2turages, o\u00f9 ils peuvent pa\u00eetre sans limite. Dans les \u00e9curies, les chameaux reposent sur une \u00e9paisse couche de paille.<\/p>\n<p>Les veaux qui naissent avec nous restent sur notre ferme. Ils restent avec la m\u00e8re pendant une plus longue p\u00e9riode avant d&#8217;\u00eatre compl\u00e8tement sevr\u00e9s. Apr\u00e8s chaque traite (le matin et le soir), les veaux restent avec leur m\u00e8re pendant une heure et demie. Cela permet de s&#8217;assurer que le lien entre le veau et la m\u00e8re reste \u00e9troit.<\/p>\n<\/p>\n<div class=\"table-1\">\n<table width=\"100%\">\n<thead>\n<tr>\n<th align=\"left\">Min\u00e9raux<\/th>\n<th align=\"left\">Vitamines<\/th>\n<\/tr>\n<\/thead>\n<tbody>\n<tr>\n<td align=\"left\">Na (mg%) 36<\/td>\n<td align=\"left\">Thiamine (mg%) 0,03<\/td>\n<\/tr>\n<tr>\n<td align=\"left\">K (mg%) 60<\/td>\n<td align=\"left\">Riboflavine (mg%) 0,04<\/td>\n<\/tr>\n<tr>\n<td align=\"left\">Ca (mg%) 97<\/td>\n<td align=\"left\">B6 (mg%) 0,05<\/td>\n<\/tr>\n<tr>\n<td align=\"left\">Mg (mg%) 16<\/td>\n<td align=\"left\">B12 (mg%) 0,0002<\/td>\n<\/tr>\n<tr>\n<td align=\"left\">Zn (mg%) 3,4<\/td>\n<td align=\"left\">B3 (mg%) 0,046<\/td>\n<\/tr>\n<tr>\n<td align=\"left\">Fe (mg%) 0,04<\/td>\n<td align=\"left\">B5 (mg%) 0,09<\/td>\n<\/tr>\n<tr>\n<td align=\"left\">Cu (mg%) 0,02<\/td>\n<td align=\"left\">Vitamine E (mg%) 0,027<\/td>\n<\/tr>\n<tr>\n<td align=\"left\">Mn (mg%) 0,02<\/td>\n<td align=\"left\">Vitamine C (mg%) 3,6<\/td>\n<\/tr>\n<tr>\n<td align=\"left\">P (mg%) 58<\/td>\n<td align=\"left\">Vitamine A (I.U.) 129,1<\/td>\n<\/tr>\n<tr>\n<td align=\"left\">Cl (mg%) 0,16<\/td>\n<td align=\"left\">Vitamine D (I.U.) 0,8<\/td>\n<\/tr>\n<tr>\n<td align=\"left\">Carot\u00e8ne (mg%) 0,029<\/td>\n<td align=\"left\"><\/td>\n<\/tr>\n<\/tbody>\n<\/table>\n<\/div>\n<p>\n<p><strong>(Le lait de chamelle ne contient pas de b\u00eata-lactoglobine)<\/strong><\/p>\n<\/p>\n<div class=\"table-1\">\n<table width=\"100%\">\n<thead>\n<tr>\n<th align=\"left\">Composition du lait de chamelle<\/th>\n<th align=\"left\">(par 100ml)<\/th>\n<\/tr>\n<\/thead>\n<tbody>\n<tr>\n<td align=\"left\">Blanc d&#8217;oeuf<\/td>\n<td align=\"left\">3.4%<\/td>\n<\/tr>\n<tr>\n<td align=\"left\">Graisse<\/td>\n<td align=\"left\">4,2%<\/td>\n<\/tr>\n<tr>\n<td align=\"left\">Acides gras insatur\u00e9s<\/td>\n<td align=\"left\">1,8%<\/td>\n<\/tr>\n<tr>\n<td align=\"left\">Lactose<\/td>\n<td align=\"left\">4,3%<\/td>\n<\/tr>\n<tr>\n<td align=\"left\">Min\u00e9raux<\/td>\n<td align=\"left\">0,9%<\/td>\n<\/tr>\n<tr>\n<td align=\"left\">\u00c9nergie<\/td>\n<td align=\"left\">53 kcal\/100g (222kJ)<\/td>\n<\/tr>\n<\/tbody>\n<\/table>\n<\/div>\n<p>\n<p>&nbsp;<\/p>\n<p>&nbsp;<\/p>\n","protected":false},"excerpt":{"rendered":"<p>Notre lait de chamelle frais est enti\u00e8rement non transform\u00e9. Cela garantit que le lait de chamelle frais conserve son go\u00fbt pur et d\u00e9licieux et ses bonnes qualit\u00e9s. Notre lait de chamelle frais est produit avec beaucoup de soin et d&#8217;amour et provient directement de nos propres chameaux. Nous sommes la seule ferme laiti\u00e8re de chameaux dans toute l&#8217;Europe ! Ainsi, chez <a href=\"https:\/\/www.kamelenmelk.nl\/en\/\" target=\"_blank\" rel=\"noopener\">Camel Dairy Smits<\/a>, nous sommes les seuls autoris\u00e9s \u00e0 fournir du lait de chamelle frais en Europe.<\/p>\n","protected":false},"featured_media":5483,"comment_status":"open","ping_status":"closed","template":"","meta":{"_acf_changed":false},"product_brand":[],"product_cat":[129],"product_tag":[],"class_list":{"0":"post-5490","1":"product","2":"type-product","3":"status-publish","4":"has-post-thumbnail","6":"product_cat-lait-de-chamelle-frais","8":"first","9":"instock","10":"featured","11":"taxable","12":"shipping-taxable","13":"purchasable","14":"product-type-simple"},"acf":[],"_links":{"self":[{"href":"https:\/\/oasismilk.com\/fr\/wp-json\/wp\/v2\/product\/5490","targetHints":{"allow":["GET"]}}],"collection":[{"href":"https:\/\/oasismilk.com\/fr\/wp-json\/wp\/v2\/product"}],"about":[{"href":"https:\/\/oasismilk.com\/fr\/wp-json\/wp\/v2\/types\/product"}],"replies":[{"embeddable":true,"href":"https:\/\/oasismilk.com\/fr\/wp-json\/wp\/v2\/comments?post=5490"}],"wp:featuredmedia":[{"embeddable":true,"href":"https:\/\/oasismilk.com\/fr\/wp-json\/wp\/v2\/media\/5483"}],"wp:attachment":[{"href":"https:\/\/oasismilk.com\/fr\/wp-json\/wp\/v2\/media?parent=5490"}],"wp:term":[{"taxonomy":"product_brand","embeddable":true,"href":"https:\/\/oasismilk.com\/fr\/wp-json\/wp\/v2\/product_brand?post=5490"},{"taxonomy":"product_cat","embeddable":true,"href":"https:\/\/oasismilk.com\/fr\/wp-json\/wp\/v2\/product_cat?post=5490"},{"taxonomy":"product_tag","embeddable":true,"href":"https:\/\/oasismilk.com\/fr\/wp-json\/wp\/v2\/product_tag?post=5490"}],"curies":[{"name":"wp","href":"https:\/\/api.w.org\/{rel}","templated":true}]}}