{"id":5488,"date":"2024-10-17T13:28:55","date_gmt":"2024-10-17T13:28:55","guid":{"rendered":"https:\/\/oasismilk.com\/?post_type=product&#038;p=5488"},"modified":"2025-02-07T12:57:24","modified_gmt":"2025-02-07T12:57:24","slug":"28-bottles-fresh-raw-camel-milk","status":"publish","type":"product","link":"https:\/\/oasismilk.com\/fr\/produit\/28-bottles-fresh-raw-camel-milk\/","title":{"rendered":"Lait de chamelle cru frais, 28 bouteilles 0,5L"},"content":{"rendered":"<p><strong>onservation et Dur\u00e9e de Vie du Lait de Chameau<\/strong><\/p>\n<p><strong>Lait de Chameau Frais :<\/strong><br \/>\nNotre lait de chameau frais est un produit pur et non transform\u00e9 avec une dur\u00e9e de conservation de 3 jours au r\u00e9frig\u00e9rateur. Cela s\u2019explique par le fait que le lait n\u2019est pas pasteuris\u00e9, ce qui permet de pr\u00e9server toutes ses propri\u00e9t\u00e9s b\u00e9n\u00e9fiques. Vous souhaitez le conserver plus longtemps ? Pas de probl\u00e8me ! Le lait de chameau peut \u00eatre congel\u00e9 et reste bon jusqu\u2019\u00e0 1 an au cong\u00e9lateur.<\/p>\n<p><strong>Conseils pour la D\u00e9cong\u00e9lation :<\/strong><br \/>\nLorsque vous souhaitez d\u00e9congeler du lait de chameau, nous recommandons de le faire lentement au r\u00e9frig\u00e9rateur. Pour garantir la meilleure qualit\u00e9, il ne faut pas recongeler le lait apr\u00e8s l\u2019avoir d\u00e9congel\u00e9.<\/p>\n<p><strong>Praticit\u00e9 du Lait de Chameau Surgel\u00e9 :<\/strong><br \/>\nPour plus de commodit\u00e9, nous proposons \u00e9galement du lait de chameau pr\u00eat \u00e0 l\u2019emploi, directement congel\u00e9. Id\u00e9al pour ceux qui souhaitent constituer un stock imm\u00e9diatement ! Gr\u00e2ce \u00e0 ses bouteilles carr\u00e9es pratiques, il est facile \u00e0 empiler dans le r\u00e9frig\u00e9rateur ou le cong\u00e9lateur.<\/p>\n<hr \/>\n<h3>D\u00e9couvrez le Go\u00fbt du Lait de Chameau Frais<\/h3>\n<p>Le lait de chameau a un go\u00fbt similaire \u00e0 celui du lait de vache cru, mais il est l\u00e9g\u00e8rement moins cr\u00e9meux en raison de sa teneur r\u00e9duite en mati\u00e8res grasses. Certaines personnes per\u00e7oivent une l\u00e9g\u00e8re saveur sal\u00e9e due \u00e0 sa teneur \u00e9lev\u00e9e en min\u00e9raux. Ce go\u00fbt unique fait du lait de chameau une alternative pris\u00e9e au lait de vache.<\/p>\n<hr \/>\n<h3>S\u00e9curit\u00e9 et Qualit\u00e9 Garanti<\/h3>\n<p>Nous accordons une grande importance \u00e0 la qualit\u00e9 et \u00e0 la s\u00e9curit\u00e9. Notre lait de chameau est r\u00e9frig\u00e9r\u00e9 imm\u00e9diatement apr\u00e8s la traite et soigneusement emball\u00e9. De plus, il est r\u00e9guli\u00e8rement test\u00e9 pour v\u00e9rifier sa qualit\u00e9 et sa s\u00e9curit\u00e9, notamment en ce qui concerne les antibiotiques, les bact\u00e9ries et d&#8217;autres substances.<\/p>\n<p><strong>Ce que vous ne trouverez pas dans notre lait :<\/strong><\/p>\n<ul>\n<li>Pas d&#8217;antibiotiques<\/li>\n<li>Pas d&#8217;hormones ni de m\u00e9dicaments<\/li>\n<li>Pas d\u2019agents pathog\u00e8nes nuisibles tels que la brucellose, la tuberculose, la salmonelle, la listeria, le campylobacter ou STEC<\/li>\n<\/ul>\n<p>Gr\u00e2ce aux contr\u00f4les rigoureux de l&#8217;Organisation Centrale pour le Lait et les Produits Laitiers (COKZ), nous garantissons que notre lait est toujours s\u00fbr \u00e0 consommer et de la plus haute qualit\u00e9.<\/p>\n<hr \/>\n<h3>Une Alternative Saine au Lait de Vache<\/h3>\n<p>Le lait de chameau est une excellente option pour les personnes intol\u00e9rantes au lait de vache. Il contient :<\/p>\n<ul>\n<li><strong>Pas de prot\u00e9ines de lait de vache,<\/strong> ce qui le rend adapt\u00e9 aux personnes allergiques au lait de vache.<\/li>\n<li><strong>Des nutriments essentiels<\/strong> tels que le calcium, le zinc et les prot\u00e9ines.<\/li>\n<li>Des substances comme la <strong>lactoferrine<\/strong> et les <strong>immunoglobulines<\/strong> qui renforcent le syst\u00e8me immunitaire.<\/li>\n<\/ul>\n<p>Le lait de chameau ne contient \u00e9galement pas de b\u00eata-lactoglobuline, une prot\u00e9ine souvent responsable des allergies au lait de vache. Selon la FAO, le lait de chameau est consid\u00e9r\u00e9 comme l\u2019un des laits animaux les plus sains.<\/p>\n<hr \/>\n<h3>Comment Utiliser le Lait de Chameau<\/h3>\n<p>Il existe de nombreuses fa\u00e7ons de profiter du lait de chameau :<\/p>\n<ul>\n<li>Buvez-en un verre comme en-cas nutritif.<\/li>\n<li>Ajoutez-le \u00e0 votre smoothie pr\u00e9f\u00e9r\u00e9 pour un coup de pouce sain.<\/li>\n<li>Utilisez-le comme substitut du lait de vache dans les recettes et p\u00e2tisseries.<\/li>\n<li>Pr\u00e9parez un d\u00e9licieux chocolat chaud avec notre <strong>ChoCamel<\/strong>, une sucette de lait chocolat\u00e9 sp\u00e9cialement fabriqu\u00e9e \u00e0 base de lait de chameau.<\/li>\n<\/ul>\n<hr \/>\n<h3>Une Production Respectueuse des Animaux<\/h3>\n<p>Nous prenons grand soin de nos chameaux. Ils vivent en troupeaux et ont acc\u00e8s \u00e0 de vastes p\u00e2turages o\u00f9 ils peuvent pa\u00eetre librement. Dans les \u00e9tables, ils se reposent sur une \u00e9paisse couche de paille. Les chamelons restent avec leur m\u00e8re pendant une longue p\u00e9riode apr\u00e8s leur naissance, et apr\u00e8s chaque traite, le petit rejoint la m\u00e8re. Cela garantit le bien-\u00eatre de la m\u00e8re et de son petit.<\/p>\n<hr \/>\n<h3>Valeurs Nutritionnelles du Lait de Chameau (pour 100 ml) :<\/h3>\n<ul>\n<li><strong>Prot\u00e9ines :<\/strong> 3,4 %<\/li>\n<li><strong>Mati\u00e8res grasses :<\/strong> 4,2 % (dont 1,8 % d&#8217;acides gras insatur\u00e9s)<\/li>\n<li><strong>Lactose :<\/strong> 4,3 %<\/li>\n<li><strong>Min\u00e9raux :<\/strong> 0,9 %<\/li>\n<li><strong>\u00c9nergie :<\/strong> 53 kcal (222 kJ)<\/li>\n<\/ul>\n<hr \/>\n<h3>Min\u00e9raux et Vitamines dans le Lait de Chameau<\/h3>\n<table>\n<thead>\n<tr>\n<th><strong>Min\u00e9raux<\/strong><\/th>\n<th><strong>Vitamines<\/strong><\/th>\n<\/tr>\n<\/thead>\n<tbody>\n<tr>\n<td>Sodium (Na) : 36 mg%<\/td>\n<td>Vitamine C : 3,6 mg<\/td>\n<\/tr>\n<tr>\n<td>Calcium (Ca) : 97 mg%<\/td>\n<td>Vitamine A : 129,1 UI<\/td>\n<\/tr>\n<tr>\n<td>Zinc (Zn) : 3,4 mg%<\/td>\n<td>Vitamine D : 0,8 UI<\/td>\n<\/tr>\n<tr>\n<td>Magn\u00e9sium (Mg) : 16 mg%<\/td>\n<td>Vitamine E : 0,027 mg<\/td>\n<\/tr>\n<\/tbody>\n<\/table>\n<p>Le lait de chameau n\u2019est pas seulement d\u00e9licieux, mais aussi riche en nutriments essentiels qui contribuent \u00e0 un mode de vie sain.<\/p>\n","protected":false},"excerpt":{"rendered":"<p>Notre lait de chamelle frais est produit avec beaucoup de passion et d&#8217;amour. Le lait de chamelle frais n&#8217;est pas pasteuris\u00e9 et n&#8217;est pas du tout transform\u00e9. Nous sommes la seule ferme laiti\u00e8re de chamelle en Europe \u00e0 fournir du lait de chamelle de la meilleure qualit\u00e9. Et chez <a href=\"https:\/\/www.kamelenmelk.nl\/en\/\" target=\"_blank\" rel=\"noopener\">Camel Dairy Smits<\/a>, nous en sommes fiers . Parce que notre lait de chamelle frais n&#8217;est pas transform\u00e9, il conserve toutes ses bonnes propri\u00e9t\u00e9s. Il regorge de prot\u00e9ines, de vitamines et de min\u00e9raux essentiels. Cela fait du lait de chamelle frais une collation parfaite pour tous ceux qui souhaitent compl\u00e9ter leur alimentation.<\/p>\n<p>&nbsp;<\/p>\n","protected":false},"featured_media":5483,"comment_status":"open","ping_status":"closed","template":"","meta":{"_acf_changed":false},"product_brand":[],"product_cat":[129],"product_tag":[],"class_list":{"0":"post-5488","1":"product","2":"type-product","3":"status-publish","4":"has-post-thumbnail","6":"product_cat-lait-de-chamelle-frais","8":"first","9":"instock","10":"taxable","11":"shipping-taxable","12":"purchasable","13":"product-type-simple"},"acf":[],"_links":{"self":[{"href":"https:\/\/oasismilk.com\/fr\/wp-json\/wp\/v2\/product\/5488","targetHints":{"allow":["GET"]}}],"collection":[{"href":"https:\/\/oasismilk.com\/fr\/wp-json\/wp\/v2\/product"}],"about":[{"href":"https:\/\/oasismilk.com\/fr\/wp-json\/wp\/v2\/types\/product"}],"replies":[{"embeddable":true,"href":"https:\/\/oasismilk.com\/fr\/wp-json\/wp\/v2\/comments?post=5488"}],"wp:featuredmedia":[{"embeddable":true,"href":"https:\/\/oasismilk.com\/fr\/wp-json\/wp\/v2\/media\/5483"}],"wp:attachment":[{"href":"https:\/\/oasismilk.com\/fr\/wp-json\/wp\/v2\/media?parent=5488"}],"wp:term":[{"taxonomy":"product_brand","embeddable":true,"href":"https:\/\/oasismilk.com\/fr\/wp-json\/wp\/v2\/product_brand?post=5488"},{"taxonomy":"product_cat","embeddable":true,"href":"https:\/\/oasismilk.com\/fr\/wp-json\/wp\/v2\/product_cat?post=5488"},{"taxonomy":"product_tag","embeddable":true,"href":"https:\/\/oasismilk.com\/fr\/wp-json\/wp\/v2\/product_tag?post=5488"}],"curies":[{"name":"wp","href":"https:\/\/api.w.org\/{rel}","templated":true}]}}