{"id":5477,"date":"2024-10-17T13:33:08","date_gmt":"2024-10-17T13:33:08","guid":{"rendered":"https:\/\/oasismilk.com\/?post_type=product&#038;p=5477"},"modified":"2025-02-07T13:10:42","modified_gmt":"2025-02-07T13:10:42","slug":"7-bottles-frozen-raw-camel-milk","status":"publish","type":"product","link":"https:\/\/oasismilk.com\/fr\/produit\/7-bottles-frozen-raw-camel-milk\/","title":{"rendered":"Collect\u00e9, lait cru de chamelle, 7 bouteilles de 0,5 litre"},"content":{"rendered":"<p><strong>Longue dur\u00e9e de conservation et facile \u00e0 stocker.<\/strong><\/p>\n<p>Le lait de chamelle congel\u00e9 a une dur\u00e9e de conservation allant jusqu&#8217;\u00e0 un an apr\u00e8s la date de production. Si vous d\u00e9congelez le lait, il peut \u00eatre conserv\u00e9 encore 3 jours. Assurez-vous simplement de laisser d\u00e9congeler le lait au r\u00e9frig\u00e9rateur pour pr\u00e9server sa qualit\u00e9. Lorsque le lait est d\u00e9congel\u00e9, vous ne pouvez pas le recongeler. Les bouteilles de 0,5 litre sont-elles trop pour \u00eatre bues en une seule fois ? Pour plus de commodit\u00e9, nous vendons \u00e9galement <a href=\"\/fr\/produit\/10-x-250ml-lait-de-chamelle-cru-congele-445-boutei\/\">des flacons de 250 ml<\/a>, id\u00e9aux pour les petits utilisateurs.<\/p>\n<p>La forme carr\u00e9e pratique de nos bouteilles les rend faciles \u00e0 conserver au cong\u00e9lateur et au r\u00e9frig\u00e9rateur.<\/p>\n<p><strong>Fiabilit\u00e9.<\/strong><\/p>\n<p>La qualit\u00e9 de notre lait de chamelle congel\u00e9 est soigneusement contr\u00f4l\u00e9e. Nous envoyons r\u00e9guli\u00e8rement des \u00e9chantillons de lait au laboratoire pour v\u00e9rifier la pr\u00e9sence de divers composants dans le lait de chamelle qui d\u00e9montrent la qualit\u00e9. Cela garantit que nous ne vendons que du lait de chamelle congel\u00e9 de qualit\u00e9 sup\u00e9rieure.<\/p>\n<p>Notre lait de chamelle est refroidi imm\u00e9diatement apr\u00e8s la traite des chameaux dans un syst\u00e8me ferm\u00e9. Cela garantit qu&#8217;aucune salet\u00e9 et bact\u00e9rie ne peuvent y p\u00e9n\u00e9trer. Apr\u00e8s avoir rempli les bouteilles, les bouteilles sont imm\u00e9diatement mises au cong\u00e9lateur. Cela garantit que le lait a une dur\u00e9e de conservation d&#8217;un an et ne perd pas ses bonnes qualit\u00e9s.<\/p>\n<p><strong>Une bonne alternative au lait de vache.<\/strong><\/p>\n<p>Le lait de chamelle est une bonne alternative pour les personnes qui ne boivent pas de lait de vache. Il ne contient pas de b\u00eata-lactoglobuline qui joue un r\u00f4le majeur dans l&#8217;allergie au lait de vache. De plus, le lait de chamelle est totalement exempt de prot\u00e9ines de lait de vache et ne contient que des prot\u00e9ines de lait de chamelle. Le lait de chamelle est une source de calcium et de prot\u00e9ines facilement digestibles. Et est riche en zinc et en prot\u00e9ines. De plus, le lait de chamelle contient \u00e9galement de la lactoferrine et des immunoglobulines, deux substances qui contribuent \u00e0 renforcer le syst\u00e8me immunitaire. Selon la FAO (Organisation mondiale de l&#8217;alimentation), le lait de chamelle est l&#8217;un des laits animaux les plus sains.<\/p>\n<p><strong>D\u00e9couvrez l&#8217;exp\u00e9rience gustative unique du lait de chamelle.<\/strong><\/p>\n<p>Notre lait de chamelle a un go\u00fbt similaire \u00e0 celui du lait cru de vache. Certaines personnes trouvent que le lait de chamelle a un go\u00fbt l\u00e9g\u00e8rement plus sal\u00e9 que le lait de vache. Cela est d\u00fb \u00e0 la teneur \u00e9lev\u00e9e en min\u00e9raux du lait de chamelle. Le lait de chamelle a un go\u00fbt moins gras que le lait de vache, car il a une tr\u00e8s faible teneur en mati\u00e8res grasses.<\/p>\n<p><strong>Comment utilisez-vous le lait de chamelle congel\u00e9 ?<\/strong><\/p>\n<ul>\n<li>Laissez le lait d\u00e9congeler au r\u00e9frig\u00e9rateur, apr\u00e8s d\u00e9cong\u00e9lation, le lait peut \u00eatre conserv\u00e9 au r\u00e9frig\u00e9rateur pendant encore trois jours.<\/li>\n<li>D\u00e9gustez un verre de d\u00e9licieux lait de chamelle comme collation nutritive.<\/li>\n<li>Ajoutez-le \u00e0 votre smoothie pour un regain de nutriments et une exp\u00e9rience gustative suppl\u00e9mentaire.<\/li>\n<li>Utilisez-le dans votre recette pr\u00e9f\u00e9r\u00e9e comme substitut du lait de vache.<\/li>\n<li>Faites-en du lait au chocolat avec notre <a href=\"\/fr\/produit\/chocolate-lollipop-with-camel-milk\/\">sucette au lait au chocolat ChoCamel<\/a> (\u00e0 base de lait de chamelle)<\/li>\n<\/ul>\n<p><strong>Un produit respectueux des animaux. <\/strong><\/p>\n<p>Les chameaux sont de v\u00e9ritables animaux de troupeau. C&#8217;est pourquoi tous nos chameaux sont gard\u00e9s en groupes. Lorsqu&#8217;il fait sec et pas trop froid, tous nos chameaux sortent dans nos grands p\u00e2turages, o\u00f9 ils peuvent pa\u00eetre sans limite. Dans les \u00e9curies, les chameaux reposent sur une \u00e9paisse couche de paille.<\/p>\n<p>Les veaux qui naissent avec nous restent sur notre ferme. Ils restent avec la m\u00e8re pendant une plus longue p\u00e9riode avant d&#8217;\u00eatre compl\u00e8tement sevr\u00e9s. Apr\u00e8s chaque traite (le matin et le soir), les veaux restent avec leur m\u00e8re pendant une heure et demie. Cela permet de s&#8217;assurer que le lien entre le veau et la m\u00e8re reste \u00e9troit.<\/p>\n<\/p>\n<div class=\"table-1\">\n<table width=\"100%\">\n<thead>\n<tr>\n<th align=\"left\">Min\u00e9raux<\/th>\n<th align=\"left\">Vitamines<\/th>\n<\/tr>\n<\/thead>\n<tbody>\n<tr>\n<td align=\"left\">Na (mg%) 36<\/td>\n<td align=\"left\">Thiamine (mg%) 0,03<\/td>\n<\/tr>\n<tr>\n<td align=\"left\">K (mg%) 60<\/td>\n<td align=\"left\">Riboflavine (mg%) 0,04<\/td>\n<\/tr>\n<tr>\n<td align=\"left\">Ca (mg%) 97<\/td>\n<td align=\"left\">B6 (mg%) 0,05<\/td>\n<\/tr>\n<tr>\n<td align=\"left\">Mg (mg%) 16<\/td>\n<td align=\"left\">B12 (mg%) 0,0002<\/td>\n<\/tr>\n<tr>\n<td align=\"left\">Zn (mg%) 3,4<\/td>\n<td align=\"left\">B3 (mg%) 0,046<\/td>\n<\/tr>\n<tr>\n<td align=\"left\">Fe (mg%) 0,04<\/td>\n<td align=\"left\">B5 (mg%) 0,09<\/td>\n<\/tr>\n<tr>\n<td align=\"left\">Cu (mg%) 0,02<\/td>\n<td align=\"left\">Vitamine E (mg%) 0,027<\/td>\n<\/tr>\n<tr>\n<td align=\"left\">Mn (mg%) 0,02<\/td>\n<td align=\"left\">Vitamine C (mg%) 3,6<\/td>\n<\/tr>\n<tr>\n<td align=\"left\">P (mg%) 58<\/td>\n<td align=\"left\">Vitamine A (I.U.) 129,1<\/td>\n<\/tr>\n<tr>\n<td align=\"left\">Cl (mg%) 0,16<\/td>\n<td align=\"left\">Vitamine D (I.U.) 0,8<\/td>\n<\/tr>\n<tr>\n<td align=\"left\">Carot\u00e8ne (mg%) 0,029<\/td>\n<td align=\"left\"><\/td>\n<\/tr>\n<\/tbody>\n<\/table>\n<\/div>\n<p>\n<p><strong>(Le lait de chamelle ne contient pas de b\u00eata-lactoglobine)<\/strong><\/p>\n<\/p>\n<div class=\"table-1\">\n<table width=\"100%\">\n<thead>\n<tr>\n<th align=\"left\">Composition du lait de chamelle<\/th>\n<th align=\"left\">(par 100ml)<\/th>\n<\/tr>\n<\/thead>\n<tbody>\n<tr>\n<td align=\"left\">Blanc d&#8217;oeuf<\/td>\n<td align=\"left\">3.4%<\/td>\n<\/tr>\n<tr>\n<td align=\"left\">Graisse<\/td>\n<td align=\"left\">4,2%<\/td>\n<\/tr>\n<tr>\n<td align=\"left\">Acides gras insatur\u00e9s<\/td>\n<td align=\"left\">1,8%<\/td>\n<\/tr>\n<tr>\n<td align=\"left\">Lactose<\/td>\n<td align=\"left\">4,3%<\/td>\n<\/tr>\n<tr>\n<td align=\"left\">Min\u00e9raux<\/td>\n<td align=\"left\">0,9%<\/td>\n<\/tr>\n<tr>\n<td align=\"left\">\u00c9nergie<\/td>\n<td align=\"left\">53 kcal\/100g (222kJ)<\/td>\n<\/tr>\n<\/tbody>\n<\/table>\n<\/div>\n<p>\n","protected":false},"excerpt":{"rendered":"<p>Le lait de chamelle congel\u00e9 est une solution id\u00e9ale pour tous ceux qui souhaitent profiter longtemps de notre lait de chamelle. Vous pouvez facilement fournir le lait de chamelle congel\u00e9. Notre <a href=\"\/fr\/lait-de-chamelle-frais\/\">lait de chamelle frais<\/a> est refroidi et congel\u00e9 imm\u00e9diatement apr\u00e8s la traite. De plus, notre lait de chamelle congel\u00e9 n&#8217;est pas pasteuris\u00e9 et le lait de chamelle est compl\u00e8tement non transform\u00e9. Cela garantit que vous obtenez du lait de chamelle congel\u00e9 de la plus haute qualit\u00e9 \u00e0 la maison. Notre lait de chamelle congel\u00e9 regorge de vitamines, de min\u00e9raux et de prot\u00e9ines essentielles.<\/p>\n<p>Nous produisons le lait de chamelle congel\u00e9 avec beaucoup d&#8217;amour et de passion. <a href=\"https:\/\/www.kamelenmelk.nl\/en\/\" target=\"_blank\" rel=\"noopener\">La ferme laiti\u00e8re de chameaux Smits<\/a> est la seule ferme laiti\u00e8re de chameaux en Europe. Cela nous rend tr\u00e8s fiers de notre beau produit.<\/p>\n<p>&nbsp;<\/p>\n<p>&nbsp;<\/p>\n","protected":false},"featured_media":5474,"comment_status":"open","ping_status":"closed","template":"","meta":{"_acf_changed":false},"product_brand":[],"product_cat":[130],"product_tag":[],"class_list":{"0":"post-5477","1":"product","2":"type-product","3":"status-publish","4":"has-post-thumbnail","6":"product_cat-lait-de-chamelle-congele","8":"first","9":"instock","10":"taxable","11":"shipping-taxable","12":"purchasable","13":"product-type-simple"},"acf":[],"_links":{"self":[{"href":"https:\/\/oasismilk.com\/fr\/wp-json\/wp\/v2\/product\/5477","targetHints":{"allow":["GET"]}}],"collection":[{"href":"https:\/\/oasismilk.com\/fr\/wp-json\/wp\/v2\/product"}],"about":[{"href":"https:\/\/oasismilk.com\/fr\/wp-json\/wp\/v2\/types\/product"}],"replies":[{"embeddable":true,"href":"https:\/\/oasismilk.com\/fr\/wp-json\/wp\/v2\/comments?post=5477"}],"wp:featuredmedia":[{"embeddable":true,"href":"https:\/\/oasismilk.com\/fr\/wp-json\/wp\/v2\/media\/5474"}],"wp:attachment":[{"href":"https:\/\/oasismilk.com\/fr\/wp-json\/wp\/v2\/media?parent=5477"}],"wp:term":[{"taxonomy":"product_brand","embeddable":true,"href":"https:\/\/oasismilk.com\/fr\/wp-json\/wp\/v2\/product_brand?post=5477"},{"taxonomy":"product_cat","embeddable":true,"href":"https:\/\/oasismilk.com\/fr\/wp-json\/wp\/v2\/product_cat?post=5477"},{"taxonomy":"product_tag","embeddable":true,"href":"https:\/\/oasismilk.com\/fr\/wp-json\/wp\/v2\/product_tag?post=5477"}],"curies":[{"name":"wp","href":"https:\/\/api.w.org\/{rel}","templated":true}]}}