{"id":5462,"date":"2024-10-17T13:37:10","date_gmt":"2024-10-17T11:37:10","guid":{"rendered":"https:\/\/oasismilk.com\/?post_type=product&#038;p=5462"},"modified":"2025-02-07T13:08:03","modified_gmt":"2025-02-07T13:08:03","slug":"200gr-camel-milkpowder-in-sealed-plastic-bag","status":"publish","type":"product","link":"https:\/\/oasismilk.com\/fr\/produit\/200gr-camel-milkpowder-in-sealed-plastic-bag\/","title":{"rendered":"Lait de chamelle en poudre en sachet refermable 200gr"},"content":{"rendered":"<p><strong>Naturel et nutritif<\/strong><\/p>\n<p>Le processus de production de notre poudre de lait de chamelle a \u00e9t\u00e9 d\u00e9velopp\u00e9 de mani\u00e8re \u00e0 conserver les propri\u00e9t\u00e9s naturelles du lait de chamelle frais. Cela en fait un excellent choix pour tous ceux qui appr\u00e9cient la qualit\u00e9 et la valeur nutritionnelle. Le lait de chamelle est connu pour ses prot\u00e9ines facilement digestibles et sa composition unique. Le lait de chamelle contient \u00e9galement de la lactoferrine et des immunoglobulines, deux substances qui contribuent \u00e0 renforcer le syst\u00e8me immunitaire. Selon la FAO (Organisation mondiale de l&#8217;alimentation), le lait de chamelle est l&#8217;un des laits animaux les plus sains.<\/p>\n<p>De plus, la poudre est tr\u00e8s facile \u00e0 utiliser. Il est facile \u00e0 dissoudre dans l&#8217;eau, ce qui vous permet de pr\u00e9parer un d\u00e9licieux verre de lait de chamelle en quelques minutes. Id\u00e9al pour la maison, en d\u00e9placement ou en d\u00e9placement !<\/p>\n<p><strong>Longue dur\u00e9e de conservation et facile \u00e0 exp\u00e9dier<\/strong><\/p>\n<p>L&#8217;un des plus grands avantages du lait de chamelle en poudre est sa longue dur\u00e9e de conservation. Notre emballage refermable vous permet d&#8217;avoir toujours du lait de chamelle \u00e0 la maison. Lorsqu&#8217;elle est stock\u00e9e correctement, dans un endroit sec et frais, la poudre durera jusqu&#8217;\u00e0 la date de p\u00e9remption indiqu\u00e9e sur l&#8217;emballage. Le lait de chamelle en poudre que vous recevez peut toujours \u00eatre conserv\u00e9 pendant au moins six mois. Une fois m\u00e9lang\u00e9 avec de l&#8217;eau, le lait peut \u00eatre conserv\u00e9 au r\u00e9frig\u00e9rateur pendant 1 \u00e0 2 jours. N\u00e9anmoins, nous vous recommandons de le boire imm\u00e9diatement apr\u00e8s la pr\u00e9paration pour une exp\u00e9rience gustative optimale.<\/p>\n<p>Avec un paquet de 400 grammes, vous pouvez facilement faire 4 litres de lait de chamelle. Notre poudre de lait de chamelle est compacte et l\u00e9g\u00e8re, ce qui la rend id\u00e9ale pour l&#8217;exp\u00e9dition (internationale).<\/p>\n<p><strong>Comment utilisez-vous le lait de chamelle en poudre ?<\/strong><\/p>\n<p>La pr\u00e9paration du lait de chamelle avec la poudre est simple\u00a0:<\/p>\n<ul>\n<li>Prenez un verre de 200 ml d&#8217;eau.<\/li>\n<li>Ajoutez 20 grammes de lait de chamelle en poudre (environ deux cuill\u00e8res \u00e0 soupe).<\/li>\n<li>Tout d&#8217;abord, m\u00e9langez avec un peu d&#8217;eau ti\u00e8de et remuez jusqu&#8217;\u00e0 ce que la poudre soit compl\u00e8tement dissoute.<\/li>\n<li>Remplissez le verre \u00e0 200 ml et d\u00e9gustez votre lait de chamelle fra\u00eechement pr\u00e9par\u00e9.<\/li>\n<\/ul>\n<p>Pour que tout soit encore plus facile \u00e0 m\u00e9langer, vous pouvez \u00e9galement utiliser un shaker.<\/p>\n<p><strong>Une exp\u00e9rience gustative polyvalente<\/strong><\/p>\n<p>Le go\u00fbt du lait de chamelle pr\u00e9par\u00e9 \u00e0 partir de poudre est l\u00e9ger et unique, bien qu&#8217;il diff\u00e8re l\u00e9g\u00e8rement du lait de chamelle frais. Pour ceux qui aiment essayer une saveur l\u00e9g\u00e8rement diff\u00e9rente, il existe plusieurs options :<\/p>\n<ul>\n<li><strong>Sucr\u00e9 et doux <\/strong>: Ajoutez une pinc\u00e9e d&#8217;inuline ou de poudre de vanille pour une saveur douce et sucr\u00e9e.<\/li>\n<li><strong>Amateurs de chocolat <\/strong>: Pr\u00e9parez du lait de chamelle au chocolat (ChoCamel) en ajoutant 3 cuill\u00e8res \u00e0 caf\u00e9 de poudre de cacao et 1 cuill\u00e8re \u00e0 caf\u00e9 de sucre \u00e0 20 grammes de poudre de lait de chamelle.<\/li>\n<li><strong>Smoothies sains <\/strong>: Utilisez du lait de chamelle en poudre comme base pour les smoothies. Associez-le \u00e0 des fruits pour une boisson nutritive.<\/li>\n<\/ul>\n<p><strong>Produits \u00e0 base de lait de chamelle en poudre<\/strong><\/p>\n<p>Vous n&#8217;aimez pas le go\u00fbt du lait, mais vous voulez tout de m\u00eame profiter des avantages uniques du lait de chamelle ? Alors nos <a href=\"\/fr\/produit\/capsules-with-camel-milk-powder-60-pieces\/\">g\u00e9lules de lait de chamelle en poudre sont la solution parfaite<\/a>. Vous pouvez facilement le prendre avec un peu d&#8217;eau.<\/p>\n<p><strong><em>Composition Camel milk<\/em><\/strong><\/p>\n<p><em>(camel milk powder mixed with water according to the description)<\/em><\/p>\n<p>&nbsp;<\/p>\n<table style=\"height: 108px; width: 327px;\" width=\"326\">\n<tbody>\n<tr style=\"height: 18px;\">\n<td style=\"height: 18px; width: 145.828px;\">Protein<\/td>\n<td style=\"height: 18px; width: 165.172px;\">3,4%<\/td>\n<\/tr>\n<tr style=\"height: 18px;\">\n<td style=\"height: 18px; width: 145.828px;\">Fat<\/td>\n<td style=\"height: 18px; width: 165.172px;\">4,2%<\/td>\n<\/tr>\n<tr style=\"height: 18px;\">\n<td style=\"height: 18px; width: 145.828px;\">Unsaturated fatty acids<\/td>\n<td style=\"height: 18px; width: 165.172px;\">1,8%<\/td>\n<\/tr>\n<tr style=\"height: 18px;\">\n<td style=\"height: 18px; width: 145.828px;\">Lactose<\/td>\n<td style=\"height: 18px; width: 165.172px;\">4,3%<\/td>\n<\/tr>\n<tr style=\"height: 18px;\">\n<td style=\"height: 18px; width: 145.828px;\">Minerals<\/td>\n<td style=\"height: 18px; width: 165.172px;\">0,9%<\/td>\n<\/tr>\n<tr style=\"height: 18px;\">\n<td style=\"height: 18px; width: 145.828px;\">Energy<\/td>\n<td style=\"height: 18px; width: 165.172px;\">53 kcal\/100g (222KJ)<\/td>\n<\/tr>\n<\/tbody>\n<\/table>\n<p><em>The numbers below are percentages per 100ml of milk<\/em><\/p>\n<table>\n<tbody>\n<tr>\n<td><strong>Minerals<\/strong><\/td>\n<td><\/td>\n<td><strong>Vitamins<\/strong><\/td>\n<td><\/td>\n<\/tr>\n<tr>\n<td>Na (mg%)<\/td>\n<td>36<\/td>\n<td>Thiamine (mg%)<\/td>\n<td>0,03<\/td>\n<\/tr>\n<tr>\n<td>K (mg%)<\/td>\n<td>60<\/td>\n<td>Riboflavine (mg%)<\/td>\n<td>0,04<\/td>\n<\/tr>\n<tr>\n<td>Ca (mg%)<\/td>\n<td>97<\/td>\n<td>B6 (mg%)<\/td>\n<td>0,05<\/td>\n<\/tr>\n<tr>\n<td>Mg (mg%)<\/td>\n<td>16<\/td>\n<td>B12 (mg%)<\/td>\n<td>0,0002<\/td>\n<\/tr>\n<tr>\n<td>Zn (mg%)<\/td>\n<td>\u00a03,4<\/td>\n<td>B3\u00a0(mg%)<\/td>\n<td>0,046<\/td>\n<\/tr>\n<tr>\n<td>Fe (mg%)<\/td>\n<td>0,04<\/td>\n<td>B5\u00a0(mg%)<\/td>\n<td>0,09<\/td>\n<\/tr>\n<tr>\n<td>Cu (mg%)<\/td>\n<td>0,02<\/td>\n<td>Vitamine E (mg%)<\/td>\n<td>0,027<\/td>\n<\/tr>\n<tr>\n<td>Mn (mg%)<\/td>\n<td>0,02<\/td>\n<td>Vitamine C (mg%)<\/td>\n<td>3,6<\/td>\n<\/tr>\n<tr>\n<td>P (mg%)<\/td>\n<td>58<\/td>\n<td>Vitamine A (I.U)<\/td>\n<td>129,1<\/td>\n<\/tr>\n<tr>\n<td>Cl (mg%)<\/td>\n<td>0,16<\/td>\n<td>\u00a0Vitamine D (I.U)<\/td>\n<td>0,8<\/td>\n<\/tr>\n<tr>\n<td>Caroteen (mg%)<\/td>\n<td>0,029<\/td>\n<td><\/td>\n<td><\/td>\n<\/tr>\n<\/tbody>\n<\/table>\n<p>Camel milk doesn\u2019t contain beta-lactoglobulin.<\/p>\n","protected":false},"excerpt":{"rendered":"<p>Notre lait de chamelle en poudre est une bonne alternative pour toutes les personnes qui souhaitent profiter des avantages particuliers de notre <a href=\"\/fr\/lait-de-chamelle-frais\/\">lait de chamelle<\/a>, mais qui recherchent une alternative durable et pratique. Il n&#8217;y a pas d&#8217;additifs dans notre poudre de lait de chamelle. La poudre de lait de chamelle n&#8217;est pas transform\u00e9e et est fabriqu\u00e9e \u00e0 partir de lait de chamelle 100% pur. Cela signifie que tous les nutriments essentiels, tels que les min\u00e9raux, les vitamines et les prot\u00e9ines, sont conserv\u00e9s de mani\u00e8re optimale.<\/p>\n","protected":false},"featured_media":5464,"comment_status":"open","ping_status":"closed","template":"","meta":{"_acf_changed":false},"product_brand":[],"product_cat":[131],"product_tag":[],"class_list":{"0":"post-5462","1":"product","2":"type-product","3":"status-publish","4":"has-post-thumbnail","6":"product_cat-lait-de-chamelle-en-poudre-et-gelules","8":"first","9":"instock","10":"featured","11":"taxable","12":"shipping-taxable","13":"purchasable","14":"product-type-simple"},"acf":[],"_links":{"self":[{"href":"https:\/\/oasismilk.com\/fr\/wp-json\/wp\/v2\/product\/5462","targetHints":{"allow":["GET"]}}],"collection":[{"href":"https:\/\/oasismilk.com\/fr\/wp-json\/wp\/v2\/product"}],"about":[{"href":"https:\/\/oasismilk.com\/fr\/wp-json\/wp\/v2\/types\/product"}],"replies":[{"embeddable":true,"href":"https:\/\/oasismilk.com\/fr\/wp-json\/wp\/v2\/comments?post=5462"}],"wp:featuredmedia":[{"embeddable":true,"href":"https:\/\/oasismilk.com\/fr\/wp-json\/wp\/v2\/media\/5464"}],"wp:attachment":[{"href":"https:\/\/oasismilk.com\/fr\/wp-json\/wp\/v2\/media?parent=5462"}],"wp:term":[{"taxonomy":"product_brand","embeddable":true,"href":"https:\/\/oasismilk.com\/fr\/wp-json\/wp\/v2\/product_brand?post=5462"},{"taxonomy":"product_cat","embeddable":true,"href":"https:\/\/oasismilk.com\/fr\/wp-json\/wp\/v2\/product_cat?post=5462"},{"taxonomy":"product_tag","embeddable":true,"href":"https:\/\/oasismilk.com\/fr\/wp-json\/wp\/v2\/product_tag?post=5462"}],"curies":[{"name":"wp","href":"https:\/\/api.w.org\/{rel}","templated":true}]}}