{"id":5460,"date":"2024-10-17T13:37:34","date_gmt":"2024-10-17T13:37:34","guid":{"rendered":"https:\/\/oasismilk.com\/?post_type=product&#038;p=5460"},"modified":"2025-02-07T13:07:43","modified_gmt":"2025-02-07T13:07:43","slug":"capsules-with-camel-milk-powder-60-pieces","status":"publish","type":"product","link":"https:\/\/oasismilk.com\/fr\/produit\/capsules-with-camel-milk-powder-60-pieces\/","title":{"rendered":"Capsules de lait de chamelle en poudre, 60 pi\u00e8ces"},"content":{"rendered":"<p><strong>Utiliser.<\/strong><\/p>\n<p>Les g\u00e9lules n&#8217;ont pas les m\u00eames propri\u00e9t\u00e9s que le <a href=\"\/fr\/lait-de-chamelle-frais\/\">lait de chamelle frais<\/a>, car il s&#8217;agit d&#8217;une plus petite quantit\u00e9. Pour un effet notable, nous vous recommandons de prendre 2 \u00e0 3 g\u00e9lules par jour avec un verre d&#8217;eau. Les g\u00e9lules doivent \u00eatre prises pendant trois mois pour constater des r\u00e9sultats. Les g\u00e9lules ne sont pas grandes et donc faciles \u00e0 prendre. La forme pratique des pots et des capsules les rend faciles \u00e0 emporter avec vous lorsque vous voyagez. De cette fa\u00e7on, vous avez toujours les avantages du lait de chamelle \u00e0 port\u00e9e de main.<\/p>\n<p><strong>Longue dur\u00e9e de conservation et facile \u00e0 exp\u00e9dier.<\/strong><\/p>\n<p>Les g\u00e9lules sont livr\u00e9es dans un bocal pratique dans lequel elles peuvent \u00eatre conserv\u00e9es au sec et \u00e0 l&#8217;abri de la lumi\u00e8re. Cela garantit qu&#8217;ils peuvent \u00eatre conserv\u00e9s pendant un an.<\/p>\n<p>En raison de la forme pratique et du poids l\u00e9ger de nos capsules, elles sont id\u00e9ales pour l&#8217;exp\u00e9dition (internationale).<\/p>\n<p><strong>Naturel et nutritif.<\/strong><\/p>\n<p>Nos g\u00e9lules sont produites de mani\u00e8re \u00e0 conserver les propri\u00e9t\u00e9s naturelles du lait de chamelle. Par cons\u00e9quent, c&#8217;est un excellent choix pour tous ceux qui se soucient de la qualit\u00e9 et de la valeur nutritionnelle. Notre lait de chamelle est connu pour ses prot\u00e9ines facilement digestibles et sa composition unique. Le lait de chamelle contient \u00e9galement de la lactoferrine et des immunoglobulines, deux substances qui contribuent \u00e0 renforcer le syst\u00e8me immunitaire.\u00a0 Le lait de chamelle est l&#8217;un des laits animaux les plus sains selon la FAO (Organisation mondiale de l&#8217;alimentation).<\/p>\n<p><strong>Produits \u00e0 base de lait de chamelle.<\/strong><\/p>\n<p>Pr\u00e9f\u00e9rez-vous essayer quelque chose o\u00f9 vous pouvez essayer l&#8217;exp\u00e9rience gustative unique du lait de chamelle ? Alors essayez l&#8217;un de nos autres produits \u00e0 base de <a href=\"\/fr\/lait-de-chamelle-frais\/\">lait de chamelle<\/a>.<\/p>\n","protected":false},"excerpt":{"rendered":"<p><strong>60 g\u00e9lules de lait de chamelle en poudre.<\/strong><\/p>\n<p>Nos g\u00e9lules de lait de chamelle en poudre sont id\u00e9ales pour les personnes qui n&#8217;aiment pas le lait de chamelle ou qui sont souvent en d\u00e9placement. <a href=\"\/fr\/lait-de-chamelle-en-poudre-et-gelules\/\">Les g\u00e9lules de lait de chamelle<\/a> ont une longue dur\u00e9e de conservation et sont faciles \u00e0 transporter. Les g\u00e9lules sont remplies de lait de chamelle 100% naturel, non transform\u00e9 et s\u00e9ch\u00e9 provenant de nos propres chameaux. Sans aucun additif. Les g\u00e9lules elles-m\u00eames sont fabriqu\u00e9es \u00e0 partir de HPMC, ce qui signifie qu&#8217;elles sont fabriqu\u00e9es \u00e0 partir de mati\u00e8res v\u00e9g\u00e9tales<\/p>\n","protected":false},"featured_media":5461,"comment_status":"open","ping_status":"closed","template":"","meta":{"_acf_changed":false},"product_brand":[],"product_cat":[131],"product_tag":[],"class_list":{"0":"post-5460","1":"product","2":"type-product","3":"status-publish","4":"has-post-thumbnail","6":"product_cat-lait-de-chamelle-en-poudre-et-gelules","8":"first","9":"instock","10":"featured","11":"taxable","12":"shipping-taxable","13":"purchasable","14":"product-type-simple"},"acf":[],"_links":{"self":[{"href":"https:\/\/oasismilk.com\/fr\/wp-json\/wp\/v2\/product\/5460","targetHints":{"allow":["GET"]}}],"collection":[{"href":"https:\/\/oasismilk.com\/fr\/wp-json\/wp\/v2\/product"}],"about":[{"href":"https:\/\/oasismilk.com\/fr\/wp-json\/wp\/v2\/types\/product"}],"replies":[{"embeddable":true,"href":"https:\/\/oasismilk.com\/fr\/wp-json\/wp\/v2\/comments?post=5460"}],"wp:featuredmedia":[{"embeddable":true,"href":"https:\/\/oasismilk.com\/fr\/wp-json\/wp\/v2\/media\/5461"}],"wp:attachment":[{"href":"https:\/\/oasismilk.com\/fr\/wp-json\/wp\/v2\/media?parent=5460"}],"wp:term":[{"taxonomy":"product_brand","embeddable":true,"href":"https:\/\/oasismilk.com\/fr\/wp-json\/wp\/v2\/product_brand?post=5460"},{"taxonomy":"product_cat","embeddable":true,"href":"https:\/\/oasismilk.com\/fr\/wp-json\/wp\/v2\/product_cat?post=5460"},{"taxonomy":"product_tag","embeddable":true,"href":"https:\/\/oasismilk.com\/fr\/wp-json\/wp\/v2\/product_tag?post=5460"}],"curies":[{"name":"wp","href":"https:\/\/api.w.org\/{rel}","templated":true}]}}