{"id":5456,"date":"2024-10-17T13:39:25","date_gmt":"2024-10-17T13:39:25","guid":{"rendered":"https:\/\/oasismilk.com\/?post_type=product&#038;p=5456"},"modified":"2025-02-07T13:06:54","modified_gmt":"2025-02-07T13:06:54","slug":"camel-milk-liqueur-200ml","status":"publish","type":"product","link":"https:\/\/oasismilk.com\/fr\/produit\/camel-milk-liqueur-200ml\/","title":{"rendered":"Liqueur de lait de chamelle Cameleys"},"content":{"rendered":"<p><strong>Qu&#8217;est-ce qui rend Cameleys sp\u00e9cial ?<\/strong><\/p>\n<ul>\n<li><strong>Lait de chamelle <\/strong>: Un type de lait nutritif connu pour sa douceur et sa l\u00e9g\u00e8re douceur. Le lait de chamelle contient moins de mati\u00e8res grasses que le lait de vache et est riche en vitamines et min\u00e9raux, ce qui contribue \u00e0 un go\u00fbt subtil et raffin\u00e9.<\/li>\n<li><strong>Doux et cr\u00e9meux<\/strong> : Cameleys a un \u00e9quilibre entre douceur et onctuosit\u00e9, ce qui en fait une liqueur d\u00e9licieuse pour toutes les occasions. Parfait pour boire pur, ou pour combiner avec vos recettes de cocktails pr\u00e9f\u00e9r\u00e9es.<\/li>\n<\/ul>\n<p><strong>\u00c0 quoi sert Cameleys ?<\/strong><\/p>\n<ul>\n<li><strong>\u00c0 d\u00e9guster pur <\/strong>: Servez vos Cameleys froids ou sur glace pour une exp\u00e9rience gustative rafra\u00eechissante et \u00e9l\u00e9gante.<\/li>\n<li><strong>Dans le caf\u00e9<\/strong> : Profitez d&#8217;une bonne tasse de caf\u00e9 avec une pinc\u00e9e de d\u00e9licieux Cameleys.<\/li>\n<li><strong>Base de cocktail <\/strong>: Ajoutez une touche suppl\u00e9mentaire \u00e0 vos cocktails avec une touche de Cameleys, d&#8217;un martini espresso cr\u00e9meux \u00e0 un luxueux blanc russe.<\/li>\n<li><strong>Id\u00e9e cadeau <\/strong>: Cameleys est aussi le cadeau parfait pour les amoureux. Le caract\u00e8re unique de la liqueur en fait un joli cadeau pour toutes les occasions.<\/li>\n<\/ul>\n<p><strong>Commandez Cameleys maintenant !<\/strong><\/p>\n<p>Laissez-vous s\u00e9duire par le go\u00fbt unique du lait de chamelle avec les Cameleys. Commandez facilement en ligne et d\u00e9gustez notre liqueur, avec une livraison rapide et s\u00fbre \u00e0 votre domicile.<\/p>\n","protected":false},"excerpt":{"rendered":"<p>D\u00e9couvrez le go\u00fbt particulier de <em>Cameleys<\/em>, une luxueuse liqueur de lait de chamelle fabriqu\u00e9e avec notre propre lait de chamelle. Notre liqueur est produite avec soin et passion, avec du lait de chamelle de la plus haute qualit\u00e9. Le r\u00e9sultat est une boisson cr\u00e9meuse et riche que vous pouvez d\u00e9guster d\u00e9licieusement.<\/p>\n","protected":false},"featured_media":5457,"comment_status":"open","ping_status":"closed","template":"","meta":{"_acf_changed":false},"product_brand":[],"product_cat":[207],"product_tag":[],"class_list":{"0":"post-5456","1":"product","2":"type-product","3":"status-publish","4":"has-post-thumbnail","6":"product_cat-autres-produits-de-chameau","8":"first","9":"instock","10":"taxable","11":"shipping-taxable","12":"purchasable","13":"product-type-simple"},"acf":[],"_links":{"self":[{"href":"https:\/\/oasismilk.com\/fr\/wp-json\/wp\/v2\/product\/5456","targetHints":{"allow":["GET"]}}],"collection":[{"href":"https:\/\/oasismilk.com\/fr\/wp-json\/wp\/v2\/product"}],"about":[{"href":"https:\/\/oasismilk.com\/fr\/wp-json\/wp\/v2\/types\/product"}],"replies":[{"embeddable":true,"href":"https:\/\/oasismilk.com\/fr\/wp-json\/wp\/v2\/comments?post=5456"}],"wp:featuredmedia":[{"embeddable":true,"href":"https:\/\/oasismilk.com\/fr\/wp-json\/wp\/v2\/media\/5457"}],"wp:attachment":[{"href":"https:\/\/oasismilk.com\/fr\/wp-json\/wp\/v2\/media?parent=5456"}],"wp:term":[{"taxonomy":"product_brand","embeddable":true,"href":"https:\/\/oasismilk.com\/fr\/wp-json\/wp\/v2\/product_brand?post=5456"},{"taxonomy":"product_cat","embeddable":true,"href":"https:\/\/oasismilk.com\/fr\/wp-json\/wp\/v2\/product_cat?post=5456"},{"taxonomy":"product_tag","embeddable":true,"href":"https:\/\/oasismilk.com\/fr\/wp-json\/wp\/v2\/product_tag?post=5456"}],"curies":[{"name":"wp","href":"https:\/\/api.w.org\/{rel}","templated":true}]}}