{"id":5454,"date":"2024-10-17T13:39:55","date_gmt":"2024-10-17T13:39:55","guid":{"rendered":"https:\/\/oasismilk.com\/?post_type=product&#038;p=5454"},"modified":"2025-02-07T13:06:20","modified_gmt":"2025-02-07T13:06:20","slug":"camel-milk-chocolate","status":"publish","type":"product","link":"https:\/\/oasismilk.com\/fr\/produit\/camel-milk-chocolate\/","title":{"rendered":"ChocolatCamels- Chocolats au lait de chamelle, 10 pi\u00e8ces"},"content":{"rendered":"<p><strong>Pourquoi le lait de chamelle ?<\/strong><\/p>\n<p>Le lait de chamelle est naturellement riche en nutriments et a un go\u00fbt plus doux et l\u00e9g\u00e8rement sucr\u00e9 que le lait de vache. Cela donne au chocolat une exp\u00e9rience gustative diff\u00e9rente et d\u00e9licieuse que le chocolat au lait de vache.<\/p>\n<p><strong>Qu&#8217;est-ce qui rend nos bonbons au lait de chamelle si sp\u00e9ciaux ?<\/strong><\/p>\n<ul>\n<li><strong>Qualit\u00e9 sup\u00e9rieure <\/strong>: Fabriqu\u00e9 avec le meilleur lait de chamelle, s\u00e9lectionn\u00e9 pour son go\u00fbt riche et onctueux.<\/li>\n<li><strong>Artisanat <\/strong>: Pr\u00e9par\u00e9 de mani\u00e8re traditionnelle par des chocolatiers qui allient passion et souci de la qualit\u00e9.<\/li>\n<li><strong>Gourmandise <\/strong>: L&#8217;\u00e9quilibre parfait entre la garniture riche et cr\u00e9meuse et la couche croquante de chocolat noir.<\/li>\n<\/ul>\n<p>Le lait de chamelle a inspir\u00e9 la boulangerie Vermeulen &amp; Den Otter pour d\u00e9velopper du chocolat \u00e0 base de lait de chamelle. C&#8217;est ainsi qu&#8217;est n\u00e9 le bonbon au lait de chamelle Kamelka.<\/p>\n<p><strong>L&#8217;histoire des bonbons au lait de chamelle<\/strong><\/p>\n<p>En 2010, Bois-le-Duc \u00e9tait la capitale du go\u00fbt. Un certain nombre de producteurs de la cha\u00eene alimentaire ont \u00e9t\u00e9 d\u00e9sign\u00e9s comme Recognized Tastemakers. C&#8217;est dans ce contexte que la boulangerie Vermeulen &amp; Den Otter a pr\u00e9sent\u00e9 en mai 2010 son dernier produit artisanal : des chocolats enti\u00e8rement fabriqu\u00e9s \u00e0 partir de lait de chamelle.<\/p>\n<p>La boulangerie Vermeulen &amp; Den Otter jouit d&#8217;une tr\u00e8s bonne r\u00e9putation dans le domaine du renouveau et de l&#8217;innovation. L&#8217;entreprise ne cesse de proposer de nouveaux produits et applications dans le secteur de la boulangerie et de la p\u00e2tisserie. Ce n&#8217;est pas pour rien que Vermeulen &amp; Den Otter a remport\u00e9 les prix de la meilleure entreprise de formation et de la meilleure p\u00e2tisserie aux Pays-Bas. En 2009, l&#8217;id\u00e9e est n\u00e9e d&#8217;utiliser du lait de chamelle \u00e0 la place du lait de vache dans certains produits. Bas Vermeulen : \u00ab L&#8217;id\u00e9e est de r\u00e9unir deux mondes. De plus, il est tr\u00e8s \u00ab chaud \u00bb de proposer des produits r\u00e9gionaux \u00bb. Les chocolats sont sur le march\u00e9 sous le nom de Kamelka. un bonbon exclusif, disponible dans les saveurs Milk et Dark, qui n&#8217;a pas d&#8217;\u00e9gal sur le march\u00e9 n\u00e9erlandais !<\/p>\n<p><strong>La g\u00e2terie id\u00e9ale<\/strong><\/p>\n<p>Nos bonbons au lait de chamelle sont parfaits comme cadeau pour tout le monde, mais aussi d\u00e9licieux pour se faire plaisir. Que ce soit pour une occasion sp\u00e9ciale ou tout simplement comme un moment quotidien de pur plaisir, avec ces chocolats, vous rendez chaque situation sp\u00e9ciale.<\/p>\n<p><strong>Commande<\/strong><\/p>\n<p>Commandez vos bonbons au lait de chamelle d\u00e8s maintenant et d\u00e9couvrez le luxe de ce produit sp\u00e9cial. Laissez-vous surprendre par le go\u00fbt unique et profitez du moment ultime de plaisir chocolat\u00e9 !<\/p>\n","protected":false},"excerpt":{"rendered":"<p>D\u00e9couvrez le go\u00fbt particulier de nos bonbons au lait de chamelle, une d\u00e9licatesse unique qui combine le go\u00fbt riche et cr\u00e9meux du lait de chamelle avec un d\u00e9licieux chocolat. Ces chocolats sont un v\u00e9ritable d\u00e9lice pour tout le monde et offrent une exp\u00e9rience gustative irr\u00e9sistible que vous n&#8217;oublierez pas de sit\u00f4t. Les chocolats sont fourr\u00e9s et emball\u00e9s par 8 pi\u00e8ces.<\/p>\n","protected":false},"featured_media":5455,"comment_status":"open","ping_status":"closed","template":"","meta":{"_acf_changed":false},"product_brand":[],"product_cat":[207],"product_tag":[],"class_list":{"0":"post-5454","1":"product","2":"type-product","3":"status-publish","4":"has-post-thumbnail","6":"product_cat-autres-produits-de-chameau","8":"first","9":"instock","10":"taxable","11":"shipping-taxable","12":"purchasable","13":"product-type-simple"},"acf":[],"_links":{"self":[{"href":"https:\/\/oasismilk.com\/fr\/wp-json\/wp\/v2\/product\/5454","targetHints":{"allow":["GET"]}}],"collection":[{"href":"https:\/\/oasismilk.com\/fr\/wp-json\/wp\/v2\/product"}],"about":[{"href":"https:\/\/oasismilk.com\/fr\/wp-json\/wp\/v2\/types\/product"}],"replies":[{"embeddable":true,"href":"https:\/\/oasismilk.com\/fr\/wp-json\/wp\/v2\/comments?post=5454"}],"wp:featuredmedia":[{"embeddable":true,"href":"https:\/\/oasismilk.com\/fr\/wp-json\/wp\/v2\/media\/5455"}],"wp:attachment":[{"href":"https:\/\/oasismilk.com\/fr\/wp-json\/wp\/v2\/media?parent=5454"}],"wp:term":[{"taxonomy":"product_brand","embeddable":true,"href":"https:\/\/oasismilk.com\/fr\/wp-json\/wp\/v2\/product_brand?post=5454"},{"taxonomy":"product_cat","embeddable":true,"href":"https:\/\/oasismilk.com\/fr\/wp-json\/wp\/v2\/product_cat?post=5454"},{"taxonomy":"product_tag","embeddable":true,"href":"https:\/\/oasismilk.com\/fr\/wp-json\/wp\/v2\/product_tag?post=5454"}],"curies":[{"name":"wp","href":"https:\/\/api.w.org\/{rel}","templated":true}]}}