{"id":5452,"date":"2024-10-17T13:40:09","date_gmt":"2024-10-17T13:40:09","guid":{"rendered":"https:\/\/oasismilk.com\/?post_type=product&#038;p=5452"},"modified":"2025-02-07T13:05:55","modified_gmt":"2025-02-07T13:05:55","slug":"chocamel-chocolate-lollipop-with-camel-mi-89977580","status":"publish","type":"product","link":"https:\/\/oasismilk.com\/fr\/produit\/chocamel-chocolate-lollipop-with-camel-mi-89977580\/","title":{"rendered":"ChoCamels &#8211; Chocolats au lait de chameau, en forme de chameau"},"content":{"rendered":"<p>\u00c0 la demande de Kamelenmelkerij Smits, Vermeulen &amp; Den Otter a cr\u00e9\u00e9 un nouveau produit !<\/p>\n<p>De d\u00e9licieux chocolats pr\u00e9par\u00e9s de mani\u00e8re traditionnelle avec du vrai cacao et du lait de chamelle. Les chocolats ont la forme d&#8217;un chameau. A offrir ou \u00e0 recevoir en cadeau !<\/p>\n","protected":false},"excerpt":{"rendered":"<p>Chocolats pr\u00e9par\u00e9s traditionnellement avec du lait de chamelle, en forme de chameau.<br \/>\nC&#8217;est aussi un beau cadeau \u00e0 offrir ou \u00e0 recevoir !<\/p>\n","protected":false},"featured_media":5453,"comment_status":"open","ping_status":"closed","template":"","meta":{"_acf_changed":false},"product_brand":[],"product_cat":[207],"product_tag":[],"class_list":{"0":"post-5452","1":"product","2":"type-product","3":"status-publish","4":"has-post-thumbnail","6":"product_cat-autres-produits-de-chameau","8":"first","9":"instock","10":"taxable","11":"shipping-taxable","12":"purchasable","13":"product-type-simple"},"acf":[],"_links":{"self":[{"href":"https:\/\/oasismilk.com\/fr\/wp-json\/wp\/v2\/product\/5452","targetHints":{"allow":["GET"]}}],"collection":[{"href":"https:\/\/oasismilk.com\/fr\/wp-json\/wp\/v2\/product"}],"about":[{"href":"https:\/\/oasismilk.com\/fr\/wp-json\/wp\/v2\/types\/product"}],"replies":[{"embeddable":true,"href":"https:\/\/oasismilk.com\/fr\/wp-json\/wp\/v2\/comments?post=5452"}],"wp:featuredmedia":[{"embeddable":true,"href":"https:\/\/oasismilk.com\/fr\/wp-json\/wp\/v2\/media\/5453"}],"wp:attachment":[{"href":"https:\/\/oasismilk.com\/fr\/wp-json\/wp\/v2\/media?parent=5452"}],"wp:term":[{"taxonomy":"product_brand","embeddable":true,"href":"https:\/\/oasismilk.com\/fr\/wp-json\/wp\/v2\/product_brand?post=5452"},{"taxonomy":"product_cat","embeddable":true,"href":"https:\/\/oasismilk.com\/fr\/wp-json\/wp\/v2\/product_cat?post=5452"},{"taxonomy":"product_tag","embeddable":true,"href":"https:\/\/oasismilk.com\/fr\/wp-json\/wp\/v2\/product_tag?post=5452"}],"curies":[{"name":"wp","href":"https:\/\/api.w.org\/{rel}","templated":true}]}}