{"id":5450,"date":"2024-10-17T13:40:39","date_gmt":"2024-10-17T13:40:39","guid":{"rendered":"https:\/\/oasismilk.com\/?post_type=product&#038;p=5450"},"modified":"2025-02-07T13:05:34","modified_gmt":"2025-02-07T13:05:34","slug":"camel-milk-bread","status":"publish","type":"product","link":"https:\/\/oasismilk.com\/fr\/produit\/camel-milk-bread\/","title":{"rendered":"Pain au lait de chamelle, 500 grammes"},"content":{"rendered":"<p>Depuis 2011, un pain au lait de chamelle est commercialis\u00e9 ! Ce pain poss\u00e8de les propri\u00e9t\u00e9s du lait de chamelle et est donc sain et savoureux. Le pain est fabriqu\u00e9 \u00e0 partir de levain et d&#8217;\u00e9peautre, et convient donc \u00e9galement aux personnes souffrant d&#8217;intol\u00e9rance au bl\u00e9 et de troubles gastro-intestinaux. Le pain de 500 grammes est mi-cuit, coup\u00e9 en tranches et emball\u00e9 dans un sac sp\u00e9cial pour le four. \u00c0 la maison, le pain doit \u00eatre cuit pendant quelques minutes. Le pain a une belle apparence car il est recouvert du logo d&#8217;un chameau.<\/p>\n","protected":false},"excerpt":{"rendered":"<p>Depuis 2011, un pain au lait de chamelle est commercialis\u00e9 ! Ce pain poss\u00e8de les propri\u00e9t\u00e9s du lait de chamelle et est donc sain et savoureux.<\/p>\n","protected":false},"featured_media":5451,"comment_status":"open","ping_status":"closed","template":"","meta":{"_acf_changed":false},"product_brand":[],"product_cat":[207],"product_tag":[],"class_list":{"0":"post-5450","1":"product","2":"type-product","3":"status-publish","4":"has-post-thumbnail","6":"product_cat-autres-produits-de-chameau","8":"first","9":"instock","10":"taxable","11":"shipping-taxable","12":"purchasable","13":"product-type-simple"},"acf":[],"_links":{"self":[{"href":"https:\/\/oasismilk.com\/fr\/wp-json\/wp\/v2\/product\/5450","targetHints":{"allow":["GET"]}}],"collection":[{"href":"https:\/\/oasismilk.com\/fr\/wp-json\/wp\/v2\/product"}],"about":[{"href":"https:\/\/oasismilk.com\/fr\/wp-json\/wp\/v2\/types\/product"}],"replies":[{"embeddable":true,"href":"https:\/\/oasismilk.com\/fr\/wp-json\/wp\/v2\/comments?post=5450"}],"wp:featuredmedia":[{"embeddable":true,"href":"https:\/\/oasismilk.com\/fr\/wp-json\/wp\/v2\/media\/5451"}],"wp:attachment":[{"href":"https:\/\/oasismilk.com\/fr\/wp-json\/wp\/v2\/media?parent=5450"}],"wp:term":[{"taxonomy":"product_brand","embeddable":true,"href":"https:\/\/oasismilk.com\/fr\/wp-json\/wp\/v2\/product_brand?post=5450"},{"taxonomy":"product_cat","embeddable":true,"href":"https:\/\/oasismilk.com\/fr\/wp-json\/wp\/v2\/product_cat?post=5450"},{"taxonomy":"product_tag","embeddable":true,"href":"https:\/\/oasismilk.com\/fr\/wp-json\/wp\/v2\/product_tag?post=5450"}],"curies":[{"name":"wp","href":"https:\/\/api.w.org\/{rel}","templated":true}]}}