{"id":5446,"date":"2024-10-17T13:41:16","date_gmt":"2024-10-17T13:41:16","guid":{"rendered":"https:\/\/oasismilk.com\/?post_type=product&#038;p=5446"},"modified":"2025-02-07T13:04:50","modified_gmt":"2025-02-07T13:04:50","slug":"coffret-cadeau-1-copy","status":"publish","type":"product","link":"https:\/\/oasismilk.com\/fr\/produit\/coffret-cadeau-1-copy\/","title":{"rendered":"Paquet cadeau grand"},"content":{"rendered":"<p>Le paquet 2 de chameaux comprend: du savon de chameau, des chocolats fabriqu\u00e9s \u00e0 la main en forme de chameau, une sucette au chocolat (pour faire un d\u00e9licieux chocolat chaud) et une bouteille de liqueur de lait de chameau.<\/p>\n","protected":false},"excerpt":{"rendered":"<p>Le paquet 2 de chameaux comprend: du savon de chameau, des chocolats fabriqu\u00e9s \u00e0 la main en forme de chameau, une sucette au chocolat (pour faire un d\u00e9licieux chocolat chaud) et une bouteille de liqueur de lait de chameau.<\/p>\n","protected":false},"featured_media":5447,"comment_status":"open","ping_status":"closed","template":"","meta":{"_acf_changed":false},"product_brand":[],"product_cat":[132],"product_tag":[],"class_list":{"0":"post-5446","1":"product","2":"type-product","3":"status-publish","4":"has-post-thumbnail","6":"product_cat-cadeaux","8":"first","9":"instock","10":"taxable","11":"shipping-taxable","12":"purchasable","13":"product-type-simple"},"acf":[],"_links":{"self":[{"href":"https:\/\/oasismilk.com\/fr\/wp-json\/wp\/v2\/product\/5446","targetHints":{"allow":["GET"]}}],"collection":[{"href":"https:\/\/oasismilk.com\/fr\/wp-json\/wp\/v2\/product"}],"about":[{"href":"https:\/\/oasismilk.com\/fr\/wp-json\/wp\/v2\/types\/product"}],"replies":[{"embeddable":true,"href":"https:\/\/oasismilk.com\/fr\/wp-json\/wp\/v2\/comments?post=5446"}],"wp:featuredmedia":[{"embeddable":true,"href":"https:\/\/oasismilk.com\/fr\/wp-json\/wp\/v2\/media\/5447"}],"wp:attachment":[{"href":"https:\/\/oasismilk.com\/fr\/wp-json\/wp\/v2\/media?parent=5446"}],"wp:term":[{"taxonomy":"product_brand","embeddable":true,"href":"https:\/\/oasismilk.com\/fr\/wp-json\/wp\/v2\/product_brand?post=5446"},{"taxonomy":"product_cat","embeddable":true,"href":"https:\/\/oasismilk.com\/fr\/wp-json\/wp\/v2\/product_cat?post=5446"},{"taxonomy":"product_tag","embeddable":true,"href":"https:\/\/oasismilk.com\/fr\/wp-json\/wp\/v2\/product_tag?post=5446"}],"curies":[{"name":"wp","href":"https:\/\/api.w.org\/{rel}","templated":true}]}}