{"id":5431,"date":"2024-10-17T13:44:20","date_gmt":"2024-10-17T13:44:20","guid":{"rendered":"https:\/\/oasismilk.com\/?post_type=product&#038;p=5431"},"modified":"2025-02-07T13:02:46","modified_gmt":"2025-02-07T13:02:46","slug":"chameau-en-bois","status":"publish","type":"product","link":"https:\/\/oasismilk.com\/fr\/produit\/chameau-en-bois\/","title":{"rendered":"Plan de chameau en bois"},"content":{"rendered":"<p>Vous pouvez r\u00e9aliser ce chameau en bois de plus de 60 cm de haut !<\/p>\n<p><em>Quelque chose \u00e0 voir avec vos parents ou grands-parents ?<\/em><\/p>\n<p>Lors de l&#8217;achat des dessins de construction. vous l&#8217;envoyez \u00e0 la maison. Vous pouvez couvrir cela sur MDF ou multiplex. Ensuite, vous pouvez commencer \u00e0 scier, \u00e0 construire et m\u00eame \u00e0 peindre !<\/p>\n<p>&nbsp;<\/p>\n<p>Avez-vous peint un beau chameau?<\/p>\n<p>Alors participez au concours de beaut\u00e9 des chameaux.<\/p>\n<p>&nbsp;<\/p>\n<p><strong>De quoi avez-vous besoin en plus des plans de construction?<\/strong><\/p>\n<ul>\n<li>Bois MDF \u00e9paisseur 9 mm (disponible en quincaillerie pour environ 8,50 Euro) ou contreplaqu\u00e9<\/li>\n<li>Pattes arri\u00e8re transversales :\u00a0\u00a0\u00a0\u00a0\u00a0 \u00a0\u00a0\u00a0\u00a0\u00a0\u00a0\u00a0\u00a0\u00a0\u00a0\u00a0 25&#215;50 cm<\/li>\n<li>Jambes ant\u00e9rieures transversales : \u00a0\u00a0\u00a0\u00a0\u00a0\u00a0\u00a0\u00a0\u00a0\u00a0\u00a0 26&#215;45 cm<\/li>\n<li>Partie du corps gauche :\u00a0\u00a0\u00a0\u00a0\u00a0\u00a0\u00a0\u00a0\u00a0\u00a0\u00a0\u00a0\u00a0 \u00a0\u00a0\u00a0\u00a0\u00a0\u00a0\u00a0\u00a0\u00a0\u00a0\u00a0 33&#215;73 cm<\/li>\n<li>Partie coque droite :\u00a0\u00a0\u00a0\u00a0\u00a0\u00a0\u00a0\u00a0\u00a0\u00a0 \u00a0\u00a0\u00a0\u00a0\u00a0\u00a0\u00a0\u00a0\u00a0\u00a0\u00a0 33&#215;73 cm<\/li>\n<li>Milieu de la coque :\u00a0\u00a0\u00a0\u00a0\u00a0\u00a0\u00a0 \u00a0\u00a0\u00a0\u00a0\u00a0\u00a0\u00a0\u00a0\u00a0\u00a0\u00a0 33&#215;73 cm<\/li>\n<li>Pattes avant et arri\u00e8re gauche : 40&#215;48 cm<\/li>\n<li>Pattes avant et arri\u00e8re droite : 40&#215;48 cm<\/li>\n<\/ul>\n<p><strong>Outils:<\/strong><\/p>\n<ul>\n<li>Scie sauteuse ou scie sauteuse<\/li>\n<li>Perceuse \u00e0 vitesse de 10 mm<\/li>\n<li>r\u00e8gle<\/li>\n<li>G\u00e9otriangle<\/li>\n<li>feutre fin<\/li>\n<li>Fichier plat<\/li>\n<li>ruban de peintre<\/li>\n<li>papier de verre<\/li>\n<\/ul>\n","protected":false},"excerpt":{"rendered":"<p>Un dessin de construction pour r\u00e9aliser un chameau en bois de plus de 60 cm de haut.<\/p>\n","protected":false},"featured_media":5435,"comment_status":"open","ping_status":"closed","template":"","meta":{"_acf_changed":false},"product_brand":[],"product_cat":[212],"product_tag":[],"class_list":{"0":"post-5431","1":"product","2":"type-product","3":"status-publish","4":"has-post-thumbnail","6":"product_cat-souvenirs-de-chameaux","8":"first","9":"instock","10":"taxable","11":"shipping-taxable","12":"purchasable","13":"product-type-simple"},"acf":[],"_links":{"self":[{"href":"https:\/\/oasismilk.com\/fr\/wp-json\/wp\/v2\/product\/5431","targetHints":{"allow":["GET"]}}],"collection":[{"href":"https:\/\/oasismilk.com\/fr\/wp-json\/wp\/v2\/product"}],"about":[{"href":"https:\/\/oasismilk.com\/fr\/wp-json\/wp\/v2\/types\/product"}],"replies":[{"embeddable":true,"href":"https:\/\/oasismilk.com\/fr\/wp-json\/wp\/v2\/comments?post=5431"}],"wp:featuredmedia":[{"embeddable":true,"href":"https:\/\/oasismilk.com\/fr\/wp-json\/wp\/v2\/media\/5435"}],"wp:attachment":[{"href":"https:\/\/oasismilk.com\/fr\/wp-json\/wp\/v2\/media?parent=5431"}],"wp:term":[{"taxonomy":"product_brand","embeddable":true,"href":"https:\/\/oasismilk.com\/fr\/wp-json\/wp\/v2\/product_brand?post=5431"},{"taxonomy":"product_cat","embeddable":true,"href":"https:\/\/oasismilk.com\/fr\/wp-json\/wp\/v2\/product_cat?post=5431"},{"taxonomy":"product_tag","embeddable":true,"href":"https:\/\/oasismilk.com\/fr\/wp-json\/wp\/v2\/product_tag?post=5431"}],"curies":[{"name":"wp","href":"https:\/\/api.w.org\/{rel}","templated":true}]}}