{"id":5409,"date":"2024-11-08T14:51:29","date_gmt":"2024-11-08T13:51:29","guid":{"rendered":"https:\/\/oasismilk.com\/?post_type=product&#038;p=5409"},"modified":"2025-02-07T13:01:08","modified_gmt":"2025-02-07T13:01:08","slug":"lait-de-chamelle-en-poudre-12x-400gr-reduction","status":"publish","type":"product","link":"https:\/\/oasismilk.com\/fr\/produit\/lait-de-chamelle-en-poudre-12x-400gr-reduction\/","title":{"rendered":"Forfait discount Lait de chamelle en poudre 12x 400gr en sachet refermable &#8211; \u20ac66,50\/par sachet"},"content":{"rendered":"<p>Outre le lait de chamelle frais, il existe \u00e9galement du lait de chamelle en poudre. Id\u00e9al pour l&#8217;envoi et le stockage. Le lait en poudre est compos\u00e9 \u00e0 100 % de lait de chamelle naturel pur. Gr\u00e2ce \u00e0 la m\u00e9thode sp\u00e9ciale de s\u00e9chage par pulv\u00e9risation, toutes les valeurs nutritionnelles et propri\u00e9t\u00e9s du lait de chamelle frais sont pr\u00e9serv\u00e9es. Le lait en poudre a donc le m\u00eame effet que le lait frais de chamelle, il est juste plus facile \u00e0 conserver. La poudre se conserve 1 an dans un endroit sec. Environ 20 verres de lait peuvent \u00eatre obtenus \u00e0 partir de 400 grammes de lait en poudre.<\/p>\n<p>Tout le monde n&#8217;aime pas le go\u00fbt du lait en poudre, mais vous pouvez y ajouter du cacao ou de l&#8217;extrait de vanille pour en changer le go\u00fbt.<\/p>\n<p>&nbsp;<\/p>\n<p><strong>Alternative au lait de vache<\/strong><br \/>\nCertaines personnes ne boivent pas de lait de vache. Le lait de chamelle serait une bonne alternative pour ces personnes. Le go\u00fbt du lait de chamelle est similaire \u00e0 celui du lait de vache. Le lait de chamelle est 100 % sans prot\u00e9ines de lait de vache et ne contient que des prot\u00e9ines de lait de chamelle.<br \/>\nCes prot\u00e9ines contribuent \u00e0 la croissance de la masse musculaire et au maintien de la masse musculaire et des os. Le lait de chamelle est une source de calcium, qui contribue \u00e0 une coagulation sanguine normale.<\/p>\n<p>&nbsp;<\/p>\n<p><strong><em>Composition du lait de chamelle<\/em><\/strong><\/p>\n<p><em>(lait de chamelle en poudre m\u00e9lang\u00e9 \u00e0 de l&#8217;eau selon la description)<\/em><\/p>\n<table style=\"width: 349px;\" width=\"326\">\n<tbody>\n<tr>\n<td style=\"width: 179.531px;\">Blanc d&#8217;oeuf<\/td>\n<td style=\"width: 153.469px;\">3,4%<\/td>\n<\/tr>\n<tr>\n<td style=\"width: 179.531px;\">Graisse<\/td>\n<td style=\"width: 153.469px;\">4,2%<\/td>\n<\/tr>\n<tr>\n<td style=\"width: 179.531px;\">Acides gras insatur\u00e9s<\/td>\n<td style=\"width: 153.469px;\">1,8%<\/td>\n<\/tr>\n<tr>\n<td style=\"width: 179.531px;\">Lactose<\/td>\n<td style=\"width: 153.469px;\">4,3%<\/td>\n<\/tr>\n<tr>\n<td style=\"width: 179.531px;\">Min\u00e9raux<\/td>\n<td style=\"width: 153.469px;\">0,9%<\/td>\n<\/tr>\n<tr>\n<td style=\"width: 179.531px;\">\u00c9nergie<\/td>\n<td style=\"width: 153.469px;\">53 kcal\/100 ml (222 KJ)<\/td>\n<\/tr>\n<\/tbody>\n<\/table>\n<p><em>Les chiffres ci-dessous sont des pourcentages pour 100 ml de lait<\/em><\/p>\n<table style=\"height: 216px;\">\n<tbody>\n<tr style=\"height: 18px;\">\n<td style=\"height: 18px; width: 131px;\"><strong>Min\u00e9raux<\/strong><\/td>\n<td style=\"height: 18px; width: 52px;\"><\/td>\n<td style=\"height: 18px; width: 141px;\"><strong>Vitamines<\/strong><\/td>\n<td style=\"height: 18px; width: 56px;\"><\/td>\n<\/tr>\n<tr style=\"height: 18px;\">\n<td style=\"height: 18px; width: 131px;\">Na (mg%)<\/td>\n<td style=\"height: 18px; width: 52px;\">36<\/td>\n<td style=\"height: 18px; width: 141px;\">Thiamine (mg%)<\/td>\n<td style=\"height: 18px; width: 56px;\">0,03<\/td>\n<\/tr>\n<tr style=\"height: 18px;\">\n<td style=\"height: 18px; width: 131px;\">K (mg%)<\/td>\n<td style=\"height: 18px; width: 52px;\">60<\/td>\n<td style=\"height: 18px; width: 141px;\">Riboflavine (mg%)<\/td>\n<td style=\"height: 18px; width: 56px;\">0,04<\/td>\n<\/tr>\n<tr style=\"height: 18px;\">\n<td style=\"height: 18px; width: 131px;\">Ca (mg%)<\/td>\n<td style=\"height: 18px; width: 52px;\">97<\/td>\n<td style=\"height: 18px; width: 141px;\">B6 (mg%)<\/td>\n<td style=\"height: 18px; width: 56px;\">0,05<\/td>\n<\/tr>\n<tr style=\"height: 18px;\">\n<td style=\"height: 18px; width: 131px;\">mg (mg%)<\/td>\n<td style=\"height: 18px; width: 52px;\">16<\/td>\n<td style=\"height: 18px; width: 141px;\">B12 (mg%)<\/td>\n<td style=\"height: 18px; width: 56px;\">0,0002<\/td>\n<\/tr>\n<tr style=\"height: 18px;\">\n<td style=\"height: 18px; width: 131px;\">Zn (mg%)<\/td>\n<td style=\"height: 18px; width: 52px;\">3.4<\/td>\n<td style=\"height: 18px; width: 141px;\">B3 (mg%)<\/td>\n<td style=\"height: 18px; width: 56px;\">0,046<\/td>\n<\/tr>\n<tr style=\"height: 18px;\">\n<td style=\"height: 18px; width: 131px;\">Fe (mg%)<\/td>\n<td style=\"height: 18px; width: 52px;\">0,04<\/td>\n<td style=\"height: 18px; width: 141px;\">B5 (mg%)<\/td>\n<td style=\"height: 18px; width: 56px;\">0,09<\/td>\n<\/tr>\n<tr style=\"height: 18px;\">\n<td style=\"height: 18px; width: 131px;\">Cu (mg%)<\/td>\n<td style=\"height: 18px; width: 52px;\">0,02<\/td>\n<td style=\"height: 18px; width: 141px;\">Vitamine E (mg%)<\/td>\n<td style=\"height: 18px; width: 56px;\">0,027<\/td>\n<\/tr>\n<tr style=\"height: 18px;\">\n<td style=\"height: 18px; width: 131px;\">Mn (mg%)<\/td>\n<td style=\"height: 18px; width: 52px;\">0,02<\/td>\n<td style=\"height: 18px; width: 141px;\">Vitamine C (mg%)<\/td>\n<td style=\"height: 18px; width: 56px;\">3.6<\/td>\n<\/tr>\n<tr style=\"height: 18px;\">\n<td style=\"height: 18px; width: 131px;\">P (mg%)<\/td>\n<td style=\"height: 18px; width: 52px;\">58<\/td>\n<td style=\"height: 18px; width: 141px;\">Vitamine A (UI)<\/td>\n<td style=\"height: 18px; width: 56px;\">129.1<\/td>\n<\/tr>\n<tr style=\"height: 18px;\">\n<td style=\"height: 18px; width: 131px;\">Cl (mg%)<\/td>\n<td style=\"height: 18px; width: 52px;\">0,16<\/td>\n<td style=\"height: 18px; width: 141px;\">Vitamine D (UI)<\/td>\n<td style=\"height: 18px; width: 56px;\">0,8<\/td>\n<\/tr>\n<tr style=\"height: 18px;\">\n<td style=\"height: 18px; width: 131px;\">Carot\u00e8ne (mg%)<\/td>\n<td style=\"height: 18px; width: 52px;\">0,029<\/td>\n<td style=\"height: 18px; width: 141px;\"><\/td>\n<td style=\"height: 18px; width: 56px;\"><\/td>\n<\/tr>\n<\/tbody>\n<\/table>\n<p>Le lait de chamelle ne contient pas de \u03b2-lactoglobine.<\/p>\n","protected":false},"excerpt":{"rendered":"<p>Lait de chamelle en poudre est id\u00e9al pour l&#8217;envoi et le stockage. Le lait en poudre est compos\u00e9 \u00e0 100 % de lait de chamelle naturel pur. Environ 20 verres de lait peuvent \u00eatre obtenus \u00e0 partir de 400 grammes de lait en poudre.<\/p>\n","protected":false},"featured_media":5411,"comment_status":"open","ping_status":"closed","template":"","meta":{"_acf_changed":false},"product_brand":[],"product_cat":[131],"product_tag":[],"class_list":{"0":"post-5409","1":"product","2":"type-product","3":"status-publish","4":"has-post-thumbnail","6":"product_cat-lait-de-chamelle-en-poudre-et-gelules","8":"first","9":"instock","10":"taxable","11":"shipping-taxable","12":"purchasable","13":"product-type-simple"},"acf":[],"_links":{"self":[{"href":"https:\/\/oasismilk.com\/fr\/wp-json\/wp\/v2\/product\/5409","targetHints":{"allow":["GET"]}}],"collection":[{"href":"https:\/\/oasismilk.com\/fr\/wp-json\/wp\/v2\/product"}],"about":[{"href":"https:\/\/oasismilk.com\/fr\/wp-json\/wp\/v2\/types\/product"}],"replies":[{"embeddable":true,"href":"https:\/\/oasismilk.com\/fr\/wp-json\/wp\/v2\/comments?post=5409"}],"wp:featuredmedia":[{"embeddable":true,"href":"https:\/\/oasismilk.com\/fr\/wp-json\/wp\/v2\/media\/5411"}],"wp:attachment":[{"href":"https:\/\/oasismilk.com\/fr\/wp-json\/wp\/v2\/media?parent=5409"}],"wp:term":[{"taxonomy":"product_brand","embeddable":true,"href":"https:\/\/oasismilk.com\/fr\/wp-json\/wp\/v2\/product_brand?post=5409"},{"taxonomy":"product_cat","embeddable":true,"href":"https:\/\/oasismilk.com\/fr\/wp-json\/wp\/v2\/product_cat?post=5409"},{"taxonomy":"product_tag","embeddable":true,"href":"https:\/\/oasismilk.com\/fr\/wp-json\/wp\/v2\/product_tag?post=5409"}],"curies":[{"name":"wp","href":"https:\/\/api.w.org\/{rel}","templated":true}]}}