{"id":8512,"date":"2025-06-19T16:53:31","date_gmt":"2025-06-19T14:53:31","guid":{"rendered":"https:\/\/oasismilk.com\/?page_id=8512"},"modified":"2025-06-19T17:00:31","modified_gmt":"2025-06-19T15:00:31","slug":"lait-de-chamelle-alternative","status":"publish","type":"page","link":"https:\/\/oasismilk.com\/fr\/lait-de-chamelle-alternative\/","title":{"rendered":"Lait de Chamelle Une Alternative"},"content":{"rendered":"<div class=\"fusion-fullwidth fullwidth-box fusion-builder-row-1 fusion-flex-container has-pattern-background has-mask-background nonhundred-percent-fullwidth non-hundred-percent-height-scrolling\" style=\"--awb-border-radius-top-left:0px;--awb-border-radius-top-right:0px;--awb-border-radius-bottom-right:0px;--awb-border-radius-bottom-left:0px;--awb-padding-top:0px;--awb-padding-right:15px;--awb-padding-bottom:60px;--awb-padding-left:15px;--awb-flex-wrap:wrap;\" ><div class=\"fusion-builder-row fusion-row fusion-flex-align-items-flex-start fusion-flex-content-wrap\" style=\"max-width:1248px;margin-left: calc(-4% \/ 2 );margin-right: calc(-4% \/ 2 );\"><div class=\"fusion-layout-column fusion_builder_column fusion-builder-column-0 fusion_builder_column_3_5 3_5 fusion-flex-column\" style=\"--awb-bg-size:cover;--awb-width-large:60%;--awb-margin-top-large:0px;--awb-spacing-right-large:3.2%;--awb-margin-bottom-large:0px;--awb-spacing-left-large:3.2%;--awb-width-medium:60%;--awb-order-medium:0;--awb-spacing-right-medium:3.2%;--awb-spacing-left-medium:3.2%;--awb-width-small:100%;--awb-order-small:0;--awb-spacing-right-small:1.92%;--awb-spacing-left-small:1.92%;\"><div class=\"fusion-column-wrapper fusion-column-has-shadow fusion-flex-justify-content-flex-start fusion-content-layout-column\"><div class=\"fusion-title title fusion-title-1 fusion-sep-none fusion-title-text fusion-title-size-one\" style=\"--awb-margin-top:0px;--awb-margin-top-small:10px;--awb-margin-right-small:0px;--awb-margin-bottom-small:10px;--awb-margin-left-small:0px;\"><h1 class=\"fusion-title-heading title-heading-left\" style=\"margin:0;text-transform:none;\">Lait de Chamelle : Une Alternative Naturelle aux Propri\u00e9t\u00e9s Uniques<\/h1><\/div><div class=\"fusion-text fusion-text-1\" style=\"--awb-content-alignment:left;\"><p>Le lait de chamelle conna\u00eet un essor en tant qu\u2019alternative aux laits traditionnels. Ce lait particulier, issu du dromadaire, est consomm\u00e9 depuis des si\u00e8cles dans certaines r\u00e9gions d\u2019Afrique, du Moyen-Orient et d\u2019Asie. Sa composition unique et ses propri\u00e9t\u00e9s naturelles font que de plus en plus de personnes d\u00e9couvrent le lait de chamelle comme un \u00e9l\u00e9ment d\u2019un r\u00e9gime alimentaire vari\u00e9.<\/p>\n<\/div><div class=\"fusion-separator fusion-full-width-sep\" style=\"align-self: center;margin-left: auto;margin-right: auto;margin-bottom:35px;width:100%;\"><\/div><div style=\"text-align:left;\"><a class=\"fusion-button button-flat fusion-button-default-size button-custom fusion-button-default button-1 fusion-button-default-span fusion-button-default-type\" style=\"--button_accent_color:var(--awb-color1);--button_accent_hover_color:var(--awb-color1);--button_border_hover_color:var(--awb-color1);--button_gradient_top_color:var(--awb-color4);--button_gradient_bottom_color:var(--awb-color4);--button_gradient_top_color_hover:hsla(var(--awb-color3-h),var(--awb-color3-s),calc(var(--awb-color3-l) - 2%),var(--awb-color3-a));--button_gradient_bottom_color_hover:hsla(var(--awb-color3-h),var(--awb-color3-s),calc(var(--awb-color3-l) - 2%),var(--awb-color3-a));--button_font_size:14px;--button_typography-font-family:&quot;Kanit&quot;;--button_typography-font-style:normal;--button_typography-font-weight:600;\" target=\"_self\" href=\"\/fr\/lait-de-chamelle-frais\/\"><span class=\"fusion-button-text awb-button__text awb-button__text--default\">Achetez du lait de chamelle en ligne<\/span><\/a><\/div><div class=\"fusion-separator fusion-full-width-sep\" style=\"align-self: center;margin-left: auto;margin-right: auto;margin-bottom:35px;width:100%;\"><\/div><\/div><\/div><div class=\"fusion-layout-column fusion_builder_column fusion-builder-column-1 fusion_builder_column_1_3 1_3 fusion-flex-column\" style=\"--awb-bg-size:cover;--awb-width-large:33.333333333333%;--awb-margin-top-large:0px;--awb-spacing-right-large:5.76%;--awb-margin-bottom-large:0px;--awb-spacing-left-large:5.76%;--awb-width-medium:33.333333333333%;--awb-order-medium:0;--awb-spacing-right-medium:5.76%;--awb-spacing-left-medium:5.76%;--awb-width-small:100%;--awb-order-small:0;--awb-spacing-right-small:1.92%;--awb-spacing-left-small:1.92%;\"><div class=\"fusion-column-wrapper fusion-column-has-shadow fusion-flex-justify-content-flex-start fusion-content-layout-column\"><div class=\"fusion-image-element \" style=\"--awb-caption-title-font-family:var(--h2_typography-font-family);--awb-caption-title-font-weight:var(--h2_typography-font-weight);--awb-caption-title-font-style:var(--h2_typography-font-style);--awb-caption-title-size:var(--h2_typography-font-size);--awb-caption-title-transform:var(--h2_typography-text-transform);--awb-caption-title-line-height:var(--h2_typography-line-height);--awb-caption-title-letter-spacing:var(--h2_typography-letter-spacing);\"><span class=\" fusion-imageframe imageframe-none imageframe-1 hover-type-none\" style=\"border-radius:15px;\"><img decoding=\"async\" width=\"768\" height=\"768\" alt=\"Lait de Chamelle : Une Alternative pour lait de vache\" title=\"Lait de Chamelle : Une Alternative pour lait de vache\" src=\"https:\/\/oasismilk.com\/wp-content\/uploads\/2025\/06\/lait-de-chamelle-alternative-oasismilk.jpg\" data-orig-src=\"https:\/\/oasismilk.com\/wp-content\/uploads\/2025\/06\/lait-de-chamelle-alternative-oasismilk.jpg\" class=\"lazyload img-responsive wp-image-8513\" srcset=\"data:image\/svg+xml,%3Csvg%20xmlns%3D%27http%3A%2F%2Fwww.w3.org%2F2000%2Fsvg%27%20width%3D%27768%27%20height%3D%27768%27%20viewBox%3D%270%200%20768%20768%27%3E%3Crect%20width%3D%27768%27%20height%3D%27768%27%20fill-opacity%3D%220%22%2F%3E%3C%2Fsvg%3E\" data-srcset=\"https:\/\/oasismilk.com\/wp-content\/uploads\/2025\/06\/lait-de-chamelle-alternative-oasismilk-200x200.jpg 200w, https:\/\/oasismilk.com\/wp-content\/uploads\/2025\/06\/lait-de-chamelle-alternative-oasismilk-400x400.jpg 400w, https:\/\/oasismilk.com\/wp-content\/uploads\/2025\/06\/lait-de-chamelle-alternative-oasismilk-600x600.jpg 600w, https:\/\/oasismilk.com\/wp-content\/uploads\/2025\/06\/lait-de-chamelle-alternative-oasismilk.jpg 768w\" data-sizes=\"auto\" data-orig-sizes=\"(max-width: 800px) 100vw, 400px\" \/><\/span><\/div><\/div><\/div><div class=\"fusion-layout-column fusion_builder_column fusion-builder-column-2 fusion_builder_column_1_1 1_1 fusion-flex-column\" style=\"--awb-bg-size:cover;--awb-width-large:100%;--awb-margin-top-large:0px;--awb-spacing-right-large:1.92%;--awb-margin-bottom-large:0px;--awb-spacing-left-large:1.92%;--awb-width-medium:100%;--awb-order-medium:0;--awb-spacing-right-medium:1.92%;--awb-spacing-left-medium:1.92%;--awb-width-small:100%;--awb-order-small:0;--awb-spacing-right-small:1.92%;--awb-spacing-left-small:1.92%;\"><div class=\"fusion-column-wrapper fusion-column-has-shadow fusion-flex-justify-content-flex-start fusion-content-layout-column\"><div class=\"fusion-separator fusion-full-width-sep\" style=\"align-self: center;margin-left: auto;margin-right: auto;margin-bottom:35px;width:100%;\"><\/div><div class=\"fusion-text fusion-text-2\"><h2><strong>Qu\u2019est-ce qui rend le lait de chamelle si sp\u00e9cial ?<\/strong><\/h2>\n<p>Le lait de chamelle diff\u00e8re \u00e0 bien des \u00e9gards du lait de vache. Il contient naturellement divers nutriments, notamment :<\/p>\n<ul>\n<li>Des prot\u00e9ines<\/li>\n<li>Des vitamines comme B1, B2 et C<\/li>\n<li>Des min\u00e9raux tels que le fer, le calcium et le zinc<\/li>\n<li>Des graisses naturelles \u00e0 structure plus fine que celles de nombreux autres laits<\/li>\n<\/ul>\n<p>Gr\u00e2ce \u00e0 cette composition, le lait de chamelle est une alternative int\u00e9ressante pour ceux qui souhaitent varier leur alimentation avec un lait d\u2019origine diff\u00e9rente de celle de la vache, du mouton ou de la ch\u00e8vre.<\/p>\n<h2><strong>Lait de chamelle et lactose<\/strong><\/h2>\n<p>L\u2019une des caract\u00e9ristiques souvent mentionn\u00e9es du lait de chamelle est sa teneur relativement faible en lactose par rapport au lait de vache. Pour cette raison, certaines personnes sensibles au lactose choisissent d\u2019essayer le lait de chamelle. Attention cependant : cela ne signifie pas que le lait de chamelle est totalement sans lactose. En cas de doute ou d\u2019intol\u00e9rance alimentaire sp\u00e9cifique, il est toujours recommand\u00e9 de consulter un m\u00e9decin ou un nutritionniste.<\/p>\n<h2><strong>Usage traditionnel et int\u00e9r\u00eat croissant<\/strong><\/h2>\n<p>Dans de nombreuses cultures, le lait de chamelle est appr\u00e9ci\u00e9 depuis des g\u00e9n\u00e9rations. Il est traditionnellement consomm\u00e9 comme boisson dans les r\u00e9gions chaudes, o\u00f9 les chameaux font partie int\u00e9grante de la vie quotidienne. L\u2019int\u00e9r\u00eat en Europe et dans d\u2019autres parties du monde est en hausse, notamment en raison d\u2019une prise de conscience croissante des consommateurs concernant l\u2019alimentation, la durabilit\u00e9 et les produits d\u2019origine animale.<\/p>\n<h2><strong>Un choix durable<\/strong><\/h2>\n<p>Les chameaux sont naturellement bien adapt\u00e9s aux climats secs et n\u00e9cessitent relativement peu d\u2019eau et de nourriture par rapport \u00e0 d\u2019autres animaux laitiers. Cela fait du lait de chamelle un choix int\u00e9ressant du point de vue de la durabilit\u00e9 et de l\u2019empreinte \u00e9cologique.<\/p>\n<h2><strong>Disponibilit\u00e9 et consommation<\/strong><\/h2>\n<p>De nos jours, le lait de chamelle est disponible sous plusieurs formes : frais (congel\u00e9), pasteuris\u00e9, lyophilis\u00e9 sous forme de poudre, ou en capsules. De plus en plus de boutiques en ligne et de magasins sp\u00e9cialis\u00e9s proposent du lait de chamelle, souvent avec une certification halal pour les consommateurs qui y accordent de l\u2019importance.<\/p>\n<h2><strong>Conclusion<\/strong><\/h2>\n<p>Le lait de chamelle offre un profil unique en termes de composition et d\u2019origine. Bien qu\u2019aucune all\u00e9gation m\u00e9dicale ne puisse \u00eatre faite, il reste une option int\u00e9ressante pour ceux qui recherchent de la diversit\u00e9 dans un mode de vie conscient. Pensez \u00e0 int\u00e9grer le lait de chamelle \u00e0 votre alimentation quotidienne et d\u00e9couvrez par vous-m\u00eame pourquoi ce lait est appr\u00e9ci\u00e9 depuis des si\u00e8cles dans de nombreuses cultures.<\/p>\n<\/div><div class=\"fusion-separator fusion-full-width-sep\" style=\"align-self: center;margin-left: auto;margin-right: auto;margin-bottom:35px;width:100%;\"><\/div><div style=\"text-align:left;\"><a class=\"fusion-button button-flat fusion-button-default-size button-custom fusion-button-default button-2 fusion-button-default-span fusion-button-default-type\" style=\"--button_accent_color:var(--awb-color1);--button_accent_hover_color:var(--awb-color1);--button_border_hover_color:var(--awb-color1);--button_gradient_top_color:var(--awb-color4);--button_gradient_bottom_color:var(--awb-color4);--button_gradient_top_color_hover:hsla(var(--awb-color3-h),var(--awb-color3-s),calc(var(--awb-color3-l) - 2%),var(--awb-color3-a));--button_gradient_bottom_color_hover:hsla(var(--awb-color3-h),var(--awb-color3-s),calc(var(--awb-color3-l) - 2%),var(--awb-color3-a));--button_font_size:14px;--button_typography-font-family:&quot;Kanit&quot;;--button_typography-font-style:normal;--button_typography-font-weight:600;\" target=\"_self\" href=\"\/fr\/lait-de-chamelle-frais\/\"><span class=\"fusion-button-text awb-button__text awb-button__text--default\">Achetez du lait de chamelle en ligne<\/span><\/a><\/div><\/div><\/div><\/div><\/div>\n","protected":false},"excerpt":{"rendered":"","protected":false},"author":1,"featured_media":0,"parent":0,"menu_order":0,"comment_status":"closed","ping_status":"closed","template":"100-width.php","meta":{"_acf_changed":false,"footnotes":""},"class_list":["post-8512","page","type-page","status-publish","hentry"],"acf":[],"_links":{"self":[{"href":"https:\/\/oasismilk.com\/fr\/wp-json\/wp\/v2\/pages\/8512","targetHints":{"allow":["GET"]}}],"collection":[{"href":"https:\/\/oasismilk.com\/fr\/wp-json\/wp\/v2\/pages"}],"about":[{"href":"https:\/\/oasismilk.com\/fr\/wp-json\/wp\/v2\/types\/page"}],"author":[{"embeddable":true,"href":"https:\/\/oasismilk.com\/fr\/wp-json\/wp\/v2\/users\/1"}],"replies":[{"embeddable":true,"href":"https:\/\/oasismilk.com\/fr\/wp-json\/wp\/v2\/comments?post=8512"}],"version-history":[{"count":3,"href":"https:\/\/oasismilk.com\/fr\/wp-json\/wp\/v2\/pages\/8512\/revisions"}],"predecessor-version":[{"id":8520,"href":"https:\/\/oasismilk.com\/fr\/wp-json\/wp\/v2\/pages\/8512\/revisions\/8520"}],"wp:attachment":[{"href":"https:\/\/oasismilk.com\/fr\/wp-json\/wp\/v2\/media?parent=8512"}],"curies":[{"name":"wp","href":"https:\/\/api.w.org\/{rel}","templated":true}]}}