{"id":8477,"date":"2025-06-19T15:31:25","date_gmt":"2025-06-19T13:31:25","guid":{"rendered":"https:\/\/oasismilk.com\/?page_id=8477"},"modified":"2025-06-19T16:43:39","modified_gmt":"2025-06-19T14:43:39","slug":"lait-de-chamelle-halal-sain","status":"publish","type":"page","link":"https:\/\/oasismilk.com\/fr\/lait-de-chamelle-halal-sain\/","title":{"rendered":"Lait de Chamelle Halal"},"content":{"rendered":"<div class=\"fusion-fullwidth fullwidth-box fusion-builder-row-1 fusion-flex-container has-pattern-background has-mask-background nonhundred-percent-fullwidth non-hundred-percent-height-scrolling\" style=\"--awb-border-radius-top-left:0px;--awb-border-radius-top-right:0px;--awb-border-radius-bottom-right:0px;--awb-border-radius-bottom-left:0px;--awb-padding-top:0px;--awb-padding-right:15px;--awb-padding-bottom:60px;--awb-padding-left:15px;--awb-flex-wrap:wrap;\" ><div class=\"fusion-builder-row fusion-row fusion-flex-align-items-flex-start fusion-flex-content-wrap\" style=\"max-width:1248px;margin-left: calc(-4% \/ 2 );margin-right: calc(-4% \/ 2 );\"><div class=\"fusion-layout-column fusion_builder_column fusion-builder-column-0 fusion_builder_column_3_5 3_5 fusion-flex-column\" style=\"--awb-bg-size:cover;--awb-width-large:60%;--awb-margin-top-large:0px;--awb-spacing-right-large:3.2%;--awb-margin-bottom-large:0px;--awb-spacing-left-large:3.2%;--awb-width-medium:60%;--awb-order-medium:0;--awb-spacing-right-medium:3.2%;--awb-spacing-left-medium:3.2%;--awb-width-small:100%;--awb-order-small:0;--awb-spacing-right-small:1.92%;--awb-spacing-left-small:1.92%;\"><div class=\"fusion-column-wrapper fusion-column-has-shadow fusion-flex-justify-content-flex-start fusion-content-layout-column\"><div class=\"fusion-title title fusion-title-1 fusion-sep-none fusion-title-text fusion-title-size-one\" style=\"--awb-margin-top:0px;--awb-margin-top-small:10px;--awb-margin-right-small:0px;--awb-margin-bottom-small:10px;--awb-margin-left-small:0px;\"><h1 class=\"fusion-title-heading title-heading-left\" style=\"margin:0;text-transform:none;\">Lait Halal et Lait de Chamelle : Sain, Naturel et Conforme \u00e0 l\u2019Islam<\/h1><\/div><div class=\"fusion-text fusion-text-1\" style=\"--awb-content-alignment:left;\"><p>Le lait halal, y compris le lait de chamelle, gagne rapidement en popularit\u00e9 en tant qu\u2019aliment sain et conforme aux principes de l\u2019Islam. Dans cette cat\u00e9gorie, le lait de chamelle attire de plus en plus d\u2019attention, tant chez les musulmans que chez les consommateurs soucieux de leur sant\u00e9 \u00e0 travers le monde. Mais qu\u2019est-ce qui rend le lait halal, et en particulier le lait de chamelle, si sp\u00e9cial ? Et pourquoi de plus en plus de personnes en font-elles le choix ?<\/p>\n<\/div><div class=\"fusion-separator fusion-full-width-sep\" style=\"align-self: center;margin-left: auto;margin-right: auto;margin-bottom:35px;width:100%;\"><\/div><div style=\"text-align:left;\"><a class=\"fusion-button button-flat fusion-button-default-size button-custom fusion-button-default button-1 fusion-button-default-span fusion-button-default-type\" style=\"--button_accent_color:var(--awb-color1);--button_accent_hover_color:var(--awb-color1);--button_border_hover_color:var(--awb-color1);--button_gradient_top_color:var(--awb-color4);--button_gradient_bottom_color:var(--awb-color4);--button_gradient_top_color_hover:hsla(var(--awb-color3-h),var(--awb-color3-s),calc(var(--awb-color3-l) - 2%),var(--awb-color3-a));--button_gradient_bottom_color_hover:hsla(var(--awb-color3-h),var(--awb-color3-s),calc(var(--awb-color3-l) - 2%),var(--awb-color3-a));--button_font_size:14px;--button_typography-font-family:&quot;Kanit&quot;;--button_typography-font-style:normal;--button_typography-font-weight:600;\" target=\"_self\" href=\"\/fr\/lait-de-chamelle-frais\/\"><span class=\"fusion-button-text awb-button__text awb-button__text--default\">Achetez du lait de chamelle en ligne<\/span><\/a><\/div><div class=\"fusion-separator fusion-full-width-sep\" style=\"align-self: center;margin-left: auto;margin-right: auto;margin-bottom:35px;width:100%;\"><\/div><\/div><\/div><div class=\"fusion-layout-column fusion_builder_column fusion-builder-column-1 fusion_builder_column_1_3 1_3 fusion-flex-column\" style=\"--awb-bg-size:cover;--awb-width-large:33.333333333333%;--awb-margin-top-large:0px;--awb-spacing-right-large:5.76%;--awb-margin-bottom-large:0px;--awb-spacing-left-large:5.76%;--awb-width-medium:33.333333333333%;--awb-order-medium:0;--awb-spacing-right-medium:5.76%;--awb-spacing-left-medium:5.76%;--awb-width-small:100%;--awb-order-small:0;--awb-spacing-right-small:1.92%;--awb-spacing-left-small:1.92%;\"><div class=\"fusion-column-wrapper fusion-column-has-shadow fusion-flex-justify-content-flex-start fusion-content-layout-column\"><div class=\"fusion-image-element \" style=\"--awb-caption-title-font-family:var(--h2_typography-font-family);--awb-caption-title-font-weight:var(--h2_typography-font-weight);--awb-caption-title-font-style:var(--h2_typography-font-style);--awb-caption-title-size:var(--h2_typography-font-size);--awb-caption-title-transform:var(--h2_typography-text-transform);--awb-caption-title-line-height:var(--h2_typography-line-height);--awb-caption-title-letter-spacing:var(--h2_typography-letter-spacing);\"><span class=\" fusion-imageframe imageframe-none imageframe-1 hover-type-none\" style=\"border-radius:15px;\"><img decoding=\"async\" width=\"768\" height=\"768\" alt=\"Lait de Chamelle Halal \u2013 Sain, Naturel et Conforme \u00e0 l\u2019Islam\" title=\"Lait de Chamelle Halal \u2013 Sain, Naturel et Conforme \u00e0 l\u2019Islam\" src=\"https:\/\/oasismilk.com\/wp-content\/uploads\/2025\/06\/lait-de-chamelle-halal-sain-oasismilk.jpg\" data-orig-src=\"https:\/\/oasismilk.com\/wp-content\/uploads\/2025\/06\/lait-de-chamelle-halal-sain-oasismilk.jpg\" class=\"lazyload img-responsive wp-image-8478\" srcset=\"data:image\/svg+xml,%3Csvg%20xmlns%3D%27http%3A%2F%2Fwww.w3.org%2F2000%2Fsvg%27%20width%3D%27768%27%20height%3D%27768%27%20viewBox%3D%270%200%20768%20768%27%3E%3Crect%20width%3D%27768%27%20height%3D%27768%27%20fill-opacity%3D%220%22%2F%3E%3C%2Fsvg%3E\" data-srcset=\"https:\/\/oasismilk.com\/wp-content\/uploads\/2025\/06\/lait-de-chamelle-halal-sain-oasismilk-200x200.jpg 200w, https:\/\/oasismilk.com\/wp-content\/uploads\/2025\/06\/lait-de-chamelle-halal-sain-oasismilk-400x400.jpg 400w, https:\/\/oasismilk.com\/wp-content\/uploads\/2025\/06\/lait-de-chamelle-halal-sain-oasismilk-600x600.jpg 600w, https:\/\/oasismilk.com\/wp-content\/uploads\/2025\/06\/lait-de-chamelle-halal-sain-oasismilk.jpg 768w\" data-sizes=\"auto\" data-orig-sizes=\"(max-width: 800px) 100vw, 400px\" \/><\/span><\/div><\/div><\/div><div class=\"fusion-layout-column fusion_builder_column fusion-builder-column-2 fusion_builder_column_1_1 1_1 fusion-flex-column\" style=\"--awb-bg-size:cover;--awb-width-large:100%;--awb-margin-top-large:0px;--awb-spacing-right-large:1.92%;--awb-margin-bottom-large:0px;--awb-spacing-left-large:1.92%;--awb-width-medium:100%;--awb-order-medium:0;--awb-spacing-right-medium:1.92%;--awb-spacing-left-medium:1.92%;--awb-width-small:100%;--awb-order-small:0;--awb-spacing-right-small:1.92%;--awb-spacing-left-small:1.92%;\"><div class=\"fusion-column-wrapper fusion-column-has-shadow fusion-flex-justify-content-flex-start fusion-content-layout-column\"><div class=\"fusion-separator fusion-full-width-sep\" style=\"align-self: center;margin-left: auto;margin-right: auto;margin-bottom:35px;width:100%;\"><\/div><div class=\"fusion-text fusion-text-2\"><h2><strong>Qu\u2019est-ce que le Lait Halal ?<br \/>\n<\/strong><\/h2>\n<p>Le lait halal est un lait provenant d\u2019animaux \u00e9lev\u00e9s et trait\u00e9s conform\u00e9ment aux principes islamiques. Cela signifie notamment que :<\/p>\n<ul>\n<li>Les animaux sont en bonne sant\u00e9 et bien trait\u00e9s<\/li>\n<li>Aucune substance interdite (comme l\u2019alcool ou les sous-produits du porc) n\u2019est utilis\u00e9e pendant le processus de transformation<\/li>\n<li>L\u2019ensemble de la cha\u00eene de production respecte les r\u00e8gles islamiques<\/li>\n<\/ul>\n<p>Le lait de vache, de brebis, de ch\u00e8vre ou de chamelle peut \u00eatre halal, \u00e0 condition que les directives soient strictement respect\u00e9es. Pour les musulmans, il est essentiel de s\u2019assurer que leur alimentation est halal, mais de plus en plus de non-musulmans optent aussi pour des produits halal, en raison de leur transparence et de leur qualit\u00e9.<\/p>\n<h2><strong>Le Lait de Chamelle est-il Sain ?<br \/>\n<\/strong><\/h2>\n<p>Le lait de chamelle est l\u2019un des laits les plus nutritifs qui existent. Il contient :<\/p>\n<ul>\n<li>Jusqu\u2019\u00e0 trois fois plus de vitamine C que le lait de vache<\/li>\n<li>Une teneur \u00e9lev\u00e9e en fer, zinc et magn\u00e9sium<\/li>\n<li>Moins de lactose, ce qui le rend souvent plus digeste pour les personnes intol\u00e9rantes au lactose<\/li>\n<li>Des prot\u00e9ines naturelles similaires \u00e0 l\u2019insuline, potentiellement b\u00e9n\u00e9fiques pour les diab\u00e9tiques<\/li>\n<\/ul>\n<p>Le lait de chamelle est naturellement pauvre en mati\u00e8res grasses et contient des compos\u00e9s renfor\u00e7ant le syst\u00e8me immunitaire, qui peuvent contribuer \u00e0 une meilleure sant\u00e9. Dans de nombreux pays arabes et africains, il est utilis\u00e9 depuis des si\u00e8cles \u00e0 des fins m\u00e9dicinales.<\/p>\n<h2><strong>Pourquoi Choisir du Lait de Chamelle Halal ?<br \/>\n<\/strong><\/h2>\n<p>Le lait de chamelle halal allie le meilleur des deux mondes : il respecte les prescriptions alimentaires islamiques tout en offrant des bienfaits uniques pour la sant\u00e9. C\u2019est donc une excellente alternative aux produits laitiers classiques.<\/p>\n<p>De plus en plus de magasins et de boutiques en ligne proposent du lait de chamelle certifi\u00e9 halal, disponible sous forme fra\u00eeche, en poudre ou en g\u00e9lules. Il est important de choisir des produits portant un certificat halal reconnu afin de garantir leur authenticit\u00e9.<\/p>\n<h2><strong>Lait Halal et Durabilit\u00e9<br \/>\n<\/strong><\/h2>\n<p>Un autre aspect important du lait halal est sa durabilit\u00e9. Les fermes produisant selon les principes halal adoptent souvent des m\u00e9thodes respectueuses des animaux et de l\u2019environnement. Les chameaux, en particulier, sont bien adapt\u00e9s aux climats arides, o\u00f9 d\u2019autres animaux laitiers peinent \u00e0 survivre.<\/p>\n<h2><strong>Conclusion<br \/>\n<\/strong><\/h2>\n<p>Le lait halal, et plus particuli\u00e8rement le lait de chamelle, offre une combinaison remarquable de bien-\u00eatre, d\u2019\u00e9thique et de durabilit\u00e9. Que vous soyez musulman et que vous suiviez un r\u00e9gime halal pour des raisons religieuses, ou que vous recherchiez simplement un produit naturel et nutritif : le lait de chamelle constitue un excellent compl\u00e9ment \u00e0 votre alimentation.<\/p>\n<h2><strong>O\u00f9 Acheter du Lait de Chamelle Halal ?<br \/>\n<\/strong><\/h2>\n<p>Vous cherchez du lait de chamelle halal ?<br \/>\nOasismilk vend le lait issu de la seule ferme de chamelles en Europe autoris\u00e9e \u00e0 produire et \u00e0 vendre ce lait. Gr\u00e2ce \u00e0 la l\u00e9gislation n\u00e9erlandaise, vous avez la garantie de processus de production modernes et hygi\u00e9niques, ainsi que l\u2019assurance que les chameaux de cette ferme sont \u00e9lev\u00e9s et soign\u00e9s de mani\u00e8re respectueuse des animaux et de l\u2019environnement. Nos r\u00e9seaux sociaux vous offrent une transparence totale \u2014 ou venez visiter la ferme vous-m\u00eame.<\/p>\n<\/div><div class=\"fusion-separator fusion-full-width-sep\" style=\"align-self: center;margin-left: auto;margin-right: auto;margin-bottom:35px;width:100%;\"><\/div><div style=\"text-align:left;\"><a class=\"fusion-button button-flat fusion-button-default-size button-custom fusion-button-default button-2 fusion-button-default-span fusion-button-default-type\" style=\"--button_accent_color:var(--awb-color1);--button_accent_hover_color:var(--awb-color1);--button_border_hover_color:var(--awb-color1);--button_gradient_top_color:var(--awb-color4);--button_gradient_bottom_color:var(--awb-color4);--button_gradient_top_color_hover:hsla(var(--awb-color3-h),var(--awb-color3-s),calc(var(--awb-color3-l) - 2%),var(--awb-color3-a));--button_gradient_bottom_color_hover:hsla(var(--awb-color3-h),var(--awb-color3-s),calc(var(--awb-color3-l) - 2%),var(--awb-color3-a));--button_font_size:14px;--button_typography-font-family:&quot;Kanit&quot;;--button_typography-font-style:normal;--button_typography-font-weight:600;\" target=\"_self\" href=\"\/fr\/lait-de-chamelle-frais\/\"><span class=\"fusion-button-text awb-button__text awb-button__text--default\">Achetez du lait de chamelle en ligne<\/span><\/a><\/div><\/div><\/div><\/div><\/div>\n","protected":false},"excerpt":{"rendered":"","protected":false},"author":1,"featured_media":0,"parent":0,"menu_order":0,"comment_status":"closed","ping_status":"closed","template":"100-width.php","meta":{"_acf_changed":false,"footnotes":""},"class_list":["post-8477","page","type-page","status-publish","hentry"],"acf":[],"_links":{"self":[{"href":"https:\/\/oasismilk.com\/fr\/wp-json\/wp\/v2\/pages\/8477","targetHints":{"allow":["GET"]}}],"collection":[{"href":"https:\/\/oasismilk.com\/fr\/wp-json\/wp\/v2\/pages"}],"about":[{"href":"https:\/\/oasismilk.com\/fr\/wp-json\/wp\/v2\/types\/page"}],"author":[{"embeddable":true,"href":"https:\/\/oasismilk.com\/fr\/wp-json\/wp\/v2\/users\/1"}],"replies":[{"embeddable":true,"href":"https:\/\/oasismilk.com\/fr\/wp-json\/wp\/v2\/comments?post=8477"}],"version-history":[{"count":2,"href":"https:\/\/oasismilk.com\/fr\/wp-json\/wp\/v2\/pages\/8477\/revisions"}],"predecessor-version":[{"id":8484,"href":"https:\/\/oasismilk.com\/fr\/wp-json\/wp\/v2\/pages\/8477\/revisions\/8484"}],"wp:attachment":[{"href":"https:\/\/oasismilk.com\/fr\/wp-json\/wp\/v2\/media?parent=8477"}],"curies":[{"name":"wp","href":"https:\/\/api.w.org\/{rel}","templated":true}]}}