{"id":6582,"date":"2024-12-19T08:53:01","date_gmt":"2024-12-19T08:53:01","guid":{"rendered":"https:\/\/oasismilk.com\/?page_id=6582"},"modified":"2025-01-15T07:36:26","modified_gmt":"2025-01-15T07:36:26","slug":"certificats-et-fiabilite","status":"publish","type":"page","link":"https:\/\/oasismilk.com\/fr\/certificats-et-fiabilite\/","title":{"rendered":"Certificats et fiabilit\u00e9"},"content":{"rendered":"<div class=\"fusion-fullwidth fullwidth-box fusion-builder-row-1 fusion-flex-container has-pattern-background has-mask-background nonhundred-percent-fullwidth non-hundred-percent-height-scrolling\" style=\"--awb-border-radius-top-left:0px;--awb-border-radius-top-right:0px;--awb-border-radius-bottom-right:0px;--awb-border-radius-bottom-left:0px;--awb-padding-top:0px;--awb-padding-right:15px;--awb-padding-bottom:60px;--awb-padding-left:15px;--awb-flex-wrap:wrap;\" ><div class=\"fusion-builder-row fusion-row fusion-flex-align-items-flex-start fusion-flex-content-wrap\" style=\"max-width:1248px;margin-left: calc(-4% \/ 2 );margin-right: calc(-4% \/ 2 );\"><div class=\"fusion-layout-column fusion_builder_column fusion-builder-column-0 fusion_builder_column_1_1 1_1 fusion-flex-column\" style=\"--awb-bg-size:cover;--awb-width-large:100%;--awb-margin-top-large:0px;--awb-spacing-right-large:1.92%;--awb-margin-bottom-large:0px;--awb-spacing-left-large:1.92%;--awb-width-medium:100%;--awb-order-medium:0;--awb-spacing-right-medium:1.92%;--awb-spacing-left-medium:1.92%;--awb-width-small:100%;--awb-order-small:0;--awb-spacing-right-small:1.92%;--awb-spacing-left-small:1.92%;\" data-scroll-devices=\"small-visibility,medium-visibility,large-visibility\"><div class=\"fusion-column-wrapper fusion-column-has-shadow fusion-flex-justify-content-flex-start fusion-content-layout-column\"><div class=\"fusion-title title fusion-title-1 fusion-sep-none fusion-title-text fusion-title-size-one\" style=\"--awb-margin-top:0px;--awb-margin-top-small:10px;--awb-margin-right-small:0px;--awb-margin-bottom-small:10px;--awb-margin-left-small:0px;\"><h1 class=\"fusion-title-heading title-heading-left\" style=\"margin:0;\">Certificats et fiabilit\u00e9<\/h1><\/div><div class=\"fusion-text fusion-text-1\"><p>Chez Camel Dairy Smits , nous r\u00e9pondons aux normes de qualit\u00e9 les plus \u00e9lev\u00e9es. Nous sommes fiers d&#8217;obtenir notre certification sous la supervision de l&#8217;Organisation centrale pour l&#8217;assurance qualit\u00e9 (COKZ).<\/p>\n<p>En tombant sous le contr\u00f4le de la COKZ, nous garantissons que notre lait de chamelle et nos produits \u00e0 base de lait de chamelle r\u00e9pondent aux exigences l\u00e9gales en mati\u00e8re de s\u00e9curit\u00e9 alimentaire, de respect des animaux et d&#8217;assurance qualit\u00e9. Cela signifie que nous subissons r\u00e9guli\u00e8rement des inspections et des contr\u00f4les, qui comprennent une \u00e9valuation approfondie de nos produits laitiers, de nos pratiques d&#8217;hygi\u00e8ne et de la qualit\u00e9 de nos produits.<\/p>\n<p>Notre certification t\u00e9moigne de notre engagement envers la transparence, la qualit\u00e9 et le soin des animaux et de nos clients. Nous sommes fiers de r\u00e9pondre aux normes les plus \u00e9lev\u00e9es et continuons d&#8217;investir dans l&#8217;am\u00e9lioration de nos processus pour assurer la qualit\u00e9 de nos produits.<\/p>\n<p>Gr\u00e2ce \u00e0 cette certification, nos clients peuvent \u00eatre s\u00fbrs qu&#8217;ils ach\u00e8tent du lait de chamelle de haute qualit\u00e9 et s\u00fbr, produit dans les conditions les plus strictes.<\/p>\n<p><strong>Contr\u00f4le du lait.<\/strong><\/p>\n<p>Nous pr\u00e9levons r\u00e9guli\u00e8rement des \u00e9chantillons de notre lait frais. Nous envoyons ces \u00e9chantillons \u00e0 un laboratoire ind\u00e9pendant qui mesure \u00e0 nouveau la qualit\u00e9 de notre lait. De cette fa\u00e7on, nous assurons l&#8217;assurance de la qualit\u00e9, de la s\u00e9curit\u00e9 alimentaire et de la connaissance de la valeur nutritionnelle de notre lait de chamelle.<\/p>\n<p>Ils v\u00e9rifient, par exemple, la composition du lait de chamelle. Cela inclut les graisses, les prot\u00e9ines et le lactose. Ils testent \u00e9galement la qualit\u00e9 du lait de chamelle, comme le nombre de bact\u00e9ries, la propret\u00e9 et le point de cong\u00e9lation.<\/p>\n<p>Notre lait de chamelle est 100% sans antibiotiques et sans hormones. Nos chameaux ne re\u00e7oivent pas d&#8217;hormones de notre part, ni d&#8217;antibiotiques si n\u00e9cessaire. Lorsqu&#8217;un de nos chameaux re\u00e7oit des antibiotiques, nous nous assurons que ce lait ne sera pas utilis\u00e9 pour la production.<\/p>\n<p>De cette fa\u00e7on, il y a toujours une garantie de lait de chamelle de la plus haute qualit\u00e9.<\/p>\n<\/div><\/div><\/div><\/div><\/div>\n","protected":false},"excerpt":{"rendered":"","protected":false},"author":1,"featured_media":0,"parent":0,"menu_order":0,"comment_status":"closed","ping_status":"closed","template":"100-width.php","meta":{"_acf_changed":false,"footnotes":""},"class_list":["post-6582","page","type-page","status-publish","hentry"],"acf":[],"_links":{"self":[{"href":"https:\/\/oasismilk.com\/fr\/wp-json\/wp\/v2\/pages\/6582","targetHints":{"allow":["GET"]}}],"collection":[{"href":"https:\/\/oasismilk.com\/fr\/wp-json\/wp\/v2\/pages"}],"about":[{"href":"https:\/\/oasismilk.com\/fr\/wp-json\/wp\/v2\/types\/page"}],"author":[{"embeddable":true,"href":"https:\/\/oasismilk.com\/fr\/wp-json\/wp\/v2\/users\/1"}],"replies":[{"embeddable":true,"href":"https:\/\/oasismilk.com\/fr\/wp-json\/wp\/v2\/comments?post=6582"}],"version-history":[{"count":0,"href":"https:\/\/oasismilk.com\/fr\/wp-json\/wp\/v2\/pages\/6582\/revisions"}],"wp:attachment":[{"href":"https:\/\/oasismilk.com\/fr\/wp-json\/wp\/v2\/media?parent=6582"}],"curies":[{"name":"wp","href":"https:\/\/api.w.org\/{rel}","templated":true}]}}