{"id":6573,"date":"2024-12-16T07:04:23","date_gmt":"2024-12-16T06:04:23","guid":{"rendered":"https:\/\/oasismilk.com\/?page_id=6573"},"modified":"2026-01-02T10:27:19","modified_gmt":"2026-01-02T09:27:19","slug":"aller-chercher-le-lait-a-la-laiterie-des-chameaux","status":"publish","type":"page","link":"https:\/\/oasismilk.com\/fr\/aller-chercher-le-lait-a-la-laiterie-des-chameaux\/","title":{"rendered":"Aller chercher le lait \u00e0 la laiterie des chameaux"},"content":{"rendered":"<div class=\"fusion-fullwidth fullwidth-box fusion-builder-row-1 fusion-flex-container has-pattern-background has-mask-background nonhundred-percent-fullwidth non-hundred-percent-height-scrolling\" style=\"--awb-border-radius-top-left:0px;--awb-border-radius-top-right:0px;--awb-border-radius-bottom-right:0px;--awb-border-radius-bottom-left:0px;--awb-padding-top:0px;--awb-padding-right:15px;--awb-padding-bottom:60px;--awb-padding-left:15px;--awb-flex-wrap:wrap;\" ><div class=\"fusion-builder-row fusion-row fusion-flex-align-items-flex-start fusion-flex-content-wrap\" style=\"max-width:1248px;margin-left: calc(-4% \/ 2 );margin-right: calc(-4% \/ 2 );\"><div class=\"fusion-layout-column fusion_builder_column fusion-builder-column-0 fusion_builder_column_1_1 1_1 fusion-flex-column\" style=\"--awb-bg-size:cover;--awb-width-large:100%;--awb-margin-top-large:0px;--awb-spacing-right-large:1.92%;--awb-margin-bottom-large:0px;--awb-spacing-left-large:1.92%;--awb-width-medium:100%;--awb-order-medium:0;--awb-spacing-right-medium:1.92%;--awb-spacing-left-medium:1.92%;--awb-width-small:100%;--awb-order-small:0;--awb-spacing-right-small:1.92%;--awb-spacing-left-small:1.92%;\" data-scroll-devices=\"small-visibility,medium-visibility,large-visibility\"><div class=\"fusion-column-wrapper fusion-column-has-shadow fusion-flex-justify-content-flex-start fusion-content-layout-column\"><div class=\"fusion-title title fusion-title-1 fusion-sep-none fusion-title-text fusion-title-size-one\" style=\"--awb-margin-top:0px;--awb-margin-top-small:10px;--awb-margin-right-small:0px;--awb-margin-bottom-small:10px;--awb-margin-left-small:0px;\"><h1 class=\"fusion-title-heading title-heading-left\" style=\"margin:0;\">Aller chercher le lait \u00e0 la laiterie des chameaux<\/h1><\/div><div class=\"fusion-text fusion-text-1\"><p>Il est \u00e9galement possible de venir chercher du lait de chamelle \u00e0 la ferme laiti\u00e8re des chameaux. Nous n&#8217;avons pas toujours le lait de chamelle frais toute la journ\u00e9e. Il est \u00e9galement dans des seaux certains jours. Vous trouverez ci-dessous une liste de quand vous pouvez acheter quel lait de chamelle.<\/p>\n<\/p>\n<\/p>\n<div class=\"table-1\">\n<table width=\"100%\">\n<thead>\n<tr>\n<th align=\"left\"><\/th>\n<th align=\"left\">Lait de chamelle frais<br \/>\nAchat minimum 5 litres<\/th>\n<th align=\"left\">Lait de chamelle congel\u00e9<br \/>\nBouteilles de 0,5 litre<\/th>\n<\/tr>\n<\/thead>\n<tbody>\n<tr>\n<td align=\"left\"><strong>Lundi<\/strong><\/td>\n<td align=\"left\">Bouteilles 0,5 litre<br \/>\n09:00 &#8211; 11:00 heures<\/td>\n<td align=\"left\">09:00 &#8211; 17:00 heures<\/td>\n<\/tr>\n<tr>\n<td align=\"left\"><strong>Mardi<\/strong><\/td>\n<td align=\"left\">Seaux<br \/>\n09:00 &#8211; 17:00 heures<\/td>\n<td align=\"left\">09:00 &#8211; 17:00 heures<\/td>\n<\/tr>\n<tr>\n<td align=\"left\"><strong>Mercredi<\/strong><\/td>\n<td align=\"left\">Bouteilles 0,5 litre<br \/>\n09:00 &#8211; 11:00 heures<\/td>\n<td align=\"left\">09:00 &#8211; 17:00 heures<\/td>\n<\/tr>\n<tr>\n<td align=\"left\"><strong>Jeudi<\/strong><\/td>\n<td align=\"left\">09:00 heures *<\/td>\n<td align=\"left\">09:00 heures *<\/td>\n<\/tr>\n<tr>\n<td align=\"left\"><strong>Vendredi<\/strong><\/td>\n<td align=\"left\">Bouteilles 0,5 litre<br \/>\n09:00 &#8211; 11:00 heures<\/td>\n<td align=\"left\">09:00 &#8211; 17:00 heures<\/td>\n<\/tr>\n<tr>\n<td align=\"left\"><strong>Samedi *<\/strong><\/td>\n<td align=\"left\">09:00 heures *<\/td>\n<td align=\"left\">9:00 heures *<\/td>\n<\/tr>\n<tr>\n<td align=\"left\"><strong>Dimache<\/strong><\/td>\n<td align=\"left\">ferm\u00e9<\/td>\n<td align=\"left\">ferm\u00e9<\/td>\n<\/tr>\n<\/tbody>\n<\/table>\n<\/div>\n<p>\n<p><strong>*Samedi matin:<\/strong><\/p>\n<p>Nous ne sommes ouverts qu&#8217;\u00e0 09h00. Vous pouvez attendre \u00e0 la porte du parking. Apr\u00e8s 09h00, il n&#8217;est plus possible d&#8217;acheter du lait.<br \/>\n<em>Remarque : N&#8217;entrez pas vous-m\u00eame dans les \u00e9curies, nous viendrons au parking !<\/em><\/p>\n<p><strong>Prix du lait de chamelle<\/strong><\/p>\n<ul>\n<li>Bouteille 0,5 litre 6,50 \u20ac (pour les produits frais, un achat minimum de 5 litres s&#8217;applique)<\/li>\n<\/ul>\n<ul>\n<li>Seau 5 litres 65,00 \u20ac (y compris seau \u00e0 2,50 \u20ac)<\/li>\n<li>Seau 10 litres 130,00 \u20ac (seau inclus \u00e1 2,50 \u20ac)<\/li>\n<\/ul>\n<p><strong>Prises<\/strong><\/p>\n<p>Diff\u00e9rents magasins nous commandent du lait de chamelle (congel\u00e9). Cherchez ici nos points de vente.<\/p>\n<\/div><\/div><\/div><\/div><\/div>\n","protected":false},"excerpt":{"rendered":"","protected":false},"author":1,"featured_media":0,"parent":0,"menu_order":0,"comment_status":"closed","ping_status":"closed","template":"100-width.php","meta":{"_acf_changed":false,"footnotes":""},"class_list":["post-6573","page","type-page","status-publish","hentry"],"acf":[],"_links":{"self":[{"href":"https:\/\/oasismilk.com\/fr\/wp-json\/wp\/v2\/pages\/6573","targetHints":{"allow":["GET"]}}],"collection":[{"href":"https:\/\/oasismilk.com\/fr\/wp-json\/wp\/v2\/pages"}],"about":[{"href":"https:\/\/oasismilk.com\/fr\/wp-json\/wp\/v2\/types\/page"}],"author":[{"embeddable":true,"href":"https:\/\/oasismilk.com\/fr\/wp-json\/wp\/v2\/users\/1"}],"replies":[{"embeddable":true,"href":"https:\/\/oasismilk.com\/fr\/wp-json\/wp\/v2\/comments?post=6573"}],"version-history":[{"count":7,"href":"https:\/\/oasismilk.com\/fr\/wp-json\/wp\/v2\/pages\/6573\/revisions"}],"predecessor-version":[{"id":9961,"href":"https:\/\/oasismilk.com\/fr\/wp-json\/wp\/v2\/pages\/6573\/revisions\/9961"}],"wp:attachment":[{"href":"https:\/\/oasismilk.com\/fr\/wp-json\/wp\/v2\/media?parent=6573"}],"curies":[{"name":"wp","href":"https:\/\/api.w.org\/{rel}","templated":true}]}}