{"id":5308,"date":"2024-10-11T16:11:21","date_gmt":"2024-10-11T14:11:21","guid":{"rendered":"https:\/\/oasismilk.com\/?page_id=5308"},"modified":"2025-07-02T14:29:30","modified_gmt":"2025-07-02T12:29:30","slug":"expedition-livraison","status":"publish","type":"page","link":"https:\/\/oasismilk.com\/fr\/expedition-livraison\/","title":{"rendered":"Exp\u00e9dition et livraison"},"content":{"rendered":"<div class=\"fusion-fullwidth fullwidth-box fusion-builder-row-1 fusion-flex-container has-pattern-background has-mask-background nonhundred-percent-fullwidth non-hundred-percent-height-scrolling\" style=\"--awb-border-radius-top-left:0px;--awb-border-radius-top-right:0px;--awb-border-radius-bottom-right:0px;--awb-border-radius-bottom-left:0px;--awb-padding-top:0px;--awb-padding-right:15px;--awb-padding-bottom:60px;--awb-padding-left:15px;--awb-flex-wrap:wrap;\" ><div class=\"fusion-builder-row fusion-row fusion-flex-align-items-flex-start fusion-flex-content-wrap\" style=\"max-width:1248px;margin-left: calc(-4% \/ 2 );margin-right: calc(-4% \/ 2 );\"><div class=\"fusion-layout-column fusion_builder_column fusion-builder-column-0 fusion_builder_column_1_1 1_1 fusion-flex-column\" style=\"--awb-bg-size:cover;--awb-width-large:100%;--awb-margin-top-large:0px;--awb-spacing-right-large:1.92%;--awb-margin-bottom-large:0px;--awb-spacing-left-large:1.92%;--awb-width-medium:100%;--awb-order-medium:0;--awb-spacing-right-medium:1.92%;--awb-spacing-left-medium:1.92%;--awb-width-small:100%;--awb-order-small:0;--awb-spacing-right-small:1.92%;--awb-spacing-left-small:1.92%;\"><div class=\"fusion-column-wrapper fusion-column-has-shadow fusion-flex-justify-content-flex-start fusion-content-layout-column\"><div class=\"fusion-title title fusion-title-1 fusion-sep-none fusion-title-text fusion-title-size-one\" style=\"--awb-margin-bottom:40px;--awb-margin-top-small:10px;--awb-margin-right-small:0px;--awb-margin-bottom-small:10px;--awb-margin-left-small:0px;\"><h1 class=\"fusion-title-heading title-heading-left\" style=\"margin:0;\">Exp\u00e9dition et livraison<\/h1><\/div><div class=\"fusion-text fusion-text-1\"><p>Nous traitons les commandes les lundis et mercredis. Les commandes pass\u00e9es et pay\u00e9es ces jours-l\u00e0 avant 10h00 seront alors exp\u00e9di\u00e9es. Le lait de chamelle frais et congel\u00e9 en dehors des Pays-Bas, de la Belgique et de l&#8217;Allemagne n&#8217;est exp\u00e9di\u00e9 que le lundi.<\/p>\n<p>Si vous souhaitez commander depuis la Su\u00e8de, vous pouvez le faire via notre site Web su\u00e9dois <a href=\"http:\/\/www.oasismilk.se\" target=\"_blank\" rel=\"noopener\">http:\/\/www.oasismilk.se<\/a>.<\/p>\n<\/p>\n<div class=\"table-1\">\n<table width=\"100%\">\n<thead>\n<tr>\n<th align=\"left\">Commande pass\u00e9e<\/th>\n<th align=\"left\">Livraison Pays-Bas, Belgique et Allemagne<\/th>\n<th align=\"left\">Exp\u00e9dition dans d&#8217;autres pays<\/th>\n<\/tr>\n<\/thead>\n<tbody>\n<tr>\n<td align=\"left\">Lundi avant 10h00<\/td>\n<td align=\"left\">Lundi<\/td>\n<td align=\"left\">Lundi<\/td>\n<\/tr>\n<tr>\n<td align=\"left\">Lundi apr\u00e8s 10h00;<br \/>\navant le mercredi 10h00<\/td>\n<td align=\"left\">Mercredi<\/td>\n<td align=\"left\">Lundi<\/td>\n<\/tr>\n<tr>\n<td align=\"left\">Mercredi apr\u00e8s 10h00<\/td>\n<td align=\"left\">Lundi<\/td>\n<td align=\"left\">Lundi<\/td>\n<\/tr>\n<\/tbody>\n<\/table>\n<\/div>\n<p>\n<p><strong>Exp\u00e9dition aux Pays-Bas<\/strong><\/p>\n<p>Aux Pays-Bas, I&amp;L Logistics est notre norme pour le transport r\u00e9frig\u00e9r\u00e9 et congel\u00e9 de lait de chamelle frais. Ils veillent \u00e0 ce que votre lait soit refroidi ou congel\u00e9 tout au long de l&#8217;exp\u00e9dition et vous livrent la commande le lendemain de l&#8217;exp\u00e9dition. Lorsque le lait est emball\u00e9, vous recevrez un e-mail avec des informations sur l&#8217;exp\u00e9dition (v\u00e9rifiez \u00e9galement votre bo\u00eete de spam).<\/p>\n<p>Il est important que quelqu&#8217;un soit pr\u00e9sent au moment de la livraison pour recevoir le colis. Si personne n&#8217;est pr\u00e9sent, il y aura des frais associ\u00e9s \u00e0 la prise d&#8217;un nouveau rendez-vous d&#8217;accouchement. La commande sera ensuite ramen\u00e9e au grand magasin I&amp;L Logistics o\u00f9 elle sera plac\u00e9e dans le cong\u00e9lateur. Nous comprenons qu&#8217;il peut parfois \u00eatre difficile d&#8217;\u00eatre \u00e0 la maison tout le temps. Si vous souhaitez savoir \u00e0 quelle heure ils passeront, vous pouvez contacter I&amp;L Logistics le jour de la livraison le matin. Vous pouvez trouver les d\u00e9tails \u00e0 ce sujet dans l&#8217;e-mail qui vous sera envoy\u00e9 au moment de l&#8217;emballage.<\/p>\n<p>Apr\u00e8s avoir re\u00e7u le lait, mettez-le directement dans le r\u00e9frig\u00e9rateur ou le cong\u00e9lateur. Laissez toujours d\u00e9congeler le lait congel\u00e9 au r\u00e9frig\u00e9rateur pour pr\u00e9server la qualit\u00e9.<\/p>\n<p><strong>Exp\u00e9dition en dehors des Pays-Bas<\/strong><\/p>\n<p>Dans d&#8217;autres pays, le lait de chamelle frais et congel\u00e9 est exp\u00e9di\u00e9 dans une bo\u00eete isolante en polystyr\u00e8ne avec des blocs r\u00e9frig\u00e9rants. La m\u00e9thode d&#8217;exp\u00e9dition standard pour cela est DHL express. Si vous utilisez DPD, qui s&#8217;\u00e9carte de notre m\u00e9thode d&#8217;exp\u00e9dition standard, c&#8217;est \u00e0 vos risques et p\u00e9rils si le lait de chamelle n&#8217;arrive plus enti\u00e8rement r\u00e9frig\u00e9r\u00e9.<\/p>\n<p>Au moment o\u00f9 le lait est emball\u00e9, vous recevrez un e-mail avec le code Track &amp; Trace (v\u00e9rifiez \u00e9galement votre bo\u00eete de spam). Le lait de chamelle est livr\u00e9 dans les 48 heures.<\/p>\n<p>* Suivez le colis via le code Track &amp; Trace* Assurez-vous que quelqu&#8217;un est \u00e0 la maison au moment de la livraison* Mettez le lait imm\u00e9diatement dans le r\u00e9frig\u00e9rateur ou le cong\u00e9lateur d\u00e8s r\u00e9ception* Laissez toujours d\u00e9congeler le lait de chamelle congel\u00e9 dans le r\u00e9frig\u00e9rateur<\/p>\n<p>Vous pr\u00e9f\u00e9rez aller chercher le lait vous-m\u00eame ? Cliquez ici pour acc\u00e9der \u00e0 nos <a href=\"\/fr\/points-de-vente\/\">points de vente<\/a>.<\/p>\n<\/div><\/div><\/div><\/div><\/div>\n","protected":false},"excerpt":{"rendered":"","protected":false},"author":1,"featured_media":0,"parent":0,"menu_order":0,"comment_status":"closed","ping_status":"closed","template":"100-width.php","meta":{"_acf_changed":false,"footnotes":""},"class_list":["post-5308","page","type-page","status-publish","hentry"],"acf":[],"_links":{"self":[{"href":"https:\/\/oasismilk.com\/fr\/wp-json\/wp\/v2\/pages\/5308","targetHints":{"allow":["GET"]}}],"collection":[{"href":"https:\/\/oasismilk.com\/fr\/wp-json\/wp\/v2\/pages"}],"about":[{"href":"https:\/\/oasismilk.com\/fr\/wp-json\/wp\/v2\/types\/page"}],"author":[{"embeddable":true,"href":"https:\/\/oasismilk.com\/fr\/wp-json\/wp\/v2\/users\/1"}],"replies":[{"embeddable":true,"href":"https:\/\/oasismilk.com\/fr\/wp-json\/wp\/v2\/comments?post=5308"}],"version-history":[{"count":2,"href":"https:\/\/oasismilk.com\/fr\/wp-json\/wp\/v2\/pages\/5308\/revisions"}],"predecessor-version":[{"id":8625,"href":"https:\/\/oasismilk.com\/fr\/wp-json\/wp\/v2\/pages\/5308\/revisions\/8625"}],"wp:attachment":[{"href":"https:\/\/oasismilk.com\/fr\/wp-json\/wp\/v2\/media?parent=5308"}],"curies":[{"name":"wp","href":"https:\/\/api.w.org\/{rel}","templated":true}]}}