{"id":5298,"date":"2024-10-15T14:04:55","date_gmt":"2024-10-15T14:04:55","guid":{"rendered":"https:\/\/oasismilk.com\/?page_id=5298"},"modified":"2024-12-09T08:08:19","modified_gmt":"2024-12-09T08:08:19","slug":"pain-perdu","status":"publish","type":"page","link":"https:\/\/oasismilk.com\/fr\/recettes\/pain-perdu\/","title":{"rendered":"Pain perdu au lait de chamelle"},"content":{"rendered":"<div class=\"fusion-fullwidth fullwidth-box fusion-builder-row-1 fusion-flex-container has-pattern-background has-mask-background nonhundred-percent-fullwidth non-hundred-percent-height-scrolling\" style=\"--awb-border-radius-top-left:0px;--awb-border-radius-top-right:0px;--awb-border-radius-bottom-right:0px;--awb-border-radius-bottom-left:0px;--awb-padding-top:40px;--awb-padding-right:15px;--awb-padding-bottom:60px;--awb-padding-left:15px;--awb-flex-wrap:wrap;\" ><div class=\"fusion-builder-row fusion-row fusion-flex-align-items-flex-start fusion-flex-content-wrap\" style=\"max-width:1248px;margin-left: calc(-4% \/ 2 );margin-right: calc(-4% \/ 2 );\"><div class=\"fusion-layout-column fusion_builder_column fusion-builder-column-0 fusion_builder_column_1_1 1_1 fusion-flex-column\" style=\"--awb-bg-size:cover;--awb-width-large:100%;--awb-margin-top-large:0px;--awb-spacing-right-large:1.92%;--awb-margin-bottom-large:0px;--awb-spacing-left-large:1.92%;--awb-width-medium:100%;--awb-order-medium:0;--awb-spacing-right-medium:1.92%;--awb-spacing-left-medium:1.92%;--awb-width-small:100%;--awb-order-small:0;--awb-spacing-right-small:1.92%;--awb-spacing-left-small:1.92%;\"><div class=\"fusion-column-wrapper fusion-column-has-shadow fusion-flex-justify-content-flex-start fusion-content-layout-column\"><div class=\"fusion-title title fusion-title-1 fusion-sep-none fusion-title-text fusion-title-size-one\" style=\"--awb-margin-bottom:40px;--awb-margin-top-small:10px;--awb-margin-right-small:0px;--awb-margin-bottom-small:10px;--awb-margin-left-small:0px;\"><h1 class=\"fusion-title-heading title-heading-left\" style=\"margin:0;\">Pain perdu au lait de chamelle<\/h1><\/div><div class=\"fusion-text fusion-text-1\"><section id=\"section-textpage\" class=\"container textpage mb-5 mb-lg-8\">\n<div class=\"text-component\">\n<div><strong>Ingr\u00e9dients<\/strong><\/div>\n<div><\/div>\n<ul>\n<li>250 ml de lait de chamelle<\/li>\n<li>8 tranches de pain blanc<\/li>\n<li>1 \u0153uf<\/li>\n<li>2 sachets de sucre vanill\u00e9<\/li>\n<li>1 cuill\u00e8re \u00e0 caf\u00e9 de cannelle<\/li>\n<li>40 grammes de beurre<\/li>\n<\/ul>\n<div><strong>Pr\u00e9paration<\/strong><\/div>\n<div>Battre l&#8217;\u0153uf, le sucre vanill\u00e9, la cannelle et le lait de chamelle en vrac dans une assiette creuse. Rouler les tranches de pain dans le m\u00e9lange d&#8217;\u0153uf 1 par 1 et les empiler sur une assiette. Verser le reste du m\u00e9lange d&#8217;\u0153ufs sur la pile de pain. Laisser tremper quelques instants. Faites chauffer la moiti\u00e9 du beurre dans une po\u00eale \u00e0 frire et faites frire la demi-pile de toasts pendant 5 minutes jusqu&#8217;\u00e0 ce qu&#8217;ils soient dor\u00e9s. Retournez-les \u00e0 mi-chemin. Retirez-les de la po\u00eale, faites chauffer le reste du beurre et faites frire le reste du pain perdu jusqu&#8217;\u00e0 ce qu&#8217;il soit dor\u00e9.<\/div>\n<\/div>\n<\/section>\n<\/div><\/div><\/div><\/div><\/div>\n","protected":false},"excerpt":{"rendered":"","protected":false},"author":1,"featured_media":0,"parent":5281,"menu_order":0,"comment_status":"closed","ping_status":"closed","template":"100-width.php","meta":{"_acf_changed":false,"footnotes":""},"class_list":["post-5298","page","type-page","status-publish","hentry"],"acf":[],"_links":{"self":[{"href":"https:\/\/oasismilk.com\/fr\/wp-json\/wp\/v2\/pages\/5298","targetHints":{"allow":["GET"]}}],"collection":[{"href":"https:\/\/oasismilk.com\/fr\/wp-json\/wp\/v2\/pages"}],"about":[{"href":"https:\/\/oasismilk.com\/fr\/wp-json\/wp\/v2\/types\/page"}],"author":[{"embeddable":true,"href":"https:\/\/oasismilk.com\/fr\/wp-json\/wp\/v2\/users\/1"}],"replies":[{"embeddable":true,"href":"https:\/\/oasismilk.com\/fr\/wp-json\/wp\/v2\/comments?post=5298"}],"version-history":[{"count":0,"href":"https:\/\/oasismilk.com\/fr\/wp-json\/wp\/v2\/pages\/5298\/revisions"}],"up":[{"embeddable":true,"href":"https:\/\/oasismilk.com\/fr\/wp-json\/wp\/v2\/pages\/5281"}],"wp:attachment":[{"href":"https:\/\/oasismilk.com\/fr\/wp-json\/wp\/v2\/media?parent=5298"}],"curies":[{"name":"wp","href":"https:\/\/api.w.org\/{rel}","templated":true}]}}