{"id":5295,"date":"2024-10-15T14:01:58","date_gmt":"2024-10-15T14:01:58","guid":{"rendered":"https:\/\/oasismilk.com\/?page_id=5295"},"modified":"2024-12-09T08:04:14","modified_gmt":"2024-12-09T08:04:14","slug":"crepes","status":"publish","type":"page","link":"https:\/\/oasismilk.com\/fr\/recettes\/crepes\/","title":{"rendered":"Cr\u00eapes de lait du chamelle"},"content":{"rendered":"<div class=\"fusion-fullwidth fullwidth-box fusion-builder-row-1 fusion-flex-container has-pattern-background has-mask-background nonhundred-percent-fullwidth non-hundred-percent-height-scrolling\" style=\"--awb-border-radius-top-left:0px;--awb-border-radius-top-right:0px;--awb-border-radius-bottom-right:0px;--awb-border-radius-bottom-left:0px;--awb-padding-top:40px;--awb-padding-right:15px;--awb-padding-bottom:60px;--awb-padding-left:15px;--awb-flex-wrap:wrap;\" ><div class=\"fusion-builder-row fusion-row fusion-flex-align-items-flex-start fusion-flex-content-wrap\" style=\"max-width:1248px;margin-left: calc(-4% \/ 2 );margin-right: calc(-4% \/ 2 );\"><div class=\"fusion-layout-column fusion_builder_column fusion-builder-column-0 fusion_builder_column_1_1 1_1 fusion-flex-column\" style=\"--awb-bg-size:cover;--awb-width-large:100%;--awb-margin-top-large:0px;--awb-spacing-right-large:1.92%;--awb-margin-bottom-large:0px;--awb-spacing-left-large:1.92%;--awb-width-medium:100%;--awb-order-medium:0;--awb-spacing-right-medium:1.92%;--awb-spacing-left-medium:1.92%;--awb-width-small:100%;--awb-order-small:0;--awb-spacing-right-small:1.92%;--awb-spacing-left-small:1.92%;\"><div class=\"fusion-column-wrapper fusion-column-has-shadow fusion-flex-justify-content-flex-start fusion-content-layout-column\"><div class=\"fusion-title title fusion-title-1 fusion-sep-none fusion-title-text fusion-title-size-one\" style=\"--awb-margin-bottom:40px;--awb-margin-top-small:10px;--awb-margin-right-small:0px;--awb-margin-bottom-small:10px;--awb-margin-left-small:0px;\"><h1 class=\"fusion-title-heading title-heading-left\" style=\"margin:0;\">Cr\u00eapes de lait du chamelle<\/h1><\/div><div class=\"fusion-text fusion-text-1\"><section id=\"section-textpage\" class=\"container textpage mb-5 mb-lg-8\">\n<div class=\"text-component\">\n<p><strong>Ingr\u00e9dients (pour 7-10 cr\u00eapes)<\/strong><\/p>\n<ul>\n<li>200 grammes de farine<\/li>\n<li>1\/2 litre de lait de chamelle<\/li>\n<li>30 grammes de sucre fin<\/li>\n<li>1 cuill\u00e8re \u00e0 caf\u00e9 de sucre vanill\u00e9<\/li>\n<li>4 \u0153ufs<\/li>\n<li>Un filet d&#8217;huile de tournesol<\/li>\n<li>Beurre<\/li>\n<\/ul>\n<p><strong>Pr\u00e9paration<\/strong><br \/>\nMettez la farine, le sucre et le sucre vanill\u00e9, les \u0153ufs, le lait de chamelle et un petit filet d&#8217;huile de tournesol dans un bol et m\u00e9langez \u00e0 l&#8217;aide d&#8217;un batteur \u00e0 main ou d&#8217;un fouet jusqu&#8217;\u00e0 obtenir une p\u00e2te homog\u00e8ne.<\/p>\n<p>Veillez \u00e0 ce que votre po\u00eale soit bien chaude avant de commencer la cuisson, car un peu d&#8217;huile dans la p\u00e2te permet de r\u00e9duire la quantit\u00e9 de mati\u00e8re grasse n\u00e9cessaire \u00e0 la cuisson. Lorsque la po\u00eale est chaude, vous pouvez y mettre un peu de beurre et commencer la cuisson. Si vous voulez faire cuire une pile enti\u00e8re de cr\u00eapes, couvrez-la d&#8217;un couvercle ou d&#8217;une assiette pour la garder au chaud.<\/p>\n<p>Avez-vous aussi r\u00e9alis\u00e9 une d\u00e9licieuse recette avec du lait de chamelle ou du lait de chamelle en poudre? Envoyez votre recette et une photo du r\u00e9sultat final \u00e0\u00a0<a href=\"mailto:info@oasismilk.com\">info@oasismilk.com.<\/a><\/p>\n<\/div>\n<\/section>\n<\/div><\/div><\/div><\/div><\/div>\n","protected":false},"excerpt":{"rendered":"","protected":false},"author":1,"featured_media":0,"parent":5281,"menu_order":0,"comment_status":"closed","ping_status":"closed","template":"100-width.php","meta":{"_acf_changed":false,"footnotes":""},"class_list":["post-5295","page","type-page","status-publish","hentry"],"acf":[],"_links":{"self":[{"href":"https:\/\/oasismilk.com\/fr\/wp-json\/wp\/v2\/pages\/5295","targetHints":{"allow":["GET"]}}],"collection":[{"href":"https:\/\/oasismilk.com\/fr\/wp-json\/wp\/v2\/pages"}],"about":[{"href":"https:\/\/oasismilk.com\/fr\/wp-json\/wp\/v2\/types\/page"}],"author":[{"embeddable":true,"href":"https:\/\/oasismilk.com\/fr\/wp-json\/wp\/v2\/users\/1"}],"replies":[{"embeddable":true,"href":"https:\/\/oasismilk.com\/fr\/wp-json\/wp\/v2\/comments?post=5295"}],"version-history":[{"count":0,"href":"https:\/\/oasismilk.com\/fr\/wp-json\/wp\/v2\/pages\/5295\/revisions"}],"up":[{"embeddable":true,"href":"https:\/\/oasismilk.com\/fr\/wp-json\/wp\/v2\/pages\/5281"}],"wp:attachment":[{"href":"https:\/\/oasismilk.com\/fr\/wp-json\/wp\/v2\/media?parent=5295"}],"curies":[{"name":"wp","href":"https:\/\/api.w.org\/{rel}","templated":true}]}}