{"id":5292,"date":"2024-10-15T14:03:32","date_gmt":"2024-10-15T14:03:32","guid":{"rendered":"https:\/\/oasismilk.com\/?page_id=5292"},"modified":"2024-12-09T08:01:17","modified_gmt":"2024-12-09T08:01:17","slug":"muffins","status":"publish","type":"page","link":"https:\/\/oasismilk.com\/fr\/recettes\/muffins\/","title":{"rendered":"Muffins au lait de chamelle"},"content":{"rendered":"<div class=\"fusion-fullwidth fullwidth-box fusion-builder-row-1 fusion-flex-container has-pattern-background has-mask-background nonhundred-percent-fullwidth non-hundred-percent-height-scrolling\" style=\"--awb-border-radius-top-left:0px;--awb-border-radius-top-right:0px;--awb-border-radius-bottom-right:0px;--awb-border-radius-bottom-left:0px;--awb-padding-top:40px;--awb-padding-right:15px;--awb-padding-bottom:60px;--awb-padding-left:15px;--awb-flex-wrap:wrap;\" ><div class=\"fusion-builder-row fusion-row fusion-flex-align-items-flex-start fusion-flex-content-wrap\" style=\"max-width:1248px;margin-left: calc(-4% \/ 2 );margin-right: calc(-4% \/ 2 );\"><div class=\"fusion-layout-column fusion_builder_column fusion-builder-column-0 fusion_builder_column_1_1 1_1 fusion-flex-column\" style=\"--awb-bg-size:cover;--awb-width-large:100%;--awb-margin-top-large:0px;--awb-spacing-right-large:1.92%;--awb-margin-bottom-large:0px;--awb-spacing-left-large:1.92%;--awb-width-medium:100%;--awb-order-medium:0;--awb-spacing-right-medium:1.92%;--awb-spacing-left-medium:1.92%;--awb-width-small:100%;--awb-order-small:0;--awb-spacing-right-small:1.92%;--awb-spacing-left-small:1.92%;\"><div class=\"fusion-column-wrapper fusion-column-has-shadow fusion-flex-justify-content-flex-start fusion-content-layout-column\"><div class=\"fusion-title title fusion-title-1 fusion-sep-none fusion-title-text fusion-title-size-one\" style=\"--awb-margin-bottom:40px;--awb-margin-top-small:10px;--awb-margin-right-small:0px;--awb-margin-bottom-small:10px;--awb-margin-left-small:0px;\"><h1 class=\"fusion-title-heading title-heading-left\" style=\"margin:0;\">Muffins au lait de chamelle<\/h1><\/div><div class=\"fusion-text fusion-text-1\"><section id=\"section-textpage\" class=\"container textpage mb-5 mb-lg-8\">\n<div class=\"text-component\">\n<div><strong>Ingr\u00e9dients<\/strong>\u00a0(pour environ 12 muffins)<\/div>\n<div><\/div>\n<ul>\n<li>150 grammes de beurre<\/li>\n<li>70 grammes de cacao amer en poudre<\/li>\n<li>100 grammes de chocolat pur en petits morceaux<\/li>\n<li>300 grammes de farine<\/li>\n<li>180 millilitres de lait de chamelle frais (ou pr\u00e9par\u00e9 avec du lait de chamelle en poudre)<\/li>\n<li>6 grammes de levure chimique<\/li>\n<li>1 gramme de sel<\/li>\n<li>4 \u0153ufs<\/li>\n<li>300 grammes de sucre<\/li>\n<li>100 grammes de dattes<\/li>\n<\/ul>\n<div><strong>Pr\u00e9paration<\/strong><\/div>\n<div>Faire fondre le beurre et le m\u00e9langer avec le sucre jusqu&#8217;\u00e0 obtenir une substance l\u00e9g\u00e8re.<\/div>\n<div>Ajouter les \u0153ufs un par un et m\u00e9langer pendant quelques minutes. Dans un autre bol, m\u00e9langer la farine, la poudre de cacao, la levure chimique et le sel. Ajoutez les deux m\u00e9langes ensemble et ajoutez le lait de chamelle. Enfin, ajoutez les morceaux de chocolat et les palmes de dattes.<\/div>\n<div><\/div>\n<div>Mettez le m\u00e9lange dans des moules \u00e0 cupcakes et faites-les cuire pendant 30 minutes dans un four pr\u00e9chauff\u00e9 \u00e0 180 degr\u00e9s Celsius.<\/div>\n<div><\/div>\n<div>Avez-vous aussi r\u00e9alis\u00e9 une d\u00e9licieuse recette avec du lait de chamelle ou du lait de chamelle en poudre ? Envoyez votre recette et une photo du r\u00e9sultat final \u00e0\u00a0<a href=\"mailto:info@oasismilk.com\">info@oasismilk.com.<\/a><\/div>\n<\/div>\n<\/section>\n<\/div><\/div><\/div><\/div><\/div>\n","protected":false},"excerpt":{"rendered":"","protected":false},"author":1,"featured_media":0,"parent":5281,"menu_order":0,"comment_status":"closed","ping_status":"closed","template":"100-width.php","meta":{"_acf_changed":false,"footnotes":""},"class_list":["post-5292","page","type-page","status-publish","hentry"],"acf":[],"_links":{"self":[{"href":"https:\/\/oasismilk.com\/fr\/wp-json\/wp\/v2\/pages\/5292","targetHints":{"allow":["GET"]}}],"collection":[{"href":"https:\/\/oasismilk.com\/fr\/wp-json\/wp\/v2\/pages"}],"about":[{"href":"https:\/\/oasismilk.com\/fr\/wp-json\/wp\/v2\/types\/page"}],"author":[{"embeddable":true,"href":"https:\/\/oasismilk.com\/fr\/wp-json\/wp\/v2\/users\/1"}],"replies":[{"embeddable":true,"href":"https:\/\/oasismilk.com\/fr\/wp-json\/wp\/v2\/comments?post=5292"}],"version-history":[{"count":0,"href":"https:\/\/oasismilk.com\/fr\/wp-json\/wp\/v2\/pages\/5292\/revisions"}],"up":[{"embeddable":true,"href":"https:\/\/oasismilk.com\/fr\/wp-json\/wp\/v2\/pages\/5281"}],"wp:attachment":[{"href":"https:\/\/oasismilk.com\/fr\/wp-json\/wp\/v2\/media?parent=5292"}],"curies":[{"name":"wp","href":"https:\/\/api.w.org\/{rel}","templated":true}]}}