{"id":5289,"date":"2024-10-15T14:02:55","date_gmt":"2024-10-15T14:02:55","guid":{"rendered":"https:\/\/oasismilk.com\/?page_id=5289"},"modified":"2024-12-09T07:58:45","modified_gmt":"2024-12-09T07:58:45","slug":"chipolata-pudding","status":"publish","type":"page","link":"https:\/\/oasismilk.com\/fr\/recettes\/chipolata-pudding\/","title":{"rendered":"Chipolata Pudding \u00e0 base de lait de chamelle et de liqueur de lait de chamelle"},"content":{"rendered":"<div class=\"fusion-fullwidth fullwidth-box fusion-builder-row-1 fusion-flex-container has-pattern-background has-mask-background nonhundred-percent-fullwidth non-hundred-percent-height-scrolling\" style=\"--awb-border-radius-top-left:0px;--awb-border-radius-top-right:0px;--awb-border-radius-bottom-right:0px;--awb-border-radius-bottom-left:0px;--awb-padding-top:40px;--awb-padding-right:15px;--awb-padding-bottom:60px;--awb-padding-left:15px;--awb-flex-wrap:wrap;\" ><div class=\"fusion-builder-row fusion-row fusion-flex-align-items-flex-start fusion-flex-content-wrap\" style=\"max-width:1248px;margin-left: calc(-4% \/ 2 );margin-right: calc(-4% \/ 2 );\"><div class=\"fusion-layout-column fusion_builder_column fusion-builder-column-0 fusion_builder_column_1_1 1_1 fusion-flex-column\" style=\"--awb-bg-size:cover;--awb-width-large:100%;--awb-margin-top-large:0px;--awb-spacing-right-large:1.92%;--awb-margin-bottom-large:0px;--awb-spacing-left-large:1.92%;--awb-width-medium:100%;--awb-order-medium:0;--awb-spacing-right-medium:1.92%;--awb-spacing-left-medium:1.92%;--awb-width-small:100%;--awb-order-small:0;--awb-spacing-right-small:1.92%;--awb-spacing-left-small:1.92%;\"><div class=\"fusion-column-wrapper fusion-column-has-shadow fusion-flex-justify-content-flex-start fusion-content-layout-column\"><div class=\"fusion-title title fusion-title-1 fusion-sep-none fusion-title-text fusion-title-size-one\" style=\"--awb-margin-bottom:40px;--awb-margin-top-small:10px;--awb-margin-right-small:0px;--awb-margin-bottom-small:10px;--awb-margin-left-small:0px;\"><h1 class=\"fusion-title-heading title-heading-left\" style=\"margin:0;\">Chipolata Pudding \u00e0 base de lait de chamelle et de liqueur de lait de chamelle<\/h1><\/div><div class=\"fusion-text fusion-text-1\"><p><strong>Ingr\u00e9dients<\/strong> <em>(pour 1 litre de pudding, environ 4 portions)<\/em><\/p>\n<ul>\n<li>750 ml de lait de chamelle frais ou \u00e0 base de lait de chamelle en poudre<\/li>\n<li>100 g de sucre<\/li>\n<li>7 feuilles de g\u00e9latine blanche<\/li>\n<li>3 personnes aux \u0153ufs<\/li>\n<li>1 sachet de vanille en poudre<\/li>\n<li>50 g de raisins secs<\/li>\n<li>100 g de chocolat en morceaux<\/li>\n<li>100 g de macarons italiens coup\u00e9s en petits morceaux<\/li>\n<li>10 cuill\u00e8res \u00e0 soupe de Liqueur de lait de chamelle<\/li>\n<li>1 paquet de Ladyfingers<\/li>\n<\/ul>\n<p><strong>Pr\u00e9paration<\/strong><br \/>\nFaites chauffer le lait de chamelle et la poudre de vanille dans une casserole pendant 10 minutes et laissez infuser doucement. Faire tremper la g\u00e9latine dans un bol d&#8217;eau froide pendant 10 minutes. Saupoudrer les macarons, les raisins secs et le chocolat dans un bol avec la liqueur de lait de chamelle. Battre les jaunes d&#8217;\u0153ufs avec le sucre jusqu&#8217;\u00e0 ce qu&#8217;ils soient mousseux. Incorporez un peu de lait chaud au m\u00e9lange de jaunes, puis ajoutez le m\u00e9lange de jaunes au lait ti\u00e8de tout en remuant. Chauffer compl\u00e8tement en remuant, ne pas laisser bouillir jusqu&#8217;\u00e0 ce qu&#8217;une cr\u00e8me anglaise \u00e9paissie se forme. Retirez la casserole du feu et incorporez la g\u00e9latine press\u00e9e \u00e0 la cr\u00e8me anglaise. Laissez la cr\u00e8me refroidir jusqu&#8217;\u00e0 ce qu&#8217;elle devienne g\u00e9latineuse. Incorporez d\u00e9licatement le m\u00e9lange de macarons, de raisins secs, de chocolat et de liqueur de lait de chamelle. Versez le m\u00e9lange dans un moule \u00e0 pudding et recouvrez le moule avec des doigts \u00e9ponge.<\/p>\n<p>Avez-vous \u00e9galement r\u00e9alis\u00e9 une d\u00e9licieuse recette avec du lait de chamelle ou de la poudre de lait de chamelle ? Envoyez ensuite votre recette et une photo du r\u00e9sultat final \u00e0\u00a0<a href=\"mailto:info@oasismilk.com\">info@oasismilk.com<\/a>.<\/p>\n<\/div><\/div><\/div><\/div><\/div>\n","protected":false},"excerpt":{"rendered":"","protected":false},"author":1,"featured_media":0,"parent":5281,"menu_order":0,"comment_status":"closed","ping_status":"closed","template":"100-width.php","meta":{"_acf_changed":false,"footnotes":""},"class_list":["post-5289","page","type-page","status-publish","hentry"],"acf":[],"_links":{"self":[{"href":"https:\/\/oasismilk.com\/fr\/wp-json\/wp\/v2\/pages\/5289","targetHints":{"allow":["GET"]}}],"collection":[{"href":"https:\/\/oasismilk.com\/fr\/wp-json\/wp\/v2\/pages"}],"about":[{"href":"https:\/\/oasismilk.com\/fr\/wp-json\/wp\/v2\/types\/page"}],"author":[{"embeddable":true,"href":"https:\/\/oasismilk.com\/fr\/wp-json\/wp\/v2\/users\/1"}],"replies":[{"embeddable":true,"href":"https:\/\/oasismilk.com\/fr\/wp-json\/wp\/v2\/comments?post=5289"}],"version-history":[{"count":0,"href":"https:\/\/oasismilk.com\/fr\/wp-json\/wp\/v2\/pages\/5289\/revisions"}],"up":[{"embeddable":true,"href":"https:\/\/oasismilk.com\/fr\/wp-json\/wp\/v2\/pages\/5281"}],"wp:attachment":[{"href":"https:\/\/oasismilk.com\/fr\/wp-json\/wp\/v2\/media?parent=5289"}],"curies":[{"name":"wp","href":"https:\/\/api.w.org\/{rel}","templated":true}]}}