{"id":5286,"date":"2024-10-15T14:04:15","date_gmt":"2024-10-15T14:04:15","guid":{"rendered":"https:\/\/oasismilk.com\/?page_id=5286"},"modified":"2024-12-09T07:55:29","modified_gmt":"2024-12-09T07:55:29","slug":"caffe-macchiato","status":"publish","type":"page","link":"https:\/\/oasismilk.com\/fr\/recettes\/caffe-macchiato\/","title":{"rendered":"Caff\u00e8 Macchiato au lait de chamelle"},"content":{"rendered":"<div class=\"fusion-fullwidth fullwidth-box fusion-builder-row-1 fusion-flex-container has-pattern-background has-mask-background nonhundred-percent-fullwidth non-hundred-percent-height-scrolling\" style=\"--awb-border-radius-top-left:0px;--awb-border-radius-top-right:0px;--awb-border-radius-bottom-right:0px;--awb-border-radius-bottom-left:0px;--awb-padding-top:40px;--awb-padding-right:15px;--awb-padding-bottom:60px;--awb-padding-left:15px;--awb-flex-wrap:wrap;\" ><div class=\"fusion-builder-row fusion-row fusion-flex-align-items-flex-start fusion-flex-content-wrap\" style=\"max-width:1248px;margin-left: calc(-4% \/ 2 );margin-right: calc(-4% \/ 2 );\"><div class=\"fusion-layout-column fusion_builder_column fusion-builder-column-0 fusion_builder_column_1_1 1_1 fusion-flex-column\" style=\"--awb-bg-size:cover;--awb-width-large:100%;--awb-margin-top-large:0px;--awb-spacing-right-large:1.92%;--awb-margin-bottom-large:0px;--awb-spacing-left-large:1.92%;--awb-width-medium:100%;--awb-order-medium:0;--awb-spacing-right-medium:1.92%;--awb-spacing-left-medium:1.92%;--awb-width-small:100%;--awb-order-small:0;--awb-spacing-right-small:1.92%;--awb-spacing-left-small:1.92%;\"><div class=\"fusion-column-wrapper fusion-column-has-shadow fusion-flex-justify-content-flex-start fusion-content-layout-column\"><div class=\"fusion-title title fusion-title-1 fusion-sep-none fusion-title-text fusion-title-size-one\" style=\"--awb-margin-bottom:40px;--awb-margin-top-small:10px;--awb-margin-right-small:0px;--awb-margin-bottom-small:10px;--awb-margin-left-small:0px;\"><h1 class=\"fusion-title-heading title-heading-left\" style=\"margin:0;\">Caff\u00e8 Macchiato au lait de chamelle<\/h1><\/div><div class=\"fusion-text fusion-text-1\"><div><strong>Ingr\u00e9dients<\/strong>\u00a0(pour 2 verres de macchiato au lait de chamelle)<\/div>\n<ul>\n<li>400 ml de lait de chamelle frais<\/li>\n<li>2 tasses d&#8217;espresso<\/li>\n<li>sucre<\/li>\n<\/ul>\n<div><strong>Preparation<\/strong><\/div>\n<div>En fait, un macchiato au lait de chamelle n&#8217;est rien d&#8217;autre que du lait de chamelle fouett\u00e9, servi dans un espresso.<\/div>\n<div><\/div>\n<div>Pour bien faire, il faut un grand verre adapt\u00e9 aux boissons chaudes. Une petite casserole dans laquelle vous ferez chauffer doucement le lait de chamelle. Veillez \u00e0 ne pas faire bouillir le lait. En m\u00eame temps, fouettez le lait doucement, avec un petit fouet, jusqu&#8217;\u00e0 ce qu&#8217;il se transforme en une belle mousse. Pr\u00e9parez un espresso. Lorsque la mousse est fouett\u00e9e, vous prenez la mousse, et \u00e9ventuellement une petite quantit\u00e9 de lait liquide qui reste, et vous la versez dans le verre jusqu&#8217;\u00e0 ce qu&#8217;il soit presque plein. Versez ensuite l&#8217;espresso chaud dans le verre pour obtenir un bon macchiato au lait de chamelle. Vous pouvez \u00e9ventuellement ajouter du sucre.<\/div>\n<div><\/div>\n<div>Avez-vous aussi r\u00e9alis\u00e9 une d\u00e9licieuse recette avec du lait de chamelle ou du lait de chamelle en poudre ? Envoyez votre recette et une photo du r\u00e9sultat final \u00e0\u00a0info@oasismilk.com.<\/div>\n<\/div><\/div><\/div><\/div><\/div>\n","protected":false},"excerpt":{"rendered":"","protected":false},"author":1,"featured_media":0,"parent":5281,"menu_order":0,"comment_status":"closed","ping_status":"closed","template":"100-width.php","meta":{"_acf_changed":false,"footnotes":""},"class_list":["post-5286","page","type-page","status-publish","hentry"],"acf":[],"_links":{"self":[{"href":"https:\/\/oasismilk.com\/fr\/wp-json\/wp\/v2\/pages\/5286","targetHints":{"allow":["GET"]}}],"collection":[{"href":"https:\/\/oasismilk.com\/fr\/wp-json\/wp\/v2\/pages"}],"about":[{"href":"https:\/\/oasismilk.com\/fr\/wp-json\/wp\/v2\/types\/page"}],"author":[{"embeddable":true,"href":"https:\/\/oasismilk.com\/fr\/wp-json\/wp\/v2\/users\/1"}],"replies":[{"embeddable":true,"href":"https:\/\/oasismilk.com\/fr\/wp-json\/wp\/v2\/comments?post=5286"}],"version-history":[{"count":0,"href":"https:\/\/oasismilk.com\/fr\/wp-json\/wp\/v2\/pages\/5286\/revisions"}],"up":[{"embeddable":true,"href":"https:\/\/oasismilk.com\/fr\/wp-json\/wp\/v2\/pages\/5281"}],"wp:attachment":[{"href":"https:\/\/oasismilk.com\/fr\/wp-json\/wp\/v2\/media?parent=5286"}],"curies":[{"name":"wp","href":"https:\/\/api.w.org\/{rel}","templated":true}]}}