{"id":5278,"date":"2024-10-11T16:12:16","date_gmt":"2024-10-11T14:12:16","guid":{"rendered":"https:\/\/oasismilk.com\/?page_id=5278"},"modified":"2025-03-10T10:05:48","modified_gmt":"2025-03-10T10:05:48","slug":"a-propos-de-nous","status":"publish","type":"page","link":"https:\/\/oasismilk.com\/fr\/a-propos-de-nous\/","title":{"rendered":"\u00c0 propos de nous"},"content":{"rendered":"<div class=\"fusion-fullwidth fullwidth-box fusion-builder-row-1 fusion-flex-container has-pattern-background has-mask-background nonhundred-percent-fullwidth non-hundred-percent-height-scrolling\" style=\"--awb-border-radius-top-left:0px;--awb-border-radius-top-right:0px;--awb-border-radius-bottom-right:0px;--awb-border-radius-bottom-left:0px;--awb-padding-top:0px;--awb-padding-right:15px;--awb-padding-bottom:60px;--awb-padding-left:15px;--awb-flex-wrap:wrap;\" ><div class=\"fusion-builder-row fusion-row fusion-flex-align-items-flex-start fusion-flex-content-wrap\" style=\"max-width:1248px;margin-left: calc(-4% \/ 2 );margin-right: calc(-4% \/ 2 );\"><div class=\"fusion-layout-column fusion_builder_column fusion-builder-column-0 fusion_builder_column_1_1 1_1 fusion-flex-column\" style=\"--awb-bg-size:cover;--awb-width-large:100%;--awb-margin-top-large:0px;--awb-spacing-right-large:1.92%;--awb-margin-bottom-large:0px;--awb-spacing-left-large:1.92%;--awb-width-medium:100%;--awb-order-medium:0;--awb-spacing-right-medium:1.92%;--awb-spacing-left-medium:1.92%;--awb-width-small:100%;--awb-order-small:0;--awb-spacing-right-small:1.92%;--awb-spacing-left-small:1.92%;\" data-scroll-devices=\"small-visibility,medium-visibility,large-visibility\"><div class=\"fusion-column-wrapper fusion-column-has-shadow fusion-flex-justify-content-flex-start fusion-content-layout-column\"><div class=\"fusion-title title fusion-title-1 fusion-sep-none fusion-title-text fusion-title-size-one\" style=\"--awb-margin-top:0px;--awb-margin-top-small:10px;--awb-margin-right-small:0px;--awb-margin-bottom-small:10px;--awb-margin-left-small:0px;\"><h1 class=\"fusion-title-heading title-heading-left\" style=\"margin:0;\">\u00c0 propos de Camel Dairy Smits<\/h1><\/div><div class=\"fusion-text fusion-text-1\"><p>Notre lait de chamelle provient du sol n\u00e9erlandais : la laiterie de chamelle est situ\u00e9e \u00e0 Berlicum dans le Brabant. C&#8217;est la seule ferme laiti\u00e8re professionnelle de chamelles en Europe et le lait de chamelle de cette ferme est le seul qui peut \u00eatre vendu cru l\u00e9galement dans l&#8217;UE.<\/p>\n<p>Frank, dipl\u00f4m\u00e9 de l&#8217;\u00e9cole sup\u00e9rieure d&#8217;agriculture (HAS) de Bois-le-Duc, a fait de sa passion pour le lait de chamelle une activit\u00e9 florissante. Tout a commenc\u00e9 par une vision, inspir\u00e9e par l&#8217;Organisation des Nations Unies pour l&#8217;alimentation et l&#8217;agriculture (FAO), qui consid\u00e8re le lait de chamelle comme l&#8217;un des laits animaux les plus sains. Des recherches ont montr\u00e9 qu&#8217;il existait un potentiel de production \u00e9conomiquement responsable de lait de chamelle aux Pays-Bas.<\/p>\n<p>En 2006, il a commenc\u00e9 avec trois chameaux \u00e0 une bosse (dromadaires) et ce nombre est maintenant pass\u00e9 \u00e0 plus de 100 chameaux. La ferme laiti\u00e8re de chameaux est devenue une entreprise o\u00f9 les chameaux et les employ\u00e9s ainsi que les clients et les invit\u00e9s trouvent un endroit agr\u00e9able.<\/p>\n<p>Nous travaillons quotidiennement \u00e0 la bonne sant\u00e9 animale et \u00e0 l&#8217;am\u00e9lioration du bien-\u00eatre animal, entre autres en gardant toujours les veaux et leurs m\u00e8res proches les uns des autres. Les employ\u00e9s peuvent exprimer leurs ambitions et leur enthousiasme dans les soins aux animaux, mais aussi le tourisme, la transformation du lait en produits laitiers et bien d&#8217;autres t\u00e2ches \u00e0 la ferme.<\/p>\n<p>Les bonnes exp\u00e9riences avec le lait de chamelle sont partag\u00e9es par le biais de la publicit\u00e9 de bouche \u00e0 oreille, de sorte que nous avons construit et continuons \u00e0 \u00e9largir une belle base de clients r\u00e9guliers. Et les clients ne se contentent pas de passer une journ\u00e9e (ou m\u00eame une semaine) amusante, mais ils en apprennent \u00e9galement davantage sur les chameaux, la vie \u00e0 la ferme et la campagne. La ferme laiti\u00e8re Smits veut offrir autant de valeur ajout\u00e9e que possible aux personnes \u00e0 l&#8217;int\u00e9rieur et autour de la ferme.<\/p>\n<h2><strong>Bien-\u00eatre animal<\/strong><\/h2>\n<p>Les chameaux sont non seulement extr\u00eamement intelligents, mais ils ont aussi une excellente m\u00e9moire. En tant qu&#8217;animaux amicaux, ils punissent les comportements hostiles et s&#8217;\u00e9panouissent dans un environnement o\u00f9 ils sont trait\u00e9s avec soin. Dans notre laiterie, nous attachons une grande importance au bien-\u00eatre de nos chameaux. C&#8217;est pourquoi nous nous effor\u00e7ons d&#8217;\u00eatre r\u00e9guliers dans leur routine quotidienne et veillons \u00e0 ce qu&#8217;il soit calme dans l&#8217;\u00e9table pendant la traite afin de causer le moins de stress possible.<\/p>\n<h2><strong>M\u00e8re et veau<\/strong><\/h2>\n<p>Une particularit\u00e9 de nos pratiques de soins est l&#8217;accent que nous mettons sur le lien entre la m\u00e8re et le veau. Nous comprenons que ce lien est essentiel pour le bien-\u00eatre des deux animaux, c&#8217;est pourquoi nous ch\u00e9rissons ce lien et veillons \u00e0 ce qu&#8217;ils puissent rester ensemble tout au long des premi\u00e8res \u00e9tapes importantes de la vie du veau. Chameaux. C&#8217;est pourquoi nous nous effor\u00e7ons d&#8217;\u00eatre r\u00e9guliers dans leur routine quotidienne et veillons \u00e0 ce qu&#8217;il soit calme dans l&#8217;\u00e9table pendant la traite afin de causer le moins de stress possible.<\/p>\n<h2><strong>Innovation<\/strong><\/h2>\n<p>La traite des chameaux aux Pays-Bas et en Europe est nouvelle. L&#8217;exploitation laiti\u00e8re Camel Smits consid\u00e8re que l&#8217;innovation est d&#8217;une importance capitale. Par exemple, nous continuons \u00e0 d\u00e9velopper de nouveaux produits \u00e0 base de lait de chamelle, mais nous sommes \u00e9galement toujours \u00e0 la recherche d&#8217;activit\u00e9s nouvelles et innovantes pour nos visiteurs. De cette fa\u00e7on, le concept de la laiterie Camel reste attrayant pour tout le monde.<\/p>\n<h2><strong>Responsabilit\u00e9 scientifique<\/strong><\/h2>\n<p>Le lait de chamelle est beaucoup plus proche du lait maternel que les autres types de lait et est un symbole de nature et de sant\u00e9. Par exemple, de nombreuses \u00e9tudes ont d\u00e9j\u00e0 \u00e9t\u00e9 r\u00e9alis\u00e9es par divers instituts et universit\u00e9s sur les effets du lait de chamelle sur la sant\u00e9 pour diverses conditions. La ferme laiti\u00e8re Smits contribue \u00e9galement \u00e0 de telles \u00e9tudes.<\/p>\n<h2><strong>Responsabilit\u00e9 soci\u00e9tale<\/strong><\/h2>\n<p>Nous croyons en la cr\u00e9ation d&#8217;un impact positif sur la soci\u00e9t\u00e9 et l&#8217;environnement. L&#8217;une des fa\u00e7ons d&#8217;y parvenir est de travailler avec des personnes qui sont \u00e9loign\u00e9es du march\u00e9 du travail. Nous sommes fiers d&#8217;offrir un environnement de travail inclusif o\u00f9 chacun a la possibilit\u00e9 d&#8217;utiliser ses talents et de se d\u00e9velopper. Cette diversit\u00e9 de talents nous permet de grandir et de nous \u00e9panouir en tant qu&#8217;organisation.<\/p>\n<p>De plus, nous investissons dans l&#8217;\u00e9nergie durable en utilisant des panneaux solaires sur nos sites. De cette fa\u00e7on, nous r\u00e9duisons notre empreinte carbone et contribuons \u00e0 un avenir plus propre et plus vert pour nous tous.<\/p>\n<\/div><\/div><\/div><\/div><\/div>\n","protected":false},"excerpt":{"rendered":"","protected":false},"author":1,"featured_media":0,"parent":0,"menu_order":0,"comment_status":"closed","ping_status":"closed","template":"100-width.php","meta":{"_acf_changed":false,"footnotes":""},"class_list":["post-5278","page","type-page","status-publish","hentry"],"acf":[],"_links":{"self":[{"href":"https:\/\/oasismilk.com\/fr\/wp-json\/wp\/v2\/pages\/5278","targetHints":{"allow":["GET"]}}],"collection":[{"href":"https:\/\/oasismilk.com\/fr\/wp-json\/wp\/v2\/pages"}],"about":[{"href":"https:\/\/oasismilk.com\/fr\/wp-json\/wp\/v2\/types\/page"}],"author":[{"embeddable":true,"href":"https:\/\/oasismilk.com\/fr\/wp-json\/wp\/v2\/users\/1"}],"replies":[{"embeddable":true,"href":"https:\/\/oasismilk.com\/fr\/wp-json\/wp\/v2\/comments?post=5278"}],"version-history":[{"count":1,"href":"https:\/\/oasismilk.com\/fr\/wp-json\/wp\/v2\/pages\/5278\/revisions"}],"predecessor-version":[{"id":7013,"href":"https:\/\/oasismilk.com\/fr\/wp-json\/wp\/v2\/pages\/5278\/revisions\/7013"}],"wp:attachment":[{"href":"https:\/\/oasismilk.com\/fr\/wp-json\/wp\/v2\/media?parent=5278"}],"curies":[{"name":"wp","href":"https:\/\/api.w.org\/{rel}","templated":true}]}}