{"id":9144,"date":"2025-09-11T14:48:27","date_gmt":"2025-09-11T12:48:27","guid":{"rendered":"https:\/\/oasismilk.com\/product\/kleine-kamelmilchseife\/"},"modified":"2025-09-11T14:48:27","modified_gmt":"2025-09-11T12:48:27","slug":"kleine-kamelmilchseife","status":"publish","type":"product","link":"https:\/\/oasismilk.com\/de\/produkt\/kleine-kamelmilchseife\/","title":{"rendered":"Kleine Kamelmilchseife"},"content":{"rendered":"<p>Die Kamelmilchseife enth\u00e4lt sowohl Kamelmilch als auch Oliven\u00f6l. Sie ist ein wahrer Luxus f\u00fcr Ihre Haut. Es ist ein wundersch\u00f6nes St\u00fcck Seife in Kamelform. Es ist ein sch\u00f6nes Schmuckst\u00fcck zum Pr\u00e4sentieren und eignet sich auch hervorragend als Geschenk!   <\/p>\n","protected":false},"excerpt":{"rendered":"<p>Die Kamelmilchseife enth\u00e4lt sowohl Kamelmilch als auch Oliven\u00f6l. Sie ist ein wahrer Luxus f\u00fcr Ihre Haut. Es ist ein wundersch\u00f6nes St\u00fcck Seife in Kamelform. Es ist ein sch\u00f6nes Schmuckst\u00fcck zum Pr\u00e4sentieren und eignet sich auch hervorragend als Geschenk!   <\/p>\n","protected":false},"featured_media":9292,"comment_status":"open","ping_status":"closed","template":"","meta":{"_acf_changed":false},"product_brand":[],"product_cat":[208],"product_tag":[],"class_list":{"0":"post-9144","1":"product","2":"type-product","3":"status-publish","4":"has-post-thumbnail","6":"product_cat-sonstige-kamelprodukte","8":"first","9":"instock","10":"taxable","11":"shipping-taxable","12":"purchasable","13":"product-type-simple"},"acf":[],"_links":{"self":[{"href":"https:\/\/oasismilk.com\/de\/wp-json\/wp\/v2\/product\/9144","targetHints":{"allow":["GET"]}}],"collection":[{"href":"https:\/\/oasismilk.com\/de\/wp-json\/wp\/v2\/product"}],"about":[{"href":"https:\/\/oasismilk.com\/de\/wp-json\/wp\/v2\/types\/product"}],"replies":[{"embeddable":true,"href":"https:\/\/oasismilk.com\/de\/wp-json\/wp\/v2\/comments?post=9144"}],"wp:featuredmedia":[{"embeddable":true,"href":"https:\/\/oasismilk.com\/de\/wp-json\/wp\/v2\/media\/9292"}],"wp:attachment":[{"href":"https:\/\/oasismilk.com\/de\/wp-json\/wp\/v2\/media?parent=9144"}],"wp:term":[{"taxonomy":"product_brand","embeddable":true,"href":"https:\/\/oasismilk.com\/de\/wp-json\/wp\/v2\/product_brand?post=9144"},{"taxonomy":"product_cat","embeddable":true,"href":"https:\/\/oasismilk.com\/de\/wp-json\/wp\/v2\/product_cat?post=9144"},{"taxonomy":"product_tag","embeddable":true,"href":"https:\/\/oasismilk.com\/de\/wp-json\/wp\/v2\/product_tag?post=9144"}],"curies":[{"name":"wp","href":"https:\/\/api.w.org\/{rel}","templated":true}]}}