{"id":5190,"date":"2024-10-17T13:27:15","date_gmt":"2024-10-17T13:27:15","guid":{"rendered":"https:\/\/oasismilk.com\/?post_type=product&#038;p=5190"},"modified":"2025-02-07T13:36:51","modified_gmt":"2025-02-07T13:36:51","slug":"frische-rohe-kamelmilch","status":"publish","type":"product","link":"https:\/\/oasismilk.com\/de\/produkt\/frische-rohe-kamelmilch\/","title":{"rendered":"Frische Kamelmilch unverarbeitet, 7 Flaschen 0,5L"},"content":{"rendered":"<p><strong>Entdecken Sie den einzigartigen Geschmack von frischer Kamelmilch!<\/strong><\/p>\n<p>Unsere frische Kamelmilch hat in etwa den gleichen Geschmack wie rohe Kuhmilch. Da sie jedoch einen geringeren Fettgehalt als Kuhmilch hat, kann es sein, dass der Geschmack etwas weniger fettig ist. Manche Leute finden, dass es etwas salziger schmeckt. Das liegt an dem hohen Mineralstoffgehalt der Kamelmilch.<\/p>\n<p><strong>Zuverl\u00e4ssigkeit.<\/strong><\/p>\n<p>Die frische Kamelmilch wird sorgf\u00e4ltig kontrolliert und ist daher absolut sicher zu verzehren. Unsere frische Kamelmilch wird unmittelbar nach dem Melken der Kamele durch ein geschlossenes System gek\u00fchlt. Nach der Bestellung wird die Milch an unseren festen Versandtagen in die Flaschen gef\u00fcllt. Diese Flaschen werden sofort an Ihre Adresse versendet. Damit Sie immer frische Kamelmilch zu Hause bekommen.<\/p>\n<p>Unsere frische Kamelmilch enth\u00e4lt keine Antibiotika, Hormone und Medikamente. Wenn eines unserer Kamele Medikamente erh\u00e4lt, achten wir darauf, dass die Milch dieses Kamels nicht zum Verkauf verwendet wird. Regelm\u00e4\u00dfig werden Proben der frischen Kamelmilch entnommen, um sie auf verschiedene wichtige Bestandteile zu \u00fcberpr\u00fcfen, die die Qualit\u00e4t der Milch bestimmen. So stellen wir sicher, dass wir nur Kamelmilch von h\u00f6chster Qualit\u00e4t verkaufen.<\/p>\n<p><strong>Haltbarkeit und einfach zu lagern.<\/strong><\/p>\n<p>Unsere frische Kamelmilch kann 3 Tage im K\u00fchlschrank aufbewahrt werden. Das liegt daran, dass die frische Kamelmilch unverarbeitet und nicht pasteurisiert ist. Wenn Sie die Milch einfrieren m\u00f6chten, kann sie noch ein Jahr aufbewahrt werden. Wenn Sie die Milch auftauen m\u00f6chten, empfehlen wir Ihnen, dies im K\u00fchlschrank zu tun. Frieren Sie die Kamelmilch danach nicht wieder ein. Der Einfachheit halber bieten wir auch <a href=\"\/de\/gefroren-kamelmilch\/\">gefrorene Kamelmilch<\/a> an. Das ist besonders n\u00fctzlich, wenn du wei\u00dft, dass du die Kamelmilch sowieso einfrieren wirst. Sind die 0,5-Liter-Flaschen zu viel, um sie in einer Sitzung zu trinken? Der Einfachheit halber verkaufen wir auch <a href=\"\/de\/frische-kamelmilch\/\">250-ml-Flaschen<\/a>, ideal f\u00fcr kleine Benutzer.<\/p>\n<p>Durch die handliche quadratische Form unserer Kamelmilchflaschen lassen sie sich leicht im K\u00fchlschrank oder Gefrierschrank verstauen.<\/p>\n<p><strong>Alternative zu Kuhmilch.<\/strong><\/p>\n<p>Frische Kamelmilch ist eine gute Alternative f\u00fcr Menschen, die keine Kuhmilch trinken. Frische Kamelmilch ist v\u00f6llig frei von Kuhmilchproteinen und enth\u00e4lt nur Kamelmilchproteine. Kamelmilch ist vollgepackt mit Kalzium und eine Quelle f\u00fcr Zink und Protein. Es enth\u00e4lt kein Beta-Lactoglobulin, das Protein, das eine wichtige Rolle bei der Entstehung einer Kuhmilchallergie spielt. Kamelmilch enth\u00e4lt au\u00dferdem Lactoferrin und Immunglobuline, zwei Substanzen, die zu einem st\u00e4rkeren Immunsystem beitragen.\u00a0 Laut der FAO (Weltern\u00e4hrungsorganisation) geh\u00f6rt Kamelmilch zu den ges\u00fcndesten Tiermilchen.<\/p>\n<p><strong>Wie verwendet man frische Kamelmilch?<\/strong><\/p>\n<ul>\n<li>Genie\u00dfen Sie ein Glas frische, leckere Kamelmilch als nahrhaften Snack.<\/li>\n<li>F\u00fcgen Sie es Ihrem Smoothie hinzu, um ein zus\u00e4tzliches Geschmackserlebnis und einen Schub an N\u00e4hrstoffen zu erhalten.<\/li>\n<li>Verwenden Sie es in Ihren Lieblingsrezepten als Ersatz f\u00fcr Kuhmilch.<\/li>\n<\/ul>\n<ul>\n<li>Machen Sie Schokoladenmilch mit unserem <a href=\"\/de\/produkt\/schokolade-lutscher-mit-kamelmilch\/\">ChoCamel Schokoladenmilchlutscher<\/a> (aus Kamelmilch)<\/li>\n<\/ul>\n<p><strong>Ein tierfreundliches Produkt.<\/strong><\/p>\n<p>Kamele sind echte Herdentiere. Aus diesem Grund werden alle unsere Kamele in Gruppen gehalten. Wenn es trocken und nicht zu kalt ist, kommen alle unsere Kamele auf unsere gro\u00dfen Weiden, wo sie unbegrenzt grasen k\u00f6nnen. In den St\u00e4llen liegen die Kamele auf einer dicken Schicht Stroh.<\/p>\n<p>Die K\u00e4lber, die bei uns geboren werden, bleiben auf unserem Hof. Sie bleiben f\u00fcr einen l\u00e4ngeren Zeitraum bei der Mutter, bevor sie vollst\u00e4ndig entw\u00f6hnt werden. Nach jedem Melken (morgens und abends) bleiben die K\u00e4lber eineinhalb Stunden bei ihren M\u00fcttern. So wird sichergestellt, dass die Bindung zwischen Kalb und Mutter eng bleibt.<\/p>\n<\/p>\n<div class=\"table-1\">\n<table width=\"100%\">\n<thead>\n<tr>\n<th align=\"left\">Mineralien<\/th>\n<th align=\"left\">Vitamine<\/th>\n<\/tr>\n<\/thead>\n<tbody>\n<tr>\n<td align=\"left\">Na (mg%) 36<\/td>\n<td align=\"left\">Thiamine (mg%) 0,03<\/td>\n<\/tr>\n<tr>\n<td align=\"left\">K (mg%) 60<\/td>\n<td align=\"left\">Riboflavine (mg%) 0,04<\/td>\n<\/tr>\n<tr>\n<td align=\"left\">Ca (mg%) 97<\/td>\n<td align=\"left\">B6 (mg%) 0,05<\/td>\n<\/tr>\n<tr>\n<td align=\"left\">Mg (mg%) 16<\/td>\n<td align=\"left\">B12 (mg%) 0,0002<\/td>\n<\/tr>\n<tr>\n<td align=\"left\">Zn (mg%) 3,4<\/td>\n<td align=\"left\">B3 (mg%) 0,046<\/td>\n<\/tr>\n<tr>\n<td align=\"left\">Fe (mg%) 0,04<\/td>\n<td align=\"left\">B5 (mg%) 0,09<\/td>\n<\/tr>\n<tr>\n<td align=\"left\">Cu (mg%) 0,02<\/td>\n<td align=\"left\">Vitamine E (mg%) 0,027<\/td>\n<\/tr>\n<tr>\n<td align=\"left\">Mn (mg%) 0,02<\/td>\n<td align=\"left\">Vitamine C (mg%) 3,6<\/td>\n<\/tr>\n<tr>\n<td align=\"left\">P (mg%) 58<\/td>\n<td align=\"left\">Vitamine A (I.U.) 129,1<\/td>\n<\/tr>\n<tr>\n<td align=\"left\">Cl (mg%) 0,16<\/td>\n<td align=\"left\">Vitamine D (I.U.) 0,8<\/td>\n<\/tr>\n<tr>\n<td align=\"left\">Carotin (mg%) 0,029<\/td>\n<td align=\"left\"><\/td>\n<\/tr>\n<\/tbody>\n<\/table>\n<\/div>\n<p>\n<p><strong>(Kamelmilch enth\u00e4lt kein Beta-Laktoglobin)<\/strong><\/p>\n<\/p>\n<div class=\"table-1\">\n<table width=\"100%\">\n<thead>\n<tr>\n<th align=\"left\">Zusammensetzung von Kamelmilch<\/th>\n<th align=\"left\">(pro 100ml)<\/th>\n<\/tr>\n<\/thead>\n<tbody>\n<tr>\n<td align=\"left\">Eiwei\u00df<\/td>\n<td align=\"left\">3.4%<\/td>\n<\/tr>\n<tr>\n<td align=\"left\">Fett<\/td>\n<td align=\"left\">4,2%<\/td>\n<\/tr>\n<tr>\n<td align=\"left\">Unges\u00e4ttigte Fetts\u00e4uren<\/td>\n<td align=\"left\">1,8%<\/td>\n<\/tr>\n<tr>\n<td align=\"left\">Laktose<\/td>\n<td align=\"left\">4,3%<\/td>\n<\/tr>\n<tr>\n<td align=\"left\">Mineralien<\/td>\n<td align=\"left\">0,9%<\/td>\n<\/tr>\n<tr>\n<td align=\"left\">Energie<\/td>\n<td align=\"left\">53 kcal\/100g (222kJ)<\/td>\n<\/tr>\n<\/tbody>\n<\/table>\n<\/div>\n<p>\n","protected":false},"excerpt":{"rendered":"<p>Da unsere frische Kamelmilch unverarbeitet und nicht pasteurisiert ist, beh\u00e4lt die frische Kamelmilch ihren Geschmack und ihre guten Eigenschaften. Frische Kamelmilch enth\u00e4lt viele gute N\u00e4hrstoffe wie Vitamine, Proteine und Mineralstoffe. Dies macht es zu einem perfekten Snack f\u00fcr alle, die ihre Ern\u00e4hrung erg\u00e4nzen m\u00f6chten. Unsere frische Kamelmilch wird mit viel Liebe und Sorgfalt f\u00fcr unsere Kamele hergestellt. Wir sind auch von Camel Dairy Smits, dem einzigen Kamelmilchviehbetrieb in ganz Europa. Das macht uns besonders stolz auf unser einzigartiges Produkt.<\/p>\n","protected":false},"featured_media":5181,"comment_status":"open","ping_status":"closed","template":"","meta":{"_acf_changed":false},"product_brand":[],"product_cat":[98],"product_tag":[],"class_list":{"0":"post-5190","1":"product","2":"type-product","3":"status-publish","4":"has-post-thumbnail","6":"product_cat-frische-kamelmilch","8":"first","9":"instock","10":"taxable","11":"shipping-taxable","12":"purchasable","13":"product-type-simple"},"acf":[],"_links":{"self":[{"href":"https:\/\/oasismilk.com\/de\/wp-json\/wp\/v2\/product\/5190","targetHints":{"allow":["GET"]}}],"collection":[{"href":"https:\/\/oasismilk.com\/de\/wp-json\/wp\/v2\/product"}],"about":[{"href":"https:\/\/oasismilk.com\/de\/wp-json\/wp\/v2\/types\/product"}],"replies":[{"embeddable":true,"href":"https:\/\/oasismilk.com\/de\/wp-json\/wp\/v2\/comments?post=5190"}],"wp:featuredmedia":[{"embeddable":true,"href":"https:\/\/oasismilk.com\/de\/wp-json\/wp\/v2\/media\/5181"}],"wp:attachment":[{"href":"https:\/\/oasismilk.com\/de\/wp-json\/wp\/v2\/media?parent=5190"}],"wp:term":[{"taxonomy":"product_brand","embeddable":true,"href":"https:\/\/oasismilk.com\/de\/wp-json\/wp\/v2\/product_brand?post=5190"},{"taxonomy":"product_cat","embeddable":true,"href":"https:\/\/oasismilk.com\/de\/wp-json\/wp\/v2\/product_cat?post=5190"},{"taxonomy":"product_tag","embeddable":true,"href":"https:\/\/oasismilk.com\/de\/wp-json\/wp\/v2\/product_tag?post=5190"}],"curies":[{"name":"wp","href":"https:\/\/api.w.org\/{rel}","templated":true}]}}