{"id":5177,"date":"2024-10-17T13:31:59","date_gmt":"2024-10-17T13:31:59","guid":{"rendered":"https:\/\/oasismilk.com\/?post_type=product&#038;p=5177"},"modified":"2025-02-07T13:34:32","modified_gmt":"2025-02-07T13:34:32","slug":"kamelurin","status":"publish","type":"product","link":"https:\/\/oasismilk.com\/de\/produkt\/kamelurin\/","title":{"rendered":"Kamel-Urin 0,5 Liter"},"content":{"rendered":"<p>Aufgrund der begrenzten Verf\u00fcgbarkeit kann es sein, dass es aus dem Lager in unserem Tiefk\u00fchlraum stammt.<br \/>\nNicht verf\u00fcgbar f\u00fcr L\u00e4nder au\u00dferhalb der EU.<\/p>\n<p>Artikelnummer: Kamelenurine 0,5 liter<br \/>\nArtikelnummer: WS2<br \/>\nAbmessungen: 30 x 30 x 20<br \/>\nGewicht: 950<\/p>\n","protected":false},"excerpt":{"rendered":"<p>Urin des weiblichen Kamels.<br \/>\nAufgrund der begrenzten Verf\u00fcgbarkeit kann es aus dem Lagerbestand in unserem Gefrierschrank stammen.<\/p>\n<p>Nicht verf\u00fcgbar f\u00fcr L\u00e4nder au\u00dferhalb der Europ\u00e4ische Union.<\/p>\n","protected":false},"featured_media":5178,"comment_status":"open","ping_status":"closed","template":"","meta":{"_acf_changed":false},"product_brand":[],"product_cat":[208],"product_tag":[],"class_list":{"0":"post-5177","1":"product","2":"type-product","3":"status-publish","4":"has-post-thumbnail","6":"product_cat-sonstige-kamelprodukte","8":"first","9":"instock","10":"taxable","11":"shipping-taxable","12":"purchasable","13":"product-type-simple"},"acf":[],"_links":{"self":[{"href":"https:\/\/oasismilk.com\/de\/wp-json\/wp\/v2\/product\/5177","targetHints":{"allow":["GET"]}}],"collection":[{"href":"https:\/\/oasismilk.com\/de\/wp-json\/wp\/v2\/product"}],"about":[{"href":"https:\/\/oasismilk.com\/de\/wp-json\/wp\/v2\/types\/product"}],"replies":[{"embeddable":true,"href":"https:\/\/oasismilk.com\/de\/wp-json\/wp\/v2\/comments?post=5177"}],"wp:featuredmedia":[{"embeddable":true,"href":"https:\/\/oasismilk.com\/de\/wp-json\/wp\/v2\/media\/5178"}],"wp:attachment":[{"href":"https:\/\/oasismilk.com\/de\/wp-json\/wp\/v2\/media?parent=5177"}],"wp:term":[{"taxonomy":"product_brand","embeddable":true,"href":"https:\/\/oasismilk.com\/de\/wp-json\/wp\/v2\/product_brand?post=5177"},{"taxonomy":"product_cat","embeddable":true,"href":"https:\/\/oasismilk.com\/de\/wp-json\/wp\/v2\/product_cat?post=5177"},{"taxonomy":"product_tag","embeddable":true,"href":"https:\/\/oasismilk.com\/de\/wp-json\/wp\/v2\/product_tag?post=5177"}],"curies":[{"name":"wp","href":"https:\/\/api.w.org\/{rel}","templated":true}]}}