{"id":5170,"date":"2024-10-17T13:34:17","date_gmt":"2024-10-17T13:34:17","guid":{"rendered":"https:\/\/oasismilk.com\/?post_type=product&#038;p=5170"},"modified":"2025-02-07T13:25:49","modified_gmt":"2025-02-07T13:25:49","slug":"28-flasche-gefroren-rohe-kamelmilch","status":"publish","type":"product","link":"https:\/\/oasismilk.com\/de\/produkt\/28-flasche-gefroren-rohe-kamelmilch\/","title":{"rendered":"Gefrorene, rohe Kamelmilch, 28 Flaschen \u00e0 0,5 Liter"},"content":{"rendered":"<p><strong>Eine gute Alternative zu Kuhmilch.<\/strong><\/p>\n<p>Kamelmilch ist eine gute Alternative f\u00fcr Menschen, die keine Kuhmilch trinken. Es enth\u00e4lt kein Beta-Lactoglobulin, das eine wichtige Rolle bei der Entstehung einer Kuhmilchallergie spielt. Au\u00dferdem ist Kamelmilch v\u00f6llig frei von Kuhmilchproteinen und enth\u00e4lt nur Kamelmilchproteine. Kamelmilch ist eine Quelle f\u00fcr Kalzium und leicht verdauliche Proteine. Und ist reich an Zink und Proteinen. Dar\u00fcber hinaus enth\u00e4lt Kamelmilch auch Lactoferrin und Immunglobuline, zwei Substanzen, die zu einem st\u00e4rkeren Immunsystem beitragen. Laut der FAO (Weltern\u00e4hrungsorganisation) geh\u00f6rt Kamelmilch zu den ges\u00fcndesten Tiermilchen.<\/p>\n<p><strong>Lange Haltbarkeit und einfach zu lagern.<\/strong><\/p>\n<p>Die gefrorene Kamelmilch ist bis zu einem Jahr nach dem Herstellungsdatum haltbar. Wenn Sie die Milch auftauen, kann sie noch 3 Tage aufbewahrt werden. Achten Sie nur darauf, die Milch im K\u00fchlschrank auftauen zu lassen, um ihre Qualit\u00e4t zu erhalten.<\/p>\n<p>Die handliche quadratische Form unserer Flaschen macht es einfach, sie im Gefrierschrank und K\u00fchlschrank zu verstauen.<\/p>\n<p><strong>Zuverl\u00e4ssigkeit.<\/strong><\/p>\n<p>Unsere gefrorene Kamelmilch wird sorgf\u00e4ltig auf ihre Qualit\u00e4t gepr\u00fcft. Wir schicken regelm\u00e4\u00dfig Milchproben ins Labor, um die Qualit\u00e4t der Kamelmilch auf verschiedene Bestandteile zu \u00fcberpr\u00fcfen, die die Qualit\u00e4t belegen. Dies stellt sicher, dass wir nur gefrorene Kamelmilch von h\u00f6chster Qualit\u00e4t verkaufen.<\/p>\n<p>Unsere Kamelmilch wird unmittelbar nach dem Melken der Kamele in einem geschlossenen System gek\u00fchlt. So wird sichergestellt, dass kein Schmutz und keine Bakterien an ihn gelangen k\u00f6nnen. Nach dem Bef\u00fcllen der Flaschen werden die Flaschen sofort in den Gefrierschrank gestellt. So wird sichergestellt, dass die Milch ein Jahr haltbar ist und ihre guten Eigenschaften nicht verliert.<\/p>\n<p><strong>Entdecken Sie das einzigartige Geschmackserlebnis von Kamelmilch.<\/strong><\/p>\n<p>Unsere Kamelmilch ist geschmacklich \u00e4hnlich wie rohe Kuhmilch. Manche Leute finden, dass Kamelmilch einen etwas salzigeren Geschmack hat als Kuhmilch. Dies ist auf den hohen Mineralstoffgehalt in der Kamelmilch zur\u00fcckzuf\u00fchren. Kamelmilch schmeckt fett\u00e4rmer als Kuhmilch, da sie einen sehr geringen Fettgehalt hat.<\/p>\n<p><strong>Wie verwendet man gefrorene Kamelmilch?<\/strong><\/p>\n<ul>\n<li>Lassen Sie die Milch im K\u00fchlschrank auftauen, nach dem Auftauen kann die Milch weitere drei Tage im K\u00fchlschrank aufbewahrt werden.<\/li>\n<li>Genie\u00dfen Sie ein Glas k\u00f6stliche Kamelmilch als nahrhaften Snack.<\/li>\n<li>F\u00fcgen Sie es Ihrem Smoothie hinzu, um einen Schub an N\u00e4hrstoffen und ein zus\u00e4tzliches Geschmackserlebnis zu erhalten.<\/li>\n<li>Verwenden Sie es in Ihrem Lieblingsrezept als Ersatz f\u00fcr Kuhmilch.<\/li>\n<li>Machen Sie Schokoladenmilch mit unserem <a href=\"\/de\/produkt\/schokolade-lutscher-mit-kamelmilch\/\">ChoCamel Schokoladenmilchlutscher<\/a> (aus Kamelmilch)<\/li>\n<\/ul>\n<p><strong>Ein tierfreundliches Produkt. <\/strong><\/p>\n<p>Kamele sind echte Herdentiere. Aus diesem Grund werden alle unsere Kamele in Gruppen gehalten. Wenn es trocken und nicht zu kalt ist, kommen alle unsere Kamele auf unsere gro\u00dfen Weiden, wo sie unbegrenzt grasen k\u00f6nnen. In den St\u00e4llen liegen die Kamele auf einer dicken Schicht Stroh.<\/p>\n<p>Die K\u00e4lber, die bei uns geboren werden, bleiben auf unserem Hof. Sie bleiben f\u00fcr einen l\u00e4ngeren Zeitraum bei der Mutter, bevor sie vollst\u00e4ndig entw\u00f6hnt werden. Nach jedem Melken (morgens und abends) bleiben die K\u00e4lber eineinhalb Stunden bei ihren M\u00fcttern. So wird sichergestellt, dass die Bindung zwischen Kalb und Mutter eng bleibt.<\/p>\n<\/p>\n<div class=\"table-1\">\n<table width=\"100%\">\n<thead>\n<tr>\n<th align=\"left\">Mineralien<\/th>\n<th align=\"left\">Vitamine<\/th>\n<\/tr>\n<\/thead>\n<tbody>\n<tr>\n<td align=\"left\">Na (mg%) 36<\/td>\n<td align=\"left\">Thiamine (mg%) 0,03<\/td>\n<\/tr>\n<tr>\n<td align=\"left\">K (mg%) 60<\/td>\n<td align=\"left\">Riboflavine (mg%) 0,04<\/td>\n<\/tr>\n<tr>\n<td align=\"left\">Ca (mg%) 97<\/td>\n<td align=\"left\">B6 (mg%) 0,05<\/td>\n<\/tr>\n<tr>\n<td align=\"left\">Mg (mg%) 16<\/td>\n<td align=\"left\">B12 (mg%) 0,0002<\/td>\n<\/tr>\n<tr>\n<td align=\"left\">Zn (mg%) 3,4<\/td>\n<td align=\"left\">B3 (mg%) 0,046<\/td>\n<\/tr>\n<tr>\n<td align=\"left\">Fe (mg%) 0,04<\/td>\n<td align=\"left\">B5 (mg%) 0,09<\/td>\n<\/tr>\n<tr>\n<td align=\"left\">Cu (mg%) 0,02<\/td>\n<td align=\"left\">Vitamine E (mg%) 0,027<\/td>\n<\/tr>\n<tr>\n<td align=\"left\">Mn (mg%) 0,02<\/td>\n<td align=\"left\">Vitamine C (mg%) 3,6<\/td>\n<\/tr>\n<tr>\n<td align=\"left\">P (mg%) 58<\/td>\n<td align=\"left\">Vitamine A (I.U.) 129,1<\/td>\n<\/tr>\n<tr>\n<td align=\"left\">Cl (mg%) 0,16<\/td>\n<td align=\"left\">Vitamine D (I.U.) 0,8<\/td>\n<\/tr>\n<tr>\n<td align=\"left\">Carotin (mg%) 0,029<\/td>\n<td align=\"left\"><\/td>\n<\/tr>\n<\/tbody>\n<\/table>\n<\/div>\n<p>\n<p><strong>(Kamelmilch enth\u00e4lt kein Beta-Laktoglobin)<\/strong><\/p>\n<\/p>\n<div class=\"table-1\">\n<table width=\"100%\">\n<thead>\n<tr>\n<th align=\"left\">Zusammensetzung von Kamelmilch<\/th>\n<th align=\"left\">(pro 100ml)<\/th>\n<\/tr>\n<\/thead>\n<tbody>\n<tr>\n<td align=\"left\">Eiwei\u00df<\/td>\n<td align=\"left\">3.4%<\/td>\n<\/tr>\n<tr>\n<td align=\"left\">Fett<\/td>\n<td align=\"left\">4,2%<\/td>\n<\/tr>\n<tr>\n<td align=\"left\">Unges\u00e4ttigte Fetts\u00e4uren<\/td>\n<td align=\"left\">1,8%<\/td>\n<\/tr>\n<tr>\n<td align=\"left\">Laktose<\/td>\n<td align=\"left\">4,3%<\/td>\n<\/tr>\n<tr>\n<td align=\"left\">Mineralien<\/td>\n<td align=\"left\">0,9%<\/td>\n<\/tr>\n<tr>\n<td align=\"left\">Energie<\/td>\n<td align=\"left\">53 kcal\/100g (222kJ)<\/td>\n<\/tr>\n<\/tbody>\n<\/table>\n<\/div>\n<p>\n<p>&nbsp;<\/p>\n","protected":false},"excerpt":{"rendered":"<p>Die von uns hergestellte gefrorene Kamelmilch ist v\u00f6llig unverarbeitet und nicht pasteurisiert. Unsere <a href=\"\/de\/frische-kamelmilch\/\">frische Kamelmilch<\/a> wird unmittelbar nach dem Melken gek\u00fchlt und eingefroren. Dadurch wird sichergestellt, dass alle guten Eigenschaften der Milch erhalten bleiben. Zum Beispiel ist unsere gefrorene Kamelmilch vollgepackt mit N\u00e4hrstoffen wie Vitaminen, Mineralien und essentiellen Proteinen. Gefrorene Kamelmilch ist ideal f\u00fcr alle, die einen Vorrat an Kamelmilch haben m\u00f6chten. Auf diese Weise k\u00f6nnen Sie den k\u00f6stlichen und einzigartigen Geschmack der Kamelmilch lange genie\u00dfen.<\/p>\n<p>Wir von <a href=\"https:\/\/www.kamelenmelk.nl\/de\/\" target=\"_blank\" rel=\"noopener\">Camel Dairy Smits<\/a> stellen unsere Kamelmilch mit viel Liebe und Leidenschaft her. Als einziger Kamelmilchbetrieb in ganz Europa m\u00f6chten wir sicherstellen, dass Sie Kamelmilch von h\u00f6chster Qualit\u00e4t genie\u00dfen k\u00f6nnen. Das macht uns sehr stolz auf unser Produkt.<\/p>\n","protected":false},"featured_media":5172,"comment_status":"open","ping_status":"closed","template":"","meta":{"_acf_changed":false},"product_brand":[],"product_cat":[99],"product_tag":[],"class_list":{"0":"post-5170","1":"product","2":"type-product","3":"status-publish","4":"has-post-thumbnail","6":"product_cat-gefrorene-kamelmilch","8":"first","9":"instock","10":"taxable","11":"shipping-taxable","12":"purchasable","13":"product-type-simple"},"acf":[],"_links":{"self":[{"href":"https:\/\/oasismilk.com\/de\/wp-json\/wp\/v2\/product\/5170","targetHints":{"allow":["GET"]}}],"collection":[{"href":"https:\/\/oasismilk.com\/de\/wp-json\/wp\/v2\/product"}],"about":[{"href":"https:\/\/oasismilk.com\/de\/wp-json\/wp\/v2\/types\/product"}],"replies":[{"embeddable":true,"href":"https:\/\/oasismilk.com\/de\/wp-json\/wp\/v2\/comments?post=5170"}],"wp:featuredmedia":[{"embeddable":true,"href":"https:\/\/oasismilk.com\/de\/wp-json\/wp\/v2\/media\/5172"}],"wp:attachment":[{"href":"https:\/\/oasismilk.com\/de\/wp-json\/wp\/v2\/media?parent=5170"}],"wp:term":[{"taxonomy":"product_brand","embeddable":true,"href":"https:\/\/oasismilk.com\/de\/wp-json\/wp\/v2\/product_brand?post=5170"},{"taxonomy":"product_cat","embeddable":true,"href":"https:\/\/oasismilk.com\/de\/wp-json\/wp\/v2\/product_cat?post=5170"},{"taxonomy":"product_tag","embeddable":true,"href":"https:\/\/oasismilk.com\/de\/wp-json\/wp\/v2\/product_tag?post=5170"}],"curies":[{"name":"wp","href":"https:\/\/api.w.org\/{rel}","templated":true}]}}